{"id":370,"date":"2016-10-14T09:13:48","date_gmt":"2016-10-14T07:13:48","guid":{"rendered":"https:\/\/www.pedagogie.ac-nice.fr\/cdesc83\/?page_id=370"},"modified":"2017-05-27T05:41:23","modified_gmt":"2017-05-27T03:41:23","slug":"acces-anoraa-association-nationale-officiers-de-reserve-de-larmee-de-lair","status":"publish","type":"page","link":"https:\/\/www.pedagogie.ac-nice.fr\/cdesc83\/acces-anoraa-association-nationale-officiers-de-reserve-de-larmee-de-lair\/","title":{"rendered":"ANORAA"},"content":{"rendered":"<h1 style=\"text-align: center\">Association Nationale des Officiers de R\u00e9serve<\/h1>\n<h1 style=\"text-align: center\">de l&rsquo;Arm\u00e9e de l&rsquo;Air<\/h1>\n<p>Pour d\u00e9poser une offre d&rsquo;action merci de t\u00e9l\u00e9charger la fiche <a href=\"https:\/\/www.pedagogie.ac-nice.fr\/cdesc83\/wp-content\/uploads\/sites\/7\/2016\/10\/Propositions-partenaires.xlsx\">Propositions partenaires<\/a> et de l&rsquo;envoyer par <a href=\"mailto:reseau-cdesc83@ac-nice.fr\">Email.<\/a> <em>(joindre les documents, brochures, affiches, &#8230; que vous souhaitez porter \u00e0 la connaissance des \u00e9quipes \u00e9ducatives)<br \/>\n<\/em><\/p>\n<p>Vous pouvez\u00a0effectuer une offre spontan\u00e9e et consulter les <a href=\"https:\/\/www.pedagogie.ac-nice.fr\/cdesc83\/demandes-de-bassins\/\">Projets inter \u00e9tablissements<\/a> ou ceux des \u00e9tablissements des BEF de <a href=\"https:\/\/www.pedagogie.ac-nice.fr\/cdesc83\/etablissements-du-bassin-de-brignoles-2\/\">Brignoles<\/a> , <a href=\"https:\/\/www.pedagogie.ac-nice.fr\/cdesc83\/etablissements-du-bassin-de-draguignan-2\/\">Draguignan<\/a>, <a href=\"https:\/\/www.pedagogie.ac-nice.fr\/cdesc83\/etablissements-du-bassin-de-frejus-2\/\">Fr\u00e9jus<\/a>, <a href=\"https:\/\/www.pedagogie.ac-nice.fr\/cdesc83\/etablissements-du-bassin-de-hyeres-2\/\">Hy\u00e8res<\/a>, <a href=\"https:\/\/www.pedagogie.ac-nice.fr\/cdesc83\/etablissements-du-bassin-de-la-seyne-2\/\">La Seyne<\/a> et <a href=\"https:\/\/www.pedagogie.ac-nice.fr\/cdesc83\/etablissements-du-bassin-de-toulon-2\/\">Toulon<\/a><\/p>\n<p>Les propositions des partenaires sont consultables <a href=\"https:\/\/www.pedagogie.ac-nice.fr\/cdesc83\/offres-partenaires\/\">ici.<\/a><\/p>\n","protected":false},"excerpt":{"rendered":"<p>Association Nationale des Officiers de R\u00e9serve de l&rsquo;Arm\u00e9e de l&rsquo;Air Pour d\u00e9poser une offre d&rsquo;action merci de t\u00e9l\u00e9charger la fiche Propositions partenaires et de l&rsquo;envoyer par Email. (joindre les documents, brochures, affiches, &#8230; que vous souhaitez porter \u00e0 la connaissance des \u00e9quipes \u00e9ducatives) Vous pouvez\u00a0effectuer une offre spontan\u00e9e et consulter les Projets inter \u00e9tablissements ou [&hellip;]<\/p>\n","protected":false},"author":1,"featured_media":0,"parent":0,"menu_order":0,"comment_status":"closed","ping_status":"closed","template":"","meta":{"_et_pb_use_builder":"","_et_pb_old_content":"","_et_gb_content_width":"","ngg_post_thumbnail":0,"footnotes":""},"class_list":["post-370","page","type-page","status-publish","hentry"],"rttpg_featured_image_url":null,"rttpg_author":{"display_name":"norco","author_link":"https:\/\/www.pedagogie.ac-nice.fr\/cdesc83\/author\/norco\/"},"rttpg_comment":0,"rttpg_category":null,"rttpg_excerpt":"Association Nationale des Officiers de R\u00e9serve de l&rsquo;Arm\u00e9e de l&rsquo;Air Pour d\u00e9poser une offre d&rsquo;action merci de t\u00e9l\u00e9charger la fiche Propositions partenaires et de l&rsquo;envoyer par Email. (joindre les documents, brochures, affiches, &#8230; que vous souhaitez porter \u00e0 la connaissance des \u00e9quipes \u00e9ducatives) Vous pouvez\u00a0effectuer une offre spontan\u00e9e et consulter les Projets inter \u00e9tablissements ou\u2026","post_mailing_queue_ids":[],"_links":{"self":[{"href":"https:\/\/www.pedagogie.ac-nice.fr\/cdesc83\/wp-json\/wp\/v2\/pages\/370","targetHints":{"allow":["GET"]}}],"collection":[{"href":"https:\/\/www.pedagogie.ac-nice.fr\/cdesc83\/wp-json\/wp\/v2\/pages"}],"about":[{"href":"https:\/\/www.pedagogie.ac-nice.fr\/cdesc83\/wp-json\/wp\/v2\/types\/page"}],"author":[{"embeddable":true,"href":"https:\/\/www.pedagogie.ac-nice.fr\/cdesc83\/wp-json\/wp\/v2\/users\/1"}],"replies":[{"embeddable":true,"href":"https:\/\/www.pedagogie.ac-nice.fr\/cdesc83\/wp-json\/wp\/v2\/comments?post=370"}],"version-history":[{"count":32,"href":"https:\/\/www.pedagogie.ac-nice.fr\/cdesc83\/wp-json\/wp\/v2\/pages\/370\/revisions"}],"predecessor-version":[{"id":6359,"href":"https:\/\/www.pedagogie.ac-nice.fr\/cdesc83\/wp-json\/wp\/v2\/pages\/370\/revisions\/6359"}],"wp:attachment":[{"href":"https:\/\/www.pedagogie.ac-nice.fr\/cdesc83\/wp-json\/wp\/v2\/media?parent=370"}],"curies":[{"name":"wp","href":"https:\/\/api.w.org\/{rel}","templated":true}]}}