{"id":397,"date":"2016-10-14T09:49:39","date_gmt":"2016-10-14T07:49:39","guid":{"rendered":"https:\/\/www.pedagogie.ac-nice.fr\/cdesc83\/?page_id=397"},"modified":"2017-05-18T09:55:37","modified_gmt":"2017-05-18T07:55:37","slug":"offres-partenaires","status":"publish","type":"page","link":"https:\/\/www.pedagogie.ac-nice.fr\/cdesc83\/offres-partenaires\/","title":{"rendered":"Les Offres des Partenaires"},"content":{"rendered":"<h1 style=\"text-align: center\">Services de l\u2019\u00c9tat et EPCA<\/h1>\n<h4><\/h4>\n<div class=\"entry-content clearfix\">\n<ul>\n<li>Agence R\u00e9gionale de Sant\u00e9 \u2013 ARS<\/li>\n<li>Brigade de Pr\u00e9vention de la D\u00e9linquance Juv\u00e9nile -BPDJ<\/li>\n<li>Cabinet du Pr\u00e9fet<\/li>\n<li>Caisse d\u2019Allocations Familiales \u2013 CAF<\/li>\n<li>Comit\u00e9 D\u00e9partemental d\u2019Acc\u00e8s au Droit \u2013 CDAD du Var<\/li>\n<li>D\u00e9l\u00e9gation au Droit des Femmes et \u00e0 l\u2019\u00c9galit\u00e9 \u2013 DDFE<\/li>\n<li>D\u00e9l\u00e9gation Militaire D\u00e9partementale \u2013 DMD83 <em><strong>(1)<\/strong><\/em><\/li>\n<\/ul>\n<p><a href=\"https:\/\/www.pedagogie.ac-nice.fr\/cdesc83\/wp-content\/uploads\/sites\/7\/2016\/10\/Fiche-Action-DMP83-17052017.docx\">Fiche-Action DMP83 17052017 (Exemple)<\/a><\/p>\n<ul>\n<li>D\u00e9l\u00e9gu\u00e9s du Pr\u00e9fet<\/li>\n<li>Direction D\u00e9partementale de la Coh\u00e9sion Sociale<\/li>\n<li>Direction D\u00e9partementale de la Protection Judiciaire de la Jeunesse \u2013 DDPJJ<\/li>\n<li>Direction D\u00e9partementale de la S\u00e9curit\u00e9 Publique \u2013 DDSP<\/li>\n<li>\u00c9cole\/entreprise<\/li>\n<li>\u00c9quipe Mobile Acad\u00e9mique de S\u00e9curit\u00e9<\/li>\n<li>\u00c9tablissements Publics Foncier \u2013 EPF 83<\/li>\n<li>Gendarmerie<\/li>\n<li>Institut des Hautes \u00c9tudes de la D\u00e9fense Nationale \u2013 IHEDN<\/li>\n<li>Office National des Anciens Combattant et Victimes de Guerre \u2013 ONAC<\/li>\n<li>Protocole D\u00e9fense<\/li>\n<li>Sant\u00e9 Scolaire<\/li>\n<li>S\u00e9curit\u00e9 Routi\u00e8re<\/li>\n<li>Service social scolaire<\/li>\n<li>Sous Pr\u00e9fet Charg\u00e9 de mission<\/li>\n<\/ul>\n<\/div>\n<p>&nbsp;<\/p>\n<h1 style=\"text-align: center\"><\/h1>\n<h1 style=\"text-align: center\">D\u00e9partement<\/h1>\n<h4><\/h4>\n<ul>\n<li>Commission coll\u00e8ges, \u00e9ducation, formation et enseignement sup\u00e9rieur<\/li>\n<li>Commission Sports et Jeunesse<\/li>\n<li>Direction de l&rsquo;enfance<\/li>\n<li>Service D\u00e9partemental d&rsquo;Incendies et de Secours &#8211; SDIS<\/li>\n<\/ul>\n<p>&nbsp;<\/p>\n<h1 style=\"text-align: center\"><\/h1>\n<p>&nbsp;<\/p>\n<h1 style=\"text-align: center\">Associations<\/h1>\n<h4><\/h4>\n<div class=\"entry-content clearfix\">\n<ul>\n<li>Association Nationale des des Officiers de R\u00e9serve de l\u2019Arm\u00e9e de l\u2019Air \u2013 ANORAA<\/li>\n<li>Association Nationale des Anciens Combattants et Victimes de Guerre \u2013 ANACR<\/li>\n<li>Comit\u00e9 D\u00e9partemental Olympique Sportif \u2013 CDOS<\/li>\n<li>Comit\u00e9 D\u00e9partemental d\u2019\u00c9ducation pour la Sant\u00e9 \u2013 CODES<\/li>\n<li>\u00c9cole des Parents et des \u00c9ducateurs \u2013 EPE<\/li>\n<li>F\u00e9d\u00e9ration des Conseils de Parents d\u2019\u00c9l\u00e8ves \u2013 FCPE<\/li>\n<li>F\u00e9d\u00e9ration des Parents d\u2019\u00c9l\u00e8ves de l\u2019Enseignement Public- PEEP<\/li>\n<li>Fondation Agir Contre L\u2019exclusion \u2013 FACE Var<\/li>\n<li>Ligue de l\u2019Enseignement \u2013 FOL83<\/li>\n<li>Les FRANCAS Var<\/li>\n<li>Les Pupilles de l\u2019Enseignement Public \u2013 Les PEP83<\/li>\n<li>Mutuelle Assurance \u00c9l\u00e8ves \u2013 MAE<\/li>\n<li>Pr\u00e9vention Sp\u00e9cialis\u00e9e<\/li>\n<li>Th\u00e9\u00e2tre libert\u00e9<\/li>\n<li>Union D\u00e9partementale des Associations Familiales \u2013 UDAF<\/li>\n<\/ul>\n<\/div>\n","protected":false},"excerpt":{"rendered":"<p>Services de l\u2019\u00c9tat et EPCA Agence R\u00e9gionale de Sant\u00e9 \u2013 ARS Brigade de Pr\u00e9vention de la D\u00e9linquance Juv\u00e9nile -BPDJ Cabinet du Pr\u00e9fet Caisse d\u2019Allocations Familiales \u2013 CAF Comit\u00e9 D\u00e9partemental d\u2019Acc\u00e8s au Droit \u2013 CDAD du Var D\u00e9l\u00e9gation au Droit des Femmes et \u00e0 l\u2019\u00c9galit\u00e9 \u2013 DDFE D\u00e9l\u00e9gation Militaire D\u00e9partementale \u2013 DMD83 (1) Fiche-Action DMP83 17052017 [&hellip;]<\/p>\n","protected":false},"author":1,"featured_media":0,"parent":0,"menu_order":0,"comment_status":"closed","ping_status":"closed","template":"","meta":{"_et_pb_use_builder":"","_et_pb_old_content":"","_et_gb_content_width":"","ngg_post_thumbnail":0,"footnotes":""},"class_list":["post-397","page","type-page","status-publish","hentry"],"rttpg_featured_image_url":null,"rttpg_author":{"display_name":"norco","author_link":"https:\/\/www.pedagogie.ac-nice.fr\/cdesc83\/author\/norco\/"},"rttpg_comment":0,"rttpg_category":null,"rttpg_excerpt":"Services de l\u2019\u00c9tat et EPCA Agence R\u00e9gionale de Sant\u00e9 \u2013 ARS Brigade de Pr\u00e9vention de la D\u00e9linquance Juv\u00e9nile -BPDJ Cabinet du Pr\u00e9fet Caisse d\u2019Allocations Familiales \u2013 CAF Comit\u00e9 D\u00e9partemental d\u2019Acc\u00e8s au Droit \u2013 CDAD du Var D\u00e9l\u00e9gation au Droit des Femmes et \u00e0 l\u2019\u00c9galit\u00e9 \u2013 DDFE D\u00e9l\u00e9gation Militaire D\u00e9partementale \u2013 DMD83 (1) Fiche-Action DMP83 17052017\u2026","post_mailing_queue_ids":[],"_links":{"self":[{"href":"https:\/\/www.pedagogie.ac-nice.fr\/cdesc83\/wp-json\/wp\/v2\/pages\/397","targetHints":{"allow":["GET"]}}],"collection":[{"href":"https:\/\/www.pedagogie.ac-nice.fr\/cdesc83\/wp-json\/wp\/v2\/pages"}],"about":[{"href":"https:\/\/www.pedagogie.ac-nice.fr\/cdesc83\/wp-json\/wp\/v2\/types\/page"}],"author":[{"embeddable":true,"href":"https:\/\/www.pedagogie.ac-nice.fr\/cdesc83\/wp-json\/wp\/v2\/users\/1"}],"replies":[{"embeddable":true,"href":"https:\/\/www.pedagogie.ac-nice.fr\/cdesc83\/wp-json\/wp\/v2\/comments?post=397"}],"version-history":[{"count":22,"href":"https:\/\/www.pedagogie.ac-nice.fr\/cdesc83\/wp-json\/wp\/v2\/pages\/397\/revisions"}],"predecessor-version":[{"id":5533,"href":"https:\/\/www.pedagogie.ac-nice.fr\/cdesc83\/wp-json\/wp\/v2\/pages\/397\/revisions\/5533"}],"wp:attachment":[{"href":"https:\/\/www.pedagogie.ac-nice.fr\/cdesc83\/wp-json\/wp\/v2\/media?parent=397"}],"curies":[{"name":"wp","href":"https:\/\/api.w.org\/{rel}","templated":true}]}}