{"id":489,"date":"2016-11-21T09:05:17","date_gmt":"2016-11-21T08:05:17","guid":{"rendered":"https:\/\/www.pedagogie.ac-nice.fr\/cdesc83\/annuaire-professionnel\/"},"modified":"2017-09-12T14:51:32","modified_gmt":"2017-09-12T12:51:32","slug":"annuaire-professionnel","status":"publish","type":"page","link":"https:\/\/www.pedagogie.ac-nice.fr\/cdesc83\/annuaire-professionnel\/","title":{"rendered":"Partenaires potentiels des \u00e9tablissements"},"content":{"rendered":"<p>Pour consulter la liste de toutes les associations\/institutions partenaires :<\/p>\n<p style=\"text-align: center\"><em><strong><a href=\"https:\/\/www.pedagogie.ac-nice.fr\/cdesc83\/annuaire-professionnel\/?wpbdp_view=all_listings\">Voir tous les acteurs.<\/a><\/strong><\/em><\/p>\n<p>Pour faire une recherche avanc\u00e9e :<\/p>\n<p style=\"text-align: center\"><em><strong><a href=\"https:\/\/www.pedagogie.ac-nice.fr\/cdesc83\/annuaire-professionnel\/?wpbdp_view=search\">Rechercher un partenaire.<\/a> <\/strong><\/em><\/p>\n<p>Vous pouvez renseigner les champs qui vous int\u00e9ressent en cliquant dans la case correspondante ( Restez appuy\u00e9(e) sur la touche Ctrl de votre clavier permet de s\u00e9lectionner plusieurs champs ).<\/p>\n<p>Si vous souhaitez nous soumettre une association afin qu&rsquo;elle puisse \u00eatre ajout\u00e9e dans l&rsquo;annuaire des partenaires, veuillez remplir cette fiche:<\/p>\n<p style=\"text-align: center\"><a href=\"https:\/\/www.pedagogie.ac-nice.fr\/cdesc83\/wp-content\/uploads\/2016\/12\/Formulaire-de-proposition-dassociation.docx\">Formulaire de proposition d&rsquo;insertion dans l&rsquo;annuaire<\/a> ;<\/p>\n<p>Veuillez m&rsquo;envoyer cette fiche par <a href=\"mailto:reseau-cdesc83@ac-nice.fr\">mail\u00a0<\/a>elle sera par la suite \u00e9tudi\u00e9. Si celle-ci convient, nous vous enverrons un mail vous informant que votre proposition a \u00e9t\u00e9 prise en compte.<\/p>\n<p>Ci dessous les partenaires tri\u00e9s par ordre alphab\u00e9tique.<br \/>\n<\/p>\n","protected":false},"excerpt":{"rendered":"<p>Pour consulter la liste de toutes les associations\/institutions partenaires : Voir tous les acteurs. Pour faire une recherche avanc\u00e9e : Rechercher un partenaire. Vous pouvez renseigner les champs qui vous int\u00e9ressent en cliquant dans la case correspondante ( Restez appuy\u00e9(e) sur la touche Ctrl de votre clavier permet de s\u00e9lectionner plusieurs champs ). Si vous [&hellip;]<\/p>\n","protected":false},"author":1,"featured_media":0,"parent":0,"menu_order":0,"comment_status":"closed","ping_status":"closed","template":"","meta":{"_et_pb_use_builder":"","_et_pb_old_content":"","_et_gb_content_width":"","ngg_post_thumbnail":0,"footnotes":""},"class_list":["post-489","page","type-page","status-publish","hentry"],"rttpg_featured_image_url":null,"rttpg_author":{"display_name":"norco","author_link":"https:\/\/www.pedagogie.ac-nice.fr\/cdesc83\/author\/norco\/"},"rttpg_comment":0,"rttpg_category":null,"rttpg_excerpt":"Pour consulter la liste de toutes les associations\/institutions partenaires : Voir tous les acteurs. Pour faire une recherche avanc\u00e9e : Rechercher un partenaire. Vous pouvez renseigner les champs qui vous int\u00e9ressent en cliquant dans la case correspondante ( Restez appuy\u00e9(e) sur la touche Ctrl de votre clavier permet de s\u00e9lectionner plusieurs champs ). Si vous\u2026","post_mailing_queue_ids":[],"_links":{"self":[{"href":"https:\/\/www.pedagogie.ac-nice.fr\/cdesc83\/wp-json\/wp\/v2\/pages\/489","targetHints":{"allow":["GET"]}}],"collection":[{"href":"https:\/\/www.pedagogie.ac-nice.fr\/cdesc83\/wp-json\/wp\/v2\/pages"}],"about":[{"href":"https:\/\/www.pedagogie.ac-nice.fr\/cdesc83\/wp-json\/wp\/v2\/types\/page"}],"author":[{"embeddable":true,"href":"https:\/\/www.pedagogie.ac-nice.fr\/cdesc83\/wp-json\/wp\/v2\/users\/1"}],"replies":[{"embeddable":true,"href":"https:\/\/www.pedagogie.ac-nice.fr\/cdesc83\/wp-json\/wp\/v2\/comments?post=489"}],"version-history":[{"count":31,"href":"https:\/\/www.pedagogie.ac-nice.fr\/cdesc83\/wp-json\/wp\/v2\/pages\/489\/revisions"}],"predecessor-version":[{"id":6752,"href":"https:\/\/www.pedagogie.ac-nice.fr\/cdesc83\/wp-json\/wp\/v2\/pages\/489\/revisions\/6752"}],"wp:attachment":[{"href":"https:\/\/www.pedagogie.ac-nice.fr\/cdesc83\/wp-json\/wp\/v2\/media?parent=489"}],"curies":[{"name":"wp","href":"https:\/\/api.w.org\/{rel}","templated":true}]}}