{"id":5,"date":"2016-10-06T07:58:07","date_gmt":"2016-10-06T07:58:07","guid":{"rendered":"https:\/\/www.pedagogie.ac-nice.fr\/cdesc83\/plateforme-collaborative-cesc\/"},"modified":"2019-04-28T16:45:58","modified_gmt":"2019-04-28T14:45:58","slug":"accueil","status":"publish","type":"page","link":"https:\/\/www.pedagogie.ac-nice.fr\/cdesc83\/","title":{"rendered":""},"content":{"rendered":"<div id=\"bloc_page\">\n<header>\n<blockquote>\n<div id=\"bannieredescription\">\n<p><img loading=\"lazy\" decoding=\"async\" class=\"wp-image-5115 aligncenter\" src=\"https:\/\/www.pedagogie.ac-nice.fr\/cdesc83\/wp-content\/uploads\/sites\/7\/2016\/10\/mains-1-300x69.jpg\" alt=\"\" width=\"743\" height=\"171\" srcset=\"https:\/\/www.pedagogie.ac-nice.fr\/cdesc83\/wp-content\/uploads\/sites\/7\/2016\/10\/mains-1-300x69.jpg 300w, https:\/\/www.pedagogie.ac-nice.fr\/cdesc83\/wp-content\/uploads\/sites\/7\/2016\/10\/mains-1-768x177.jpg 768w, https:\/\/www.pedagogie.ac-nice.fr\/cdesc83\/wp-content\/uploads\/sites\/7\/2016\/10\/mains-1-150x35.jpg 150w, https:\/\/www.pedagogie.ac-nice.fr\/cdesc83\/wp-content\/uploads\/sites\/7\/2016\/10\/mains-1-500x115.jpg 500w, https:\/\/www.pedagogie.ac-nice.fr\/cdesc83\/wp-content\/uploads\/sites\/7\/2016\/10\/mains-1.jpg 950w\" sizes=\"(max-width: 743px) 100vw, 743px\" \/><br \/>\n<em>Il n&rsquo; est de fertile que la grande collaboration de l&rsquo; un \u00e0 travers l&rsquo; autre. Et le geste manqu\u00e9 sert le geste qui r\u00e9ussit. Et le geste qui r\u00e9ussit montre le but qu&rsquo; ils poursuivaient ensemble \u00e0 celui qui a manqu\u00e9 le sien. <\/em><\/p>\n<p style=\"text-align: right;\"><em>Citadelle<\/em>(1948)<br \/>\nAntoine de Saint-Exup\u00e9ry<\/p>\n<\/div>\n<\/blockquote>\n<div id=\"bannieredescription\"><\/div>\n<\/header>\n<\/div>\n<div id=\"bloc_page\">\n<section>\n<article id=\"explicationscdesc\">\n<h2>Le CDESC qu&rsquo;est-ce que c&rsquo;est ?<\/h2>\n<p class=\"presentationcdesc\">Suite aux \u00e9v\u00e8nements de janvier 2015 et dans le cadre de la mobilisation de l\u2019\u00e9cole pour les valeurs de la R\u00e9publique, un Comit\u00e9 D\u00e9partemental d\u2019\u00c9ducation \u00e0 la Sant\u00e9 et \u00e0 la Citoyennet\u00e9 (CDESC) a \u00e9t\u00e9 cr\u00e9e le 26 janvier 2016. Il a pour objectif d\u2019\u00e9laborer des projets d\u00e9partementaux autour des th\u00e8mes de la sant\u00e9 et de la citoyennet\u00e9, en particulier par l\u2019examen des initiatives issues des projets d\u2019\u00e9coles ou d\u2019\u00e9tablissements.Le CDESC r\u00e9unit, au niveau d\u00e9partemental, des personnels issus de la communaut\u00e9 \u00e9ducative, chefs d&rsquo;\u00e9tablissement, inspecteurs de l&rsquo;\u00c9ducation nationale, personnel administratif et de sant\u00e9. Il peut \u00e9galement s&rsquo;ouvrir aux f\u00e9d\u00e9rations de parents d&rsquo;\u00e9l\u00e8ves et aux partenaires associatifs.<\/p>\n<p>Il doit :<\/p>\n<ul>\n<li style=\"list-style-type: none;\">\n<ul>\n<li>Favoriser la liaison entre 1er et 2nd degr\u00e9;<\/li>\n<\/ul>\n<\/li>\n<\/ul>\n<ul>\n<li style=\"list-style-type: none;\">\n<ul>\n<li>Privil\u00e9gier le lien entre sant\u00e9 et citoyennet\u00e9 dans les projets;<\/li>\n<\/ul>\n<\/li>\n<\/ul>\n<ul>\n<li style=\"list-style-type: none;\">\n<ul>\n<li>Accompagner les \u00e9quipes des Comit\u00e9s d&rsquo;\u00c9ducation \u00e0 la Sant\u00e9 et \u00e0 la Citoyennet\u00e9 (CESC) des \u00e9tablissements;<\/li>\n<\/ul>\n<\/li>\n<\/ul>\n<ul>\n<li style=\"list-style-type: none;\">\n<ul>\n<li>Promouvoir une dynamique de mutualisation de projets entre les \u00e9tablissements publics locaux d&rsquo;enseignement (EPLE).<\/li>\n<\/ul>\n<\/li>\n<\/ul>\n<p>Le CDESC \u00e0 pour objectif :<\/p>\n<ul>\n<li style=\"list-style-type: none;\">\n<ul>\n<li>D&rsquo;impulser des actions f\u00e9d\u00e9ratrices d\u00e9partementales, notamment \u00e0 l&rsquo;\u00e9chelle des bassins ;<\/li>\n<\/ul>\n<\/li>\n<\/ul>\n<ul>\n<li style=\"list-style-type: none;\">\n<ul>\n<li>D&rsquo;accompagner les \u00e9coles et les \u00e9tablissements du var pour favoriser le d\u00e9veloppement des projets relevant des CESC ;<\/li>\n<\/ul>\n<\/li>\n<\/ul>\n<ul>\n<li style=\"list-style-type: none;\">\n<ul>\n<li>De nourrir des projets d\u00e9partementaux : \u00e9ducation \u00e0 la citoyennet\u00e9, plan de pr\u00e9vention de la violence, programme d&rsquo;\u00e9ducation \u00e0 la sant\u00e9 et \u00e0 la sexualit\u00e9, pr\u00e9vention des conduites \u00e0 risques, apprentissage de la vie en soci\u00e9t\u00e9, construction d&rsquo;attitudes et de comportements responsables vis-\u00e0-vis de soi, des autres et de l&rsquo;environnement&#8230; ;<\/li>\n<\/ul>\n<\/li>\n<\/ul>\n<ul>\n<li style=\"list-style-type: none;\">\n<ul>\n<li>De communiquer sur les bonnes pratiques \u00e0 l&rsquo;\u00e9chelle du d\u00e9partement.<\/li>\n<\/ul>\n<\/li>\n<\/ul>\n<p>L&rsquo;instance CDESC est appel\u00e9e \u00e0 se r\u00e9unir 2 \u00e0 3 fois dans l&rsquo;ann\u00e9e.<\/p>\n<p>&nbsp;<\/p>\n<\/article>\n<\/section>\n<\/div>\n","protected":false},"excerpt":{"rendered":"<p>Slide Down Box Menu with jQuery and CSS3<\/p>\n","protected":false},"author":1,"featured_media":0,"parent":0,"menu_order":0,"comment_status":"closed","ping_status":"closed","template":"","meta":{"_et_pb_use_builder":"","_et_pb_old_content":"","_et_gb_content_width":"","ngg_post_thumbnail":0,"footnotes":""},"class_list":["post-5","page","type-page","status-publish","hentry"],"rttpg_featured_image_url":null,"rttpg_author":{"display_name":"norco","author_link":"https:\/\/www.pedagogie.ac-nice.fr\/cdesc83\/author\/norco\/"},"rttpg_comment":0,"rttpg_category":null,"rttpg_excerpt":"Slide Down Box Menu with jQuery and CSS3","post_mailing_queue_ids":[],"_links":{"self":[{"href":"https:\/\/www.pedagogie.ac-nice.fr\/cdesc83\/wp-json\/wp\/v2\/pages\/5","targetHints":{"allow":["GET"]}}],"collection":[{"href":"https:\/\/www.pedagogie.ac-nice.fr\/cdesc83\/wp-json\/wp\/v2\/pages"}],"about":[{"href":"https:\/\/www.pedagogie.ac-nice.fr\/cdesc83\/wp-json\/wp\/v2\/types\/page"}],"author":[{"embeddable":true,"href":"https:\/\/www.pedagogie.ac-nice.fr\/cdesc83\/wp-json\/wp\/v2\/users\/1"}],"replies":[{"embeddable":true,"href":"https:\/\/www.pedagogie.ac-nice.fr\/cdesc83\/wp-json\/wp\/v2\/comments?post=5"}],"version-history":[{"count":33,"href":"https:\/\/www.pedagogie.ac-nice.fr\/cdesc83\/wp-json\/wp\/v2\/pages\/5\/revisions"}],"predecessor-version":[{"id":6850,"href":"https:\/\/www.pedagogie.ac-nice.fr\/cdesc83\/wp-json\/wp\/v2\/pages\/5\/revisions\/6850"}],"wp:attachment":[{"href":"https:\/\/www.pedagogie.ac-nice.fr\/cdesc83\/wp-json\/wp\/v2\/media?parent=5"}],"curies":[{"name":"wp","href":"https:\/\/api.w.org\/{rel}","templated":true}]}}