{"id":5212,"date":"2017-04-26T09:39:26","date_gmt":"2017-04-26T07:39:26","guid":{"rendered":"https:\/\/www.pedagogie.ac-nice.fr\/cdesc83\/?page_id=5212"},"modified":"2017-05-05T10:37:06","modified_gmt":"2017-05-05T08:37:06","slug":"acces-departement","status":"publish","type":"page","link":"https:\/\/www.pedagogie.ac-nice.fr\/cdesc83\/acces-departement\/","title":{"rendered":"D\u00e9partement du Var"},"content":{"rendered":"<ul>\n<li><a href=\"https:\/\/www.pedagogie.ac-nice.fr\/cdesc83\/acces-sdis\/\">Centre D\u00e9partemental d&rsquo;Incendies et de Secours &#8211; SDIS<\/a><\/li>\n<li><a href=\"https:\/\/www.pedagogie.ac-nice.fr\/cdesc83\/acces-commission-colleges-education-formation-et-enseignement-superieur\/\">Commission coll\u00e8ges , \u00e9ducation , formation et enseignement sup\u00e9rieur<\/a><\/li>\n<li><a href=\"https:\/\/www.pedagogie.ac-nice.fr\/cdesc83\/acces-commission-sports-et-jeunesse\/\">Commission Sports et Jeunesse<\/a><\/li>\n<li><a href=\"https:\/\/www.pedagogie.ac-nice.fr\/cdesc83\/acces-direction-de-lenfance\/\">Direction de l&rsquo;enfance<\/a><\/li>\n<\/ul>\n","protected":false},"excerpt":{"rendered":"<p>Centre D\u00e9partemental d&rsquo;Incendies et de Secours &#8211; SDIS Commission coll\u00e8ges , \u00e9ducation , formation et enseignement sup\u00e9rieur Commission Sports et Jeunesse Direction de l&rsquo;enfance<\/p>\n","protected":false},"author":5,"featured_media":0,"parent":0,"menu_order":0,"comment_status":"closed","ping_status":"closed","template":"","meta":{"_et_pb_use_builder":"","_et_pb_old_content":"","_et_gb_content_width":"","ngg_post_thumbnail":0,"footnotes":""},"class_list":["post-5212","page","type-page","status-publish","hentry"],"rttpg_featured_image_url":null,"rttpg_author":{"display_name":"Admin Plateforme","author_link":"https:\/\/www.pedagogie.ac-nice.fr\/cdesc83\/author\/cdesc83\/"},"rttpg_comment":0,"rttpg_category":null,"rttpg_excerpt":"Centre D\u00e9partemental d&rsquo;Incendies et de Secours &#8211; SDIS Commission coll\u00e8ges , \u00e9ducation , formation et enseignement sup\u00e9rieur Commission Sports et Jeunesse Direction de l&rsquo;enfance","post_mailing_queue_ids":[],"_links":{"self":[{"href":"https:\/\/www.pedagogie.ac-nice.fr\/cdesc83\/wp-json\/wp\/v2\/pages\/5212","targetHints":{"allow":["GET"]}}],"collection":[{"href":"https:\/\/www.pedagogie.ac-nice.fr\/cdesc83\/wp-json\/wp\/v2\/pages"}],"about":[{"href":"https:\/\/www.pedagogie.ac-nice.fr\/cdesc83\/wp-json\/wp\/v2\/types\/page"}],"author":[{"embeddable":true,"href":"https:\/\/www.pedagogie.ac-nice.fr\/cdesc83\/wp-json\/wp\/v2\/users\/5"}],"replies":[{"embeddable":true,"href":"https:\/\/www.pedagogie.ac-nice.fr\/cdesc83\/wp-json\/wp\/v2\/comments?post=5212"}],"version-history":[{"count":10,"href":"https:\/\/www.pedagogie.ac-nice.fr\/cdesc83\/wp-json\/wp\/v2\/pages\/5212\/revisions"}],"predecessor-version":[{"id":5353,"href":"https:\/\/www.pedagogie.ac-nice.fr\/cdesc83\/wp-json\/wp\/v2\/pages\/5212\/revisions\/5353"}],"wp:attachment":[{"href":"https:\/\/www.pedagogie.ac-nice.fr\/cdesc83\/wp-json\/wp\/v2\/media?parent=5212"}],"curies":[{"name":"wp","href":"https:\/\/api.w.org\/{rel}","templated":true}]}}