{"id":5269,"date":"2017-04-26T10:40:46","date_gmt":"2017-04-26T08:40:46","guid":{"rendered":"https:\/\/www.pedagogie.ac-nice.fr\/cdesc83\/?page_id=5269"},"modified":"2017-05-27T06:38:35","modified_gmt":"2017-05-27T04:38:35","slug":"acces-commission-sports-et-jeunesse","status":"publish","type":"page","link":"https:\/\/www.pedagogie.ac-nice.fr\/cdesc83\/acces-commission-sports-et-jeunesse\/","title":{"rendered":"D\u00e9partement du Var"},"content":{"rendered":"<h1 style=\"text-align: center\">Commission Sports et Jeunesse<\/h1>\n<p>Pour d\u00e9poser une offre d&rsquo;action merci de t\u00e9l\u00e9charger la fiche <a href=\"https:\/\/www.pedagogie.ac-nice.fr\/cdesc83\/wp-content\/uploads\/sites\/7\/2016\/10\/Propositions-partenaires.xlsx\">Propositions partenaires<\/a> et de l&rsquo;envoyer par <a href=\"mailto:reseau-cdesc83@ac-nice.fr\">Email.<\/a> <em>(joindre les documents, brochures, affiches, &#8230; que vous souhaitez porter \u00e0 la connaissance des \u00e9quipes \u00e9ducatives)<br \/>\n<\/em><\/p>\n<p>Vous pouvez\u00a0effectuer une offre spontan\u00e9e et consulter les <a href=\"https:\/\/www.pedagogie.ac-nice.fr\/cdesc83\/demandes-de-bassins\/\">Projets inter \u00e9tablissements<\/a> ou ceux des \u00e9tablissements des BEF de <a href=\"https:\/\/www.pedagogie.ac-nice.fr\/cdesc83\/etablissements-du-bassin-de-brignoles-2\/\">Brignoles<\/a> , <a href=\"https:\/\/www.pedagogie.ac-nice.fr\/cdesc83\/etablissements-du-bassin-de-draguignan-2\/\">Draguignan<\/a>, <a href=\"https:\/\/www.pedagogie.ac-nice.fr\/cdesc83\/etablissements-du-bassin-de-frejus-2\/\">Fr\u00e9jus<\/a>, <a href=\"https:\/\/www.pedagogie.ac-nice.fr\/cdesc83\/etablissements-du-bassin-de-hyeres-2\/\">Hy\u00e8res<\/a>, <a href=\"https:\/\/www.pedagogie.ac-nice.fr\/cdesc83\/etablissements-du-bassin-de-la-seyne-2\/\">La Seyne<\/a> et <a href=\"https:\/\/www.pedagogie.ac-nice.fr\/cdesc83\/etablissements-du-bassin-de-toulon-2\/\">Toulon<\/a><\/p>\n<p>Les propositions des partenaires sont consultables <a href=\"https:\/\/www.pedagogie.ac-nice.fr\/cdesc83\/offres-partenaires\/\">ici.<\/a><\/p>\n","protected":false},"excerpt":{"rendered":"<p>Commission Sports et Jeunesse Pour d\u00e9poser une offre d&rsquo;action merci de t\u00e9l\u00e9charger la fiche Propositions partenaires et de l&rsquo;envoyer par Email. (joindre les documents, brochures, affiches, &#8230; que vous souhaitez porter \u00e0 la connaissance des \u00e9quipes \u00e9ducatives) Vous pouvez\u00a0effectuer une offre spontan\u00e9e et consulter les Projets inter \u00e9tablissements ou ceux des \u00e9tablissements des BEF de [&hellip;]<\/p>\n","protected":false},"author":5,"featured_media":0,"parent":0,"menu_order":0,"comment_status":"closed","ping_status":"closed","template":"","meta":{"_et_pb_use_builder":"","_et_pb_old_content":"","_et_gb_content_width":"","ngg_post_thumbnail":0,"footnotes":""},"class_list":["post-5269","page","type-page","status-publish","hentry"],"rttpg_featured_image_url":null,"rttpg_author":{"display_name":"Admin Plateforme","author_link":"https:\/\/www.pedagogie.ac-nice.fr\/cdesc83\/author\/cdesc83\/"},"rttpg_comment":0,"rttpg_category":null,"rttpg_excerpt":"Commission Sports et Jeunesse Pour d\u00e9poser une offre d&rsquo;action merci de t\u00e9l\u00e9charger la fiche Propositions partenaires et de l&rsquo;envoyer par Email. (joindre les documents, brochures, affiches, &#8230; que vous souhaitez porter \u00e0 la connaissance des \u00e9quipes \u00e9ducatives) Vous pouvez\u00a0effectuer une offre spontan\u00e9e et consulter les Projets inter \u00e9tablissements ou ceux des \u00e9tablissements des BEF de\u2026","post_mailing_queue_ids":[],"_links":{"self":[{"href":"https:\/\/www.pedagogie.ac-nice.fr\/cdesc83\/wp-json\/wp\/v2\/pages\/5269","targetHints":{"allow":["GET"]}}],"collection":[{"href":"https:\/\/www.pedagogie.ac-nice.fr\/cdesc83\/wp-json\/wp\/v2\/pages"}],"about":[{"href":"https:\/\/www.pedagogie.ac-nice.fr\/cdesc83\/wp-json\/wp\/v2\/types\/page"}],"author":[{"embeddable":true,"href":"https:\/\/www.pedagogie.ac-nice.fr\/cdesc83\/wp-json\/wp\/v2\/users\/5"}],"replies":[{"embeddable":true,"href":"https:\/\/www.pedagogie.ac-nice.fr\/cdesc83\/wp-json\/wp\/v2\/comments?post=5269"}],"version-history":[{"count":5,"href":"https:\/\/www.pedagogie.ac-nice.fr\/cdesc83\/wp-json\/wp\/v2\/pages\/5269\/revisions"}],"predecessor-version":[{"id":6397,"href":"https:\/\/www.pedagogie.ac-nice.fr\/cdesc83\/wp-json\/wp\/v2\/pages\/5269\/revisions\/6397"}],"wp:attachment":[{"href":"https:\/\/www.pedagogie.ac-nice.fr\/cdesc83\/wp-json\/wp\/v2\/media?parent=5269"}],"curies":[{"name":"wp","href":"https:\/\/api.w.org\/{rel}","templated":true}]}}