{"id":5591,"date":"2017-05-19T10:59:47","date_gmt":"2017-05-19T08:59:47","guid":{"rendered":"https:\/\/www.pedagogie.ac-nice.fr\/cdesc83\/?page_id=5591"},"modified":"2017-05-24T08:54:13","modified_gmt":"2017-05-24T06:54:13","slug":"etablissements-du-bassin-de-la-seyne","status":"publish","type":"page","link":"https:\/\/www.pedagogie.ac-nice.fr\/cdesc83\/etablissements-du-bassin-de-la-seyne\/","title":{"rendered":"EPLE du bassin de La Seyne"},"content":{"rendered":"<p><a href=\"https:\/\/www.pedagogie.ac-nice.fr\/cdesc83\/college-raimu-bandol\/\">Coll\u00e8ge Raimu \u2013 Bandol<\/a><\/p>\n<p><a href=\"https:\/\/www.pedagogie.ac-nice.fr\/cdesc83\/college-marie-curie-la-seyne\/\">Coll\u00e8ge Marie Curie &#8211; La Seyne-sur-mer<\/a><\/p>\n<p><a href=\"https:\/\/www.pedagogie.ac-nice.fr\/cdesc83\/college-paul-eluard-la-seyne\/\">Coll\u00e8ge Paul \u00c9luard &#8211; La Seyne-sur-mer<\/a><\/p>\n<p><a href=\"https:\/\/www.pedagogie.ac-nice.fr\/cdesc83\/college-jean-lherminier-la-seyne\/\">Coll\u00e8ge Jean l&rsquo;Herminier &#8211; La Seyne-sur-mer<\/a><\/p>\n<p><a href=\"https:\/\/www.pedagogie.ac-nice.fr\/cdesc83\/college-henri-wallon-la-seyne\/\">Coll\u00e8ge Henri Wallon &#8211; La Seyne-sur-mer<\/a><\/p>\n<p><a href=\"https:\/\/www.pedagogie.ac-nice.fr\/cdesc83\/college-jean-giono-le-beausset\/\">Coll\u00e8ge Jean Giono &#8211; Le Beausset<\/a><\/p>\n<p><a href=\"https:\/\/www.pedagogie.ac-nice.fr\/cdesc83\/college-le-vigneret-le-castellet\/\">Coll\u00e8ge Le Vigneret &#8211; Le Castellet<\/a><\/p>\n<p><a href=\"https:\/\/www.pedagogie.ac-nice.fr\/cdesc83\/college-les-eucalyptus-ollioules\/\">Coll\u00e8ge les Eucalyptus &#8211; Ollioules<\/a><\/p>\n<p><a href=\"https:\/\/www.pedagogie.ac-nice.fr\/cdesc83\/college-romain-blache-saint-cyr\/\">Coll\u00e8ge Romain Blache &#8211; Saint-Cyr-sur-mer<\/a><\/p>\n<p><a href=\"https:\/\/www.pedagogie.ac-nice.fr\/cdesc83\/college-louis-clement-saint-mandrier\/\">Coll\u00e8ge Louis Cl\u00e9ment &#8211; Saint-Mandrier<\/a><\/p>\n<p><a href=\"https:\/\/www.pedagogie.ac-nice.fr\/cdesc83\/college-la-guicharde-sanary\/\">Coll\u00e8ge La Guicharde &#8211; Sanary-sur-mer<\/a><\/p>\n<p>&nbsp;<\/p>\n<p><a href=\"https:\/\/www.pedagogie.ac-nice.fr\/cdesc83\/lycee-general-et-technologique-beaussier-la-seyne-sur-mer\/\">Lyc\u00e9e G\u00e9n\u00e9ral et Technologique Beaussier &#8211; La Seyne-sur-mer<\/a><\/p>\n<p><a href=\"https:\/\/www.pedagogie.ac-nice.fr\/cdesc83\/lycee-polyvalent-paul-langevin-la-seyne-sur-mer\/\">Lyc\u00e9e Polyvalent Paul Langevin &#8211; La Seyne-sur-mer<\/a><\/p>\n<p><a href=\"https:\/\/www.pedagogie.ac-nice.fr\/cdesc83\/lycee-professionnel-de-la-coudouliere-six-fours-les-plages\/\">Lyc\u00e9e Professionnel de La Coudouli\u00e8re &#8211; Six-Fours-les-plages<\/a><\/p>\n","protected":false},"excerpt":{"rendered":"<p>Coll\u00e8ge Raimu \u2013 Bandol Coll\u00e8ge Marie Curie &#8211; La Seyne-sur-mer Coll\u00e8ge Paul \u00c9luard &#8211; La Seyne-sur-mer Coll\u00e8ge Jean l&rsquo;Herminier &#8211; La Seyne-sur-mer Coll\u00e8ge Henri Wallon &#8211; La Seyne-sur-mer Coll\u00e8ge Jean Giono &#8211; Le Beausset Coll\u00e8ge Le Vigneret &#8211; Le Castellet Coll\u00e8ge les Eucalyptus &#8211; Ollioules Coll\u00e8ge Romain Blache &#8211; Saint-Cyr-sur-mer Coll\u00e8ge Louis Cl\u00e9ment &#8211; Saint-Mandrier [&hellip;]<\/p>\n","protected":false},"author":5,"featured_media":0,"parent":0,"menu_order":0,"comment_status":"closed","ping_status":"closed","template":"","meta":{"_et_pb_use_builder":"","_et_pb_old_content":"","_et_gb_content_width":"","ngg_post_thumbnail":0,"footnotes":""},"class_list":["post-5591","page","type-page","status-publish","hentry"],"rttpg_featured_image_url":null,"rttpg_author":{"display_name":"Admin Plateforme","author_link":"https:\/\/www.pedagogie.ac-nice.fr\/cdesc83\/author\/cdesc83\/"},"rttpg_comment":0,"rttpg_category":null,"rttpg_excerpt":"Coll\u00e8ge Raimu \u2013 Bandol Coll\u00e8ge Marie Curie &#8211; La Seyne-sur-mer Coll\u00e8ge Paul \u00c9luard &#8211; La Seyne-sur-mer Coll\u00e8ge Jean l&rsquo;Herminier &#8211; La Seyne-sur-mer Coll\u00e8ge Henri Wallon &#8211; La Seyne-sur-mer Coll\u00e8ge Jean Giono &#8211; Le Beausset Coll\u00e8ge Le Vigneret &#8211; Le Castellet Coll\u00e8ge les Eucalyptus &#8211; Ollioules Coll\u00e8ge Romain Blache &#8211; Saint-Cyr-sur-mer Coll\u00e8ge Louis Cl\u00e9ment &#8211; Saint-Mandrier\u2026","post_mailing_queue_ids":[],"_links":{"self":[{"href":"https:\/\/www.pedagogie.ac-nice.fr\/cdesc83\/wp-json\/wp\/v2\/pages\/5591","targetHints":{"allow":["GET"]}}],"collection":[{"href":"https:\/\/www.pedagogie.ac-nice.fr\/cdesc83\/wp-json\/wp\/v2\/pages"}],"about":[{"href":"https:\/\/www.pedagogie.ac-nice.fr\/cdesc83\/wp-json\/wp\/v2\/types\/page"}],"author":[{"embeddable":true,"href":"https:\/\/www.pedagogie.ac-nice.fr\/cdesc83\/wp-json\/wp\/v2\/users\/5"}],"replies":[{"embeddable":true,"href":"https:\/\/www.pedagogie.ac-nice.fr\/cdesc83\/wp-json\/wp\/v2\/comments?post=5591"}],"version-history":[{"count":20,"href":"https:\/\/www.pedagogie.ac-nice.fr\/cdesc83\/wp-json\/wp\/v2\/pages\/5591\/revisions"}],"predecessor-version":[{"id":6261,"href":"https:\/\/www.pedagogie.ac-nice.fr\/cdesc83\/wp-json\/wp\/v2\/pages\/5591\/revisions\/6261"}],"wp:attachment":[{"href":"https:\/\/www.pedagogie.ac-nice.fr\/cdesc83\/wp-json\/wp\/v2\/media?parent=5591"}],"curies":[{"name":"wp","href":"https:\/\/api.w.org\/{rel}","templated":true}]}}