{"id":5718,"date":"2017-05-20T01:30:08","date_gmt":"2017-05-19T23:30:08","guid":{"rendered":"https:\/\/www.pedagogie.ac-nice.fr\/cdesc83\/?page_id=5718"},"modified":"2017-05-28T05:49:52","modified_gmt":"2017-05-28T03:49:52","slug":"college-frederic-joliot-curie-carqueiranne","status":"publish","type":"page","link":"https:\/\/www.pedagogie.ac-nice.fr\/cdesc83\/college-frederic-joliot-curie-carqueiranne\/","title":{"rendered":"Coll\u00e8ge Fr\u00e9d\u00e9ric Joliot-Curie"},"content":{"rendered":"<h1 style=\"text-align: center\"><\/h1>\n<p>Pour d\u00e9poser un projet, t\u00e9l\u00e9charger la fiche\u00a0<a href=\"https:\/\/www.pedagogie.ac-nice.fr\/cdesc83\/wp-content\/uploads\/sites\/7\/2017\/05\/Projets-CLG-BEF-Hy\u00e8res.xlsx\">Projets CLG &#8211; BEF Hy\u00e8res<\/a> et la renvoyer par <a href=\"mailto:reseau-cdesc83@ac-nice.fr\">Email<\/a><\/p>\n<p>Elle sera visible dans la section <a href=\"https:\/\/www.pedagogie.ac-nice.fr\/cdesc83\/demandes-des-etablissements-bef-Hyeres\/\">\u00ab\u00a0Recherches EPLE BEF de Hy\u00e8res\u00a0\u00bb<\/a><\/p>\n<p>Les offres des partenaires sont consultables dans la section <a href=\"https:\/\/www.pedagogie.ac-nice.fr\/cdesc83\/offres-partenaires\/\" target=\"_blank\" rel=\"noopener noreferrer\">\u00ab\u00a0Offres des partenaires\u00a0\u00bb<\/a><\/p>\n<p><a href=\"https:\/\/www.pedagogie.ac-nice.fr\/cdesc83\/offres-partenaires\/\" target=\"_blank\" rel=\"noopener noreferrer\">\u00ab\u00a0<\/a><\/p>\n","protected":false},"excerpt":{"rendered":"<p>Pour d\u00e9poser un projet, t\u00e9l\u00e9charger la fiche\u00a0Projets CLG &#8211; BEF Hy\u00e8res et la renvoyer par Email Elle sera visible dans la section \u00ab\u00a0Recherches EPLE BEF de Hy\u00e8res\u00a0\u00bb Les offres des partenaires sont consultables dans la section \u00ab\u00a0Offres des partenaires\u00a0\u00bb \u00ab\u00a0<\/p>\n","protected":false},"author":5,"featured_media":0,"parent":0,"menu_order":0,"comment_status":"closed","ping_status":"closed","template":"","meta":{"_et_pb_use_builder":"","_et_pb_old_content":"","_et_gb_content_width":"","ngg_post_thumbnail":0,"footnotes":""},"class_list":["post-5718","page","type-page","status-publish","hentry"],"rttpg_featured_image_url":null,"rttpg_author":{"display_name":"Admin Plateforme","author_link":"https:\/\/www.pedagogie.ac-nice.fr\/cdesc83\/author\/cdesc83\/"},"rttpg_comment":0,"rttpg_category":null,"rttpg_excerpt":"Pour d\u00e9poser un projet, t\u00e9l\u00e9charger la fiche\u00a0Projets CLG &#8211; BEF Hy\u00e8res et la renvoyer par Email Elle sera visible dans la section \u00ab\u00a0Recherches EPLE BEF de Hy\u00e8res\u00a0\u00bb Les offres des partenaires sont consultables dans la section \u00ab\u00a0Offres des partenaires\u00a0\u00bb \u00ab\u00a0","post_mailing_queue_ids":[],"_links":{"self":[{"href":"https:\/\/www.pedagogie.ac-nice.fr\/cdesc83\/wp-json\/wp\/v2\/pages\/5718","targetHints":{"allow":["GET"]}}],"collection":[{"href":"https:\/\/www.pedagogie.ac-nice.fr\/cdesc83\/wp-json\/wp\/v2\/pages"}],"about":[{"href":"https:\/\/www.pedagogie.ac-nice.fr\/cdesc83\/wp-json\/wp\/v2\/types\/page"}],"author":[{"embeddable":true,"href":"https:\/\/www.pedagogie.ac-nice.fr\/cdesc83\/wp-json\/wp\/v2\/users\/5"}],"replies":[{"embeddable":true,"href":"https:\/\/www.pedagogie.ac-nice.fr\/cdesc83\/wp-json\/wp\/v2\/comments?post=5718"}],"version-history":[{"count":3,"href":"https:\/\/www.pedagogie.ac-nice.fr\/cdesc83\/wp-json\/wp\/v2\/pages\/5718\/revisions"}],"predecessor-version":[{"id":6610,"href":"https:\/\/www.pedagogie.ac-nice.fr\/cdesc83\/wp-json\/wp\/v2\/pages\/5718\/revisions\/6610"}],"wp:attachment":[{"href":"https:\/\/www.pedagogie.ac-nice.fr\/cdesc83\/wp-json\/wp\/v2\/media?parent=5718"}],"curies":[{"name":"wp","href":"https:\/\/api.w.org\/{rel}","templated":true}]}}