{"id":5727,"date":"2017-05-20T01:40:45","date_gmt":"2017-05-19T23:40:45","guid":{"rendered":"https:\/\/www.pedagogie.ac-nice.fr\/cdesc83\/?page_id=5727"},"modified":"2017-05-28T06:06:07","modified_gmt":"2017-05-28T04:06:07","slug":"lycee-professionnel-du-golf-hotel-hyeres","status":"publish","type":"page","link":"https:\/\/www.pedagogie.ac-nice.fr\/cdesc83\/lycee-professionnel-du-golf-hotel-hyeres\/","title":{"rendered":"L.Pro. du Golf-H\u00f4tel"},"content":{"rendered":"<h1 style=\"text-align: center\"><\/h1>\n<p>Pour d\u00e9poser un projet, t\u00e9l\u00e9charger la fiche\u00a0<a href=\"https:\/\/www.pedagogie.ac-nice.fr\/cdesc83\/wp-content\/uploads\/sites\/7\/2017\/05\/Projets-L-Pro.xlsx\">Projets L Pro<\/a> et la renvoyer par <a href=\"mailto:reseau-cdesc83@ac-nice.fr\">Email<\/a><\/p>\n<p>Elle sera visible dans la section <a href=\"https:\/\/www.pedagogie.ac-nice.fr\/cdesc83\/demandes-des-etablissements-bef-Hyeres\/\">\u00ab\u00a0Recherches EPLE BEF de Hy\u00e8res\u00a0\u00bb<\/a><\/p>\n<p>Les offres des partenaires sont consultables dans la section <a href=\"https:\/\/www.pedagogie.ac-nice.fr\/cdesc83\/offres-partenaires\/\" target=\"_blank\" rel=\"noopener noreferrer\">\u00ab\u00a0Offres des partenaires\u00a0\u00bb<\/a><\/p>\n<p>&nbsp;<\/p>\n","protected":false},"excerpt":{"rendered":"<p>Pour d\u00e9poser un projet, t\u00e9l\u00e9charger la fiche\u00a0Projets L Pro et la renvoyer par Email Elle sera visible dans la section \u00ab\u00a0Recherches EPLE BEF de Hy\u00e8res\u00a0\u00bb Les offres des partenaires sont consultables dans la section \u00ab\u00a0Offres des partenaires\u00a0\u00bb &nbsp;<\/p>\n","protected":false},"author":5,"featured_media":0,"parent":0,"menu_order":0,"comment_status":"closed","ping_status":"closed","template":"","meta":{"_et_pb_use_builder":"","_et_pb_old_content":"","_et_gb_content_width":"","ngg_post_thumbnail":0,"footnotes":""},"class_list":["post-5727","page","type-page","status-publish","hentry"],"rttpg_featured_image_url":null,"rttpg_author":{"display_name":"Admin Plateforme","author_link":"https:\/\/www.pedagogie.ac-nice.fr\/cdesc83\/author\/cdesc83\/"},"rttpg_comment":0,"rttpg_category":null,"rttpg_excerpt":"Pour d\u00e9poser un projet, t\u00e9l\u00e9charger la fiche\u00a0Projets L Pro et la renvoyer par Email Elle sera visible dans la section \u00ab\u00a0Recherches EPLE BEF de Hy\u00e8res\u00a0\u00bb Les offres des partenaires sont consultables dans la section \u00ab\u00a0Offres des partenaires\u00a0\u00bb &nbsp;","post_mailing_queue_ids":[],"_links":{"self":[{"href":"https:\/\/www.pedagogie.ac-nice.fr\/cdesc83\/wp-json\/wp\/v2\/pages\/5727","targetHints":{"allow":["GET"]}}],"collection":[{"href":"https:\/\/www.pedagogie.ac-nice.fr\/cdesc83\/wp-json\/wp\/v2\/pages"}],"about":[{"href":"https:\/\/www.pedagogie.ac-nice.fr\/cdesc83\/wp-json\/wp\/v2\/types\/page"}],"author":[{"embeddable":true,"href":"https:\/\/www.pedagogie.ac-nice.fr\/cdesc83\/wp-json\/wp\/v2\/users\/5"}],"replies":[{"embeddable":true,"href":"https:\/\/www.pedagogie.ac-nice.fr\/cdesc83\/wp-json\/wp\/v2\/comments?post=5727"}],"version-history":[{"count":4,"href":"https:\/\/www.pedagogie.ac-nice.fr\/cdesc83\/wp-json\/wp\/v2\/pages\/5727\/revisions"}],"predecessor-version":[{"id":6621,"href":"https:\/\/www.pedagogie.ac-nice.fr\/cdesc83\/wp-json\/wp\/v2\/pages\/5727\/revisions\/6621"}],"wp:attachment":[{"href":"https:\/\/www.pedagogie.ac-nice.fr\/cdesc83\/wp-json\/wp\/v2\/media?parent=5727"}],"curies":[{"name":"wp","href":"https:\/\/api.w.org\/{rel}","templated":true}]}}