{"id":5758,"date":"2017-05-20T02:48:47","date_gmt":"2017-05-20T00:48:47","guid":{"rendered":"https:\/\/www.pedagogie.ac-nice.fr\/cdesc83\/?page_id=5758"},"modified":"2017-05-28T05:20:32","modified_gmt":"2017-05-28T03:20:32","slug":"college-andre-cabasse-roquebrune-sur-argens","status":"publish","type":"page","link":"https:\/\/www.pedagogie.ac-nice.fr\/cdesc83\/college-andre-cabasse-roquebrune-sur-argens\/","title":{"rendered":"Coll\u00e8ge Andr\u00e9 Cabasse"},"content":{"rendered":"<h1 style=\"text-align: center\"><img loading=\"lazy\" decoding=\"async\" class=\"alignnone size-full wp-image-6597\" src=\"https:\/\/www.pedagogie.ac-nice.fr\/cdesc83\/wp-content\/uploads\/sites\/7\/2017\/05\/cabasse.jpg\" alt=\"\" width=\"267\" height=\"188\" srcset=\"https:\/\/www.pedagogie.ac-nice.fr\/cdesc83\/wp-content\/uploads\/sites\/7\/2017\/05\/cabasse.jpg 267w, https:\/\/www.pedagogie.ac-nice.fr\/cdesc83\/wp-content\/uploads\/sites\/7\/2017\/05\/cabasse-150x106.jpg 150w\" sizes=\"(max-width: 267px) 100vw, 267px\" \/><\/h1>\n<p>Pour d\u00e9poser un projet, t\u00e9l\u00e9charger la fiche\u00a0<a href=\"https:\/\/www.pedagogie.ac-nice.fr\/cdesc83\/wp-content\/uploads\/sites\/7\/2017\/05\/Projets-CLG-BEF-Frejus.xlsx\">Projets CLG &#8211; BEF Frejus<\/a> et la renvoyer par <a href=\"mailto:reseau-cdesc83@ac-nice.fr\">Email<\/a><\/p>\n<p>Elle sera visible dans la section <a href=\"https:\/\/www.pedagogie.ac-nice.fr\/cdesc83\/demandes-des-etablissements-bef-Frejus\/\">\u00ab\u00a0Projets EPLE BEF de Fr\u00e9jus\u00a0\u00bb<\/a><\/p>\n<p>Les offres des partenaires sont consultables dans la section <a href=\"https:\/\/www.pedagogie.ac-nice.fr\/cdesc83\/offres-partenaires\/\" target=\"_blank\" rel=\"noopener noreferrer\">\u00ab\u00a0Offres des partenaires\u00a0\u00bb<\/a><\/p>\n<p>&nbsp;<\/p>\n","protected":false},"excerpt":{"rendered":"<p>Pour d\u00e9poser un projet, t\u00e9l\u00e9charger la fiche\u00a0Projets CLG &#8211; BEF Frejus et la renvoyer par Email Elle sera visible dans la section \u00ab\u00a0Projets EPLE BEF de Fr\u00e9jus\u00a0\u00bb Les offres des partenaires sont consultables dans la section \u00ab\u00a0Offres des partenaires\u00a0\u00bb &nbsp;<\/p>\n","protected":false},"author":5,"featured_media":0,"parent":0,"menu_order":0,"comment_status":"closed","ping_status":"closed","template":"","meta":{"_et_pb_use_builder":"","_et_pb_old_content":"","_et_gb_content_width":"","ngg_post_thumbnail":0,"footnotes":""},"class_list":["post-5758","page","type-page","status-publish","hentry"],"rttpg_featured_image_url":null,"rttpg_author":{"display_name":"Admin Plateforme","author_link":"https:\/\/www.pedagogie.ac-nice.fr\/cdesc83\/author\/cdesc83\/"},"rttpg_comment":0,"rttpg_category":null,"rttpg_excerpt":"Pour d\u00e9poser un projet, t\u00e9l\u00e9charger la fiche\u00a0Projets CLG &#8211; BEF Frejus et la renvoyer par Email Elle sera visible dans la section \u00ab\u00a0Projets EPLE BEF de Fr\u00e9jus\u00a0\u00bb Les offres des partenaires sont consultables dans la section \u00ab\u00a0Offres des partenaires\u00a0\u00bb &nbsp;","post_mailing_queue_ids":[],"_links":{"self":[{"href":"https:\/\/www.pedagogie.ac-nice.fr\/cdesc83\/wp-json\/wp\/v2\/pages\/5758","targetHints":{"allow":["GET"]}}],"collection":[{"href":"https:\/\/www.pedagogie.ac-nice.fr\/cdesc83\/wp-json\/wp\/v2\/pages"}],"about":[{"href":"https:\/\/www.pedagogie.ac-nice.fr\/cdesc83\/wp-json\/wp\/v2\/types\/page"}],"author":[{"embeddable":true,"href":"https:\/\/www.pedagogie.ac-nice.fr\/cdesc83\/wp-json\/wp\/v2\/users\/5"}],"replies":[{"embeddable":true,"href":"https:\/\/www.pedagogie.ac-nice.fr\/cdesc83\/wp-json\/wp\/v2\/comments?post=5758"}],"version-history":[{"count":4,"href":"https:\/\/www.pedagogie.ac-nice.fr\/cdesc83\/wp-json\/wp\/v2\/pages\/5758\/revisions"}],"predecessor-version":[{"id":6598,"href":"https:\/\/www.pedagogie.ac-nice.fr\/cdesc83\/wp-json\/wp\/v2\/pages\/5758\/revisions\/6598"}],"wp:attachment":[{"href":"https:\/\/www.pedagogie.ac-nice.fr\/cdesc83\/wp-json\/wp\/v2\/media?parent=5758"}],"curies":[{"name":"wp","href":"https:\/\/api.w.org\/{rel}","templated":true}]}}