{"id":6076,"date":"2017-05-22T10:06:45","date_gmt":"2017-05-22T08:06:45","guid":{"rendered":"https:\/\/www.pedagogie.ac-nice.fr\/cdesc83\/?page_id=6076"},"modified":"2017-05-27T17:15:04","modified_gmt":"2017-05-27T15:15:04","slug":"demandes-des-etablissements-bef-draguignan","status":"publish","type":"page","link":"https:\/\/www.pedagogie.ac-nice.fr\/cdesc83\/demandes-des-etablissements-bef-draguignan\/","title":{"rendered":"Bassin de Draguignan"},"content":{"rendered":"<h1 style=\"text-align: center\">Demandes des \u00e9tablissements<\/h1>\n<p style=\"text-align: center\"><em><strong>Coll\u00e8ges<\/strong><\/em><\/p>\n<p>Coll\u00e8ge Henri Nans \u2013 Aups<\/p>\n<p>Coll\u00e8ge G\u00e9n\u00e9ral Ferri\u00e9 \u2013 Draguignan<\/p>\n<p>Coll\u00e8ge Jean Rostand \u2013 Draguignan<\/p>\n<p>Coll\u00e8ge \u00c9mile Thomas \u2013 Draguignan<\/p>\n<p>Coll\u00e8ge Jean Cavaill\u00e8s \u2013 Figani\u00e8res<\/p>\n<p>Coll\u00e8ge La Peyroua \u2013 Le Muy<\/p>\n<p>Coll\u00e8ge Jacques Pr\u00e9vert \u2013 Les Arcs<\/p>\n<p>Coll\u00e8ge Thomas Edison \u2013 Lorgues<\/p>\n<p>Coll\u00e8ge Paul-\u00c9mile Victor \u2013 Vidauban<\/p>\n<p style=\"text-align: center\"><em><strong>Lyc\u00e9es<\/strong><\/em><\/p>\n<p>Lyc\u00e9e G\u00e9n\u00e9ral et Technologique Jean Moulin \u2013 Draguignan<\/p>\n<p>Lyc\u00e9e Professionnel L\u00e9on Blum \u2013 Draguignan<\/p>\n<p>Lyc\u00e9e Polyvalent du\u00a0 Val d\u2019Argens \u2013 Le Muy<\/p>\n<p>Lyc\u00e9e Polyvalent Thomas Edison \u2013 Lorgues<\/p>\n","protected":false},"excerpt":{"rendered":"<p>Demandes des \u00e9tablissements Coll\u00e8ges Coll\u00e8ge Henri Nans \u2013 Aups Coll\u00e8ge G\u00e9n\u00e9ral Ferri\u00e9 \u2013 Draguignan Coll\u00e8ge Jean Rostand \u2013 Draguignan Coll\u00e8ge \u00c9mile Thomas \u2013 Draguignan Coll\u00e8ge Jean Cavaill\u00e8s \u2013 Figani\u00e8res Coll\u00e8ge La Peyroua \u2013 Le Muy Coll\u00e8ge Jacques Pr\u00e9vert \u2013 Les Arcs Coll\u00e8ge Thomas Edison \u2013 Lorgues Coll\u00e8ge Paul-\u00c9mile Victor \u2013 Vidauban Lyc\u00e9es Lyc\u00e9e G\u00e9n\u00e9ral et [&hellip;]<\/p>\n","protected":false},"author":5,"featured_media":0,"parent":0,"menu_order":0,"comment_status":"closed","ping_status":"closed","template":"","meta":{"_et_pb_use_builder":"","_et_pb_old_content":"","_et_gb_content_width":"","ngg_post_thumbnail":0,"footnotes":""},"class_list":["post-6076","page","type-page","status-publish","hentry"],"rttpg_featured_image_url":null,"rttpg_author":{"display_name":"Admin Plateforme","author_link":"https:\/\/www.pedagogie.ac-nice.fr\/cdesc83\/author\/cdesc83\/"},"rttpg_comment":0,"rttpg_category":null,"rttpg_excerpt":"Demandes des \u00e9tablissements Coll\u00e8ges Coll\u00e8ge Henri Nans \u2013 Aups Coll\u00e8ge G\u00e9n\u00e9ral Ferri\u00e9 \u2013 Draguignan Coll\u00e8ge Jean Rostand \u2013 Draguignan Coll\u00e8ge \u00c9mile Thomas \u2013 Draguignan Coll\u00e8ge Jean Cavaill\u00e8s \u2013 Figani\u00e8res Coll\u00e8ge La Peyroua \u2013 Le Muy Coll\u00e8ge Jacques Pr\u00e9vert \u2013 Les Arcs Coll\u00e8ge Thomas Edison \u2013 Lorgues Coll\u00e8ge Paul-\u00c9mile Victor \u2013 Vidauban Lyc\u00e9es Lyc\u00e9e G\u00e9n\u00e9ral et\u2026","post_mailing_queue_ids":[],"_links":{"self":[{"href":"https:\/\/www.pedagogie.ac-nice.fr\/cdesc83\/wp-json\/wp\/v2\/pages\/6076","targetHints":{"allow":["GET"]}}],"collection":[{"href":"https:\/\/www.pedagogie.ac-nice.fr\/cdesc83\/wp-json\/wp\/v2\/pages"}],"about":[{"href":"https:\/\/www.pedagogie.ac-nice.fr\/cdesc83\/wp-json\/wp\/v2\/types\/page"}],"author":[{"embeddable":true,"href":"https:\/\/www.pedagogie.ac-nice.fr\/cdesc83\/wp-json\/wp\/v2\/users\/5"}],"replies":[{"embeddable":true,"href":"https:\/\/www.pedagogie.ac-nice.fr\/cdesc83\/wp-json\/wp\/v2\/comments?post=6076"}],"version-history":[{"count":3,"href":"https:\/\/www.pedagogie.ac-nice.fr\/cdesc83\/wp-json\/wp\/v2\/pages\/6076\/revisions"}],"predecessor-version":[{"id":6508,"href":"https:\/\/www.pedagogie.ac-nice.fr\/cdesc83\/wp-json\/wp\/v2\/pages\/6076\/revisions\/6508"}],"wp:attachment":[{"href":"https:\/\/www.pedagogie.ac-nice.fr\/cdesc83\/wp-json\/wp\/v2\/media?parent=6076"}],"curies":[{"name":"wp","href":"https:\/\/api.w.org\/{rel}","templated":true}]}}