{"id":6078,"date":"2017-05-22T10:07:15","date_gmt":"2017-05-22T08:07:15","guid":{"rendered":"https:\/\/www.pedagogie.ac-nice.fr\/cdesc83\/?page_id=6078"},"modified":"2017-05-24T07:37:07","modified_gmt":"2017-05-24T05:37:07","slug":"demandes-des-etablissements-bef-frejus","status":"publish","type":"page","link":"https:\/\/www.pedagogie.ac-nice.fr\/cdesc83\/demandes-des-etablissements-bef-frejus\/","title":{"rendered":"BEF Fr\u00e9jus"},"content":{"rendered":"<h1 style=\"text-align: center\">Demandes des \u00e9tablissements<\/h1>\n<p style=\"text-align: center\"><em><strong>Coll\u00e8ges<\/strong><\/em><\/p>\n<div class=\"entry-content clearfix\">\n<p>Coll\u00e8ge G\u00e9rard Philipe \u2013 Cogolin<\/p>\n<p>Coll\u00e8ge Marie Mauron \u2013 Fayence<\/p>\n<p>Coll\u00e8ge Les Ch\u00eanes \u2013 Fr\u00e9jus<\/p>\n<p>Coll\u00e8ge Andr\u00e9 L\u00e9otard \u2013 Fr\u00e9jus<\/p>\n<p>Coll\u00e8ge de Villeneuve \u2013 Fr\u00e9jus<\/p>\n<p>Coll\u00e8ge Victor Hugo \u2013 Gassin<\/p>\n<p>Coll\u00e8ge L\u00e9onard de Vinci \u2013 Montauroux<\/p>\n<p>Coll\u00e8ge Gabrielle Colette \u2013 Puget-sur-Argens<\/p>\n<p>Coll\u00e8ge Andr\u00e9 Cabasse \u2013 Roquebrune-sur-Argens<\/p>\n<p>Coll\u00e8ge Berty Albrecht \u2013 Sainte-Maxime<\/p>\n<p>Coll\u00e8ge de l\u2019Est\u00e9rel \u2013 Saint-Rapha\u00ebl<\/p>\n<p>Coll\u00e8ge Alphonse Karr \u2013 Saint-Rapha\u00ebl<\/p>\n<p>Coll\u00e8ge Moulin Blanc \u2013 Saint-Tropez<\/p>\n<p style=\"text-align: center\"><em><strong>Lyc\u00e9es<\/strong><\/em><\/p>\n<p>Lyc\u00e9e G\u00e9n\u00e9ral et Technologique Albert Camus \u2013 Fr\u00e9jus<\/p>\n<p>Lyc\u00e9e Professionnel Galli\u00e9ni \u2013 Fr\u00e9jus<\/p>\n<p>Lyc\u00e9e Polyvalent Golfe de Saint-Tropez \u2013 Gassin<\/p>\n<p>Lyc\u00e9e Polyvalent Saint-Exup\u00e9ry \u2013 Saint-Rapha\u00ebl<\/p>\n<\/div>\n","protected":false},"excerpt":{"rendered":"<p>Demandes des \u00e9tablissements Coll\u00e8ges Coll\u00e8ge G\u00e9rard Philipe \u2013 Cogolin Coll\u00e8ge Marie Mauron \u2013 Fayence Coll\u00e8ge Les Ch\u00eanes \u2013 Fr\u00e9jus Coll\u00e8ge Andr\u00e9 L\u00e9otard \u2013 Fr\u00e9jus Coll\u00e8ge de Villeneuve \u2013 Fr\u00e9jus Coll\u00e8ge Victor Hugo \u2013 Gassin Coll\u00e8ge L\u00e9onard de Vinci \u2013 Montauroux Coll\u00e8ge Gabrielle Colette \u2013 Puget-sur-Argens Coll\u00e8ge Andr\u00e9 Cabasse \u2013 Roquebrune-sur-Argens Coll\u00e8ge Berty Albrecht \u2013 Sainte-Maxime [&hellip;]<\/p>\n","protected":false},"author":5,"featured_media":0,"parent":0,"menu_order":0,"comment_status":"closed","ping_status":"closed","template":"","meta":{"_et_pb_use_builder":"","_et_pb_old_content":"","_et_gb_content_width":"","ngg_post_thumbnail":0,"footnotes":""},"class_list":["post-6078","page","type-page","status-publish","hentry"],"rttpg_featured_image_url":null,"rttpg_author":{"display_name":"Admin Plateforme","author_link":"https:\/\/www.pedagogie.ac-nice.fr\/cdesc83\/author\/cdesc83\/"},"rttpg_comment":0,"rttpg_category":null,"rttpg_excerpt":"Demandes des \u00e9tablissements Coll\u00e8ges Coll\u00e8ge G\u00e9rard Philipe \u2013 Cogolin Coll\u00e8ge Marie Mauron \u2013 Fayence Coll\u00e8ge Les Ch\u00eanes \u2013 Fr\u00e9jus Coll\u00e8ge Andr\u00e9 L\u00e9otard \u2013 Fr\u00e9jus Coll\u00e8ge de Villeneuve \u2013 Fr\u00e9jus Coll\u00e8ge Victor Hugo \u2013 Gassin Coll\u00e8ge L\u00e9onard de Vinci \u2013 Montauroux Coll\u00e8ge Gabrielle Colette \u2013 Puget-sur-Argens Coll\u00e8ge Andr\u00e9 Cabasse \u2013 Roquebrune-sur-Argens Coll\u00e8ge Berty Albrecht \u2013 Sainte-Maxime\u2026","post_mailing_queue_ids":[],"_links":{"self":[{"href":"https:\/\/www.pedagogie.ac-nice.fr\/cdesc83\/wp-json\/wp\/v2\/pages\/6078","targetHints":{"allow":["GET"]}}],"collection":[{"href":"https:\/\/www.pedagogie.ac-nice.fr\/cdesc83\/wp-json\/wp\/v2\/pages"}],"about":[{"href":"https:\/\/www.pedagogie.ac-nice.fr\/cdesc83\/wp-json\/wp\/v2\/types\/page"}],"author":[{"embeddable":true,"href":"https:\/\/www.pedagogie.ac-nice.fr\/cdesc83\/wp-json\/wp\/v2\/users\/5"}],"replies":[{"embeddable":true,"href":"https:\/\/www.pedagogie.ac-nice.fr\/cdesc83\/wp-json\/wp\/v2\/comments?post=6078"}],"version-history":[{"count":3,"href":"https:\/\/www.pedagogie.ac-nice.fr\/cdesc83\/wp-json\/wp\/v2\/pages\/6078\/revisions"}],"predecessor-version":[{"id":6215,"href":"https:\/\/www.pedagogie.ac-nice.fr\/cdesc83\/wp-json\/wp\/v2\/pages\/6078\/revisions\/6215"}],"wp:attachment":[{"href":"https:\/\/www.pedagogie.ac-nice.fr\/cdesc83\/wp-json\/wp\/v2\/media?parent=6078"}],"curies":[{"name":"wp","href":"https:\/\/api.w.org\/{rel}","templated":true}]}}