{"id":6080,"date":"2017-05-22T10:07:47","date_gmt":"2017-05-22T08:07:47","guid":{"rendered":"https:\/\/www.pedagogie.ac-nice.fr\/cdesc83\/?page_id=6080"},"modified":"2017-05-24T08:16:48","modified_gmt":"2017-05-24T06:16:48","slug":"demandes-des-etablissements-bef-hyeres","status":"publish","type":"page","link":"https:\/\/www.pedagogie.ac-nice.fr\/cdesc83\/demandes-des-etablissements-bef-hyeres\/","title":{"rendered":"BEF Hy\u00e8res"},"content":{"rendered":"<h1 style=\"text-align: center\">Demandes des \u00e9tablissements<\/h1>\n<p style=\"text-align: center\"><em><strong>Coll\u00e8ges<\/strong><\/em><\/p>\n<div class=\"entry-content clearfix\">\n<p>Coll\u00e8ge Fr\u00e9d\u00e9ric Mistral \u2013 Bormes-Les-Mimosas<\/p>\n<p>Coll\u00e8ge Fr\u00e9d\u00e9ric Joliot-Curie \u2013 Carqueiranne<\/p>\n<p>Coll\u00e8ge La Ferrage \u2013 Cuers<\/p>\n<p>Coll\u00e8ge Jules Ferry \u2013 Hy\u00e8res<\/p>\n<p>Coll\u00e8ge Marcel Rivi\u00e8re \u2013 Hy\u00e8res<\/p>\n<p>Coll\u00e8ge Gustave Roux \u2013 Hy\u00e8res<\/p>\n<p>Coll\u00e8ge Le Fenouillet \u2013 La Crau<\/p>\n<p>Coll\u00e8ge Fran\u00e7ois de Leusse \u2013 La Londe<\/p>\n<p style=\"text-align: center\"><em><strong>Lyc\u00e9es<\/strong><\/em><\/p>\n<p>Lyc\u00e9e G\u00e9n\u00e9ral et Technologique Jean Aicard \u2013 Hy\u00e8res<\/p>\n<p>Lyc\u00e9e Polyvalent Costebelle \u2013 Hy\u00e8res<\/p>\n<p>Lyc\u00e9e Professionnel du Golf-H\u00f4tel \u2013 Hy\u00e8res<\/p>\n<\/div>\n","protected":false},"excerpt":{"rendered":"<p>Demandes des \u00e9tablissements Coll\u00e8ges Coll\u00e8ge Fr\u00e9d\u00e9ric Mistral \u2013 Bormes-Les-Mimosas Coll\u00e8ge Fr\u00e9d\u00e9ric Joliot-Curie \u2013 Carqueiranne Coll\u00e8ge La Ferrage \u2013 Cuers Coll\u00e8ge Jules Ferry \u2013 Hy\u00e8res Coll\u00e8ge Marcel Rivi\u00e8re \u2013 Hy\u00e8res Coll\u00e8ge Gustave Roux \u2013 Hy\u00e8res Coll\u00e8ge Le Fenouillet \u2013 La Crau Coll\u00e8ge Fran\u00e7ois de Leusse \u2013 La Londe Lyc\u00e9es Lyc\u00e9e G\u00e9n\u00e9ral et Technologique Jean Aicard \u2013 [&hellip;]<\/p>\n","protected":false},"author":5,"featured_media":0,"parent":0,"menu_order":0,"comment_status":"closed","ping_status":"closed","template":"","meta":{"_et_pb_use_builder":"","_et_pb_old_content":"","_et_gb_content_width":"","ngg_post_thumbnail":0,"footnotes":""},"class_list":["post-6080","page","type-page","status-publish","hentry"],"rttpg_featured_image_url":null,"rttpg_author":{"display_name":"Admin Plateforme","author_link":"https:\/\/www.pedagogie.ac-nice.fr\/cdesc83\/author\/cdesc83\/"},"rttpg_comment":0,"rttpg_category":null,"rttpg_excerpt":"Demandes des \u00e9tablissements Coll\u00e8ges Coll\u00e8ge Fr\u00e9d\u00e9ric Mistral \u2013 Bormes-Les-Mimosas Coll\u00e8ge Fr\u00e9d\u00e9ric Joliot-Curie \u2013 Carqueiranne Coll\u00e8ge La Ferrage \u2013 Cuers Coll\u00e8ge Jules Ferry \u2013 Hy\u00e8res Coll\u00e8ge Marcel Rivi\u00e8re \u2013 Hy\u00e8res Coll\u00e8ge Gustave Roux \u2013 Hy\u00e8res Coll\u00e8ge Le Fenouillet \u2013 La Crau Coll\u00e8ge Fran\u00e7ois de Leusse \u2013 La Londe Lyc\u00e9es Lyc\u00e9e G\u00e9n\u00e9ral et Technologique Jean Aicard \u2013\u2026","post_mailing_queue_ids":[],"_links":{"self":[{"href":"https:\/\/www.pedagogie.ac-nice.fr\/cdesc83\/wp-json\/wp\/v2\/pages\/6080","targetHints":{"allow":["GET"]}}],"collection":[{"href":"https:\/\/www.pedagogie.ac-nice.fr\/cdesc83\/wp-json\/wp\/v2\/pages"}],"about":[{"href":"https:\/\/www.pedagogie.ac-nice.fr\/cdesc83\/wp-json\/wp\/v2\/types\/page"}],"author":[{"embeddable":true,"href":"https:\/\/www.pedagogie.ac-nice.fr\/cdesc83\/wp-json\/wp\/v2\/users\/5"}],"replies":[{"embeddable":true,"href":"https:\/\/www.pedagogie.ac-nice.fr\/cdesc83\/wp-json\/wp\/v2\/comments?post=6080"}],"version-history":[{"count":2,"href":"https:\/\/www.pedagogie.ac-nice.fr\/cdesc83\/wp-json\/wp\/v2\/pages\/6080\/revisions"}],"predecessor-version":[{"id":6239,"href":"https:\/\/www.pedagogie.ac-nice.fr\/cdesc83\/wp-json\/wp\/v2\/pages\/6080\/revisions\/6239"}],"wp:attachment":[{"href":"https:\/\/www.pedagogie.ac-nice.fr\/cdesc83\/wp-json\/wp\/v2\/media?parent=6080"}],"curies":[{"name":"wp","href":"https:\/\/api.w.org\/{rel}","templated":true}]}}