{"id":6082,"date":"2017-05-22T10:08:19","date_gmt":"2017-05-22T08:08:19","guid":{"rendered":"https:\/\/www.pedagogie.ac-nice.fr\/cdesc83\/?page_id=6082"},"modified":"2017-05-24T08:41:28","modified_gmt":"2017-05-24T06:41:28","slug":"demandes-des-etablissements-bef-la-seyne","status":"publish","type":"page","link":"https:\/\/www.pedagogie.ac-nice.fr\/cdesc83\/demandes-des-etablissements-bef-la-seyne\/","title":{"rendered":"BEF La Seyne sur Mer"},"content":{"rendered":"<h1 style=\"text-align: center\">Demandes des \u00e9tablissements<\/h1>\n<p style=\"text-align: center\"><em><strong>Coll\u00e8ges<\/strong><\/em><\/p>\n<div class=\"entry-content clearfix\">\n<p>Coll\u00e8ge Raimu \u2013 Bandol<\/p>\n<p>Coll\u00e8ge Marie Curie \u2013 La Seyne-sur-mer<\/p>\n<p>Coll\u00e8ge Paul \u00c9luard \u2013 La Seyne-sur-mer<\/p>\n<p>Coll\u00e8ge Jean l\u2019Herminier \u2013 La Seyne-sur-mer<\/p>\n<p>Coll\u00e8ge Henri Wallon \u2013 La Seyne-sur-mer<\/p>\n<p>Coll\u00e8ge Jean Giono \u2013 Le Beausset<\/p>\n<p>Coll\u00e8ge Le Vigneret \u2013 Le Castellet<\/p>\n<p>Coll\u00e8ge les Eucalyptus \u2013 Ollioules<\/p>\n<p>Coll\u00e8ge Romain Blache \u2013 Saint-Cyr-sur-mer<\/p>\n<p>Coll\u00e8ge Louis Cl\u00e9ment \u2013 Saint-Mandrier<\/p>\n<p>Coll\u00e8ge La Guicharde \u2013 Sanary-sur-mer<\/p>\n<p style=\"text-align: center\"><em><strong>Lyc\u00e9es<\/strong><\/em><\/p>\n<p>Lyc\u00e9e G\u00e9n\u00e9ral et Technologique Beaussier \u2013 La Seyne-sur-mer<\/p>\n<p>Lyc\u00e9e Polyvalent Paul Langevin \u2013 La Seyne-sur-mer<\/p>\n<p>Lyc\u00e9e Professionnel de La Coudouli\u00e8re \u2013 Six-Fours-les-plages<\/p>\n<\/div>\n","protected":false},"excerpt":{"rendered":"<p>Demandes des \u00e9tablissements Coll\u00e8ges Coll\u00e8ge Raimu \u2013 Bandol Coll\u00e8ge Marie Curie \u2013 La Seyne-sur-mer Coll\u00e8ge Paul \u00c9luard \u2013 La Seyne-sur-mer Coll\u00e8ge Jean l\u2019Herminier \u2013 La Seyne-sur-mer Coll\u00e8ge Henri Wallon \u2013 La Seyne-sur-mer Coll\u00e8ge Jean Giono \u2013 Le Beausset Coll\u00e8ge Le Vigneret \u2013 Le Castellet Coll\u00e8ge les Eucalyptus \u2013 Ollioules Coll\u00e8ge Romain Blache \u2013 Saint-Cyr-sur-mer Coll\u00e8ge [&hellip;]<\/p>\n","protected":false},"author":5,"featured_media":0,"parent":0,"menu_order":0,"comment_status":"closed","ping_status":"closed","template":"","meta":{"_et_pb_use_builder":"","_et_pb_old_content":"","_et_gb_content_width":"","ngg_post_thumbnail":0,"footnotes":""},"class_list":["post-6082","page","type-page","status-publish","hentry"],"rttpg_featured_image_url":null,"rttpg_author":{"display_name":"Admin Plateforme","author_link":"https:\/\/www.pedagogie.ac-nice.fr\/cdesc83\/author\/cdesc83\/"},"rttpg_comment":0,"rttpg_category":null,"rttpg_excerpt":"Demandes des \u00e9tablissements Coll\u00e8ges Coll\u00e8ge Raimu \u2013 Bandol Coll\u00e8ge Marie Curie \u2013 La Seyne-sur-mer Coll\u00e8ge Paul \u00c9luard \u2013 La Seyne-sur-mer Coll\u00e8ge Jean l\u2019Herminier \u2013 La Seyne-sur-mer Coll\u00e8ge Henri Wallon \u2013 La Seyne-sur-mer Coll\u00e8ge Jean Giono \u2013 Le Beausset Coll\u00e8ge Le Vigneret \u2013 Le Castellet Coll\u00e8ge les Eucalyptus \u2013 Ollioules Coll\u00e8ge Romain Blache \u2013 Saint-Cyr-sur-mer Coll\u00e8ge\u2026","post_mailing_queue_ids":[],"_links":{"self":[{"href":"https:\/\/www.pedagogie.ac-nice.fr\/cdesc83\/wp-json\/wp\/v2\/pages\/6082","targetHints":{"allow":["GET"]}}],"collection":[{"href":"https:\/\/www.pedagogie.ac-nice.fr\/cdesc83\/wp-json\/wp\/v2\/pages"}],"about":[{"href":"https:\/\/www.pedagogie.ac-nice.fr\/cdesc83\/wp-json\/wp\/v2\/types\/page"}],"author":[{"embeddable":true,"href":"https:\/\/www.pedagogie.ac-nice.fr\/cdesc83\/wp-json\/wp\/v2\/users\/5"}],"replies":[{"embeddable":true,"href":"https:\/\/www.pedagogie.ac-nice.fr\/cdesc83\/wp-json\/wp\/v2\/comments?post=6082"}],"version-history":[{"count":2,"href":"https:\/\/www.pedagogie.ac-nice.fr\/cdesc83\/wp-json\/wp\/v2\/pages\/6082\/revisions"}],"predecessor-version":[{"id":6253,"href":"https:\/\/www.pedagogie.ac-nice.fr\/cdesc83\/wp-json\/wp\/v2\/pages\/6082\/revisions\/6253"}],"wp:attachment":[{"href":"https:\/\/www.pedagogie.ac-nice.fr\/cdesc83\/wp-json\/wp\/v2\/media?parent=6082"}],"curies":[{"name":"wp","href":"https:\/\/api.w.org\/{rel}","templated":true}]}}