{"id":6322,"date":"2017-05-27T03:18:07","date_gmt":"2017-05-27T01:18:07","guid":{"rendered":"https:\/\/www.pedagogie.ac-nice.fr\/cdesc83\/?page_id=6322"},"modified":"2017-05-27T03:22:25","modified_gmt":"2017-05-27T01:22:25","slug":"etablissements-du-bassin-de-draguignan-2","status":"publish","type":"page","link":"https:\/\/www.pedagogie.ac-nice.fr\/cdesc83\/etablissements-du-bassin-de-draguignan-2\/","title":{"rendered":"\u00c9tablissements du bassin de Draguignan"},"content":{"rendered":"<p>Coll\u00e8ge Henri Nans &#8211; Aups<br \/>\nColl\u00e8ge G\u00e9n\u00e9ral Ferri\u00e9 &#8211; Draguignan<br \/>\nColl\u00e8ge Jean Rostand &#8211; Draguignan<br \/>\nColl\u00e8ge Emile Thomas &#8211; Draguignan<br \/>\nColl\u00e8ge Jean Cavaill\u00e8s &#8211; Figani\u00e8res<br \/>\nColl\u00e8ge La Peyroua &#8211; Le Muy<br \/>\nColl\u00e8ge Jacques Pr\u00e9vert &#8211; Les Arcs<br \/>\nColl\u00e8ge Thomas Edison &#8211; Lorgues<br \/>\nColl\u00e8ge Paul-Emile Victor &#8211; Vidauban<br \/>\nLyc\u00e9e Polyvalent du Val d&rsquo;Argens &#8211; Le Muy<br \/>\nLyc\u00e9e Polyvalent Thomas Edison &#8211; Lorgues<br \/>\nLyc\u00e9e G\u00e9n\u00e9ral et Technologique Jean Moulin &#8211; Draguignan<br \/>\nLyc\u00e9e Professionnel L\u00e9on Blum &#8211; Draguignan<\/p>\n","protected":false},"excerpt":{"rendered":"<p>Coll\u00e8ge Henri Nans &#8211; Aups Coll\u00e8ge G\u00e9n\u00e9ral Ferri\u00e9 &#8211; Draguignan Coll\u00e8ge Jean Rostand &#8211; Draguignan Coll\u00e8ge Emile Thomas &#8211; Draguignan Coll\u00e8ge Jean Cavaill\u00e8s &#8211; Figani\u00e8res Coll\u00e8ge La Peyroua &#8211; Le Muy Coll\u00e8ge Jacques Pr\u00e9vert &#8211; Les Arcs Coll\u00e8ge Thomas Edison &#8211; Lorgues Coll\u00e8ge Paul-Emile Victor &#8211; Vidauban Lyc\u00e9e Polyvalent du Val d&rsquo;Argens &#8211; Le Muy [&hellip;]<\/p>\n","protected":false},"author":5,"featured_media":0,"parent":0,"menu_order":0,"comment_status":"closed","ping_status":"closed","template":"","meta":{"_et_pb_use_builder":"","_et_pb_old_content":"","_et_gb_content_width":"","ngg_post_thumbnail":0,"footnotes":""},"class_list":["post-6322","page","type-page","status-publish","hentry"],"rttpg_featured_image_url":null,"rttpg_author":{"display_name":"Admin Plateforme","author_link":"https:\/\/www.pedagogie.ac-nice.fr\/cdesc83\/author\/cdesc83\/"},"rttpg_comment":0,"rttpg_category":null,"rttpg_excerpt":"Coll\u00e8ge Henri Nans &#8211; Aups Coll\u00e8ge G\u00e9n\u00e9ral Ferri\u00e9 &#8211; Draguignan Coll\u00e8ge Jean Rostand &#8211; Draguignan Coll\u00e8ge Emile Thomas &#8211; Draguignan Coll\u00e8ge Jean Cavaill\u00e8s &#8211; Figani\u00e8res Coll\u00e8ge La Peyroua &#8211; Le Muy Coll\u00e8ge Jacques Pr\u00e9vert &#8211; Les Arcs Coll\u00e8ge Thomas Edison &#8211; Lorgues Coll\u00e8ge Paul-Emile Victor &#8211; Vidauban Lyc\u00e9e Polyvalent du Val d&rsquo;Argens &#8211; Le Muy\u2026","post_mailing_queue_ids":[],"_links":{"self":[{"href":"https:\/\/www.pedagogie.ac-nice.fr\/cdesc83\/wp-json\/wp\/v2\/pages\/6322","targetHints":{"allow":["GET"]}}],"collection":[{"href":"https:\/\/www.pedagogie.ac-nice.fr\/cdesc83\/wp-json\/wp\/v2\/pages"}],"about":[{"href":"https:\/\/www.pedagogie.ac-nice.fr\/cdesc83\/wp-json\/wp\/v2\/types\/page"}],"author":[{"embeddable":true,"href":"https:\/\/www.pedagogie.ac-nice.fr\/cdesc83\/wp-json\/wp\/v2\/users\/5"}],"replies":[{"embeddable":true,"href":"https:\/\/www.pedagogie.ac-nice.fr\/cdesc83\/wp-json\/wp\/v2\/comments?post=6322"}],"version-history":[{"count":4,"href":"https:\/\/www.pedagogie.ac-nice.fr\/cdesc83\/wp-json\/wp\/v2\/pages\/6322\/revisions"}],"predecessor-version":[{"id":6326,"href":"https:\/\/www.pedagogie.ac-nice.fr\/cdesc83\/wp-json\/wp\/v2\/pages\/6322\/revisions\/6326"}],"wp:attachment":[{"href":"https:\/\/www.pedagogie.ac-nice.fr\/cdesc83\/wp-json\/wp\/v2\/media?parent=6322"}],"curies":[{"name":"wp","href":"https:\/\/api.w.org\/{rel}","templated":true}]}}