{"id":6328,"date":"2017-05-27T03:26:55","date_gmt":"2017-05-27T01:26:55","guid":{"rendered":"https:\/\/www.pedagogie.ac-nice.fr\/cdesc83\/?page_id=6328"},"modified":"2017-05-27T03:26:55","modified_gmt":"2017-05-27T01:26:55","slug":"etablissements-du-bassin-de-brignoles-2","status":"publish","type":"page","link":"https:\/\/www.pedagogie.ac-nice.fr\/cdesc83\/etablissements-du-bassin-de-brignoles-2\/","title":{"rendered":"\u00c9tablissements du bassin de Brignoles"},"content":{"rendered":"<p>Coll\u00e8ge Joseph d&rsquo;Arbaud &#8211; Barjols<\/p>\n<p>Coll\u00e8ge Fr\u00e9d\u00e9ric Montenard &#8211; Besse<\/p>\n<p>Coll\u00e8ge Paul C\u00e9zanne &#8211; Brignoles<\/p>\n<p>Coll\u00e8ge Jean Moulin &#8211; Brignoles<\/p>\n<p>Coll\u00e8ge de Carc\u00e8s &#8211; Carc\u00e8s<\/p>\n<p>Coll\u00e8ge Guy de Maupassant &#8211; Gar\u00e9oult<\/p>\n<p>Coll\u00e8ge Pierre de Coubertin &#8211; Le Luc<\/p>\n<p>Coll\u00e8ge Pierre Gassendi &#8211; Rocbaron<\/p>\n<p>Coll\u00e8ge Le\u00ef Garrus &#8211; Saint Maximin<\/p>\n<p>Coll\u00e8ge Henri Matisse &#8211; Saint-Maximin<\/p>\n<p>Coll\u00e8ge des Seize Fontaines &#8211; St-Zacharie<\/p>\n<p>Coll\u00e8ge Yves Montand &#8211; Vinon<\/p>\n<p>Lyc\u00e9e Polyvalent Maurice Janetti &#8211; Saint-Maximin<\/p>\n<p>Lyc\u00e9e Polyvalent Raynouard &#8211; Brignoles<\/p>\n","protected":false},"excerpt":{"rendered":"<p>Coll\u00e8ge Joseph d&rsquo;Arbaud &#8211; Barjols Coll\u00e8ge Fr\u00e9d\u00e9ric Montenard &#8211; Besse Coll\u00e8ge Paul C\u00e9zanne &#8211; Brignoles Coll\u00e8ge Jean Moulin &#8211; Brignoles Coll\u00e8ge de Carc\u00e8s &#8211; Carc\u00e8s Coll\u00e8ge Guy de Maupassant &#8211; Gar\u00e9oult Coll\u00e8ge Pierre de Coubertin &#8211; Le Luc Coll\u00e8ge Pierre Gassendi &#8211; Rocbaron Coll\u00e8ge Le\u00ef Garrus &#8211; Saint Maximin Coll\u00e8ge Henri Matisse &#8211; Saint-Maximin Coll\u00e8ge [&hellip;]<\/p>\n","protected":false},"author":5,"featured_media":0,"parent":0,"menu_order":0,"comment_status":"closed","ping_status":"closed","template":"","meta":{"_et_pb_use_builder":"","_et_pb_old_content":"","_et_gb_content_width":"","ngg_post_thumbnail":0,"footnotes":""},"class_list":["post-6328","page","type-page","status-publish","hentry"],"rttpg_featured_image_url":null,"rttpg_author":{"display_name":"Admin Plateforme","author_link":"https:\/\/www.pedagogie.ac-nice.fr\/cdesc83\/author\/cdesc83\/"},"rttpg_comment":0,"rttpg_category":null,"rttpg_excerpt":"Coll\u00e8ge Joseph d&rsquo;Arbaud &#8211; Barjols Coll\u00e8ge Fr\u00e9d\u00e9ric Montenard &#8211; Besse Coll\u00e8ge Paul C\u00e9zanne &#8211; Brignoles Coll\u00e8ge Jean Moulin &#8211; Brignoles Coll\u00e8ge de Carc\u00e8s &#8211; Carc\u00e8s Coll\u00e8ge Guy de Maupassant &#8211; Gar\u00e9oult Coll\u00e8ge Pierre de Coubertin &#8211; Le Luc Coll\u00e8ge Pierre Gassendi &#8211; Rocbaron Coll\u00e8ge Le\u00ef Garrus &#8211; Saint Maximin Coll\u00e8ge Henri Matisse &#8211; Saint-Maximin Coll\u00e8ge\u2026","post_mailing_queue_ids":[],"_links":{"self":[{"href":"https:\/\/www.pedagogie.ac-nice.fr\/cdesc83\/wp-json\/wp\/v2\/pages\/6328","targetHints":{"allow":["GET"]}}],"collection":[{"href":"https:\/\/www.pedagogie.ac-nice.fr\/cdesc83\/wp-json\/wp\/v2\/pages"}],"about":[{"href":"https:\/\/www.pedagogie.ac-nice.fr\/cdesc83\/wp-json\/wp\/v2\/types\/page"}],"author":[{"embeddable":true,"href":"https:\/\/www.pedagogie.ac-nice.fr\/cdesc83\/wp-json\/wp\/v2\/users\/5"}],"replies":[{"embeddable":true,"href":"https:\/\/www.pedagogie.ac-nice.fr\/cdesc83\/wp-json\/wp\/v2\/comments?post=6328"}],"version-history":[{"count":1,"href":"https:\/\/www.pedagogie.ac-nice.fr\/cdesc83\/wp-json\/wp\/v2\/pages\/6328\/revisions"}],"predecessor-version":[{"id":6329,"href":"https:\/\/www.pedagogie.ac-nice.fr\/cdesc83\/wp-json\/wp\/v2\/pages\/6328\/revisions\/6329"}],"wp:attachment":[{"href":"https:\/\/www.pedagogie.ac-nice.fr\/cdesc83\/wp-json\/wp\/v2\/media?parent=6328"}],"curies":[{"name":"wp","href":"https:\/\/api.w.org\/{rel}","templated":true}]}}