{"id":6331,"date":"2017-05-27T03:29:44","date_gmt":"2017-05-27T01:29:44","guid":{"rendered":"https:\/\/www.pedagogie.ac-nice.fr\/cdesc83\/?page_id=6331"},"modified":"2017-05-27T05:08:02","modified_gmt":"2017-05-27T03:08:02","slug":"etablissements-du-bassin-de-frejus-2","status":"publish","type":"page","link":"https:\/\/www.pedagogie.ac-nice.fr\/cdesc83\/etablissements-du-bassin-de-frejus-2\/","title":{"rendered":"\u00c9tablissements du bassin de Fr\u00e9jus"},"content":{"rendered":"<p>Coll\u00e8ge G\u00e9rard Philipe &#8211; Cogolin<br \/>\nColl\u00e8ge Marie Mauron &#8211; Fayence<br \/>\nColl\u00e8ge Les Ch\u00eanes &#8211; Fr\u00e9jus<br \/>\nColl\u00e8ge Andr\u00e9 L\u00e9otard &#8211; Fr\u00e9jus<br \/>\nColl\u00e8ge de Villeneuve &#8211; Fr\u00e9jus<br \/>\nColl\u00e8ge Victor Hugo &#8211; Gassin<br \/>\nColl\u00e8ge L\u00e9onard de Vinci &#8211; Montauroux<br \/>\nColl\u00e8ge Gabrielle Colette &#8211; Puget-sur-Argens<br \/>\nColl\u00e8ge Andr\u00e9 Cabasse &#8211; Roquebrune-sur-Argens<br \/>\nColl\u00e8ge Berty Albrecht &#8211; Sainte-Maxime<br \/>\nColl\u00e8ge de l&rsquo;Est\u00e9rel &#8211; Saint-Rapha\u00ebl<br \/>\nColl\u00e8ge Alphonse Karr &#8211; Saint-Rapha\u00ebl<br \/>\nColl\u00e8ge Moulin Blanc &#8211; Saint-Tropez<br \/>\nLyc\u00e9e Polyvalent Saint Exup\u00e9ry &#8211; Saint-Rapha\u00ebl<br \/>\nLyc\u00e9e Polyvalent Golfe de Saint Tropez &#8211; Gassin<br \/>\nLyc\u00e9e G\u00e9n\u00e9ral et Technologique Albert Camus &#8211; Fr\u00e9jus<br \/>\nLyc\u00e9e Professionnel Gallieni &#8211; Fr\u00e9jus<\/p>\n","protected":false},"excerpt":{"rendered":"<p>Coll\u00e8ge G\u00e9rard Philipe &#8211; Cogolin Coll\u00e8ge Marie Mauron &#8211; Fayence Coll\u00e8ge Les Ch\u00eanes &#8211; Fr\u00e9jus Coll\u00e8ge Andr\u00e9 L\u00e9otard &#8211; Fr\u00e9jus Coll\u00e8ge de Villeneuve &#8211; Fr\u00e9jus Coll\u00e8ge Victor Hugo &#8211; Gassin Coll\u00e8ge L\u00e9onard de Vinci &#8211; Montauroux Coll\u00e8ge Gabrielle Colette &#8211; Puget-sur-Argens Coll\u00e8ge Andr\u00e9 Cabasse &#8211; Roquebrune-sur-Argens Coll\u00e8ge Berty Albrecht &#8211; Sainte-Maxime Coll\u00e8ge de l&rsquo;Est\u00e9rel &#8211; [&hellip;]<\/p>\n","protected":false},"author":5,"featured_media":0,"parent":0,"menu_order":0,"comment_status":"closed","ping_status":"closed","template":"","meta":{"_et_pb_use_builder":"","_et_pb_old_content":"","_et_gb_content_width":"","ngg_post_thumbnail":0,"footnotes":""},"class_list":["post-6331","page","type-page","status-publish","hentry"],"rttpg_featured_image_url":null,"rttpg_author":{"display_name":"Admin Plateforme","author_link":"https:\/\/www.pedagogie.ac-nice.fr\/cdesc83\/author\/cdesc83\/"},"rttpg_comment":0,"rttpg_category":null,"rttpg_excerpt":"Coll\u00e8ge G\u00e9rard Philipe &#8211; Cogolin Coll\u00e8ge Marie Mauron &#8211; Fayence Coll\u00e8ge Les Ch\u00eanes &#8211; Fr\u00e9jus Coll\u00e8ge Andr\u00e9 L\u00e9otard &#8211; Fr\u00e9jus Coll\u00e8ge de Villeneuve &#8211; Fr\u00e9jus Coll\u00e8ge Victor Hugo &#8211; Gassin Coll\u00e8ge L\u00e9onard de Vinci &#8211; Montauroux Coll\u00e8ge Gabrielle Colette &#8211; Puget-sur-Argens Coll\u00e8ge Andr\u00e9 Cabasse &#8211; Roquebrune-sur-Argens Coll\u00e8ge Berty Albrecht &#8211; Sainte-Maxime Coll\u00e8ge de l&rsquo;Est\u00e9rel &#8211;\u2026","post_mailing_queue_ids":[],"_links":{"self":[{"href":"https:\/\/www.pedagogie.ac-nice.fr\/cdesc83\/wp-json\/wp\/v2\/pages\/6331","targetHints":{"allow":["GET"]}}],"collection":[{"href":"https:\/\/www.pedagogie.ac-nice.fr\/cdesc83\/wp-json\/wp\/v2\/pages"}],"about":[{"href":"https:\/\/www.pedagogie.ac-nice.fr\/cdesc83\/wp-json\/wp\/v2\/types\/page"}],"author":[{"embeddable":true,"href":"https:\/\/www.pedagogie.ac-nice.fr\/cdesc83\/wp-json\/wp\/v2\/users\/5"}],"replies":[{"embeddable":true,"href":"https:\/\/www.pedagogie.ac-nice.fr\/cdesc83\/wp-json\/wp\/v2\/comments?post=6331"}],"version-history":[{"count":3,"href":"https:\/\/www.pedagogie.ac-nice.fr\/cdesc83\/wp-json\/wp\/v2\/pages\/6331\/revisions"}],"predecessor-version":[{"id":6343,"href":"https:\/\/www.pedagogie.ac-nice.fr\/cdesc83\/wp-json\/wp\/v2\/pages\/6331\/revisions\/6343"}],"wp:attachment":[{"href":"https:\/\/www.pedagogie.ac-nice.fr\/cdesc83\/wp-json\/wp\/v2\/media?parent=6331"}],"curies":[{"name":"wp","href":"https:\/\/api.w.org\/{rel}","templated":true}]}}