{"id":6333,"date":"2017-05-27T03:30:23","date_gmt":"2017-05-27T01:30:23","guid":{"rendered":"https:\/\/www.pedagogie.ac-nice.fr\/cdesc83\/?page_id=6333"},"modified":"2017-05-27T03:38:05","modified_gmt":"2017-05-27T01:38:05","slug":"etablissements-du-bassin-de-hyeres-2","status":"publish","type":"page","link":"https:\/\/www.pedagogie.ac-nice.fr\/cdesc83\/etablissements-du-bassin-de-hyeres-2\/","title":{"rendered":"\u00c9tablissements du bassin de Hy\u00e8res"},"content":{"rendered":"<p>Coll\u00e8ge Fr\u00e9d\u00e9ric Mistral &#8211; Bormes-Les-Mimosas<\/p>\n<p>Coll\u00e8ge F. et J. Curie &#8211; Carqueiranne<\/p>\n<p>Coll\u00e8ge Le Fenouillet &#8211; La Crau<\/p>\n<p>Coll\u00e8ge La Ferrage &#8211; Cuers<\/p>\n<p>Coll\u00e8ge Jules Ferry &#8211; Hy\u00e8res<\/p>\n<p>Coll\u00e8ge Marcel Rivi\u00e8re &#8211; Hy\u00e8res<\/p>\n<p>Coll\u00e8ge Gustave Roux &#8211; Hy\u00e8res<\/p>\n<p>Coll\u00e8ge Fran\u00e7ois de Leusse &#8211; La Londe<\/p>\n<p>LGT Jean Aicard &#8211; Hy\u00e8res<\/p>\n<p>LPo Costebelle &#8211; Hy\u00e8res<\/p>\n<p>LEP du Golf H\u00f4tel &#8211; Hy\u00e8res<\/p>\n","protected":false},"excerpt":{"rendered":"<p>Coll\u00e8ge Fr\u00e9d\u00e9ric Mistral &#8211; Bormes-Les-Mimosas Coll\u00e8ge F. et J. Curie &#8211; Carqueiranne Coll\u00e8ge Le Fenouillet &#8211; La Crau Coll\u00e8ge La Ferrage &#8211; Cuers Coll\u00e8ge Jules Ferry &#8211; Hy\u00e8res Coll\u00e8ge Marcel Rivi\u00e8re &#8211; Hy\u00e8res Coll\u00e8ge Gustave Roux &#8211; Hy\u00e8res Coll\u00e8ge Fran\u00e7ois de Leusse &#8211; La Londe LGT Jean Aicard &#8211; Hy\u00e8res LPo Costebelle &#8211; Hy\u00e8res LEP [&hellip;]<\/p>\n","protected":false},"author":5,"featured_media":0,"parent":0,"menu_order":0,"comment_status":"closed","ping_status":"closed","template":"","meta":{"_et_pb_use_builder":"","_et_pb_old_content":"","_et_gb_content_width":"","ngg_post_thumbnail":0,"footnotes":""},"class_list":["post-6333","page","type-page","status-publish","hentry"],"rttpg_featured_image_url":null,"rttpg_author":{"display_name":"Admin Plateforme","author_link":"https:\/\/www.pedagogie.ac-nice.fr\/cdesc83\/author\/cdesc83\/"},"rttpg_comment":0,"rttpg_category":null,"rttpg_excerpt":"Coll\u00e8ge Fr\u00e9d\u00e9ric Mistral &#8211; Bormes-Les-Mimosas Coll\u00e8ge F. et J. Curie &#8211; Carqueiranne Coll\u00e8ge Le Fenouillet &#8211; La Crau Coll\u00e8ge La Ferrage &#8211; Cuers Coll\u00e8ge Jules Ferry &#8211; Hy\u00e8res Coll\u00e8ge Marcel Rivi\u00e8re &#8211; Hy\u00e8res Coll\u00e8ge Gustave Roux &#8211; Hy\u00e8res Coll\u00e8ge Fran\u00e7ois de Leusse &#8211; La Londe LGT Jean Aicard &#8211; Hy\u00e8res LPo Costebelle &#8211; Hy\u00e8res LEP\u2026","post_mailing_queue_ids":[],"_links":{"self":[{"href":"https:\/\/www.pedagogie.ac-nice.fr\/cdesc83\/wp-json\/wp\/v2\/pages\/6333","targetHints":{"allow":["GET"]}}],"collection":[{"href":"https:\/\/www.pedagogie.ac-nice.fr\/cdesc83\/wp-json\/wp\/v2\/pages"}],"about":[{"href":"https:\/\/www.pedagogie.ac-nice.fr\/cdesc83\/wp-json\/wp\/v2\/types\/page"}],"author":[{"embeddable":true,"href":"https:\/\/www.pedagogie.ac-nice.fr\/cdesc83\/wp-json\/wp\/v2\/users\/5"}],"replies":[{"embeddable":true,"href":"https:\/\/www.pedagogie.ac-nice.fr\/cdesc83\/wp-json\/wp\/v2\/comments?post=6333"}],"version-history":[{"count":2,"href":"https:\/\/www.pedagogie.ac-nice.fr\/cdesc83\/wp-json\/wp\/v2\/pages\/6333\/revisions"}],"predecessor-version":[{"id":6341,"href":"https:\/\/www.pedagogie.ac-nice.fr\/cdesc83\/wp-json\/wp\/v2\/pages\/6333\/revisions\/6341"}],"wp:attachment":[{"href":"https:\/\/www.pedagogie.ac-nice.fr\/cdesc83\/wp-json\/wp\/v2\/media?parent=6333"}],"curies":[{"name":"wp","href":"https:\/\/api.w.org\/{rel}","templated":true}]}}