{"id":6335,"date":"2017-05-27T03:36:17","date_gmt":"2017-05-27T01:36:17","guid":{"rendered":"https:\/\/www.pedagogie.ac-nice.fr\/cdesc83\/?page_id=6335"},"modified":"2017-05-27T03:36:17","modified_gmt":"2017-05-27T01:36:17","slug":"etablissements-du-bassin-de-la-seyne-2","status":"publish","type":"page","link":"https:\/\/www.pedagogie.ac-nice.fr\/cdesc83\/etablissements-du-bassin-de-la-seyne-2\/","title":{"rendered":"\u00c9tablissements du bassin de La Seyne"},"content":{"rendered":"<p>Coll\u00e8ge Raimu &#8211; Bandol<\/p>\n<p>Coll\u00e8ge Jean Giono &#8211; Le Beausset<\/p>\n<p>Coll\u00e8ge Le Vigneret &#8211; Le Castellet<\/p>\n<p>Coll\u00e8ge les Eucalyptus &#8211; Ollioules<\/p>\n<p>Coll\u00e8ge Romain Blache &#8211; Saint-Cyr<\/p>\n<p>Coll\u00e8ge Louis Cl\u00e9ment &#8211; St-Mandrier<\/p>\n<p>Coll\u00e8ge La Guicharde &#8211; Sanary<\/p>\n<p>Coll\u00e8ge Marie Curie &#8211; La Seyne<\/p>\n<p>Coll\u00e8ge Paul Eluard &#8211; La Seyne<\/p>\n<p>Coll\u00e8ge Jean l&rsquo;Herminier &#8211; La Seyne<\/p>\n<p>Coll\u00e8ge Henri Wallon &#8211; La Seyne<\/p>\n<p>Coll\u00e8ge Font de Fillol &#8211; Six-Fours<\/p>\n<p>Coll\u00e8ge Reynier &#8211; Six-Fours<\/p>\n<p>Lyc\u00e9e Professionnel La Coudouli\u00e8re &#8211; Six-Fours<\/p>\n<p>Lyc\u00e9e G\u00e9n\u00e9ral et Technologique Beaussier &#8211; La Seyne<\/p>\n<p>Lyc\u00e9e Polyvalent Paul Langevin &#8211; La Seyne<\/p>\n","protected":false},"excerpt":{"rendered":"<p>Coll\u00e8ge Raimu &#8211; Bandol Coll\u00e8ge Jean Giono &#8211; Le Beausset Coll\u00e8ge Le Vigneret &#8211; Le Castellet Coll\u00e8ge les Eucalyptus &#8211; Ollioules Coll\u00e8ge Romain Blache &#8211; Saint-Cyr Coll\u00e8ge Louis Cl\u00e9ment &#8211; St-Mandrier Coll\u00e8ge La Guicharde &#8211; Sanary Coll\u00e8ge Marie Curie &#8211; La Seyne Coll\u00e8ge Paul Eluard &#8211; La Seyne Coll\u00e8ge Jean l&rsquo;Herminier &#8211; La Seyne Coll\u00e8ge [&hellip;]<\/p>\n","protected":false},"author":5,"featured_media":0,"parent":0,"menu_order":0,"comment_status":"closed","ping_status":"closed","template":"","meta":{"_et_pb_use_builder":"","_et_pb_old_content":"","_et_gb_content_width":"","ngg_post_thumbnail":0,"footnotes":""},"class_list":["post-6335","page","type-page","status-publish","hentry"],"rttpg_featured_image_url":null,"rttpg_author":{"display_name":"Admin Plateforme","author_link":"https:\/\/www.pedagogie.ac-nice.fr\/cdesc83\/author\/cdesc83\/"},"rttpg_comment":0,"rttpg_category":null,"rttpg_excerpt":"Coll\u00e8ge Raimu &#8211; Bandol Coll\u00e8ge Jean Giono &#8211; Le Beausset Coll\u00e8ge Le Vigneret &#8211; Le Castellet Coll\u00e8ge les Eucalyptus &#8211; Ollioules Coll\u00e8ge Romain Blache &#8211; Saint-Cyr Coll\u00e8ge Louis Cl\u00e9ment &#8211; St-Mandrier Coll\u00e8ge La Guicharde &#8211; Sanary Coll\u00e8ge Marie Curie &#8211; La Seyne Coll\u00e8ge Paul Eluard &#8211; La Seyne Coll\u00e8ge Jean l&rsquo;Herminier &#8211; La Seyne Coll\u00e8ge\u2026","post_mailing_queue_ids":[],"_links":{"self":[{"href":"https:\/\/www.pedagogie.ac-nice.fr\/cdesc83\/wp-json\/wp\/v2\/pages\/6335","targetHints":{"allow":["GET"]}}],"collection":[{"href":"https:\/\/www.pedagogie.ac-nice.fr\/cdesc83\/wp-json\/wp\/v2\/pages"}],"about":[{"href":"https:\/\/www.pedagogie.ac-nice.fr\/cdesc83\/wp-json\/wp\/v2\/types\/page"}],"author":[{"embeddable":true,"href":"https:\/\/www.pedagogie.ac-nice.fr\/cdesc83\/wp-json\/wp\/v2\/users\/5"}],"replies":[{"embeddable":true,"href":"https:\/\/www.pedagogie.ac-nice.fr\/cdesc83\/wp-json\/wp\/v2\/comments?post=6335"}],"version-history":[{"count":1,"href":"https:\/\/www.pedagogie.ac-nice.fr\/cdesc83\/wp-json\/wp\/v2\/pages\/6335\/revisions"}],"predecessor-version":[{"id":6340,"href":"https:\/\/www.pedagogie.ac-nice.fr\/cdesc83\/wp-json\/wp\/v2\/pages\/6335\/revisions\/6340"}],"wp:attachment":[{"href":"https:\/\/www.pedagogie.ac-nice.fr\/cdesc83\/wp-json\/wp\/v2\/media?parent=6335"}],"curies":[{"name":"wp","href":"https:\/\/api.w.org\/{rel}","templated":true}]}}