{"id":6336,"date":"2017-05-27T03:31:31","date_gmt":"2017-05-27T01:31:31","guid":{"rendered":"https:\/\/www.pedagogie.ac-nice.fr\/cdesc83\/?page_id=6336"},"modified":"2017-05-27T03:34:19","modified_gmt":"2017-05-27T01:34:19","slug":"etablissements-du-bassin-de-toulon-2","status":"publish","type":"page","link":"https:\/\/www.pedagogie.ac-nice.fr\/cdesc83\/etablissements-du-bassin-de-toulon-2\/","title":{"rendered":"\u00c9tablissements du bassin de Toulon"},"content":{"rendered":"<p>Coll\u00e8ge Andr\u00e9 Malraux &#8211; La Farl\u00e8de<\/p>\n<p>Coll\u00e8ge J. Y. Cousteau &#8211; La Garde<\/p>\n<p>Coll\u00e8ge Henri Bosco &#8211; La Valette<\/p>\n<p>Coll\u00e8ge Alphonse Daudet &#8211; La Valette<\/p>\n<p>Coll\u00e8ge Lou Castellas &#8211; Sollies-Pont<\/p>\n<p>Coll\u00e8ge Vall\u00e9e du Gapeau &#8211; Sollies-Pont<\/p>\n<p>Coll\u00e8ge Genevoix &#8211; Toulon<\/p>\n<p>Coll\u00e8ge La Marquisanne &#8211; Toulon<\/p>\n<p>Coll\u00e8ge Marcel Pagnol &#8211; Toulon<\/p>\n<p>Coll\u00e8ge Peiresc &#8211; Toulon<\/p>\n<p>Coll\u00e8ge des Pins d&rsquo;Alep &#8211; Toulon<\/p>\n<p>Coll\u00e8ge Pierre Puget &#8211; Toulon<\/p>\n<p>Coll\u00e8ge Maurice Ravel &#8211; Toulon<\/p>\n<p>Coll\u00e8ge Django Reinhardt &#8211; Toulon<\/p>\n<p>Coll\u00e8ge George Sand &#8211; Toulon<\/p>\n<p>Coll\u00e8ge Voltaire &#8211; Toulon<\/p>\n<p>Lyc\u00e9e G\u00e9n\u00e9ral et Technologique du Coudon &#8211; La Garde<\/p>\n<p>Lyc\u00e9e G\u00e9n\u00e9ral et Technologique Bonaparte &#8211; Toulon<\/p>\n<p>Lyc\u00e9e G\u00e9n\u00e9ral et Technologique Dumont d&rsquo;Urville &#8211; Toulon<\/p>\n<p>Lyc\u00e9e Polyvalent Rouvi\u00e8re &#8211; Toulon<\/p>\n<p>Lyc\u00e9e Polyvalent Anne-Sophie Pic &#8211; Toulon<\/p>\n<p>Lyc\u00e9e Professionnel Cisson &#8211; Toulon<\/p>\n<p>Lyc\u00e9e Professionnel Claret &#8211; Toulon<\/p>\n<p>Lyc\u00e9e Professionnel du Parc St-jean &#8211; Toulon<\/p>\n","protected":false},"excerpt":{"rendered":"<p>Coll\u00e8ge Andr\u00e9 Malraux &#8211; La Farl\u00e8de Coll\u00e8ge J. Y. Cousteau &#8211; La Garde Coll\u00e8ge Henri Bosco &#8211; La Valette Coll\u00e8ge Alphonse Daudet &#8211; La Valette Coll\u00e8ge Lou Castellas &#8211; Sollies-Pont Coll\u00e8ge Vall\u00e9e du Gapeau &#8211; Sollies-Pont Coll\u00e8ge Genevoix &#8211; Toulon Coll\u00e8ge La Marquisanne &#8211; Toulon Coll\u00e8ge Marcel Pagnol &#8211; Toulon Coll\u00e8ge Peiresc &#8211; Toulon Coll\u00e8ge [&hellip;]<\/p>\n","protected":false},"author":5,"featured_media":0,"parent":0,"menu_order":0,"comment_status":"closed","ping_status":"closed","template":"","meta":{"_et_pb_use_builder":"","_et_pb_old_content":"","_et_gb_content_width":"","ngg_post_thumbnail":0,"footnotes":""},"class_list":["post-6336","page","type-page","status-publish","hentry"],"rttpg_featured_image_url":null,"rttpg_author":{"display_name":"Admin Plateforme","author_link":"https:\/\/www.pedagogie.ac-nice.fr\/cdesc83\/author\/cdesc83\/"},"rttpg_comment":0,"rttpg_category":null,"rttpg_excerpt":"Coll\u00e8ge Andr\u00e9 Malraux &#8211; La Farl\u00e8de Coll\u00e8ge J. Y. Cousteau &#8211; La Garde Coll\u00e8ge Henri Bosco &#8211; La Valette Coll\u00e8ge Alphonse Daudet &#8211; La Valette Coll\u00e8ge Lou Castellas &#8211; Sollies-Pont Coll\u00e8ge Vall\u00e9e du Gapeau &#8211; Sollies-Pont Coll\u00e8ge Genevoix &#8211; Toulon Coll\u00e8ge La Marquisanne &#8211; Toulon Coll\u00e8ge Marcel Pagnol &#8211; Toulon Coll\u00e8ge Peiresc &#8211; Toulon Coll\u00e8ge\u2026","post_mailing_queue_ids":[],"_links":{"self":[{"href":"https:\/\/www.pedagogie.ac-nice.fr\/cdesc83\/wp-json\/wp\/v2\/pages\/6336","targetHints":{"allow":["GET"]}}],"collection":[{"href":"https:\/\/www.pedagogie.ac-nice.fr\/cdesc83\/wp-json\/wp\/v2\/pages"}],"about":[{"href":"https:\/\/www.pedagogie.ac-nice.fr\/cdesc83\/wp-json\/wp\/v2\/types\/page"}],"author":[{"embeddable":true,"href":"https:\/\/www.pedagogie.ac-nice.fr\/cdesc83\/wp-json\/wp\/v2\/users\/5"}],"replies":[{"embeddable":true,"href":"https:\/\/www.pedagogie.ac-nice.fr\/cdesc83\/wp-json\/wp\/v2\/comments?post=6336"}],"version-history":[{"count":3,"href":"https:\/\/www.pedagogie.ac-nice.fr\/cdesc83\/wp-json\/wp\/v2\/pages\/6336\/revisions"}],"predecessor-version":[{"id":6339,"href":"https:\/\/www.pedagogie.ac-nice.fr\/cdesc83\/wp-json\/wp\/v2\/pages\/6336\/revisions\/6339"}],"wp:attachment":[{"href":"https:\/\/www.pedagogie.ac-nice.fr\/cdesc83\/wp-json\/wp\/v2\/media?parent=6336"}],"curies":[{"name":"wp","href":"https:\/\/api.w.org\/{rel}","templated":true}]}}