{"id":6674,"date":"2017-05-28T07:05:53","date_gmt":"2017-05-28T05:05:53","guid":{"rendered":"https:\/\/www.pedagogie.ac-nice.fr\/cdesc83\/?page_id=6674"},"modified":"2017-05-28T07:11:45","modified_gmt":"2017-05-28T05:11:45","slug":"documentation","status":"publish","type":"page","link":"https:\/\/www.pedagogie.ac-nice.fr\/cdesc83\/documentation\/","title":{"rendered":"Documentation"},"content":{"rendered":"<p><a href=\"https:\/\/www.pedagogie.ac-nice.fr\/cdesc83\/wp-content\/uploads\/sites\/7\/2017\/05\/Addictions.docx\">Addictions<\/a><\/p>\n<p><a href=\"https:\/\/www.pedagogie.ac-nice.fr\/cdesc83\/wp-content\/uploads\/sites\/7\/2017\/05\/D\u00e9rives-sectaires.docx\">D\u00e9rives sectaires<\/a><\/p>\n<p><a href=\"https:\/\/www.pedagogie.ac-nice.fr\/cdesc83\/wp-content\/uploads\/sites\/7\/2017\/05\/Discriminations.docx\">Discriminations<\/a><\/p>\n<p><a href=\"https:\/\/www.pedagogie.ac-nice.fr\/cdesc83\/wp-content\/uploads\/sites\/7\/2017\/05\/Education-partag\u00e9e.docx\">Education partag\u00e9e<\/a><\/p>\n<p><a href=\"https:\/\/www.pedagogie.ac-nice.fr\/cdesc83\/wp-content\/uploads\/sites\/7\/2017\/05\/Harc\u00e8lement.docx\">Harc\u00e8lement<\/a><\/p>\n<p><a href=\"https:\/\/www.pedagogie.ac-nice.fr\/cdesc83\/wp-content\/uploads\/sites\/7\/2017\/05\/Internet.docx\">Internet<\/a><\/p>\n<p><a href=\"https:\/\/www.pedagogie.ac-nice.fr\/cdesc83\/wp-content\/uploads\/sites\/7\/2017\/05\/L\u00e9galit\u00e9-des-filles-et-des-gar\u00e7ons.docx\">L&rsquo;\u00e9galit\u00e9 des filles et des gar\u00e7ons<\/a><\/p>\n<p><a href=\"https:\/\/www.pedagogie.ac-nice.fr\/cdesc83\/wp-content\/uploads\/sites\/7\/2017\/05\/Maltraitance.docx\">Maltraitance<\/a><\/p>\n<p><a href=\"https:\/\/www.pedagogie.ac-nice.fr\/cdesc83\/wp-content\/uploads\/sites\/7\/2017\/05\/Radicalisation.docx\">Radicalisation<\/a><\/p>\n","protected":false},"excerpt":{"rendered":"<p>Addictions D\u00e9rives sectaires Discriminations Education partag\u00e9e Harc\u00e8lement Internet L&rsquo;\u00e9galit\u00e9 des filles et des gar\u00e7ons Maltraitance Radicalisation<\/p>\n","protected":false},"author":5,"featured_media":0,"parent":0,"menu_order":0,"comment_status":"closed","ping_status":"closed","template":"","meta":{"_et_pb_use_builder":"","_et_pb_old_content":"","_et_gb_content_width":"","ngg_post_thumbnail":0,"footnotes":""},"class_list":["post-6674","page","type-page","status-publish","hentry"],"rttpg_featured_image_url":null,"rttpg_author":{"display_name":"Admin Plateforme","author_link":"https:\/\/www.pedagogie.ac-nice.fr\/cdesc83\/author\/cdesc83\/"},"rttpg_comment":0,"rttpg_category":null,"rttpg_excerpt":"Addictions D\u00e9rives sectaires Discriminations Education partag\u00e9e Harc\u00e8lement Internet L&rsquo;\u00e9galit\u00e9 des filles et des gar\u00e7ons Maltraitance Radicalisation","post_mailing_queue_ids":[],"_links":{"self":[{"href":"https:\/\/www.pedagogie.ac-nice.fr\/cdesc83\/wp-json\/wp\/v2\/pages\/6674","targetHints":{"allow":["GET"]}}],"collection":[{"href":"https:\/\/www.pedagogie.ac-nice.fr\/cdesc83\/wp-json\/wp\/v2\/pages"}],"about":[{"href":"https:\/\/www.pedagogie.ac-nice.fr\/cdesc83\/wp-json\/wp\/v2\/types\/page"}],"author":[{"embeddable":true,"href":"https:\/\/www.pedagogie.ac-nice.fr\/cdesc83\/wp-json\/wp\/v2\/users\/5"}],"replies":[{"embeddable":true,"href":"https:\/\/www.pedagogie.ac-nice.fr\/cdesc83\/wp-json\/wp\/v2\/comments?post=6674"}],"version-history":[{"count":3,"href":"https:\/\/www.pedagogie.ac-nice.fr\/cdesc83\/wp-json\/wp\/v2\/pages\/6674\/revisions"}],"predecessor-version":[{"id":6688,"href":"https:\/\/www.pedagogie.ac-nice.fr\/cdesc83\/wp-json\/wp\/v2\/pages\/6674\/revisions\/6688"}],"wp:attachment":[{"href":"https:\/\/www.pedagogie.ac-nice.fr\/cdesc83\/wp-json\/wp\/v2\/media?parent=6674"}],"curies":[{"name":"wp","href":"https:\/\/api.w.org\/{rel}","templated":true}]}}