{"id":639,"date":"2021-02-19T18:01:48","date_gmt":"2021-02-19T17:01:48","guid":{"rendered":"https:\/\/www.pedagogie.ac-nice.fr\/cnrd\/?page_id=639"},"modified":"2025-12-03T17:08:44","modified_gmt":"2025-12-03T16:08:44","slug":"contact","status":"publish","type":"page","link":"https:\/\/www.pedagogie.ac-nice.fr\/cnrd\/contact\/","title":{"rendered":"Contact"},"content":{"rendered":"<p>[contact-form-7 id=\u00a0\u00bb638&Prime; title=\u00a0\u00bbNous contacter\u00a0\u00bb]<br \/>\n<strong>Responsable p\u00e9dagogique&nbsp;:<\/strong><br \/>\nM. Jean-Claude NICOLAS, IA &#8211; R\u00e9f\u00e9rent acad\u00e9mique Valeurs de la R\u00e9publique &#8211; M\u00e9moires, D\u00e9fense et Citoyennet\u00e9<\/p>\n<p><strong>Enseignants r\u00e9f\u00e9rents :<\/strong><\/p>\n<ul>\n<li>Mme Delphine CASTAGNINO, charg\u00e9e de mission 83, coll\u00e8ge L&rsquo;Herminier &#8211; La Seyne sur mer<\/li>\n<li>Mme Marie LECONTE, charg\u00e9e de mission 06, coll\u00e8ge Risso &#8211; Nice<\/li>\n<\/ul>\n<p>&nbsp;<\/p>\n","protected":false},"excerpt":{"rendered":"<p>[contact-form-7 id=\u00a0\u00bb638&Prime; title=\u00a0\u00bbNous contacter\u00a0\u00bb] Responsable p\u00e9dagogique&nbsp;: M. Jean-Claude NICOLAS, IA &#8211; R\u00e9f\u00e9rent acad\u00e9mique Valeurs de la R\u00e9publique &#8211; M\u00e9moires, D\u00e9fense et Citoyennet\u00e9 Enseignants r\u00e9f\u00e9rents : Mme Delphine CASTAGNINO, charg\u00e9e de mission 83, coll\u00e8ge L&rsquo;Herminier &#8211; La Seyne sur mer Mme Marie LECONTE, charg\u00e9e de mission 06, coll\u00e8ge Risso &#8211; Nice &nbsp;<\/p>\n","protected":false},"author":230,"featured_media":0,"parent":0,"menu_order":0,"comment_status":"closed","ping_status":"closed","template":"","meta":{"_et_pb_use_builder":"","_et_pb_old_content":"","_et_gb_content_width":"","ngg_post_thumbnail":0,"footnotes":""},"class_list":["post-639","page","type-page","status-publish","hentry"],"rttpg_featured_image_url":null,"rttpg_author":{"display_name":"Admin","author_link":"https:\/\/www.pedagogie.ac-nice.fr\/cnrd\/author\/pbriand\/"},"rttpg_comment":0,"rttpg_category":null,"rttpg_excerpt":"[contact-form-7 id=\u00a0\u00bb638&Prime; title=\u00a0\u00bbNous contacter\u00a0\u00bb] Responsable p\u00e9dagogique&nbsp;: M. Jean-Claude NICOLAS, IA &#8211; R\u00e9f\u00e9rent acad\u00e9mique Valeurs de la R\u00e9publique &#8211; M\u00e9moires, D\u00e9fense et Citoyennet\u00e9 Enseignants r\u00e9f\u00e9rents : Mme Delphine CASTAGNINO, charg\u00e9e de mission 83, coll\u00e8ge L&rsquo;Herminier &#8211; La Seyne sur mer Mme Marie LECONTE, charg\u00e9e de mission 06, coll\u00e8ge Risso &#8211; Nice &nbsp;","post_mailing_queue_ids":[],"_links":{"self":[{"href":"https:\/\/www.pedagogie.ac-nice.fr\/cnrd\/wp-json\/wp\/v2\/pages\/639","targetHints":{"allow":["GET"]}}],"collection":[{"href":"https:\/\/www.pedagogie.ac-nice.fr\/cnrd\/wp-json\/wp\/v2\/pages"}],"about":[{"href":"https:\/\/www.pedagogie.ac-nice.fr\/cnrd\/wp-json\/wp\/v2\/types\/page"}],"author":[{"embeddable":true,"href":"https:\/\/www.pedagogie.ac-nice.fr\/cnrd\/wp-json\/wp\/v2\/users\/230"}],"replies":[{"embeddable":true,"href":"https:\/\/www.pedagogie.ac-nice.fr\/cnrd\/wp-json\/wp\/v2\/comments?post=639"}],"version-history":[{"count":5,"href":"https:\/\/www.pedagogie.ac-nice.fr\/cnrd\/wp-json\/wp\/v2\/pages\/639\/revisions"}],"predecessor-version":[{"id":1268,"href":"https:\/\/www.pedagogie.ac-nice.fr\/cnrd\/wp-json\/wp\/v2\/pages\/639\/revisions\/1268"}],"wp:attachment":[{"href":"https:\/\/www.pedagogie.ac-nice.fr\/cnrd\/wp-json\/wp\/v2\/media?parent=639"}],"curies":[{"name":"wp","href":"https:\/\/api.w.org\/{rel}","templated":true}]}}