{"id":2,"date":"2018-10-08T11:01:09","date_gmt":"2018-10-08T09:01:09","guid":{"rendered":"https:\/\/www.pedagogie.ac-nice.fr\/daac\/?page_id=2"},"modified":"2020-04-08T16:20:20","modified_gmt":"2020-04-08T14:20:20","slug":"accueil","status":"publish","type":"page","link":"https:\/\/www.pedagogie.ac-nice.fr\/daac-archive\/accueil\/","title":{"rendered":"Printemps des po\u00e8tes 2020 : Le Courage"},"content":{"rendered":"<p><span style=\"font-size: 14pt; color: #3366ff;\"><strong>\u00a0 \u00a0 <img loading=\"lazy\" decoding=\"async\" class=\"wp-image-427 aligncenter\" src=\"https:\/\/www.pedagogie.ac-nice.fr\/daac\/wp-content\/uploads\/sites\/25\/2020\/04\/le-courage2-2000-300x90.png\" alt=\"\" width=\"673\" height=\"202\" srcset=\"https:\/\/www.pedagogie.ac-nice.fr\/daac-archive\/wp-content\/uploads\/sites\/25\/2020\/04\/le-courage2-2000-300x90.png 300w, https:\/\/www.pedagogie.ac-nice.fr\/daac-archive\/wp-content\/uploads\/sites\/25\/2020\/04\/le-courage2-2000-1024x307.png 1024w, https:\/\/www.pedagogie.ac-nice.fr\/daac-archive\/wp-content\/uploads\/sites\/25\/2020\/04\/le-courage2-2000-768x230.png 768w, https:\/\/www.pedagogie.ac-nice.fr\/daac-archive\/wp-content\/uploads\/sites\/25\/2020\/04\/le-courage2-2000-1536x460.png 1536w, https:\/\/www.pedagogie.ac-nice.fr\/daac-archive\/wp-content\/uploads\/sites\/25\/2020\/04\/le-courage2-2000-1080x323.png 1080w, https:\/\/www.pedagogie.ac-nice.fr\/daac-archive\/wp-content\/uploads\/sites\/25\/2020\/04\/le-courage2-2000.png 2000w\" sizes=\"(max-width: 673px) 100vw, 673px\" \/><\/strong><\/span><\/p>\n<p><strong><span style=\"font-size: 14pt;\">Pour accompagner cette \u00e9dition 2020 du <em>Printemps des po\u00e8tes<\/em> dont le th\u00e8me proph\u00e9tique est <em>le courage<\/em>, la DAAC de l&rsquo;Acad\u00e9mie de Nice lance un appel aux po\u00e9tesses et aux po\u00e8tes pour nous envoyer des po\u00e8mes afin de les partager avec les \u00e9l\u00e8ves sur un blog d\u00e9di\u00e9.<\/span><\/strong><\/p>\n<p><span style=\"font-size: 12pt;\">Pour faire vivre ce Printemps, nous pouvons, aux c\u00f4t\u00e9s de nos partenaires, les th\u00e9\u00e2tres et les m\u00e9diath\u00e8ques\u00a0:<\/span><\/p>\n<ul>\n<li><span style=\"font-size: 12pt;\">encourager toutes les formes d\u2019\u00e9critures et de lectures po\u00e9tiques;<\/span><\/li>\n<li><span style=\"font-size: 12pt;\">favoriser la d\u00e9couverte de po\u00e8mes de notre patrimoine litt\u00e9raire\u00a0;<\/span><\/li>\n<li><span style=\"font-size: 12pt;\">susciter des rencontres virtuelles entre po\u00e8tes contemporains et \u00e9l\u00e8ves;<\/span><\/li>\n<li><span style=\"font-size: 12pt;\">\u00e9changer et cr\u00e9er autour d\u2019une th\u00e9matique partag\u00e9e.<\/span><\/li>\n<\/ul>\n<p><span style=\"font-size: 12pt;\">Du 7 au 23 mars des milliers de rencontres \u00e9taient pr\u00e9vues dans toute la France dans les \u00e9coles et \u00e9tablissements scolaires, les biblioth\u00e8ques, les th\u00e9\u00e2tres, les librairies, les h\u00f4pitaux, etc.<\/span><br \/>\n<span style=\"font-size: 12pt;\">Gr\u00e2ce \u00e0 <strong>l\u2019alliance fran\u00e7aise de Cuneo<\/strong>, nos voisins italiens participent \u00e0 nos c\u00f4t\u00e9s \u00e0 cette initiative pour <strong>faire de la po\u00e9sie notre trait d\u2019union.<\/strong><\/span><\/p>\n<p><span style=\"font-size: 12pt;\"><b>Maryline Bertoncini <\/b>nous invite dans sa <strong>petite fabrique de po\u00e9sie<\/strong> pour que chacun puisse \u00e0 son tour cr\u00e9er des po\u00e8mes sur le th\u00e8me du courage.<\/span><\/p>\n<p><span style=\"font-size: 12pt;\"><strong>Murielle Mayette-Holtz<\/strong> et <strong>Rachid Benzine<\/strong> nous font d\u00e9couvrir les lettres de nos coll\u00e9giens et lyc\u00e9ens d&rsquo;une rare intensit\u00e9 dans le cadre du magnifique projet <strong>\u00ab\u00a0Lettres \u00e0 Nour\u00a0\u00bb<\/strong><\/span><\/p>\n<p><span style=\"font-size: 12pt;\"><strong>L\u2019ensemble des textes et contributions recueillis<\/strong> figureront sur le site du printemps des po\u00e8tes et dans notre blog dans la continuit\u00e9 des actions qui \u00e9taient pr\u00e9vues dans notre acad\u00e9mie.<\/span><\/p>\n<p><span style=\"font-size: 12pt;\"><strong>Soyez nombreux \u00e0 nous renvoyer vos po\u00e8mes \u00e0 l\u2019adresse suivante<\/strong>\u00a0: <a href=\"mailto:livredaac@ac-nice.fr\">livredaac@ac-nice.fr<\/a><\/span><\/p>\n<p><span style=\"font-size: 12pt;\">Et \u00e0 correspondre dans le blog\u00a0: <a href=\"https:\/\/www.pedagogie.ac-nice.fr\/daac\/\">https:\/\/www.pedagogie.ac-nice.fr\/daac<\/a><\/span><\/p>\n<p><span style=\"font-size: 12pt;\"><b>Laurence Patti<br \/>\nD\u00e9l\u00e9gu\u00e9e acad\u00e9mique \u00e0 l&rsquo;\u00e9ducation artistique et culturelle<br \/>\nDAAC<br \/>\nAcad\u00e9mie de Nice<\/b><\/span><\/p>\n<p><span style=\"font-size: 12pt;\"><a href=\"mailto:Livredaac@ac-nice.fr\">Livredaac@ac-nice.fr<\/a><\/span><\/p>\n<p><span style=\"color: #db00a4; font-size: 12pt;\"><strong>Vous pouvez participer \u00e0 ces rencontres d&rsquo;\u00e9critures po\u00e9tiques virtuelles\u00a0 en nous adressant le formulaire propos\u00e9 ci-contre.<\/strong><\/span><\/p>\n<p>&nbsp;<\/p>\n<p>&nbsp;<\/p>\n","protected":false},"excerpt":{"rendered":"<p>Un des objets fondamentaux du Printemps des Po\u00e8tes est de favoriser, depuis 22 ans, l\u2019acc\u00e8s \u00e0 la po\u00e9sie et d\u2019encourager la lecture de po\u00e8mes. Aussi, son action en direction du public scolaire est-elle naturelle et primordiale.<\/p>\n","protected":false},"author":1,"featured_media":0,"parent":0,"menu_order":1,"comment_status":"closed","ping_status":"closed","template":"","meta":{"_et_pb_use_builder":"off","_et_pb_old_content":"<span style=\"font-size: 18pt;\"><strong>Ce Blog met \u00e0 disposition les po\u00e8mes des \u00e9crivains\u00a0 de notre acad\u00e9mie dans le cadre du\u00a0 \"Printemps des po\u00e8tes\" sur le th\u00e8me du courage, nous ouvrons ce site avec une proposition de Marilyne Bertoncini pour que chacun puisse \u00e9crire et partager ses po\u00e8mes.<\/strong><\/span>\r\n\r\n<span style=\"font-size: 18pt;\"><strong>Laurence Patti<\/strong><\/span>\r\n<span style=\"font-size: 18pt;\"><strong>DAAC Acad\u00e9mie De Nice<\/strong><\/span>\r\n\r\n\u00a0","_et_gb_content_width":"","ngg_post_thumbnail":0,"footnotes":""},"class_list":["post-2","page","type-page","status-publish","hentry"],"rttpg_featured_image_url":null,"rttpg_author":{"display_name":"norco","author_link":"https:\/\/www.pedagogie.ac-nice.fr\/daac-archive\/author\/norco\/"},"rttpg_comment":0,"rttpg_category":null,"rttpg_excerpt":"Un des objets fondamentaux du Printemps des Po\u00e8tes est de favoriser, depuis 22 ans, l\u2019acc\u00e8s \u00e0 la po\u00e9sie et d\u2019encourager la lecture de po\u00e8mes. Aussi, son action en direction du public scolaire est-elle naturelle et primordiale.","post_mailing_queue_ids":[],"_links":{"self":[{"href":"https:\/\/www.pedagogie.ac-nice.fr\/daac-archive\/wp-json\/wp\/v2\/pages\/2","targetHints":{"allow":["GET"]}}],"collection":[{"href":"https:\/\/www.pedagogie.ac-nice.fr\/daac-archive\/wp-json\/wp\/v2\/pages"}],"about":[{"href":"https:\/\/www.pedagogie.ac-nice.fr\/daac-archive\/wp-json\/wp\/v2\/types\/page"}],"author":[{"embeddable":true,"href":"https:\/\/www.pedagogie.ac-nice.fr\/daac-archive\/wp-json\/wp\/v2\/users\/1"}],"replies":[{"embeddable":true,"href":"https:\/\/www.pedagogie.ac-nice.fr\/daac-archive\/wp-json\/wp\/v2\/comments?post=2"}],"version-history":[{"count":52,"href":"https:\/\/www.pedagogie.ac-nice.fr\/daac-archive\/wp-json\/wp\/v2\/pages\/2\/revisions"}],"predecessor-version":[{"id":428,"href":"https:\/\/www.pedagogie.ac-nice.fr\/daac-archive\/wp-json\/wp\/v2\/pages\/2\/revisions\/428"}],"wp:attachment":[{"href":"https:\/\/www.pedagogie.ac-nice.fr\/daac-archive\/wp-json\/wp\/v2\/media?parent=2"}],"curies":[{"name":"wp","href":"https:\/\/api.w.org\/{rel}","templated":true}]}}