{"id":372,"date":"2020-04-08T10:30:29","date_gmt":"2020-04-08T08:30:29","guid":{"rendered":"https:\/\/www.pedagogie.ac-nice.fr\/daac\/?page_id=372"},"modified":"2020-04-08T10:56:52","modified_gmt":"2020-04-08T08:56:52","slug":"la-fabrique","status":"publish","type":"page","link":"https:\/\/www.pedagogie.ac-nice.fr\/daac-archive\/la-fabrique\/","title":{"rendered":"La fabrique"},"content":{"rendered":"<p>Dans le cadre du <em>Printemps des po\u00e8tes 2020 : \u00e9crire le courage !<\/em>, Marilyne Bertoncini propose d&rsquo;accompagner votre cr\u00e9ation en vous proposant <span style=\"display: inline !important; float: none; background-color: #ffffff; color: #333333; font-family: Georgia,'Times New Roman','Bitstream Charter',Times,serif; font-size: 16px; font-style: normal; font-variant: normal; font-weight: 400; letter-spacing: normal; orphans: 2; text-align: left; text-decoration: none; text-indent: 0px; text-transform: none; -webkit-text-stroke-width: 0px; white-space: normal; word-spacing: 0px;\">cette petite fabrique, <\/span>ce petit atelier de po\u00e9sie.<br \/>\nRien que pour vous&#8230;<\/p>\n<p><strong>Marilyne Bertoncini\u00a0 :<\/strong><\/p>\n<p>\u00a0\u00bb Pour que chacun \u00e9crive sur ce th\u00e8me du courage, je vous propose d&rsquo;\u00e9crire \u00e0 partir de diverses contraintes : nous allons commencer par une contrainte formelle, <em>disloquer le mot courage<\/em>, \u00e0 laquelle nous en ajouterons d&rsquo;autres, au fur et \u00e0 mesure,\u00a0 comme changer de sujet, car tout acte d&rsquo;\u00e9criture demande du courage, ou encore \u00e9prouver le courage d&rsquo;\u00e9crire l&rsquo;absence.<\/p>\n<p>Cette premi\u00e8re contrainte, <em>disloquer le mot courage<\/em>,<br \/>\nc&rsquo;est <span style=\"color: #ff00ff;\">commencer le po\u00e8me par COUR pour le finir par AGE,<\/span><br \/>\nc&rsquo;est commencer le po\u00e8me par COU pour le finir par RAGE,<br \/>\nEt relier ces deux nouveaux mots par un po\u00e8me qui \u00ab\u00a0r\u00e9pare\u00a0\u00bb la coupure<br \/>\n\u00e0 la fa\u00e7on de Raymond Roussel (<em>Comment j\u2019ai \u00e9crit certains de mes livres<\/em>).<\/p>\n<p><span style=\"color: #ff00ff;\"><em>Po\u00e8me 1<\/em><\/span><br \/>\n<strong>Cours, ici la fuite n&rsquo;est pas l\u00e2chet\u00e9<\/strong><br \/>\n<strong>Sans un regard en arri\u00e8re, sans ralentir un seul instant<\/strong><br \/>\n<strong>Cours, les lignes ne sont que mouvement<\/strong><br \/>\n<strong>Cours, lumi\u00e8re diffuse \u00e0 travers les espaces, les identit\u00e9s, les temps<\/strong><br \/>\n<strong>Je ne m&rsquo;arr\u00eate pas pour contempler ce que je fus<\/strong><br \/>\n<strong>Les souvenirs sont mensonges<\/strong><br \/>\n<strong>Le pass\u00e9 n&rsquo;est que fiction<\/strong><br \/>\n<strong>Pas de complaisance envers l&rsquo;hier, pas de confort douillet et nostalgique<\/strong><br \/>\n<strong>Des albums photos us\u00e9s<\/strong><br \/>\n<strong>Cours vers ce qui attend encore de na\u00eetre<\/strong><br \/>\n<strong>Cours vers ce que tu seras<\/strong><br \/>\n<strong>Dans ton dernier \u00e2ge<\/strong><\/p>\n<p><span style=\"color: #ff00ff;\">Son laboratoire<\/span><br \/>\n<em>Je suis parti de l&rsquo;id\u00e9e de la course, du mouvement, et je voulais aller \u00e0 contre courant de l&rsquo;id\u00e9e de prendre son temps pour respirer les fleurs.\u00a0<\/em><br \/>\n<em>J&rsquo;ai aussi voulu envisager la fuite comme acte de courage.\u00a0<\/em><br \/>\n<em>Enfin, j&rsquo;ai repens\u00e9 au livre L\u00e9gendes de\u00a0 Martin Winckler qui d\u00e9veloppe l&rsquo;id\u00e9e que notre pass\u00e9 n&rsquo;est fait que des histoires qu&rsquo;on nous a racont\u00e9es sur nous ou sur le monde et des histoires que nous racontons aux autres ou \u00e0 nous-m\u00eames.\u00a0<\/em><\/p>\n<p><span style=\"color: #ff00ff;\"><i>Po\u00e8me 2<\/i><\/span><br \/>\n<strong><i><\/i>\u00ab Cours enfant de la nuit <\/strong><br \/>\n<strong>\u00a0<\/strong><strong>Plein de magie <\/strong><br \/>\n<strong>\u00a0<\/strong><strong>Pense \u00e0 toutes ces images <\/strong><br \/>\n<strong>\u00a0<\/strong><strong>Qui te font prendre de l\u2019\u00e2ge. \u00bb <\/strong><\/p>\n<p><span style=\"color: #ff00ff;\"><em>Son laboratoire<\/em><\/span><br \/>\n<em>une contrainte suppl\u00e9mentaire\u00a0: trouver des rimes.<\/em><\/p>\n<p><span style=\"color: #ff00ff;\"><em>Po\u00e8me 3<\/em><\/span><br \/>\n<strong>Court le contraire de long <\/strong><br \/>\n<strong>Long le temps qui passe <\/strong><br \/>\n<strong>Trop courtes les joies \u00e9ph\u00e9m\u00e8res <\/strong><br \/>\n<strong>\u00a0<\/strong><br \/>\n<strong>Continuer co\u00fbte que co\u00fbte<\/strong><br \/>\n<strong>Peu importe ce que cela co\u00fbte <\/strong><br \/>\n<strong>Les obstacles ne sont que des opportunit\u00e9s <\/strong><br \/>\n<strong>Le tout n\u2019est-il pas d\u2019arriver \u00e0 bon port ? <\/strong><br \/>\n<strong>\u00a0<\/strong><br \/>\n<strong>Porter le poids des ans <\/strong><br \/>\n<strong>N\u2019est pas forc\u00e9ment difficile <\/strong><br \/>\n<strong>Les difficult\u00e9s ne sont que des challenges \u00e0 relever<\/strong><br \/>\n<strong>En v\u00e9rit\u00e9 <\/strong><br \/>\n<strong>Juste lever le voile sur ce qu\u2019il faut apprendre <\/strong><br \/>\n<strong>\u00a0<\/strong><br \/>\n<strong>L\u2019apprentissage des choses de la vie <\/strong><br \/>\n<strong>Se fait avec le C\u0153ur, le Corps et l\u2019Esprit <\/strong><br \/>\n<strong>Souffle de vie, Esprit singulier <\/strong><br \/>\n<strong>Quel que soit ton \u00e2ge <\/strong><br \/>\n<strong>Tu arriveras \u00e0 aller l\u00e0 o\u00f9 tu veux<\/strong><br \/>\n<strong>\u00a0\u00a0\u00a0\u00a0\u00a0\u00a0\u00a0\u00a0\u00a0\u00a0\u00a0 COURAGE\u00a0!<\/strong><\/p>\n<p><em><span style=\"color: #ff00ff;\">Son laboratoire\u00a0:<\/span><\/em><br \/>\n<em>Trouver la 1\u00e8re phrase qui permet que les autres phrases coulent, se d\u00e9roulent l\u2019une apr\u00e8s l\u2019autre, <\/em><br \/>\n<em>Utiliser des assonances, des r\u00e9sonnances. Les noms, les verbes et les adjectifs rebondissent, ricochent entre eux.<\/em><br \/>\n<em>Les ricochets sont de plus en plus nombreux comme le courage qui s\u2019amplifie au fur et \u00e0 mesure du temps qui passe. Ceci se traduit par des strophes de plus en plus longues.<\/em><\/p>\n<p><span style=\"color: #ff00ff;\"><i><span style=\"color: #ff00ff;\">Po\u00e8me 4\u00a0<\/span><\/i><\/span><br \/>\n<strong><i><\/i>COU coup\u00e9, Soleil, \u00e0 l\u2019or\u00e9e de l\u2019horizon <\/strong><br \/>\n<strong>O\u00f9 la paupi\u00e8re s\u2019ennuage, <\/strong><br \/>\n<strong>Ultime rive du sommeil, <\/strong><br \/>\n<strong>Ronge mon \u00e2me sans courage <\/strong><br \/>\n<strong>Au rythme lent de la mar\u00e9e \u2013 <\/strong><br \/>\n<strong>Gr\u00e8ve o\u00f9 le temps abandonn\u00e9 <\/strong><br \/>\n<strong>Echoue plus vite que ma RAGE<\/strong><\/p>\n<p><em><span style=\"color: #ff00ff;\">Son laboratoire<\/span><\/em><br \/>\n<em>2 contraintes\u00a0 suppl\u00e9mentaires : <\/em><br \/>\n<em>La coupure m\u2019a amen\u00e9e \u00e0 penser \u00e0 \u00ab Soleil, cou coup\u00e9 \u00bb d\u2019Apollinaire \u2013 ce qui m\u2019a \u00ab bloqu\u00e9e \u00bb plus qu\u2019autre chose (j\u2019ai eu \u00ab Zone \u00bb en t\u00eate !) <\/em><br \/>\n<em>J\u2019ai donc choisi de m\u2019ajouter un deuxi\u00e8me contrainte : \u00e9crire un acrostiche sur le mot<\/em><br \/>\n<em>\u00a0\u00ab courage \u00bb <\/em><br \/>\n<em>La troisi\u00e8me contrainte s\u2019est impos\u00e9e en cours d\u2019\u00e9criture : scinder le po\u00e8me lui-m\u00eame avec un vers contenant le mot \u00ab courage \u00bb lui-m\u00eame au 4\u00e8me vers.<\/em><\/p>\n<p><span style=\"color: #ff00ff;\"><i>Po\u00e8me 5<\/i><\/span><\/p>\n<p><i><\/i>Cours : faire court !<\/p>\n<p>Effort co\u00fbteux pour qu\u2019ils t\u2019\u00e9coutent, eux\u2026<\/p>\n<p>Tu couds des mots, tu en d\u00e9couds<\/p>\n<p>Courage, fuyons !<\/p>\n<p>Lignes de fuite,<\/p>\n<p>Horizon, horrible zone<\/p>\n<p>D\u00e9fait la rage<\/p>\n<p>De tous les \u00e2ges.<\/p>\n<p>&nbsp;<\/p>\n<p><em>Son laboratoire\u00a0: <\/em><em>J\u2019ai proc\u00e9d\u00e9 de la fa\u00e7on suivante :\u00a0<\/em><\/p>\n<ol>\n<li><em> carte mentale ;\u00a0<\/em><\/li>\n<li><em> cr\u00e9ation par association d\u2019id\u00e9es avec recherche de jeux de mots (go\u00fbt familial devenu personnel\u2026 accommod\u00e9 via le mod\u00e8le du \u00ab\u00a0Glossaire : j\u2019y serre ma glose\u00a0\u00bb de Michel Leiris).<\/em><\/li>\n<\/ol>\n<p><em>Voici le r\u00e9sultat (de la fin duquel je ne suis pas satisfait mais je ne l\u2019ai pas encore retouch\u00e9e &#8211; et peut-\u00eatre ne le ferai-je jamais) :<\/em><\/p>\n<p><em>Et un deuxi\u00e8me po\u00e8me\u00a0: num\u00e9ro 5 bis<\/em><\/p>\n<p>Cou, beau cou d&rsquo;\u00e9b\u00e8ne &#8211;<\/p>\n<p>Aubaine !<\/p>\n<p>Mais oserai-je,<\/p>\n<p>Malgr\u00e9 mon \u00e2ge,<\/p>\n<p>Risquer le coup,<\/p>\n<p>Tenter l&rsquo;orage ?<\/p>\n<p><em>\u00a0<\/em><\/p>\n<p><em>\u00a0<\/em><\/p>\n<p><em>Num\u00e9ro 6<\/em><\/p>\n<p>&nbsp;<\/p>\n<p><strong>cou leur <\/strong><\/p>\n<p><strong>\u00a0 coulure <\/strong><\/p>\n<p><strong>\u00a0\u00a0\u00a0\u00a0 coulant, coul\u00e9e, <\/strong><\/p>\n<p><strong>\u00a0\u00a0\u00a0\u00a0\u00a0\u00a0\u00a0\u00a0\u00a0 coulage, collage, coulisse, corps sage<\/strong><\/p>\n<p><strong>\u00a0\u00a0\u00a0\u00a0\u00a0\u00a0\u00a0\u00a0\u00a0\u00a0 cou joli<\/strong><\/p>\n<p><strong>\u00a0<\/strong><\/p>\n<p><strong>\u00a0\u00a0\u00a0\u00a0\u00a0\u00a0\u00a0\u00a0\u00a0\u00a0\u00a0\u00a0\u00a0\u00a0\u00a0 courage<\/strong><\/p>\n<p><strong>\u00a0<\/strong><\/p>\n<p><strong>\u00a0<\/strong><\/p>\n<p><em>Son laboratoire\u00a0: <\/em><em>Courage, d\u00e9finition d\u00e9clin\u00e9e\/d\u00e9go\u00fblin\u00e9e en 12 mots, on joue sur la substitution<\/em> (ou comme le dirait un structuraliste dans une clart\u00e9 inimitable \u00a0: on projette l\u2019axe du paradigme sur l\u2019axe du syntagme\u00a0!!!)<\/p>\n<p>&nbsp;<\/p>\n<p><em>Num\u00e9ro 7<\/em><\/p>\n<p><strong>Cou douzi\u00e8me coup de minuit<\/strong><\/p>\n<p><strong>Nuit blanche\u00a0<\/strong><\/p>\n<p><strong>Blanche comme neige<\/strong><\/p>\n<p><strong>Cendrillon a croqu\u00e9 le fruit amer<\/strong><\/p>\n<p><strong>Une belle au bois dormant<\/strong><\/p>\n<p><strong>Ancr\u00e9e \u00e0 son propre sort<\/strong><\/p>\n<p><strong>Comme un bateau us\u00e9\u00a0<\/strong><\/p>\n<p><strong>Qui ne sort du port<\/strong><\/p>\n<p><strong>Une peau d&rsquo;\u00e2ne\u00a0<\/strong><\/p>\n<p><strong>Princesse le jour\u00a0<\/strong><\/p>\n<p><strong>Esclave la nuit\u00a0<\/strong><\/p>\n<p><strong>Ses pantoufles de verre maudit\u00a0<\/strong><\/p>\n<p><strong>Cendrillon revient \u00e0 son taudis\u00a0<\/strong><\/p>\n<p><strong>Les murs t\u00e9moins de son \u00e9treinte<\/strong><\/p>\n<p><strong>\u00c9teint sa volont\u00e9 de vivre\u00a0<\/strong><\/p>\n<p><strong>Un bruit, un cri court dans la nuit\u00a0<\/strong><\/p>\n<p><strong>Un tunnel sans fin\u00a0<\/strong><\/p>\n<p><strong>Des coups naissent la rage\u00a0<\/strong><\/p>\n<p><strong>La rage de survivre<\/strong><\/p>\n<p><strong>Sortir de sa cage\u00a0<\/strong><\/p>\n<p><strong>Courage\u00a0<\/strong><\/p>\n<p>&nbsp;<\/p>\n<p>&nbsp;<\/p>\n<p>&nbsp;<\/p>\n<p>Son laboratoire\u00a0: j&rsquo;ai proc\u00e9d\u00e9, en coupant syllabiquement Cou Rage.<\/p>\n<p>Cou m&rsquo;a fait penser aux coups de minuit, les coups de minuit \u00e0 Cendrillon\u00a0 et cela s&rsquo;est encha\u00een\u00e9. J&rsquo;ai voulu aussi faire appara\u00eetre diff\u00e9rentes princesse de contes de f\u00e9es, j&rsquo;ai fait une liste et je les ai plac\u00e9s.<\/p>\n<p>&nbsp;<\/p>\n<p>&nbsp;<\/p>\n<p>&nbsp;<\/p>\n<p>&nbsp;<\/p>\n<p>&nbsp;<\/p>\n<p><em>Num\u00e9ro 8<\/em><\/p>\n<p>&nbsp;<\/p>\n<p><strong>Cours au combat, sois l\u00e0.<\/strong><\/p>\n<p><strong>Ou pr\u00e9pare-toi au voyage<\/strong><\/p>\n<p><strong>Un voyage empli de dangers.<\/strong><\/p>\n<p><strong>Ruser ce n&rsquo;est pas affronter<\/strong><\/p>\n<p><strong>Agis avec sagesse, et engage-toi<\/strong><\/p>\n<p><strong>G\u00e9n\u00e9reux, pas de courage sans c\u0153ur<\/strong><\/p>\n<p><strong>Et puis apr\u00e8s ? Rage&#8230;<\/strong><\/p>\n<p><strong>\u00a0<\/strong><\/p>\n<p><em>Son laboratoire<strong>\u00a0: <\/strong><\/em><em>j&rsquo;ai choisi l&rsquo;acrostiche, avec aussi \u00ab\u00a0cour-rage\u00a0\u00bb pour encadrer le po\u00e8me. Et j&rsquo;avais aussi list\u00e9 des mots qui rimaient avec \u00ab\u00a0courage\u00a0\u00bb<\/em><\/p>\n<p><strong>\u00a0<\/strong><\/p>\n<p>&nbsp;<\/p>\n<p>Num\u00e9ro 9<\/p>\n<p><strong>Coup<\/strong><\/p>\n<p><strong>Court<\/strong><\/p>\n<p><strong>Hourra<\/strong><\/p>\n<p><strong>Rat<\/strong><\/p>\n<p><strong>Rage<\/strong><\/p>\n<p><strong>Age<\/strong><\/p>\n<p><strong>Je<\/strong><\/p>\n<p><em>\u00a0Son laboratoire\u00a0: Concernant mon po\u00e8me le 1<sup>er<\/sup> \u00e9tait d\u00e9composition , j\u2019ai fait en sorte de scinder le mot courage et d\u2019en faire une liste\u00a0:<\/em><\/p>\n<p>&nbsp;<\/p>\n<p><strong>Le courage c\u2019est\u00a0\u2026<\/strong><\/p>\n<p><strong>S\u2019exprimer devant une assembl\u00e9e<\/strong><\/p>\n<p><strong>Le courage c\u2019est\u2026<\/strong><\/p>\n<p><strong>Aller au bout de sa lanc\u00e9e<\/strong><\/p>\n<p><strong>Le courage c\u2019est \u2026<\/strong><\/p>\n<p><strong>De ne jamais en manquer<\/strong><\/p>\n<p><em>Son laboratoire\u00a0: jouer de la r\u00e9p\u00e9tition <\/em><\/p>\n<p><em>Num\u00e9ro 10<\/em><\/p>\n<p><strong>Cou \u00e0 briser,\u00a0<\/strong><\/p>\n<p><strong>\u00e0 \u00e9trangler,\u00a0<\/strong><\/p>\n<p><strong>contraintes de pacotille,\u00a0<\/strong><\/p>\n<p><strong>j&rsquo;ai pas les couilles de &#8230;alors je repars sur l&rsquo;autre th\u00e8me.\u00a0<\/strong><\/p>\n<p><strong>Ecrire l&rsquo;absence a-t-il davantage de sens?\u00a0<\/strong><\/p>\n<p><strong>Je te pense sans te nommer.\u00a0<\/strong><\/p>\n<p><strong>Une m\u00e8che obscurcit l&rsquo;espace d&rsquo;un instant ton regard indigo,\u00a0<\/strong><\/p>\n<p><strong>parasol de nos \u00e2mes,\u00a0<\/strong><\/p>\n<p><strong>parabole de nos ombres.<\/strong><\/p>\n<p><strong>Mon c\u0153ur<\/strong><\/p>\n<p><strong>devant cet univers born\u00e9 d&rsquo;un \u0153il unique\u00a0<\/strong><\/p>\n<p><strong>car tu n&rsquo;avais pas l&rsquo;\u00e2ge<\/strong><\/p>\n<p><strong>carillonne de rage.<\/strong><\/p>\n<p>&nbsp;<\/p>\n<p><em>Son laboratoire\u00a0: la m\u00e9thode est indiqu\u00e9e dans les vers 1 \u00e0 5.<\/em><\/p>\n<p><em>\u00a0<\/em><\/p>\n<p>&nbsp;<\/p>\n<p>Num\u00e9ro 11<\/p>\n<p><strong>Couds \u00e7a\u00a0<\/strong><\/p>\n<p><strong>Ou couci- cou\u00e7a\u00a0<\/strong><\/p>\n<p><strong>Rapi\u00e8ce rafistole raccroche<\/strong><\/p>\n<p><strong>Et d\u00e9pouille d\u00e9rive d\u00e9zingue<\/strong><\/p>\n<p><strong>Renonce \u00e0 tes ratures<\/strong><\/p>\n<p><strong>Les mots se d\u00e9litent<\/strong><\/p>\n<p><strong>Et ton cri se d\u00e9lie avec rage<\/strong><\/p>\n<p><strong>\u00a0<\/strong><\/p>\n<p><strong>Num\u00e9ro 12<\/strong><\/p>\n<p><strong>COU<\/strong> tendu comme un cygne,<\/p>\n<p>Des cris dans la cuisine.<\/p>\n<p>A travers la porte entr&rsquo;ouverte,<\/p>\n<p>Il se hasarde. Il regarde.<\/p>\n<p>Il se hasaRde. Il Regarde. <strong>R<\/strong>. Erre.<\/p>\n<p>Il met un pied dans la porte, immense et sombre telle une arche.<\/p>\n<p>Il avance et entre dans l&rsquo;antre, comme une ombre sombre et sans <strong>AGE<\/strong>.<\/p>\n<p>&nbsp;<\/p>\n<p>&nbsp;<\/p>\n<p><em>Son laboratoire\u00a0: triple contrainte<\/em><\/p>\n<ol>\n<li><em> D\u00e9couper le mot courage en trois: COU + R + AGE, relier le d\u00e9but le milieu et la fin.<\/em><\/li>\n<li><em> Int\u00e9grer en modifiant le po\u00e8me suivant:<\/em><\/li>\n<\/ol>\n<p><em>\u00ab\u00a0Il profite d&rsquo;un instant<\/em><\/p>\n<p><em>O\u00f9 la porte s&rsquo;est ouverte<\/em><\/p>\n<p><em>Il se hasarde. Il regarde.<br \/>\nIl met un pied dans le temps\u00a0\u00bb<\/em><\/p>\n<p><em>Jules Romain<\/em><\/p>\n<ol start=\"3\">\n<li><em> Comme dans certains Haikus, utilisez COMME de la fa\u00e7on la plus arbitraire ou la plus saugrenue possible.<\/em><\/li>\n<\/ol>\n<p>&nbsp;<\/p>\n<p>&nbsp;<\/p>\n<p>&nbsp;<\/p>\n<p>Deuxi\u00e8me version\u00a0:<\/p>\n<p><strong>COU<\/strong>\u00a0tendu, blanc, long et fin, comme un cygne,<\/p>\n<p>L&rsquo;enfant \u00e9coute, immobile, les sons, les bruits, les voix, les cris dans la cuisine.<\/p>\n<p>Il jette un oeil curieux, peureux, \u00e0 travers la porte entr&rsquo;ouverte,<\/p>\n<p>Il a peur. Il se hasarde. Il regarde.<\/p>\n<p>Il se hasaRde. Il Regarde.\u00a0<strong>R<\/strong>. Son regard erre.<\/p>\n<p>Il met un minuscule pied dans la porte, immense et sombre telle une arche.<\/p>\n<p>Il avance, prend son courage entre ses mains et entre dans l&rsquo;antre, comme une ombre sombre et sans\u00a0<strong>AGE<\/strong>.<\/p>\n<p>&nbsp;<\/p>\n<p>&nbsp;<\/p>\n<p><em>Num\u00e9ro 13\u00a0: <\/em><\/p>\n<p><strong>COUR<\/strong><\/p>\n<p><strong>Autre temps, autre m\u0153urs\u00a0?<\/strong><\/p>\n<p><strong>Faire la cour\u00a0? Parler d\u2019amour\u00a0?<\/strong><\/p>\n<p><strong>Pas simple \u2026mais a pas peur\u00a0!<\/strong><\/p>\n<p><strong>Euh\u00a0! si\u00a0!<\/strong><\/p>\n<p><strong>Sortir de soi\u00a0: pourquoi\u00a0? <\/strong><\/p>\n<p><strong>J\u2019aime ma solitude\u00a0!<\/strong><\/p>\n<p><strong>Que nenni \u2026<\/strong><\/p>\n<p><strong>Certitude, NON servitude que mon sentiment de finitude<\/strong><\/p>\n<p><strong>Il me pousse \u00e0 partir, \u00e0 me quitter<\/strong><\/p>\n<p><strong>Je cours vers toi, je crie vers toi<\/strong><\/p>\n<p><strong>Faire la cour\u00a0? <\/strong><\/p>\n<p><strong>\u00a0\u00a0\u00a0\u00a0\u00a0\u00a0\u00a0\u00a0\u00a0\u00a0\u00a0 C\u2019est toujours de mon \u00e2ge\u00a0!<\/strong><\/p>\n<p><strong>\u00a0\u00a0\u00a0\u00a0\u00a0\u00a0\u00a0\u00a0\u00a0\u00a0\u00a0\u00a0\u00a0\u00a0\u00a0\u00a0\u00a0\u00a0\u00a0\u00a0\u00a0\u00a0\u00a0 C\u2019est toujours de ton \u00e2ge\u00a0!<\/strong><\/p>\n<p>&nbsp;<\/p>\n<p><em>Son laboratoire\u00a0: je n\u2019avais pas du tout l\u2019intention d\u2019\u00e9crire un po\u00e8me d\u2019amour, mais je suis partie des diff\u00e9rents mots renvoyant aux sonorit\u00e9s du mot COUR, la cour de r\u00e9cr\u00e9, le cours, court le contraire de long\u2026aucun de ces mots m\u2019inspirait quand m\u2019est apparue l\u2019expression faire la cour. <\/em><\/p>\n<p><em>\u00a0<\/em><\/p>\n<p><em>\u00a0<\/em><\/p>\n<p><em>\u00a0<\/em><\/p>\n<p><em>\u00a0<\/em><\/p>\n<p><em>\u00a0<\/em><\/p>\n<p><em>\u00a0<\/em><\/p>\n<p><em>\u00a0<\/em><\/p>\n<p><em>Num\u00e9ro 14<\/em><\/p>\n<p>\u00c9viter les coups, porter les coups<\/p>\n<p>Prendre ses jambes \u00e0 son cou<\/p>\n<p>Co\u00fbt de se montrer<\/p>\n<p>Regard des autres qui portent des coups<\/p>\n<p>Coups qui coupent le cou<\/p>\n<p>Couper l\u2019\u00e9lan<\/p>\n<p>C\u2019est un peu court<\/p>\n<p>Coudre des mots<\/p>\n<p>Suivre le cours de ses envies<\/p>\n<p>Poursuivre le cours de sa vie<\/p>\n<p>&nbsp;<\/p>\n<p>Il n\u2019y a pas d\u2019\u00e2ge<\/p>\n<p>Pour avoir toujours une rage<\/p>\n<p>Partager ses pages<\/p>\n<p>Sortir de sa cage<\/p>\n<p>Vivre un partage<\/p>\n<p>&nbsp;<\/p>\n<p>Courage<\/p>\n<p><em>\u00a0<\/em><\/p>\n","protected":false},"excerpt":{"rendered":"<p>Dans le cadre du Printemps des po\u00e8tes 2020 : \u00e9crire le courage !, Marilyne Bertoncini propose d&rsquo;accompagner votre cr\u00e9ation en vous proposant cette petite fabrique, ce petit atelier de po\u00e9sie. Rien que pour vous&#8230; Marilyne Bertoncini\u00a0 : \u00a0\u00bb Pour que chacun \u00e9crive sur ce th\u00e8me du courage, je vous propose d&rsquo;\u00e9crire \u00e0 partir de diverses [&hellip;]<\/p>\n","protected":false},"author":225,"featured_media":0,"parent":0,"menu_order":0,"comment_status":"closed","ping_status":"closed","template":"","meta":{"_et_pb_use_builder":"","_et_pb_old_content":"","_et_gb_content_width":"","ngg_post_thumbnail":0,"footnotes":""},"class_list":["post-372","page","type-page","status-publish","hentry"],"rttpg_featured_image_url":null,"rttpg_author":{"display_name":"Canop\u00e906-FR","author_link":"https:\/\/www.pedagogie.ac-nice.fr\/daac-archive\/author\/francoisricherme\/"},"rttpg_comment":0,"rttpg_category":null,"rttpg_excerpt":"Dans le cadre du Printemps des po\u00e8tes 2020 : \u00e9crire le courage !, Marilyne Bertoncini propose d&rsquo;accompagner votre cr\u00e9ation en vous proposant cette petite fabrique, ce petit atelier de po\u00e9sie. Rien que pour vous&#8230; Marilyne Bertoncini\u00a0 : \u00a0\u00bb Pour que chacun \u00e9crive sur ce th\u00e8me du courage, je vous propose d&rsquo;\u00e9crire \u00e0 partir de diverses\u2026","post_mailing_queue_ids":[],"_links":{"self":[{"href":"https:\/\/www.pedagogie.ac-nice.fr\/daac-archive\/wp-json\/wp\/v2\/pages\/372","targetHints":{"allow":["GET"]}}],"collection":[{"href":"https:\/\/www.pedagogie.ac-nice.fr\/daac-archive\/wp-json\/wp\/v2\/pages"}],"about":[{"href":"https:\/\/www.pedagogie.ac-nice.fr\/daac-archive\/wp-json\/wp\/v2\/types\/page"}],"author":[{"embeddable":true,"href":"https:\/\/www.pedagogie.ac-nice.fr\/daac-archive\/wp-json\/wp\/v2\/users\/225"}],"replies":[{"embeddable":true,"href":"https:\/\/www.pedagogie.ac-nice.fr\/daac-archive\/wp-json\/wp\/v2\/comments?post=372"}],"version-history":[{"count":9,"href":"https:\/\/www.pedagogie.ac-nice.fr\/daac-archive\/wp-json\/wp\/v2\/pages\/372\/revisions"}],"predecessor-version":[{"id":384,"href":"https:\/\/www.pedagogie.ac-nice.fr\/daac-archive\/wp-json\/wp\/v2\/pages\/372\/revisions\/384"}],"wp:attachment":[{"href":"https:\/\/www.pedagogie.ac-nice.fr\/daac-archive\/wp-json\/wp\/v2\/media?parent=372"}],"curies":[{"name":"wp","href":"https:\/\/api.w.org\/{rel}","templated":true}]}}