{"id":380,"date":"2020-04-08T10:36:51","date_gmt":"2020-04-08T08:36:51","guid":{"rendered":"https:\/\/www.pedagogie.ac-nice.fr\/daac\/?page_id=380"},"modified":"2020-04-23T16:35:56","modified_gmt":"2020-04-23T14:35:56","slug":"biographie","status":"publish","type":"page","link":"https:\/\/www.pedagogie.ac-nice.fr\/daac-archive\/biographie\/","title":{"rendered":"Nos auteurs"},"content":{"rendered":"<p style=\"text-align: center;\"><span style=\"font-size: 14pt;\"><strong>\u00a0<\/strong><\/span><\/p>\n<p style=\"text-align: center;\"><strong>Vous trouverez sur cette page, une br\u00e8ve bio-bibliographie des auteurs qui\u00a0 ont r\u00e9pondu \u00e0 notre <span style=\"color: #0000ff; font-size: 14pt;\"><a style=\"color: #0000ff;\" href=\"https:\/\/www.pedagogie.ac-nice.fr\/daac\/2020\/03\/23\/appel\/\">appel<\/a><\/span> dans le cadre de la continuit\u00e9 du\u00a0 \u00ab\u00a0Printemps des po\u00e8tes \u00a0\u00bb 2020 sur le th\u00e8me du \u00ab\u00a0courage\u00a0\u00bb .<\/strong><br \/>\n<strong>Un\u00a0 grand merci \u00e0 eux !<\/strong><\/p>\n<hr \/>\n<p><span style=\"font-size: 14pt;\"><strong>B\u00e9atrice Bonhomme<\/strong><\/span><\/p>\n<p>B\u00e9atrice Bonhomme vit \u00e0 Nice o\u00f9 elle est professeur \u00e0 l\u2019Universit\u00e9 de Nice, sp\u00e9cialiste des XX-XXI<sup>\u00e8me<\/sup> si\u00e8cles. Elle a\u00a0 re\u00e7u en juin 2019 le <strong>Prix V\u00e9nus Khoury Ghata<\/strong> pour son \u0153uvre de po\u00e8te et plus particuli\u00e8rement pour son livre de po\u00e8mes<strong> <em>Dialogue avec l\u2019Anonyme<\/em><\/strong>, paru en 2018 aux \u00e9ditions Collodion. Le <strong>prix L\u00e9opold S\u00e9dar Senghor<\/strong>, lui a d\u00e9j\u00e0 \u00e9t\u00e9 d\u00e9cern\u00e9 en 2016 par le C\u00e9nacle Europ\u00e9en, du fait de son rayonnement dans le monde de la litt\u00e9rature et de la po\u00e9sie en France et \u00e0 L\u2019Etranger, en tant que po\u00e8te, directrice de revue et critique litt\u00e9raire. Son travail de recherche a notablement contribu\u00e9 \u00e0 la reconnaissance de la po\u00e9sie contemporaine.<br \/>\nElle a fond\u00e9 en 1994 <strong>la Revue <\/strong><em><strong>Nu(e)<\/strong>, <\/em>revue de po\u00e9sie et d\u2019art, reconnue d\u00e9sormais sur le plan international. Elle pr\u00e9side <em>La Soci\u00e9t\u00e9 des lecteurs de Pierre Jean Jouve<\/em>. Dans le cadre du centre culturel de Cerisy, elle a \u00e9dit\u00e9 de nombreux actes de colloque sur la po\u00e9sie. Citons ses deux derniers livres de cr\u00e9ation\u00a0:<strong><em> Deux paysages pour entre les deux dormir<\/em><\/strong> (VVV \u00e9ditions, 2019) et <strong><em>Les Boxeurs de l\u2019absurde<\/em><\/strong> (Editions L\u2019Etoile des limites, 2019). Un livre sur l\u2019\u0153uvre po\u00e9tique de B\u00e9atrice Bonhomme <strong><em>Le mot, la mort, l\u2019amour<\/em><\/strong> est paru en 2012 chez Peter Lang. <strong>Deux revues <em>Po\u00e9sie-sur-Seine<\/em> et <em>Coup de soleil <\/em>seront consacr\u00e9es \u00e0 son \u0153uvre po\u00e9tique en 2020.<\/strong><\/p>\n<blockquote><p><a href=\"https:\/\/www.pedagogie.ac-nice.fr\/daac\/2020\/04\/10\/le-poeme-de-beatrice-bonhomme\/\"><em><strong><span style=\"font-size: 10pt;\">\u00a0<span style=\"color: #3366ff;\"> Lire le po\u00e8me de B\u00e9atrice Bonhomme sur notre blog<\/span><\/span><\/strong><\/em><\/a><\/p><\/blockquote>\n<hr \/>\n<p><span style=\"font-size: 14pt;\"><strong> \u00a0 Michel Diaz<\/strong><\/span><\/p>\n<blockquote><p>Michel Diaz vit \u00e0 Tours o\u00f9 il a enseign\u00e9 la litt\u00e9rature et l&rsquo;art dramatique. Sp\u00e9cialiste de l&rsquo;oeuvre d&rsquo;Arthur Adamov, il lui a consacr\u00e9 une th\u00e8se de doctorat. Attir\u00e9 tr\u00e8s t\u00f4t par la po\u00e9sie, a d&rsquo;abord \u00e9crit pour le th\u00e9\u00e2tre, une douzaine de pi\u00e8ces, publi\u00e9es, repr\u00e9sent\u00e9es ou diffus\u00e9es \u00e0 la radio (France-Culture, R.T.B.F.). Il est aussi l&rsquo;auteur, chez diff\u00e9rents \u00e9diteurs, de cinq recueils de nouvelles, d&rsquo;une dizaine de livres d&rsquo;art en collaboration avec des artistes, peintres ou photographes, et de plusieurs ouvrages de po\u00e9sie. Il a \u00e9galement contribu\u00e9 \u00e0 de nombreux livres d&rsquo;artistes \u00e0 \u00e9dition limit\u00e9e \u00e0 destination de m\u00e9diath\u00e8ques, mus\u00e9es ou collections priv\u00e9es.<br \/>\n<span style=\"font-size: 10pt;\"> <a href=\"https:\/\/www.pedagogie.ac-nice.fr\/daac\/2020\/04\/23\/deux-poemes-de-michel-diaz\/\"><em><strong>\u00a0 <span style=\"color: #3366ff;\">Lire les po\u00e8mes de Michel Diaz sur notre blog<\/span><\/strong><\/em><\/a><\/span><strong><span style=\"color: #3366ff;\"><br \/>\n<a style=\"color: #3366ff;\" href=\"https:\/\/michel-diaz.com\/category\/biographie\/\"><span style=\"font-size: 10pt;\"><em> Michel Diaz sur son blog<\/em><\/span><\/a> <\/span><\/strong><\/p><\/blockquote>\n<hr \/>\n<p><span style=\"font-size: 14pt;\"><strong>Sylvie Durbec<\/strong><\/span><\/p>\n<p>Sylvie Durbec est n\u00e9e \u00e0 Marseille. Vit\u00a0 au sud. Publi\u00e9e depuis les ann\u00e9es 90.<br \/>\nPo\u00e8te, plasticienne, traductrice. Prix Jean Follain en 2008 pour <strong><em>Marseille \u00e9clats et quartiers<\/em><\/strong>, publi\u00e9 en 2009 par Jacques Br\u00e9mond.<br \/>\nDerni\u00e8res publications\u00a0:<br \/>\n<strong>(<em>Bien difficile de) transformer la jalousie en ballon rond<\/em><\/strong>, \u00e9ditions le Phare du Cousseix en 2018.<br \/>\n<strong><em>Pookie c\u2019est ponk<\/em><\/strong>, texte \u00c9dith Azam, dessins Sylvie Durbec, \u00e9dition Lanskine en 2019.<br \/>\n\u00c0 para\u00eetre :<br \/>\n<strong><em>\u00c7a qui me poursuit<\/em>, au Dessert de lune et <em>50 carr\u00e9s<\/em><\/strong> aux \u00e9ditions Fa\u00ef Fioc d\u00e9but 2020,<br \/>\nainsi qu\u2019une traduction de l\u2019\u00e9crivain Marco Ercolani, <strong><em>Je pr\u00e9f\u00e8rerais dispara\u00eetre<\/em><\/strong>, aux \u00e9ditions d-unes.<\/p>\n<blockquote><p><span style=\"font-size: 10pt;\"><a href=\"https:\/\/www.pedagogie.ac-nice.fr\/daac\/2020\/04\/09\/le-poeme-de-sylvie-durbec\/\"><em><strong><span style=\"color: #3366ff;\">\u00a0 Lire le po\u00e8me de Sylvie Durbec sur notre blog<\/span><\/strong><\/em><\/a><\/span><\/p><\/blockquote>\n<hr \/>\n<p align=\"justify\"><strong><span style=\"font-size: 14pt;\">Patrick Joquel par lui-m\u00eame&#8230;<\/span><\/strong><\/p>\n<p align=\"justify\"><span style=\"font-family: georgia, palatino, serif;\">Je suis n\u00e9 \u00e0 Cannes, en 1959\u00a0; je vis \u00e0 Mouans-Sartoux. J\u2019ai enseign\u00e9 dans les Alpes Maritimes, au S\u00e9n\u00e9gal, en Angleterre. <\/span><\/p>\n<p align=\"justify\"><span style=\"font-family: georgia, palatino, serif;\">J\u2019aime autant la mer que la montagne, le soleil que la neige. J\u2019aime nager, marcher ou skier. Je suis curieux, \u00e9clectique et plut\u00f4t lent. Mes go\u00fbts vont des raviolis ni\u00e7ois <span style=\"font-size: medium;\">au <\/span>poulet maf\u00e9 de <span style=\"font-size: medium;\">M\u2019bodi\u00e8ne<\/span>, <span style=\"font-size: medium;\">du<\/span> tabouleh de Beyrouth <span style=\"font-size: medium;\">au<\/span> fish and chips de Whitby en passant par les plats <span style=\"font-size: medium;\">de Kyoto ou de Malolos<\/span>\u2026<\/span><\/p>\n<p align=\"justify\"><span style=\"font-family: georgia, palatino, serif;\">J\u2019aime voyager mais j\u2019aime aussi m\u2019arr\u00eater chez moi, chez l\u2019autre ou en bivouac de montagne. Je voyage aussi \u00e0 la rencontre des lecteurs, avec mes lunettes <span style=\"font-size: medium;\">et mes<\/span> livres. <\/span><\/p>\n<p align=\"justify\">La suite sur mon site <span style=\"font-size: 10pt; color: #3366ff;\">: <a style=\"color: #3366ff;\" href=\"http:\/\/www.patrick-joquel.com\/\"><span style=\"font-family: Tahoma, serif;\"><strong>www.patrick-joquel.com<\/strong><\/span><\/a><\/span><\/p>\n<blockquote>\n<p align=\"justify\"><span style=\"font-family: georgia, palatino, serif; font-size: 10pt; color: #3366ff;\"><a style=\"color: #3366ff;\" href=\"https:\/\/www.pedagogie.ac-nice.fr\/daac\/2020\/03\/24\/un-poeme-de-patrick-joquel\/\"><em><strong> Lire le po\u00e8me de Patrick Joquel sur notre blog<\/strong><\/em><\/a><\/span><br \/>\n<span style=\"font-family: georgia, palatino, serif; font-size: 12pt;\"><em><strong><span style=\"font-size: 10pt; color: #3366ff;\"><a style=\"color: #3366ff;\" href=\"https:\/\/www.pedagogie.ac-nice.fr\/daac\/2020\/03\/24\/le-choix-de-patrick-joquel\/\"><span style=\"font-family: georgia, palatino, serif;\">D\u00e9couvrir son choix dans la po\u00e9sie du patrimoin<\/span><\/a><\/span><span style=\"font-size: 12pt; font-family: georgia, palatino, serif;\"><a href=\"https:\/\/www.pedagogie.ac-nice.fr\/daac\/2020\/03\/26\/la-rose-et-le-reseda\/\"><span style=\"font-size: 10pt; color: #3366ff;\">e<\/span><\/a><\/span><\/strong><\/em><\/span><\/p>\n<\/blockquote>\n<hr \/>\n<p><span style=\"font-size: 14pt;\"><strong>Michel M\u00e9nach\u00e9<\/strong><\/span><\/p>\n<p><span style=\"font-size: 12pt;\">P<span style=\"font-family: georgia, palatino, serif;\">o\u00e8te, chroniqueur, animateur d&rsquo;ateliers d&rsquo;\u00e9criture, cr\u00e9ateur de po\u00e8mes-objets.<\/span><\/span><br \/>\n<span style=\"font-family: georgia, palatino, serif; font-size: 12pt;\">N\u00e9 \u00e0 Lyon, le 15 juillet 1941<\/span><br \/>\n<span style=\"font-family: georgia, palatino, serif; font-size: 12pt;\">Fonde en 1973 le collectif de po\u00e8tes et plasticiens <em>ARPO 12<\/em> qu&rsquo;il anime jusqu&rsquo;en 1985.<\/span><\/p>\n<p><span style=\"font-family: georgia, palatino, serif; font-size: 12pt;\">Derni\u00e8res publications :<\/span><br \/>\n<span style=\"font-family: georgia, palatino, serif; font-size: 12pt;\"><strong><em>Venise hors champ<\/em><\/strong>, Photographies de Didier Devos, avec un po\u00e8me de Michel Butor<\/span><br \/>\n<span style=\"font-family: georgia, palatino, serif; font-size: 12pt;\">\u00e9d. La Passe du Vent, septembre 2009<\/span><br \/>\n<span style=\"font-family: georgia, palatino, serif; font-size: 12pt;\"><strong><em>Arch\u00e9ologie de l\u2019enfer<\/em><\/strong>, Photographies de Gr\u00e9goire Zibell<\/span><br \/>\n<span style=\"font-family: georgia, palatino, serif; font-size: 12pt;\">co\u00e9dition trilingue L\u2019Amourier, La Passe du Vent, Verlag Im Wald, 2010<\/span><br \/>\n<span style=\"font-family: georgia, palatino, serif; font-size: 12pt;\"><strong><em>La tentation de saint Antoine<\/em><\/strong> d\u2019apr\u00e8s J\u00e9r\u00f4me Bosch, \u00e9d. Invenit, \u00ab\u00a0Ekphrasis\u00a0\u00bb, 2010<\/span><br \/>\n<span style=\"font-family: georgia, palatino, serif; font-size: 12pt;\"><strong><em>Istanbul, Kilim des sept collines<\/em><\/strong> &#8211; Photographies de Josette Vial,<\/span><br \/>\n<span style=\"font-family: georgia, palatino, serif; font-size: 12pt;\">\u00e9d. La Passe du Vent, 2014<\/span><br \/>\n<span style=\"font-family: georgia, palatino, serif; font-size: 12pt;\"><strong><em>Couleur des larmes<\/em><\/strong> \u2013 Peintures de Myl\u00e8ne Besson, avec 2 po\u00e8mes in\u00e9dits de Michel Butor,<\/span><br \/>\n<span style=\"font-family: georgia, palatino, serif; font-size: 12pt;\">\u00e9d. Bruno Doucey, 2017<\/span><br \/>\n<span style=\"font-family: georgia, palatino, serif; font-size: 12pt;\"><strong><em>La paume des jours <\/em><\/strong>\u00e9d. La rumeur libre, 2018<\/span><\/p>\n<blockquote>\n<p style=\"text-align: left;\"><span style=\"color: #3366ff; font-size: 10pt; font-family: georgia, palatino, serif;\"><a style=\"color: #3366ff;\" href=\"https:\/\/www.pedagogie.ac-nice.fr\/daac\/2020\/03\/26\/les-poemes-de-michel-menasse\/\"><strong><em><span style=\"font-family: georgia, palatino, serif; font-size: 10pt;\">Lire les po\u00e8mes de Michel M\u00e9nach\u00e9 sur notre blog<\/span><\/em><\/strong><\/a><\/span><br \/>\n<em><strong><span style=\"font-size: 10pt; font-family: georgia, palatino, serif; color: #3366ff;\"><a style=\"color: #3366ff;\" href=\"https:\/\/www.pedagogie.ac-nice.fr\/daac\/2020\/03\/26\/la-rose-et-le-reseda\/\"><span style=\"font-family: georgia, palatino, serif; font-size: 10pt;\">D\u00e9couvrir son choix dans la po\u00e9sie du patrimoin<\/span><\/a><a style=\"color: #3366ff;\" href=\"https:\/\/www.pedagogie.ac-nice.fr\/daac\/2020\/03\/26\/la-rose-et-le-reseda\/\">e<\/a><\/span><\/strong><\/em><\/p>\n<\/blockquote>\n","protected":false},"excerpt":{"rendered":"<p>\u00a0 Vous trouverez sur cette page, une br\u00e8ve bio-bibliographie des auteurs qui\u00a0 ont r\u00e9pondu \u00e0 notre appel dans le cadre de la continuit\u00e9 du\u00a0 \u00ab\u00a0Printemps des po\u00e8tes \u00a0\u00bb 2020 sur le th\u00e8me du \u00ab\u00a0courage\u00a0\u00bb . Un\u00a0 grand merci \u00e0 eux ! B\u00e9atrice Bonhomme B\u00e9atrice Bonhomme vit \u00e0 Nice o\u00f9 elle est professeur \u00e0 l\u2019Universit\u00e9 de [&hellip;]<\/p>\n","protected":false},"author":225,"featured_media":0,"parent":0,"menu_order":0,"comment_status":"closed","ping_status":"closed","template":"","meta":{"_et_pb_use_builder":"","_et_pb_old_content":"","_et_gb_content_width":"","ngg_post_thumbnail":0,"footnotes":""},"class_list":["post-380","page","type-page","status-publish","hentry"],"rttpg_featured_image_url":null,"rttpg_author":{"display_name":"Canop\u00e906-FR","author_link":"https:\/\/www.pedagogie.ac-nice.fr\/daac-archive\/author\/francoisricherme\/"},"rttpg_comment":0,"rttpg_category":null,"rttpg_excerpt":"\u00a0 Vous trouverez sur cette page, une br\u00e8ve bio-bibliographie des auteurs qui\u00a0 ont r\u00e9pondu \u00e0 notre appel dans le cadre de la continuit\u00e9 du\u00a0 \u00ab\u00a0Printemps des po\u00e8tes \u00a0\u00bb 2020 sur le th\u00e8me du \u00ab\u00a0courage\u00a0\u00bb . Un\u00a0 grand merci \u00e0 eux ! B\u00e9atrice Bonhomme B\u00e9atrice Bonhomme vit \u00e0 Nice o\u00f9 elle est professeur \u00e0 l\u2019Universit\u00e9 de\u2026","post_mailing_queue_ids":[],"_links":{"self":[{"href":"https:\/\/www.pedagogie.ac-nice.fr\/daac-archive\/wp-json\/wp\/v2\/pages\/380","targetHints":{"allow":["GET"]}}],"collection":[{"href":"https:\/\/www.pedagogie.ac-nice.fr\/daac-archive\/wp-json\/wp\/v2\/pages"}],"about":[{"href":"https:\/\/www.pedagogie.ac-nice.fr\/daac-archive\/wp-json\/wp\/v2\/types\/page"}],"author":[{"embeddable":true,"href":"https:\/\/www.pedagogie.ac-nice.fr\/daac-archive\/wp-json\/wp\/v2\/users\/225"}],"replies":[{"embeddable":true,"href":"https:\/\/www.pedagogie.ac-nice.fr\/daac-archive\/wp-json\/wp\/v2\/comments?post=380"}],"version-history":[{"count":32,"href":"https:\/\/www.pedagogie.ac-nice.fr\/daac-archive\/wp-json\/wp\/v2\/pages\/380\/revisions"}],"predecessor-version":[{"id":571,"href":"https:\/\/www.pedagogie.ac-nice.fr\/daac-archive\/wp-json\/wp\/v2\/pages\/380\/revisions\/571"}],"wp:attachment":[{"href":"https:\/\/www.pedagogie.ac-nice.fr\/daac-archive\/wp-json\/wp\/v2\/media?parent=380"}],"curies":[{"name":"wp","href":"https:\/\/api.w.org\/{rel}","templated":true}]}}