{"id":421,"date":"2020-04-08T16:14:43","date_gmt":"2020-04-08T14:14:43","guid":{"rendered":"https:\/\/www.pedagogie.ac-nice.fr\/daac\/?page_id=421"},"modified":"2020-04-10T17:13:09","modified_gmt":"2020-04-10T15:13:09","slug":"envoyer-son-poeme","status":"publish","type":"page","link":"https:\/\/www.pedagogie.ac-nice.fr\/daac-archive\/envoyer-son-poeme\/","title":{"rendered":"Envoyer son po\u00e8me"},"content":{"rendered":"<p><img loading=\"lazy\" decoding=\"async\" class=\"alignnone wp-image-251 alignright\" src=\"https:\/\/www.pedagogie.ac-nice.fr\/daac\/wp-content\/uploads\/sites\/25\/2020\/03\/rubon1079-2-200x300.jpg\" alt=\"\" width=\"145\" height=\"218\" srcset=\"https:\/\/www.pedagogie.ac-nice.fr\/daac-archive\/wp-content\/uploads\/sites\/25\/2020\/03\/rubon1079-2-200x300.jpg 200w, https:\/\/www.pedagogie.ac-nice.fr\/daac-archive\/wp-content\/uploads\/sites\/25\/2020\/03\/rubon1079-2-683x1024.jpg 683w, https:\/\/www.pedagogie.ac-nice.fr\/daac-archive\/wp-content\/uploads\/sites\/25\/2020\/03\/rubon1079-2-768x1152.jpg 768w, https:\/\/www.pedagogie.ac-nice.fr\/daac-archive\/wp-content\/uploads\/sites\/25\/2020\/03\/rubon1079-2.jpg 1000w\" sizes=\"(max-width: 145px) 100vw, 145px\" \/><\/p>\n<p><span style=\"font-family: georgia,palatino,serif; font-size: 12pt;\">Ch\u00e8re po\u00e9tesse, cher po\u00e8te,<\/span><br \/>\n<span style=\"font-family: georgia,palatino,serif; font-size: 12pt;\">Po\u00e8te\u00b7sse confirm\u00e9<span style=\"text-align: left; color: #333333; text-transform: none; text-indent: 0px; letter-spacing: normal; font-style: normal; font-variant: normal; font-weight: 400; text-decoration: none; word-spacing: 0px; display: inline !important; white-space: normal; cursor: text; orphans: 2; float: none; -webkit-text-stroke-width: 0px; background-color: #ffffff;\">\u00b7<\/span>e, po\u00e8te<span style=\"text-align: left; color: #333333; text-transform: none; text-indent: 0px; letter-spacing: normal; font-style: normal; font-variant: normal; font-weight: 400; text-decoration: none; word-spacing: 0px; display: inline !important; white-space: normal; cursor: text; orphans: 2; float: none; -webkit-text-stroke-width: 0px; background-color: #ffffff;\">\u00b7<\/span>sse en herbe,<\/span><br \/>\n<span style=\"font-family: georgia,palatino,serif; font-size: 12pt;\">Po\u00e8te<span style=\"text-align: left; color: #333333; text-transform: none; text-indent: 0px; letter-spacing: normal; font-style: normal; font-variant: normal; font-weight: 400; text-decoration: none; word-spacing: 0px; display: inline !important; white-space: normal; cursor: text; orphans: 2; float: none; -webkit-text-stroke-width: 0px; background-color: #ffffff;\">\u00b7<\/span>sse joueur<span style=\"text-align: left; color: #333333; text-transform: none; text-indent: 0px; letter-spacing: normal; font-style: normal; font-variant: normal; font-weight: 400; text-decoration: none; word-spacing: 0px; display: inline !important; white-space: normal; cursor: text; orphans: 2; float: none; -webkit-text-stroke-width: 0px; background-color: #ffffff;\">\u00b7<\/span>se, po\u00e8te<span style=\"text-align: left; color: #333333; text-transform: none; text-indent: 0px; letter-spacing: normal; font-style: normal; font-variant: normal; font-weight: 400; text-decoration: none; word-spacing: 0px; display: inline !important; white-space: normal; cursor: text; orphans: 2; float: none; -webkit-text-stroke-width: 0px; background-color: #ffffff;\">\u00b7<\/span>sse courageux<span style=\"text-align: left; color: #333333; text-transform: none; text-indent: 0px; letter-spacing: normal; font-style: normal; font-variant: normal; font-weight: 400; text-decoration: none; word-spacing: 0px; display: inline !important; white-space: normal; cursor: text; orphans: 2; float: none; -webkit-text-stroke-width: 0px; background-color: #ffffff;\">\u00b7eu<\/span>se (il le faut cette ann\u00e9e !),<\/span><\/p>\n<p><strong><span style=\"font-family: georgia,palatino,serif; font-size: 12pt;\">Tu veux envoyer ton po\u00e8me pour participer <span style=\"text-align: left; color: #333333; text-transform: none; text-indent: 0px; letter-spacing: normal; font-variant: normal; text-decoration: none; word-spacing: 0px; display: inline !important; white-space: normal; orphans: 2; float: none; -webkit-text-stroke-width: 0px; background-color: #ffffff;\">au Printemps des po\u00e8tes 2020? <\/span>Voici, la d\u00e9marche&#8230;<\/span><\/strong><\/p>\n<p><span style=\"color: #ff00ff; font-family: georgia,palatino,serif; font-size: 12pt;\">Tu as \u00e9crit ton texte po\u00e9tique et tu veux le partager avec nous\u00a0?<\/span><br \/>\n<span style=\"font-family: georgia,palatino,serif; font-size: 12pt;\">Rien de plus simple\u00a0:<\/span><\/p>\n<ol>\n<li><span style=\"font-family: georgia,palatino,serif; font-size: 12pt;\">envoie ton po\u00e8me dans la boite \u00ab\u00a0ENVOYER SON POEME\u00a0\u00bb \u00e0 droite de la page, juste l\u00e0 =&gt; =&gt; =&gt; =&gt;<\/span><\/li>\n<li><span style=\"font-family: georgia,palatino,serif; font-size: 12pt;\">remplis l&rsquo;autorisation\u00a0de publication (obligat<span style=\"color: #000000;\">oire)<\/span><\/span>\n<ul style=\"list-style-type: circle;\">\n<li><span style=\"color: #0000ff;\"><a style=\"color: #0000ff;\" href=\"https:\/\/cache.media.eduscol.education.fr\/file\/Actions_educatives\/63\/7\/MODELE_Autorisation_captation_Mineur_1245298_1253637.docx\">autorisation si tu es mineur<\/a><\/span><\/li>\n<li><span style=\"color: #0000ff;\"><a style=\"color: #0000ff;\" href=\"https:\/\/cache.media.eduscol.education.fr\/file\/Actions_educatives\/63\/9\/MODELE_Autorisation_captation_Majeur_1245296_1253639.docx\">autorisation si tu es majeur<\/a><\/span><\/li>\n<li><span style=\"color: #0000ff;\"><a style=\"color: #0000ff;\" href=\"https:\/\/eduscol.education.fr\/cid149770\/protection-des-donnees-personnelles.html\" target=\"_blank\" rel=\"noopener noreferrer\">pourquoi faut-il une autorisation ?<\/a><\/span><\/li>\n<\/ul>\n<\/li>\n<li><span style=\"font-family: georgia,palatino,serif; font-size: 12pt;\">envoie ton autorisation par courriel <span style=\"color: #0000ff;\">(<a style=\"color: #0000ff;\" href=\"mailto:livredaac@ac-nice.fr\">livredaac@ac-nice.fr<\/a>) <\/span><\/span>\n<ul style=\"list-style-type: circle;\">\n<li>attention : \u00e9cris en objet du courriel <em>Autorisation + ton nom et ton pr\u00e9nom<\/em><\/li>\n<\/ul>\n<\/li>\n<\/ol>\n<p><span style=\"color: #ff00ff; font-family: georgia,palatino,serif; font-size: 12pt;\">Tu as \u00e9crit ton texte po\u00e9tique mais tu veux le lire et envoyer l&rsquo;enregistrement de ta voix ?<\/span><br \/>\n<span style=\"font-family: georgia,palatino,serif; font-size: 12pt;\">C\u2019est simple mais il te faudra un peu plus de courage\u2026<\/span><\/p>\n<ol>\n<li><span style=\"font-family: georgia,palatino,serif; font-size: 12pt;\">enregistre-toi et pour cela :<\/span>\n<ul style=\"list-style-type: circle;\">\n<li><span style=\"font-family: georgia,palatino,serif; font-size: 12pt;\">utiliser l\u2019enregistreur en ligne <span style=\"color: #0000ff;\"><a style=\"color: #0000ff;\" href=\"https:\/\/www.lelivrescolaire.fr\/labo-langues\">Le livre scolaire<\/a><\/span> ou <span style=\"text-align: left; color: #333333; text-transform: none; text-indent: 0px; letter-spacing: normal; font-style: normal; font-variant: normal; font-weight: 400; text-decoration: none; word-spacing: 0px; display: inline !important; white-space: normal; cursor: text; orphans: 2; float: none; -webkit-text-stroke-width: 0px; background-color: #ffffff;\">l\u2019enregistreur vocal de ton t\u00e9l\u00e9phone, ta tablette, &#8230;<\/span><\/span><\/li>\n<li><span style=\"font-family: georgia,palatino,serif; font-size: 12pt;\">\u00a0utiliser \u00e9ventuellement un logiciel de traitement de son <span style=\"color: #0000ff;\">(<a style=\"color: #0000ff;\" href=\"https:\/\/occitanie-canope.canoprof.fr\/eleve\/audio\/traitement-audio\/res\/Fiche-nL3-Audacity-Manipulations.pdf\">Audacity<\/a>,<\/span> <span style=\"color: #0000ff;\"><a style=\"color: #0000ff;\" href=\"https:\/\/www.maisondelaradio.fr\/page\/lappli-franceinfo-junior\">L&rsquo;appli France Info Junior<\/a><\/span>) pour am\u00e9liorer ton enregistrement et le mettre au format mp3<\/span><\/li>\n<\/ul>\n<\/li>\n<li>remplis l&rsquo;autorisation\u00a0de publication (obl<span style=\"color: #000000;\">igatoire)<\/span>\n<ul>\n<li><span style=\"color: #0000ff;\"><a style=\"color: #0000ff;\" href=\"https:\/\/cache.media.eduscol.education.fr\/file\/Actions_educatives\/63\/7\/MODELE_Autorisation_captation_Mineur_1245298_1253637.docx\">autorisation si tu es mineur<\/a><\/span><\/li>\n<li><span style=\"color: #0000ff;\"><a style=\"color: #0000ff;\" href=\"https:\/\/cache.media.eduscol.education.fr\/file\/Actions_educatives\/63\/9\/MODELE_Autorisation_captation_Majeur_1245296_1253639.docx\">autorisation si tu es majeur<\/a><\/span><\/li>\n<li><span style=\"color: #0000ff;\"><a style=\"color: #0000ff;\" href=\"https:\/\/eduscol.education.fr\/cid149770\/protection-des-donnees-personnelles.html\" target=\"_blank\" rel=\"noopener noreferrer\">pourquoi faut-il une autorisation ?<\/a><\/span><\/li>\n<\/ul>\n<\/li>\n<li><span style=\"font-family: georgia,palatino,serif; font-size: 12pt;\"><span style=\"text-align: left; color: #333333; text-transform: none; text-indent: 0px; letter-spacing: normal; font-style: normal; font-variant: normal; font-weight: 400; text-decoration: none; word-spacing: 0px; display: inline !important; white-space: normal; orphans: 2; float: none; -webkit-text-stroke-width: 0px; background-color: #ffffff;\">envoie ton po\u00e8me en version papier, ton po\u00e8me en format audio mp3 et <\/span>l\u2019autorisation par courriel (<span style=\"color: #0000ff;\"><a style=\"color: #0000ff;\" href=\"mailto:livredaac@ac-nice.fr\">livredaac@ac-nice.fr<\/a><\/span>)<\/span><\/li>\n<\/ol>\n<p><span style=\"color: #ff00ff; font-family: georgia,palatino,serif; font-size: 12pt;\">Tu as d\u00e9j\u00e0 \u00e9crit ton texte po\u00e9tique mais tu veux le r\u00e9citer et envoyer la vid\u00e9o ?<\/span><br \/>\n<span style=\"font-family: georgia,palatino,serif; font-size: 12pt;\">Tu es vraiment tr\u00e8s courageux<span style=\"text-align: left; color: #333333; text-transform: none; text-indent: 0px; letter-spacing: normal; font-style: normal; font-variant: normal; font-weight: 400; text-decoration: none; word-spacing: 0px; display: inline !important; white-space: normal; cursor: text; orphans: 2; float: none; -webkit-text-stroke-width: 0px; background-color: #ffffff;\">\u00b7<\/span>euse\u00a0:<\/span><\/p>\n<ol>\n<li><span style=\"font-family: georgia,palatino,serif; font-size: 12pt;\">filme-toi et pour cela, utilise :<\/span>\n<ul style=\"list-style-type: circle;\">\n<li><span style=\"font-family: georgia,palatino,serif; font-size: 12pt;\">la cam\u00e9ra de ton t\u00e9l\u00e9phone, de ta tablette ou de ton appareil photo<\/span><\/li>\n<li><span style=\"font-family: georgia,palatino,serif; font-size: 12pt;\">un logiciel de traitement d\u2019image \u00e0 t\u00e9l\u00e9charger<\/span><\/li>\n<\/ul>\n<\/li>\n<li><span style=\"font-family: georgia,palatino,serif; font-size: 12pt;\">remplis l&rsquo;autorisation\u00a0de publication <\/span>(oblig<span style=\"color: #000000;\">atoire)<\/span>\n<ul>\n<li><span style=\"color: #0000ff;\"><a style=\"color: #0000ff;\" href=\"https:\/\/cache.media.eduscol.education.fr\/file\/Actions_educatives\/63\/7\/MODELE_Autorisation_captation_Mineur_1245298_1253637.docx\">autorisation si tu es mineur<\/a><\/span><\/li>\n<li><span style=\"color: #0000ff;\"><a style=\"color: #0000ff;\" href=\"https:\/\/cache.media.eduscol.education.fr\/file\/Actions_educatives\/63\/9\/MODELE_Autorisation_captation_Majeur_1245296_1253639.docx\">autorisation si tu es majeur<\/a><\/span><\/li>\n<li><span style=\"color: #0000ff;\"><a style=\"color: #0000ff;\" href=\"https:\/\/eduscol.education.fr\/cid149770\/protection-des-donnees-personnelles.html\" target=\"_blank\" rel=\"noopener noreferrer\">pourquoi faut-il une autorisation ?<\/a><\/span><\/li>\n<\/ul>\n<\/li>\n<li><span style=\"font-family: georgia,palatino,serif; font-size: 12pt;\">envoie ton po\u00e8me en version papier, ton po\u00e8me en format vid\u00e9o mp4 et l\u2019autorisation par courriel <span style=\"color: #0000ff;\">(<a style=\"color: #0000ff;\" href=\"mailto:livredaac@ac-nice.fr\">livredaac@ac-nice.fr<\/a>)<\/span><\/span><\/li>\n<\/ol>\n<p><span style=\"font-family: georgia,palatino,serif; font-size: 12pt;\">A toi de jouer !<\/span><\/p>\n<p>&nbsp;<\/p>\n","protected":false},"excerpt":{"rendered":"<p>Ch\u00e8re po\u00e9tesse, cher po\u00e8te, Po\u00e8te\u00b7sse confirm\u00e9\u00b7e, po\u00e8te\u00b7sse en herbe, Po\u00e8te\u00b7sse joueur\u00b7se, po\u00e8te\u00b7sse courageux\u00b7euse (il le faut cette ann\u00e9e !), Tu veux envoyer ton po\u00e8me pour participer au Printemps des po\u00e8tes 2020? Voici, la d\u00e9marche&#8230; Tu as \u00e9crit ton texte po\u00e9tique et tu veux le partager avec nous\u00a0? Rien de plus simple\u00a0: envoie ton po\u00e8me dans [&hellip;]<\/p>\n","protected":false},"author":225,"featured_media":0,"parent":0,"menu_order":0,"comment_status":"closed","ping_status":"closed","template":"","meta":{"_et_pb_use_builder":"","_et_pb_old_content":"","_et_gb_content_width":"","ngg_post_thumbnail":0,"footnotes":""},"class_list":["post-421","page","type-page","status-publish","hentry"],"rttpg_featured_image_url":null,"rttpg_author":{"display_name":"Canop\u00e906-FR","author_link":"https:\/\/www.pedagogie.ac-nice.fr\/daac-archive\/author\/francoisricherme\/"},"rttpg_comment":0,"rttpg_category":null,"rttpg_excerpt":"Ch\u00e8re po\u00e9tesse, cher po\u00e8te, Po\u00e8te\u00b7sse confirm\u00e9\u00b7e, po\u00e8te\u00b7sse en herbe, Po\u00e8te\u00b7sse joueur\u00b7se, po\u00e8te\u00b7sse courageux\u00b7euse (il le faut cette ann\u00e9e !), Tu veux envoyer ton po\u00e8me pour participer au Printemps des po\u00e8tes 2020? Voici, la d\u00e9marche&#8230; Tu as \u00e9crit ton texte po\u00e9tique et tu veux le partager avec nous\u00a0? Rien de plus simple\u00a0: envoie ton po\u00e8me dans\u2026","post_mailing_queue_ids":[],"_links":{"self":[{"href":"https:\/\/www.pedagogie.ac-nice.fr\/daac-archive\/wp-json\/wp\/v2\/pages\/421","targetHints":{"allow":["GET"]}}],"collection":[{"href":"https:\/\/www.pedagogie.ac-nice.fr\/daac-archive\/wp-json\/wp\/v2\/pages"}],"about":[{"href":"https:\/\/www.pedagogie.ac-nice.fr\/daac-archive\/wp-json\/wp\/v2\/types\/page"}],"author":[{"embeddable":true,"href":"https:\/\/www.pedagogie.ac-nice.fr\/daac-archive\/wp-json\/wp\/v2\/users\/225"}],"replies":[{"embeddable":true,"href":"https:\/\/www.pedagogie.ac-nice.fr\/daac-archive\/wp-json\/wp\/v2\/comments?post=421"}],"version-history":[{"count":20,"href":"https:\/\/www.pedagogie.ac-nice.fr\/daac-archive\/wp-json\/wp\/v2\/pages\/421\/revisions"}],"predecessor-version":[{"id":469,"href":"https:\/\/www.pedagogie.ac-nice.fr\/daac-archive\/wp-json\/wp\/v2\/pages\/421\/revisions\/469"}],"wp:attachment":[{"href":"https:\/\/www.pedagogie.ac-nice.fr\/daac-archive\/wp-json\/wp\/v2\/media?parent=421"}],"curies":[{"name":"wp","href":"https:\/\/api.w.org\/{rel}","templated":true}]}}