{"id":53,"date":"2020-10-20T14:04:16","date_gmt":"2020-10-20T12:04:16","guid":{"rendered":"https:\/\/www.pedagogie.ac-nice.fr\/daac-poesie\/?page_id=53"},"modified":"2026-02-04T18:41:16","modified_gmt":"2026-02-04T17:41:16","slug":"appel","status":"publish","type":"page","link":"https:\/\/www.pedagogie.ac-nice.fr\/daac-poesie\/appel\/","title":{"rendered":"Michel Butor, le Centenaire (1926-2026) : calendrier des \u00e9v\u00e9nements"},"content":{"rendered":"<p><span style=\"font-size: 14pt; font-family: trebuchet ms, geneva, sans-serif;\"><strong>Au cours de cette ann\u00e9e 2026, de nombreux \u00e9v\u00e8nements vont rythmer le Centenaire de la naissance de Michel Butor.<\/strong> <\/span><\/p>\n<p><img loading=\"lazy\" decoding=\"async\" class=\"size-medium wp-image-999 aligncenter\" src=\"https:\/\/www.pedagogie.ac-nice.fr\/daac-poesie\/wp-content\/uploads\/sites\/39\/2026\/02\/Capture-decran-2026-02-04-183653-300x159.png\" alt=\"\" width=\"300\" height=\"159\" srcset=\"https:\/\/www.pedagogie.ac-nice.fr\/daac-poesie\/wp-content\/uploads\/sites\/39\/2026\/02\/Capture-decran-2026-02-04-183653-300x159.png 300w, https:\/\/www.pedagogie.ac-nice.fr\/daac-poesie\/wp-content\/uploads\/sites\/39\/2026\/02\/Capture-decran-2026-02-04-183653.png 399w\" sizes=\"(max-width: 300px) 100vw, 300px\" \/><\/p>\n<p><span style=\"font-size: 14pt; font-family: trebuchet ms, geneva, sans-serif;\">\u00ab\u00a0L&rsquo;Archipel Butor\u00a0\u00bb propose un calendrier des diff\u00e9rents \u00e9v\u00e8nements qui se pr\u00e9parent pour ce Centenaire pendant toute l&rsquo;ann\u00e9e 2026. <strong>Retrouvez tout l&rsquo;agenda du Centenaire en cliquant sur cette image :<\/strong><\/span><\/p>\n<p><a href=\"https:\/\/www.archipel-butor.fr\/\" target=\"_blank\" rel=\"noopener\"><img loading=\"lazy\" decoding=\"async\" class=\" wp-image-1000 aligncenter\" src=\"https:\/\/www.pedagogie.ac-nice.fr\/daac-poesie\/wp-content\/uploads\/sites\/39\/2026\/02\/Capture-decran-2026-02-04-181439-300x132.png\" alt=\"\" width=\"348\" height=\"153\" srcset=\"https:\/\/www.pedagogie.ac-nice.fr\/daac-poesie\/wp-content\/uploads\/sites\/39\/2026\/02\/Capture-decran-2026-02-04-181439-300x132.png 300w, https:\/\/www.pedagogie.ac-nice.fr\/daac-poesie\/wp-content\/uploads\/sites\/39\/2026\/02\/Capture-decran-2026-02-04-181439-1024x450.png 1024w, https:\/\/www.pedagogie.ac-nice.fr\/daac-poesie\/wp-content\/uploads\/sites\/39\/2026\/02\/Capture-decran-2026-02-04-181439-768x338.png 768w, https:\/\/www.pedagogie.ac-nice.fr\/daac-poesie\/wp-content\/uploads\/sites\/39\/2026\/02\/Capture-decran-2026-02-04-181439-1536x675.png 1536w, https:\/\/www.pedagogie.ac-nice.fr\/daac-poesie\/wp-content\/uploads\/sites\/39\/2026\/02\/Capture-decran-2026-02-04-181439-1080x475.png 1080w, https:\/\/www.pedagogie.ac-nice.fr\/daac-poesie\/wp-content\/uploads\/sites\/39\/2026\/02\/Capture-decran-2026-02-04-181439.png 1904w\" sizes=\"(max-width: 348px) 100vw, 348px\" \/><\/a><\/p>\n","protected":false},"excerpt":{"rendered":"<p>Au cours de cette ann\u00e9e 2026, de nombreux \u00e9v\u00e8nements vont rythmer le Centenaire de la naissance de Michel Butor. \u00ab\u00a0L&rsquo;Archipel Butor\u00a0\u00bb propose un calendrier des diff\u00e9rents \u00e9v\u00e8nements qui se pr\u00e9parent pour ce Centenaire pendant toute l&rsquo;ann\u00e9e 2026. Retrouvez tout l&rsquo;agenda du Centenaire en cliquant sur cette image :<\/p>\n","protected":false},"author":217,"featured_media":0,"parent":0,"menu_order":0,"comment_status":"closed","ping_status":"closed","template":"","meta":{"_et_pb_use_builder":"","_et_pb_old_content":"","_et_gb_content_width":"","ngg_post_thumbnail":0,"footnotes":""},"class_list":["post-53","page","type-page","status-publish","hentry"],"rttpg_featured_image_url":null,"rttpg_author":{"display_name":"Livre DAAC","author_link":"https:\/\/www.pedagogie.ac-nice.fr\/daac-poesie\/author\/tscartoni\/"},"rttpg_comment":0,"rttpg_category":null,"rttpg_excerpt":"Au cours de cette ann\u00e9e 2026, de nombreux \u00e9v\u00e8nements vont rythmer le Centenaire de la naissance de Michel Butor. \u00ab\u00a0L&rsquo;Archipel Butor\u00a0\u00bb propose un calendrier des diff\u00e9rents \u00e9v\u00e8nements qui se pr\u00e9parent pour ce Centenaire pendant toute l&rsquo;ann\u00e9e 2026. Retrouvez tout l&rsquo;agenda du Centenaire en cliquant sur cette image :","post_mailing_queue_ids":[],"_links":{"self":[{"href":"https:\/\/www.pedagogie.ac-nice.fr\/daac-poesie\/wp-json\/wp\/v2\/pages\/53","targetHints":{"allow":["GET"]}}],"collection":[{"href":"https:\/\/www.pedagogie.ac-nice.fr\/daac-poesie\/wp-json\/wp\/v2\/pages"}],"about":[{"href":"https:\/\/www.pedagogie.ac-nice.fr\/daac-poesie\/wp-json\/wp\/v2\/types\/page"}],"author":[{"embeddable":true,"href":"https:\/\/www.pedagogie.ac-nice.fr\/daac-poesie\/wp-json\/wp\/v2\/users\/217"}],"replies":[{"embeddable":true,"href":"https:\/\/www.pedagogie.ac-nice.fr\/daac-poesie\/wp-json\/wp\/v2\/comments?post=53"}],"version-history":[{"count":34,"href":"https:\/\/www.pedagogie.ac-nice.fr\/daac-poesie\/wp-json\/wp\/v2\/pages\/53\/revisions"}],"predecessor-version":[{"id":1001,"href":"https:\/\/www.pedagogie.ac-nice.fr\/daac-poesie\/wp-json\/wp\/v2\/pages\/53\/revisions\/1001"}],"wp:attachment":[{"href":"https:\/\/www.pedagogie.ac-nice.fr\/daac-poesie\/wp-json\/wp\/v2\/media?parent=53"}],"curies":[{"name":"wp","href":"https:\/\/api.w.org\/{rel}","templated":true}]}}