{"id":57,"date":"2020-10-20T14:05:29","date_gmt":"2020-10-20T12:05:29","guid":{"rendered":"https:\/\/www.pedagogie.ac-nice.fr\/daac-poesie\/?page_id=57"},"modified":"2025-04-29T14:43:34","modified_gmt":"2025-04-29T12:43:34","slug":"fabrique","status":"publish","type":"page","link":"https:\/\/www.pedagogie.ac-nice.fr\/daac-poesie\/fabrique\/","title":{"rendered":"Centenaire Michel Butor"},"content":{"rendered":"<p>&nbsp;&nbsp;&nbsp;&nbsp;<\/p>\n<hr>\n<p>Gr\u00e2ce \u00e0 l\u2019amiti\u00e9 qui le liait \u00e0 de nombreux auteurs de notre r\u00e9gion, Michel Butor participa plusieurs ann\u00e9es de suite aux <strong>Rencontres des \u00e9critures po\u00e9tiques et au recueil de po\u00e9sie : \u00ab\u00a0Le L\u00e9zard amoureux\u00a0\u00bb<\/strong>.<br \/>\nIl nous fit l\u2019honneur d\u2019offrir des po\u00e8mes inspir\u00e9s de divers th\u00e8mes tels que <em>\u00ab Hugo et l\u2019enfance \u00bb<\/em>, <em>\u00ab L\u2019espoir \u00bb<\/em>, <em>\u00ab La pluie et le beau temps \u00bb<\/em>, ou encore <em>\u00ab Les passeurs de m\u00e9moire \u00bb<\/em>, dans le cadre du <strong>Printemps des Po\u00e8tes<\/strong>.<br \/>\nVous retrouverez ci-dessous ces textes pr\u00e9cieux.<\/p>\n<p><em><strong>\u00ab Hugo et l\u2019enfance \u00bb<\/strong><br \/>\n<\/em><\/p>\n<p><strong><em>Michel Butor a choisi<br \/>\n<\/em><\/strong><em><strong><br \/>\nDans l\u2019\u0153uvre de Victor Hugo<\/strong>:<\/em><\/p>\n<p>Les griffonnages de l&rsquo;\u00e9colier<br \/>\nCharles a fait des dessins sur son livre de classe.<br \/>\nle th\u00e8me est fatigant au point, qu&rsquo;\u00e9tant tr\u00e8s lasse,<br \/>\nLa plume de l&rsquo;enfant n&rsquo;a pu se reposer<br \/>\nQu&rsquo;en faisant ce travail \u00e9norme: improviser<br \/>\nDans un livre, partout, en haut, en bas, des fresques,<br \/>\nComme on en voit aux murs des alhambras moresques,<br \/>\nDes t\u00e2ches d&rsquo;encre, ayant des aspects d&rsquo;animaux,<br \/>\nQui d\u00e9vorent la phrase et qui rongent les mots,<br \/>\nEt, le texte mang\u00e9, viennent mordre les marges.<br \/>\nLe nez du ma\u00eetre flotte au milieu de ces charges,<br \/>\nTroublant le clair-obscur du vieux latin toscan,<br \/>\nDans la grande satire o\u00f9 Rome est au carcan,<br \/>\nSur C\u00e9sar, sur Brutus, sur les hautes m\u00e9moires.<br \/>\nCe chevreau, le caprice, a grimp\u00e9 sur les vers.<br \/>\nLe livre, c&rsquo;est l&rsquo;endroit: l&rsquo;\u00e9colier, c&rsquo;est l&rsquo;envers.<br \/>\nSa ga\u00eet\u00e9 s&rsquo;est m\u00eal\u00e9e, espi\u00e8gle, aux stigmates<br \/>\nDu vengeur qui voulait s&rsquo;enfuir chez les Sarmates.<br \/>\nLes barbouillages sont \u00e9tranges, profonds, drus.<br \/>\nLes monstres! Les voil\u00e0 perch\u00e9s, l&rsquo;un sur Codrus,<br \/>\nL&rsquo;autre sur N\u00e9ron. L&rsquo;autre \u00e9gratigne un dactyle.<br \/>\nUn p\u00e2t\u00e9 fait son nid dans les branches du style.<\/p>\n<p>Un \u00e2ne, qui ressemble \u00e0 monsieur Nisard, brait,<br \/>\nEt s&rsquo;ach\u00e8ve en hibou dans l&rsquo;obscure for\u00eat:<br \/>\nL&rsquo;encrier sur lui coule, et, la t\u00eate inond\u00e9e<br \/>\nDe cette pluie, il tient dans sa pane un spond\u00e9e.<br \/>\nPartout la main du r\u00eave a trac\u00e9 le dessin:<br \/>\nEt c&rsquo;est ainsi qu&rsquo;au gr\u00e9 de l&rsquo;\u00e9colier, l&rsquo;essaim<br \/>\nDes griffonnages, horde hostile aux belles-lettres,<br \/>\nS&rsquo;est envol\u00e9 parmi les sombres hexam\u00e8tres.<br \/>\nJeu! Songe! On ne sait quoi d&rsquo;enfantin, s&rsquo;enla\u00e7ant<br \/>\nAu po\u00e8me, lui donne un ineffable accent,<br \/>\nCommente le chef-d\u2019\u0153uvre, et l&rsquo;on sent l&rsquo;harmonie<br \/>\nD&rsquo;une na\u00efvet\u00e9 compl\u00e9tant un g\u00e9nie.<br \/>\nC&rsquo;est un g\u00e9ant ayant sur l&rsquo;\u00e9paule un marmot.<br \/>\nCharles invente une fleur qu&rsquo;il fait sortir d&rsquo;un mot,<br \/>\nOu l\u00e2che un farfadet ail\u00e9 dans la broussaille<br \/>\nDu rythme effarouch\u00e9 qui s&rsquo;\u00e9carte et tressaille.<br \/>\nUn rond couvre une page. Est-ce un d\u00f4me ? Est-ce un \u0153uf ?<br \/>\nUne belette en sort qui peut-\u00eatre est un b\u0153uf.<br \/>\nLe gribouillage r\u00e8gne, et sur chaque vers pose<br \/>\nLes v\u00e9g\u00e9tations de la m\u00e9tamorphose.<br \/>\nCharles a sur ce latin fait pousser un hallier.<br \/>\nGr\u00e2ce \u00e0 lui, ce vieux texte est un lieu singulier<br \/>\nO\u00f9 le hasard, l&rsquo;ennui, le lazzi, la rature<br \/>\nDressent au second plan leur vague architecture.<br \/>\nSon encre a fait la nuit sur le livre \u00e9toil\u00e9.<br \/>\nEt pourtant, par instants, ce noir r\u00e9seau brouill\u00e9,<br \/>\nA travers ses rameaux, ses porches, ses pilastres,<br \/>\nLaisse passer l&rsquo;id\u00e9e et laisse voir les astres.<\/p>\n<p><strong>Dans son \u0153uvre :<\/strong><br \/>\n<span style=\"color: #008080;\"><em><strong>Zoo<\/strong><\/em><\/span><br \/>\n\u00c0 la tomb\u00e9e de la nuit<br \/>\nquand se sont referm\u00e9es les grilles<br \/>\nl&rsquo;\u00e9l\u00e9phant r\u00eave \u00e0 son grand troupeau<br \/>\nle rhinoc\u00e9ros \u00e0 ses troncs d&rsquo;arbres<br \/>\nl&rsquo;hippopotame \u00e0 des lacs clairs<br \/>\nla girafe \u00e0 des frondaisons de foug\u00e8res<br \/>\nle dromadaire \u00e0 des oasis tintants<br \/>\nle bison \u00e0 un oc\u00e9an d&rsquo;herbes<br \/>\nle lion \u00e0 des craquements dans les feuilles<br \/>\nle tigre de Sib\u00e9rie \u00e0 des traces dans la neige<br \/>\nl&rsquo;ours polaire \u00e0 des cascades poissonneuses<br \/>\nla panth\u00e8re \u00e0 des pelages passant dans des rayons de lune<br \/>\nle gorille \u00e0 des bananiers croulant de leurs fleurs violettes<br \/>\nl&rsquo;aigle \u00e0 des coups de vent dans des canyons de nuages<br \/>\nle phoque aux archipels mouvants de la banquise disloqu\u00e9e<br \/>\nles enfants du gardien \u00e0 la plage<\/p>\n<p>&nbsp;<\/p>\n<p><span style=\"color: #333399;\"><em><strong>Pour garder son calme<\/strong><\/em><\/span><\/p>\n<p>Malgr\u00e9&#8230;<br \/>\nil y a les nuages, les merveilleux nuages,<\/p>\n<p>malgr\u00e9 les vaguemestres qui n&rsquo;arrivent plus du tout au trot<br \/>\npar le chemin de l&rsquo;Arbre isol\u00e9, qui ont compl\u00e8tement chang\u00e9<br \/>\nde nom, d&rsquo;allure et de monture,<br \/>\nil y a les Illuminations et les Calligrammes,<\/p>\n<p>malgr\u00e9 les bourreaux, pancartes, discours, banderoles,<br \/>\nil y a l&rsquo;oiseau qui parle, l&rsquo;arbre qui chante et l&rsquo;eau couleur d&rsquo;or,<\/p>\n<p>malgr\u00e9 les espions qui, dit-on, r\u00f4dent par ici invisibles<br \/>\ncomme le sable de l&rsquo;horizon dont ils se sont d\u00e9sesp\u00e9r\u00e9ment<br \/>\nrev\u00eatus et avec lequel ils se confondent,<br \/>\nil y a les lichens figurant les haleines, pierres et flammes,<\/p>\n<p>malgr\u00e9 les d\u00e9fil\u00e9s, supplices, poisons, famines,<br \/>\nil y a les cinq doigts de la main avec les ongles, les six faces<br \/>\ndu d\u00e9 avec leurs chiffres, les sept pulsions capitales avec leurs<br \/>\nembl\u00e8mes,<\/p>\n<p>malgr\u00e9 les soldats qui la nuit scient des planches pour les<br \/>\ncercueils,<br \/>\nil y a la suite, et la s\u00e9rie, et le reste, et les autres, et les refus\u00e9s,<br \/>\nles oubli\u00e9s, les impr\u00e9vus, les j&rsquo;en passe, et j&rsquo;en passe,<\/p>\n<p>malgr\u00e9 les pillages, bottes, pollutions, ignominies,<br \/>\nil y a l&rsquo;ouverture du monde que l&rsquo;on veut toujours nous<br \/>\ncadenasser,<\/p>\n<p>malgr\u00e9 les cimeti\u00e8res pleins de croix ou de croissants,<br \/>\nil y a l&rsquo;astronautique bien tard, mais bient\u00f4t, vous verrez,<br \/>\nbient\u00f4t,<br \/>\nqui va reprendre,<\/p>\n<p>malgr\u00e9 les l\u00e2chet\u00e9s, naus\u00e9es, d\u00e9flagrations, g\u00e9missements,<br \/>\nil y a que je suis mont\u00e9 jusqu&rsquo;au givre ce matin,<\/p>\n<p>malgr\u00e9 les tombes partout de-ci de-l\u00e0,<br \/>\nil y a le d\u00e9sert qui retrouvera ses bruits propres,<\/p>\n<p>malgr\u00e9 les sir\u00e8nes, glas, humiliations, supplications, la t\u00e9l\u00e9vision<\/p>\n<p>et encore et toujours les bombes, et on n&rsquo;en finira donc jamais,<br \/>\net quand l&rsquo;on a faim et soif, quelqu&rsquo;un qui nous chasse,<\/p>\n<p>il y a qu&rsquo;un jour, on ne sait encore quel jour, apr\u00e8s tous ces fracas<br \/>\net secousses, il y aura un peu de silence entre amis autour de<br \/>\nquelque boisson, malgr\u00e9&#8230;<\/p>\n<p>&nbsp;<\/p>\n<p><span style=\"color: #008080;\"><em><strong>M\u00e9t\u00e9orologie<\/strong><\/em><\/span><br \/>\n<em>pour Dorny<\/em><\/p>\n<p>Avant qu&rsquo;il y ait eu des hommes sur la Tette, avant qu&rsquo;il y ait<br \/>\neu des animaux, avant m\u00eame qu&rsquo;il y ait eu des for\u00eats, des<br \/>\nsavanes ou des algues, il y avait d\u00e9j\u00e0 des nuages.<\/p>\n<p>Quand le soleil r\u00e9appara\u00eet<br \/>\nles nu\u00e9es se ragaillardissent<br \/>\nsouriant et s&#8217;embellissant<br \/>\nravalant leurs larmes s&rsquo;enrobent<br \/>\nde toutes diverses couleurs<\/p>\n<p>Quel est le peintre qui eut le premier l&rsquo;id\u00e9e de figurer un<br \/>\nnuage? Qu&rsquo;ils sont pass\u00e9s nombreux depuis, avec tant de<br \/>\nformes et couleurs diverses, dans les cieux fictifs sur les murs,<br \/>\npanneaux, toiles et papiers de l&rsquo;Orient ou de l&rsquo;Occident!<\/p>\n<p>A l&rsquo;abri de la pluie<br \/>\nle copiste regarde<br \/>\nle passage des nues<br \/>\n\u00e0 travers la fen\u00eatre<br \/>\net pense \u00e0 ses amours<br \/>\nen dehors du couvent<\/p>\n<p>J&rsquo;ajoute ici une petite strophe de mon cru. C&rsquo;est comme une<br \/>\naverse soudaine qui bat la vitre.<\/p>\n<p>Et mettant leurs toisons s\u00e9cher<br \/>\naux chers beaux rayons enchanteurs<br \/>\nles \u00e9mulsionnent en charpie<br \/>\ndans la brise resplendissante<br \/>\nafin de pouvoir les filer<\/p>\n<p>A la fin du XIII&rsquo; si\u00e8cle, au temps des grandes cath\u00e9drales, Jean<br \/>\nde Meung ajouta une \u00e9norme suite au Roman de la Rose laiss\u00e9<br \/>\ninachev\u00e9 par Guillaume de Lorris, et dans quelques-uns de ses<br \/>\nvers que j&rsquo;adapte tant bien que mal, il a capt\u00e9 certains des<br \/>\nnuages de son temps, les conservant ainsi pour nous dans leur<br \/>\nfra\u00eecheur.<\/p>\n<p>Quand les quenouilles sont vid\u00e9es<br \/>\nfont voler de leurs \u00e9cheveaux<br \/>\nlongues aiguill\u00e9es de fil blanc<br \/>\ncomme pour se coudre des manches<br \/>\navant de partir en voyage<\/p>\n<p>Les parques de l&rsquo;Antiquit\u00e9 qui filaient, enroulaient, d\u00e9roulaient<br \/>\ner tranchaient les destin\u00e9es des hommes, sont rajeunies dans<br \/>\nces miniatures mobiles qui f\u00e9minisent nos anticyclones et<br \/>\nd\u00e9pressions modernes, et d\u00e9voilent dans nos isobares des<br \/>\ncourbes ang\u00e9liques et f\u00e9eriques.<\/p>\n<p>Ayant attel\u00e9 leurs chevaux<br \/>\nparcourent vall\u00e9es et montagnes<br \/>\n\u00e0 des vitesses insens\u00e9es<br \/>\ncar leur cocher le dieu \u00c9ole<br \/>\nmet des ailes \u00e0 leurs sabots<\/p>\n<p>Le Roman de la Rose nous est parvenu par des manuscrits, mais<br \/>\navec des lettres si r\u00e9guli\u00e8res et si proprement trac\u00e9es qu&rsquo;il faut<br \/>\naujourd&rsquo;hui l&rsquo;imprimer pour rendre hommage \u00e0 leur scripteur<br \/>\nancien. Au contraire mes commentaires s&rsquo;accommodent au mieux<br \/>\nd&rsquo;une \u00e9criture cursive qui les transforme en filets ou filins de<br \/>\nnuages cousant une page de temps \u00e0 l&rsquo;autre, et claquant au<br \/>\nvent de la lecture comme des crini\u00e8res.<\/p>\n<p>L&rsquo;air met son manteau indigo<br \/>\ncomme dans les pays d&rsquo;Orient<br \/>\npour se draper se pavaner<br \/>\npr\u00e9parant un arc-de-triomphe<br \/>\npour l&rsquo;arc-en-ciel de leur retour<\/p>\n<p>A chaque bulletin que me diffuse la t\u00e9l\u00e9vision, une voix s&rsquo;\u00e9l\u00e8ve<br \/>\nparodiant Villon: \u00ab\u00a0mais o\u00f9 sont les nuages d&rsquo;antan? \u00a0\u00bb Ceux de<br \/>\nBaudelaire ou de Jean de Meung. A nous de saluer les nuages<br \/>\ndu futur.<\/p>\n<p>&nbsp;<\/p>\n<p><span style=\"color: #993366;\"><em><strong>Le tombeau d\u2019Arthur Rimbaud<\/strong> <\/em><\/span><\/p>\n<p>Qui suis-je moi qui suis sorti<br \/>\nde la tombe o\u00f9 je t\u2019attendais<br \/>\nmoins une jambe que je n\u2019ai<br \/>\npas r\u00e9ussi \u00e0 remplacer<br \/>\navant de repartir l\u00e0-bas<br \/>\ncomme je l\u2019aurais tant voulu<br \/>\ncomme j\u2019attendais dans ma chambre<br \/>\nm\u00e8re un baiser qui ne venait<br \/>\nque rarement et si furtif<br \/>\nque mes larmes se remplissaient<br \/>\nd\u2019insultes que je ravalais<br \/>\ndans l\u2019ambigu\u00eft\u00e9 de mes flammes<\/p>\n<p>D\u2019o\u00f9 suis-je venu tr\u00e9buchant<br \/>\ncar c\u2019\u00e9tait un tout autre enfer<br \/>\nque celui d\u2019o\u00f9 j\u2019ai r\u00e9chapp\u00e9<br \/>\nque j\u2019avais cherch\u00e9 provoqu\u00e9<br \/>\no\u00f9 ai-je trouv\u00e9 la b\u00e9quille<br \/>\nque j\u2019ai pos\u00e9e contre un pilier<br \/>\nquant \u00e0 la peau blanche gris\u00e2tre<br \/>\nc\u2019est la couleur de l\u2019entre-temps<br \/>\nparcouru d\u2019illuminations<br \/>\nqui sont les souvenirs des r\u00eaves<br \/>\nque j\u2019\u00e9touffais dans mes navettes<br \/>\nentre l\u2019eau l\u2019Afrique et l\u2019Asie<\/p>\n<p>O\u00f9 suis-je que veut dire ici<br \/>\net qui \u00e9tait cette personne<br \/>\nen grande toilette disant<br \/>\n\u00ab viens donc pr\u00e8s de moi tu seras<br \/>\nbeaucoup mieux qu\u2019ici \u00bb quel ici<br \/>\ncelui de la tombe ou celui<br \/>\nde l\u2019\u00e9glise de Charleville<br \/>\no\u00f9 j\u2019aurais voulu te parler<br \/>\nm\u00e8re mais n\u2019ai pu que r\u00e9pondre<br \/>\nen l\u2019appelant \u00ab ma tante \u00bb quelle<br \/>\ntante je ne l\u2019ai pas connue<br \/>\nserait-ce une s\u0153ur de mon p\u00e8re<\/p>\n<p>O\u00f9 voulait-elle m\u2019emmener<br \/>\ntransform\u00e9e en ange gardien<br \/>\ndans quelle saison quel ch\u00e2teau<br \/>\ndans quel Aden de l\u2019autre monde<br \/>\ndans quel Harrar transfigur\u00e9<br \/>\n\u00ab je vous remercie je me trouve<br \/>\ntr\u00e8s bien ici et je vous prie<br \/>\nde m\u2019y laisser \u00bb o\u00f9 trouverais-je<br \/>\nla femme et l\u2019enfant d\u00e9sir\u00e9s<br \/>\nque j\u2019aurais voulu vous montrer<br \/>\npour voir \u00e9clore ce sourire<br \/>\nque vous m\u2019avez tant refus\u00e9<\/p>\n<p>O\u00f9 vais-je maintenant dans quel<br \/>\ntombeau diff\u00e9rent de celui<br \/>\nque vous creusez pour reposer<br \/>\nentre les os entrem\u00eal\u00e9s<br \/>\nde votre p\u00e8re et Vitalie<br \/>\n\u00e0 qui je montrais les mus\u00e9es<br \/>\nde Londres quand tous les espoirs<br \/>\nnous \u00e9taient encore permis<br \/>\net les miens que vous laisserez<br \/>\ndans le cercueil bien conserv\u00e9<br \/>\navec la belle croix dor\u00e9e<br \/>\nqui n\u2019a pas emp\u00each\u00e9 ma fugue<\/p>\n<p>La pluie tombe sur Charleville<br \/>\ndes lyc\u00e9es vont porter mon nom<br \/>\non f\u00eatera l\u2019anniversaire<br \/>\nde ma naissance et de ma mort<br \/>\nde savants universitaires<br \/>\nvont me traiter de tous les noms<br \/>\nsans doute il s\u2019agit de quelqu\u2019un<br \/>\nque j\u2019aurais voulu devenir<br \/>\nmais qui s\u2019est d\u00e9rob\u00e9 sous moi<br \/>\ncomme une jambe que l\u2019on coupe<br \/>\net qu\u2019on ne peut pas remplacer<br \/>\nje me trouve tr\u00e8s bien ici<\/p>\n<p>Le vent siffle sur les mosqu\u00e9es<br \/>\nla voile claque sur les vagues<br \/>\nles porteurs me secouent toujours<br \/>\nqui parle ici qui se faufile<br \/>\ndans les ossements de ma vie<br \/>\nusurpateur d\u2019identit\u00e9<br \/>\nvoleur du feu de mon b\u00fbcher<br \/>\nfant\u00f4me d\u2019un ancien fant\u00f4me<br \/>\nje cherche l\u2019autre que je suis<br \/>\nd\u00e9chiquet\u00e9 dans mes errances<br \/>\nm\u00e8re notre tombe se creuse<br \/>\nen l\u2019engloutissement d\u2019un monde<\/p>\n","protected":false},"excerpt":{"rendered":"<p>&nbsp;&nbsp;&nbsp;&nbsp; Gr\u00e2ce \u00e0 l\u2019amiti\u00e9 qui le liait \u00e0 de nombreux auteurs de notre r\u00e9gion, Michel Butor participa plusieurs ann\u00e9es de suite aux Rencontres des \u00e9critures po\u00e9tiques et au recueil de po\u00e9sie : \u00ab\u00a0Le L\u00e9zard amoureux\u00a0\u00bb. Il nous fit l\u2019honneur d\u2019offrir des po\u00e8mes inspir\u00e9s de divers th\u00e8mes tels que \u00ab Hugo et l\u2019enfance \u00bb, \u00ab L\u2019espoir [&hellip;]<\/p>\n","protected":false},"author":217,"featured_media":0,"parent":0,"menu_order":0,"comment_status":"closed","ping_status":"closed","template":"","meta":{"_et_pb_use_builder":"","_et_pb_old_content":"","_et_gb_content_width":"","ngg_post_thumbnail":0,"footnotes":""},"class_list":["post-57","page","type-page","status-publish","hentry"],"rttpg_featured_image_url":null,"rttpg_author":{"display_name":"Livre DAAC","author_link":"https:\/\/www.pedagogie.ac-nice.fr\/daac-poesie\/author\/tscartoni\/"},"rttpg_comment":0,"rttpg_category":null,"rttpg_excerpt":"&nbsp;&nbsp;&nbsp;&nbsp; Gr\u00e2ce \u00e0 l\u2019amiti\u00e9 qui le liait \u00e0 de nombreux auteurs de notre r\u00e9gion, Michel Butor participa plusieurs ann\u00e9es de suite aux Rencontres des \u00e9critures po\u00e9tiques et au recueil de po\u00e9sie : \u00ab\u00a0Le L\u00e9zard amoureux\u00a0\u00bb. Il nous fit l\u2019honneur d\u2019offrir des po\u00e8mes inspir\u00e9s de divers th\u00e8mes tels que \u00ab Hugo et l\u2019enfance \u00bb, \u00ab L\u2019espoir\u2026","post_mailing_queue_ids":[],"_links":{"self":[{"href":"https:\/\/www.pedagogie.ac-nice.fr\/daac-poesie\/wp-json\/wp\/v2\/pages\/57","targetHints":{"allow":["GET"]}}],"collection":[{"href":"https:\/\/www.pedagogie.ac-nice.fr\/daac-poesie\/wp-json\/wp\/v2\/pages"}],"about":[{"href":"https:\/\/www.pedagogie.ac-nice.fr\/daac-poesie\/wp-json\/wp\/v2\/types\/page"}],"author":[{"embeddable":true,"href":"https:\/\/www.pedagogie.ac-nice.fr\/daac-poesie\/wp-json\/wp\/v2\/users\/217"}],"replies":[{"embeddable":true,"href":"https:\/\/www.pedagogie.ac-nice.fr\/daac-poesie\/wp-json\/wp\/v2\/comments?post=57"}],"version-history":[{"count":13,"href":"https:\/\/www.pedagogie.ac-nice.fr\/daac-poesie\/wp-json\/wp\/v2\/pages\/57\/revisions"}],"predecessor-version":[{"id":924,"href":"https:\/\/www.pedagogie.ac-nice.fr\/daac-poesie\/wp-json\/wp\/v2\/pages\/57\/revisions\/924"}],"wp:attachment":[{"href":"https:\/\/www.pedagogie.ac-nice.fr\/daac-poesie\/wp-json\/wp\/v2\/media?parent=57"}],"curies":[{"name":"wp","href":"https:\/\/api.w.org\/{rel}","templated":true}]}}