{"id":89,"date":"2020-10-29T15:12:16","date_gmt":"2020-10-29T14:12:16","guid":{"rendered":"https:\/\/www.pedagogie.ac-nice.fr\/daac-poesie\/?page_id=89"},"modified":"2020-12-04T15:08:28","modified_gmt":"2020-12-04T14:08:28","slug":"nos-auteurs","status":"publish","type":"page","link":"https:\/\/www.pedagogie.ac-nice.fr\/daac-poesie\/nos-auteurs\/","title":{"rendered":"Nos auteurs"},"content":{"rendered":"<p><span style=\"font-size: 14pt;\"><b>Jaufr\u00e9 Rudel<\/b><\/span><\/p>\n<p>ou <b>Jaufre Rudel<\/b>, n\u00e9 au d\u00e9but du<strong><span style=\"color: #0000ff;\"> <a style=\"color: #0000ff;\" title=\"XIIe si\u00e8cle\" href=\"https:\/\/fr.wikipedia.org\/wiki\/XIIe_si%C3%A8cle\"><abbr class=\"abbr\" title=\"12\u1d49 si\u00e8cle\"><span class=\"romain\">XII<\/span><sup>e<\/sup><\/abbr>&nbsp;si\u00e8cle<\/a><\/span><\/strong> (entre 1110 et 1130) \u00e0 <a title=\"Blaye\" href=\"https:\/\/fr.wikipedia.org\/wiki\/Blaye\">Blaye<\/a>, et mort selon la l\u00e9gende pendant la <a title=\"Deuxi\u00e8me croisade\" href=\"https:\/\/fr.wikipedia.org\/wiki\/Deuxi%C3%A8me_croisade\">deuxi\u00e8me croisade<\/a> (vers 1148 ou vers 1170<sup id=\"cite_ref-1\" class=\"reference\"><a href=\"https:\/\/fr.wikipedia.org\/wiki\/Jaufr%C3%A9_Rudel#cite_note-1\">1<\/a><\/sup>), est un <span style=\"color: #0000ff;\"><strong><a style=\"color: #0000ff;\" title=\"Troubadour\" href=\"https:\/\/fr.wikipedia.org\/wiki\/Troubadour\">troubadour<\/a><\/strong><\/span> <a title=\"Duch\u00e9 d'Aquitaine\" href=\"https:\/\/fr.wikipedia.org\/wiki\/Duch%C3%A9_d%27Aquitaine\">aquitain<\/a> de <strong><span style=\"color: #0000ff;\"><a style=\"color: #0000ff;\" title=\"Occitan\" href=\"https:\/\/fr.wikipedia.org\/wiki\/Occitan\">langue occitane<\/a><\/span><\/strong>.<\/p>\n<p>Il est principalement connu pour avoir d\u00e9velopp\u00e9 le th\u00e8me de \u00ab\u00a0l&rsquo;amour de loin\u00a0\u00bb (en <a title=\"Ancien occitan\" href=\"https:\/\/fr.wikipedia.org\/wiki\/Ancien_occitan\">ancien occitan<\/a>&nbsp;: <i>amor de lonh<\/i>) dans ses chansons.Voir la notice compl\u00e8te sur <a href=\"https:\/\/fr.wikipedia.org\/wiki\/Jaufr%C3%A9_Rudel\"><strong>Wikip\u00e9dia<\/strong><\/a><\/p>\n<p><strong><a href=\"https:\/\/www.pedagogie.ac-nice.fr\/daac-poesie\/2020\/10\/20\/auteurs-du-patrimoine\/\"><span class=\"item-title\">Amor de lonh (l\u2019Amour de loin)<\/span><\/a><\/strong><\/p>\n<hr>\n<p><span style=\"font-size: 14pt;\"><b>Pontus de Tyard<\/b>,<\/span><\/p>\n<p>seigneur de <a title=\"Ch\u00e2teau de Bissy-sur-Fley\" href=\"https:\/\/fr.wikipedia.org\/wiki\/Ch%C3%A2teau_de_Bissy-sur-Fley\">Bissy<\/a>, est un pr\u00e9lat, \u00e9crivain et <a title=\"Po\u00e8te\" href=\"https:\/\/fr.wikipedia.org\/wiki\/Po%C3%A8te\">po\u00e8te<\/a> fran\u00e7ais, membre du cercle <a title=\"Litt\u00e9rature\" href=\"https:\/\/fr.wikipedia.org\/wiki\/Litt%C3%A9rature\">litt\u00e9raire<\/a> de la <a title=\"Pl\u00e9iade (XVIe si\u00e8cle)\" href=\"https:\/\/fr.wikipedia.org\/wiki\/Pl%C3%A9iade_(XVIe_si%C3%A8cle)\"><strong>Pl\u00e9iade<\/strong><\/a><strong>,<\/strong> n\u00e9 le <time class=\"nowrap\" datetime=\"1521-04-30\" data-sort-value=\"1521-04-30\">20 avril 1521<\/time> \u00e0 <a title=\"Bissy-sur-Fley\" href=\"https:\/\/fr.wikipedia.org\/wiki\/Bissy-sur-Fley\">Bissy-sur-Fley<\/a> et mort le <time class=\"nowrap\" datetime=\"1605-09-23\" data-sort-value=\"1605-09-23\">23 septembre 1605<\/time> au ch\u00e2teau de <a title=\"Bragny-sur-Sa\u00f4ne\" href=\"https:\/\/fr.wikipedia.org\/wiki\/Bragny-sur-Sa%C3%B4ne\">Bragny-sur-Sa\u00f4ne<\/a>.<\/p>\n<p>Voir la notice compl\u00e8te sur <a href=\"https:\/\/fr.wikipedia.org\/wiki\/Pontus_de_Tyard\"><strong>Wikip\u00e9dia<\/strong><\/a><\/p>\n<p><a href=\"https:\/\/www.pedagogie.ac-nice.fr\/daac-poesie\/2020\/12\/04\/quand-le-desir-de-ma-haute-pensee\/\"><strong>Quand le d\u00e9sir de ma haute pens\u00e9e<\/strong><\/a><\/p>\n","protected":false},"excerpt":{"rendered":"<p>Jaufr\u00e9 Rudel ou Jaufre Rudel, n\u00e9 au d\u00e9but du XIIe&nbsp;si\u00e8cle (entre 1110 et 1130) \u00e0 Blaye, et mort selon la l\u00e9gende pendant la deuxi\u00e8me croisade (vers 1148 ou vers 11701), est un troubadour aquitain de langue occitane. Il est principalement connu pour avoir d\u00e9velopp\u00e9 le th\u00e8me de \u00ab\u00a0l&rsquo;amour de loin\u00a0\u00bb (en ancien occitan&nbsp;: amor de [&hellip;]<\/p>\n","protected":false},"author":217,"featured_media":0,"parent":0,"menu_order":0,"comment_status":"closed","ping_status":"closed","template":"","meta":{"_et_pb_use_builder":"","_et_pb_old_content":"","_et_gb_content_width":"","ngg_post_thumbnail":0,"footnotes":""},"class_list":["post-89","page","type-page","status-publish","hentry"],"rttpg_featured_image_url":null,"rttpg_author":{"display_name":"Livre DAAC","author_link":"https:\/\/www.pedagogie.ac-nice.fr\/daac-poesie\/author\/tscartoni\/"},"rttpg_comment":0,"rttpg_category":null,"rttpg_excerpt":"Jaufr\u00e9 Rudel ou Jaufre Rudel, n\u00e9 au d\u00e9but du XIIe&nbsp;si\u00e8cle (entre 1110 et 1130) \u00e0 Blaye, et mort selon la l\u00e9gende pendant la deuxi\u00e8me croisade (vers 1148 ou vers 11701), est un troubadour aquitain de langue occitane. Il est principalement connu pour avoir d\u00e9velopp\u00e9 le th\u00e8me de \u00ab\u00a0l&rsquo;amour de loin\u00a0\u00bb (en ancien occitan&nbsp;: amor de\u2026","post_mailing_queue_ids":[],"_links":{"self":[{"href":"https:\/\/www.pedagogie.ac-nice.fr\/daac-poesie\/wp-json\/wp\/v2\/pages\/89","targetHints":{"allow":["GET"]}}],"collection":[{"href":"https:\/\/www.pedagogie.ac-nice.fr\/daac-poesie\/wp-json\/wp\/v2\/pages"}],"about":[{"href":"https:\/\/www.pedagogie.ac-nice.fr\/daac-poesie\/wp-json\/wp\/v2\/types\/page"}],"author":[{"embeddable":true,"href":"https:\/\/www.pedagogie.ac-nice.fr\/daac-poesie\/wp-json\/wp\/v2\/users\/217"}],"replies":[{"embeddable":true,"href":"https:\/\/www.pedagogie.ac-nice.fr\/daac-poesie\/wp-json\/wp\/v2\/comments?post=89"}],"version-history":[{"count":7,"href":"https:\/\/www.pedagogie.ac-nice.fr\/daac-poesie\/wp-json\/wp\/v2\/pages\/89\/revisions"}],"predecessor-version":[{"id":155,"href":"https:\/\/www.pedagogie.ac-nice.fr\/daac-poesie\/wp-json\/wp\/v2\/pages\/89\/revisions\/155"}],"wp:attachment":[{"href":"https:\/\/www.pedagogie.ac-nice.fr\/daac-poesie\/wp-json\/wp\/v2\/media?parent=89"}],"curies":[{"name":"wp","href":"https:\/\/api.w.org\/{rel}","templated":true}]}}