{"id":1001,"date":"2020-10-25T23:45:26","date_gmt":"2020-10-25T22:45:26","guid":{"rendered":"https:\/\/www.pedagogie.ac-nice.fr\/daac\/?page_id=1001"},"modified":"2020-10-26T23:05:07","modified_gmt":"2020-10-26T22:05:07","slug":"ensemble-baroque-de-nice","status":"publish","type":"page","link":"https:\/\/www.pedagogie.ac-nice.fr\/daac\/les-domaines-de-leac\/musique-chantchoral\/ensemble-baroque-de-nice\/","title":{"rendered":"Ensemble baroque de Nice"},"content":{"rendered":"<p style=\"text-align: right;\">Contact : Laetitia Sabatini<\/p>\n<p><a href=\"https:\/\/www.pedagogie.ac-nice.fr\/daac\/ensemble-baroque-de-nice\/baroque_nice\/\" rel=\"attachment wp-att-1002\"><img loading=\"lazy\" decoding=\"async\" class=\"size-full wp-image-1002 aligncenter\" src=\"https:\/\/www.pedagogie.ac-nice.fr\/daac\/wp-content\/uploads\/sites\/37\/2020\/10\/baroque_Nice.png\" alt=\"\" width=\"351\" height=\"144\" srcset=\"https:\/\/www.pedagogie.ac-nice.fr\/daac\/wp-content\/uploads\/sites\/37\/2020\/10\/baroque_Nice.png 351w, https:\/\/www.pedagogie.ac-nice.fr\/daac\/wp-content\/uploads\/sites\/37\/2020\/10\/baroque_Nice-300x123.png 300w\" sizes=\"(max-width: 351px) 100vw, 351px\" \/><\/a><\/p>\n<p style=\"text-align: justify;\">L&rsquo;Ensemble Baroque de Nice propose au public scolaire une action tr\u00e8s vivante et extr\u00eamement bien men\u00e9e (Une heure environ) : pr\u00e9sentation des instruments baroques, des principales caract\u00e9ristiques de cette musique et plus pr\u00e9cis\u00e9ment des musiques<br \/>\npropos\u00e9es en concert ce jour l\u00e0.<\/p>\n<p style=\"text-align: justify;\">En amont de cette action, une visite g\u00e9n\u00e9rale du Palais Lascaris peut \u00eatre organis\u00e9e avec la participation d\u2019une m\u00e9diatrice culturelle (th\u00e8me sur le baroque en g\u00e9n\u00e9ral : histoire du Palais, architecture, peinture, la vie des habitants dans ce palais ainsi que la visite de la collection des instruments de musique baroque).<\/p>\n<p style=\"text-align: justify;\">Il est \u00e9galement propos\u00e9 aux professeurs de faire une visite du Vieux-Nice Baroque avec la collaboration du Centre du Patrimoine.<\/p>\n<p style=\"text-align: justify;\">Des documents p\u00e9dagogiques pr\u00e9paratoires \u00e0 cette action sont mis \u00e0 la disposition des enseignants pour pr\u00e9parer cette action.<\/p>\n","protected":false},"excerpt":{"rendered":"<p>Contact : Laetitia Sabatini L&rsquo;Ensemble Baroque de Nice propose au public scolaire une action tr\u00e8s vivante et extr\u00eamement bien men\u00e9e (Une heure environ) : pr\u00e9sentation des instruments baroques, des principales caract\u00e9ristiques de cette musique et plus pr\u00e9cis\u00e9ment des musiques propos\u00e9es en concert ce jour l\u00e0. En amont de cette action, une visite g\u00e9n\u00e9rale du Palais [&hellip;]<\/p>\n","protected":false},"author":241,"featured_media":0,"parent":365,"menu_order":0,"comment_status":"closed","ping_status":"closed","template":"","meta":{"_et_pb_use_builder":"","_et_pb_old_content":"","_et_gb_content_width":"","ngg_post_thumbnail":0,"footnotes":""},"class_list":["post-1001","page","type-page","status-publish","hentry"],"rttpg_featured_image_url":null,"rttpg_author":{"display_name":"daacadmin","author_link":"https:\/\/www.pedagogie.ac-nice.fr\/daac\/author\/daacadmin\/"},"rttpg_comment":0,"rttpg_category":null,"rttpg_excerpt":"Contact : Laetitia Sabatini L&rsquo;Ensemble Baroque de Nice propose au public scolaire une action tr\u00e8s vivante et extr\u00eamement bien men\u00e9e (Une heure environ) : pr\u00e9sentation des instruments baroques, des principales caract\u00e9ristiques de cette musique et plus pr\u00e9cis\u00e9ment des musiques propos\u00e9es en concert ce jour l\u00e0. En amont de cette action, une visite g\u00e9n\u00e9rale du Palais\u2026","post_mailing_queue_ids":[],"_links":{"self":[{"href":"https:\/\/www.pedagogie.ac-nice.fr\/daac\/wp-json\/wp\/v2\/pages\/1001","targetHints":{"allow":["GET"]}}],"collection":[{"href":"https:\/\/www.pedagogie.ac-nice.fr\/daac\/wp-json\/wp\/v2\/pages"}],"about":[{"href":"https:\/\/www.pedagogie.ac-nice.fr\/daac\/wp-json\/wp\/v2\/types\/page"}],"author":[{"embeddable":true,"href":"https:\/\/www.pedagogie.ac-nice.fr\/daac\/wp-json\/wp\/v2\/users\/241"}],"replies":[{"embeddable":true,"href":"https:\/\/www.pedagogie.ac-nice.fr\/daac\/wp-json\/wp\/v2\/comments?post=1001"}],"version-history":[{"count":2,"href":"https:\/\/www.pedagogie.ac-nice.fr\/daac\/wp-json\/wp\/v2\/pages\/1001\/revisions"}],"predecessor-version":[{"id":1004,"href":"https:\/\/www.pedagogie.ac-nice.fr\/daac\/wp-json\/wp\/v2\/pages\/1001\/revisions\/1004"}],"up":[{"embeddable":true,"href":"https:\/\/www.pedagogie.ac-nice.fr\/daac\/wp-json\/wp\/v2\/pages\/365"}],"wp:attachment":[{"href":"https:\/\/www.pedagogie.ac-nice.fr\/daac\/wp-json\/wp\/v2\/media?parent=1001"}],"curies":[{"name":"wp","href":"https:\/\/api.w.org\/{rel}","templated":true}]}}