{"id":1005,"date":"2020-10-25T23:48:54","date_gmt":"2020-10-25T22:48:54","guid":{"rendered":"https:\/\/www.pedagogie.ac-nice.fr\/daac\/?page_id=1005"},"modified":"2020-10-26T14:53:16","modified_gmt":"2020-10-26T13:53:16","slug":"festival-daix-en-provence","status":"publish","type":"page","link":"https:\/\/www.pedagogie.ac-nice.fr\/daac\/les-domaines-de-leac\/musique-chantchoral\/festival-daix-en-provence\/","title":{"rendered":"Festival d&rsquo;Aix en Provence"},"content":{"rendered":"<p style=\"text-align: center;\">contact : Philippe Mopin \u2013 <a title=\"Composer un message \u00e0 philippe.mopin@ac-nice.fr\">philippe.mopin@ac-nice.fr<\/a><\/p>\n<p><a href=\"https:\/\/www.pedagogie.ac-nice.fr\/daac\/festival-daix-en-provence\/festival_aix\/\" rel=\"attachment wp-att-1008\"><img loading=\"lazy\" decoding=\"async\" class=\"size-full wp-image-1008 aligncenter\" src=\"https:\/\/www.pedagogie.ac-nice.fr\/daac\/wp-content\/uploads\/sites\/37\/2020\/10\/festival_aix.png\" alt=\"\" width=\"168\" height=\"166\" \/><\/a><\/p>\n<p style=\"text-align: justify;\">Acteur innovant et engag\u00e9 pour la d\u00e9mocratisation de l\u2019art et de la culture, le Festival d\u2019Aix-en-Provence a cr\u00e9\u00e9 en 2007 le service Passerelles, pour initier et p\u00e9renniser les conditions d\u2019accueil d\u2019un public d\u2019une grande pluralit\u00e9.<\/p>\n<p style=\"text-align: justify;\">Le service \u00e9ducatif propose des actions de sensibilisation \u00e0 l\u2019art lyrique ou de production musicale aux \u00e9coles, coll\u00e8ges et lyc\u00e9es de toute la R\u00e9gion SUD. Avec l\u2019ambition de faire d\u00e9couvrir l\u2019op\u00e9ra, en tant que genre musical et spectacle vivant ; approfondir un aspect (musique, histoire, m\u00e9tiers\u2026), de proposer la fr\u00e9quentation d\u2019une structure culturelle et de d\u00e9velopper la pratique artistique des \u00e9l\u00e8ves par l\u2019approche d\u2019un spectacle ou la participation \u00e0 une production du Festival d\u2019Aix.<\/p>\n<p style=\"text-align: justify;\">\u00c0 travers ces objectifs, chaque \u00e9tablissement pourra construire un projet contribuant \u00e0 :<\/p>\n<p style=\"text-align: justify;\">&#8211; Concr\u00e9tiser les liens \u00e9cole \/ coll\u00e8ge et coll\u00e8ge \/ lyc\u00e9e ;<br \/>\n&#8211; Favoriser et enrichir les liens entre l\u2019enseignement g\u00e9n\u00e9ral et l\u2019enseignement professionnel ;<br \/>\n&#8211; Lutter contre le d\u00e9crochage scolaire et l\u2019absent\u00e9isme ;<br \/>\n&#8211; Elargir les domaines artistiques abord\u00e9s \u00e0 l\u2019\u00e9cole ;<br \/>\n&#8211; Favoriser l\u2019interdisciplinarit\u00e9 ;<br \/>\n&#8211; Pr\u00e9parer au devenir citoyen.<\/p>\n<p>Pour aller plus loin : <a href=\"https:\/\/festival-aix.com\/fr\" target=\"_blank\" rel=\"https:\/\/festival-aix.com\/fr noopener noreferrer\"><img loading=\"lazy\" decoding=\"async\" class=\"alignnone wp-image-359 size-full\" src=\"https:\/\/www.pedagogie.ac-nice.fr\/daac\/wp-content\/uploads\/sites\/37\/2020\/08\/bouton_connexion.png\" alt=\"\" width=\"71\" height=\"70\" \/><\/a><\/p>\n","protected":false},"excerpt":{"rendered":"<p>contact : Philippe Mopin \u2013 philippe.mopin@ac-nice.fr Acteur innovant et engag\u00e9 pour la d\u00e9mocratisation de l\u2019art et de la culture, le Festival d\u2019Aix-en-Provence a cr\u00e9\u00e9 en 2007 le service Passerelles, pour initier et p\u00e9renniser les conditions d\u2019accueil d\u2019un public d\u2019une grande pluralit\u00e9. Le service \u00e9ducatif propose des actions de sensibilisation \u00e0 l\u2019art lyrique ou de production [&hellip;]<\/p>\n","protected":false},"author":241,"featured_media":0,"parent":365,"menu_order":0,"comment_status":"closed","ping_status":"closed","template":"","meta":{"_et_pb_use_builder":"","_et_pb_old_content":"","_et_gb_content_width":"","ngg_post_thumbnail":0,"footnotes":""},"class_list":["post-1005","page","type-page","status-publish","hentry"],"rttpg_featured_image_url":null,"rttpg_author":{"display_name":"daacadmin","author_link":"https:\/\/www.pedagogie.ac-nice.fr\/daac\/author\/daacadmin\/"},"rttpg_comment":0,"rttpg_category":null,"rttpg_excerpt":"contact : Philippe Mopin \u2013 philippe.mopin@ac-nice.fr Acteur innovant et engag\u00e9 pour la d\u00e9mocratisation de l\u2019art et de la culture, le Festival d\u2019Aix-en-Provence a cr\u00e9\u00e9 en 2007 le service Passerelles, pour initier et p\u00e9renniser les conditions d\u2019accueil d\u2019un public d\u2019une grande pluralit\u00e9. Le service \u00e9ducatif propose des actions de sensibilisation \u00e0 l\u2019art lyrique ou de production\u2026","post_mailing_queue_ids":[],"_links":{"self":[{"href":"https:\/\/www.pedagogie.ac-nice.fr\/daac\/wp-json\/wp\/v2\/pages\/1005","targetHints":{"allow":["GET"]}}],"collection":[{"href":"https:\/\/www.pedagogie.ac-nice.fr\/daac\/wp-json\/wp\/v2\/pages"}],"about":[{"href":"https:\/\/www.pedagogie.ac-nice.fr\/daac\/wp-json\/wp\/v2\/types\/page"}],"author":[{"embeddable":true,"href":"https:\/\/www.pedagogie.ac-nice.fr\/daac\/wp-json\/wp\/v2\/users\/241"}],"replies":[{"embeddable":true,"href":"https:\/\/www.pedagogie.ac-nice.fr\/daac\/wp-json\/wp\/v2\/comments?post=1005"}],"version-history":[{"count":3,"href":"https:\/\/www.pedagogie.ac-nice.fr\/daac\/wp-json\/wp\/v2\/pages\/1005\/revisions"}],"predecessor-version":[{"id":1043,"href":"https:\/\/www.pedagogie.ac-nice.fr\/daac\/wp-json\/wp\/v2\/pages\/1005\/revisions\/1043"}],"up":[{"embeddable":true,"href":"https:\/\/www.pedagogie.ac-nice.fr\/daac\/wp-json\/wp\/v2\/pages\/365"}],"wp:attachment":[{"href":"https:\/\/www.pedagogie.ac-nice.fr\/daac\/wp-json\/wp\/v2\/media?parent=1005"}],"curies":[{"name":"wp","href":"https:\/\/api.w.org\/{rel}","templated":true}]}}