{"id":1011,"date":"2020-10-25T23:53:36","date_gmt":"2020-10-25T22:53:36","guid":{"rendered":"https:\/\/www.pedagogie.ac-nice.fr\/daac\/?page_id=1011"},"modified":"2020-10-26T14:43:05","modified_gmt":"2020-10-26T13:43:05","slug":"pole-culturel-chabran","status":"publish","type":"page","link":"https:\/\/www.pedagogie.ac-nice.fr\/daac\/les-domaines-de-leac\/musique-chantchoral\/pole-culturel-chabran\/","title":{"rendered":"P\u00f4le culturel Chabran"},"content":{"rendered":"<p style=\"text-align: right;\">Contact : S\u00e9bastien Lambert<\/p>\n<p><a href=\"https:\/\/www.pedagogie.ac-nice.fr\/daac\/pole-culturel-chabran\/chabran_draguignan\/\" rel=\"attachment wp-att-1015\"><img loading=\"lazy\" decoding=\"async\" class=\"size-full wp-image-1015 aligncenter\" src=\"https:\/\/www.pedagogie.ac-nice.fr\/daac\/wp-content\/uploads\/sites\/37\/2020\/10\/chabran_draguignan.png\" alt=\"\" width=\"275\" height=\"183\" \/><\/a><\/p>\n<p style=\"text-align: justify;\">Un partenariat entre le conservatoire de Draguignan va permettre aux coll\u00e9giens et lyc\u00e9ens de l\u2019Acad\u00e9mie de Nice d\u2019aller \u00e0 la rencontre d\u2019artistes des sc\u00e8nes musicales internationales, tous r\u00e9pertoires\u00a0 confondus : baroque, classique, jazz actuel, spectacle musical ainsi que la cr\u00e9ation d\u2019op\u00e9ra pour enfant.<\/p>\n<p style=\"text-align: justify;\">Ces premi\u00e8res rencontres sont l\u2019occasion d\u2019offrir aux \u00e9l\u00e8ves un parcours singulier \u00e0 travers une programmation originale et \u00e9clectique. C\u2019est une opportunit\u00e9 exceptionnelle pour nos \u00e9l\u00e8ves qui vont\u00a0 entendre des oeuvres quelques heures avant qu\u2019elles soient donn\u00e9es en concert.<\/p>\n<p style=\"text-align: justify;\">Les diff\u00e9rents programmes propos\u00e9s cette ann\u00e9e permettent aussi une saisie de ces rencontres \u00e0 des disciplines autres que la seule \u00c9ducation Musicale. Au-del\u00e0 des grands axes p\u00e9dagogiques inh\u00e9rents \u00e0 ces rencontres (pr\u00e9sentation et identification des instruments utilis\u00e9s, organisation musicale, r\u00f4le des musiciens dans l\u2019ensemble musical, analyse de quelques exemples) se situent les diff\u00e9rents domaines du socle commun : langages (linguistiques et musicaux) pour penser et communiquer, formation de la personne et\u00a0 du citoyen, repr\u00e9sentations du monde et l\u2019activit\u00e9 humaine\u2026<\/p>\n","protected":false},"excerpt":{"rendered":"<p>Contact : S\u00e9bastien Lambert Un partenariat entre le conservatoire de Draguignan va permettre aux coll\u00e9giens et lyc\u00e9ens de l\u2019Acad\u00e9mie de Nice d\u2019aller \u00e0 la rencontre d\u2019artistes des sc\u00e8nes musicales internationales, tous r\u00e9pertoires\u00a0 confondus : baroque, classique, jazz actuel, spectacle musical ainsi que la cr\u00e9ation d\u2019op\u00e9ra pour enfant. Ces premi\u00e8res rencontres sont l\u2019occasion d\u2019offrir aux \u00e9l\u00e8ves [&hellip;]<\/p>\n","protected":false},"author":241,"featured_media":0,"parent":365,"menu_order":0,"comment_status":"closed","ping_status":"closed","template":"","meta":{"_et_pb_use_builder":"","_et_pb_old_content":"","_et_gb_content_width":"","ngg_post_thumbnail":0,"footnotes":""},"class_list":["post-1011","page","type-page","status-publish","hentry"],"rttpg_featured_image_url":null,"rttpg_author":{"display_name":"daacadmin","author_link":"https:\/\/www.pedagogie.ac-nice.fr\/daac\/author\/daacadmin\/"},"rttpg_comment":0,"rttpg_category":null,"rttpg_excerpt":"Contact : S\u00e9bastien Lambert Un partenariat entre le conservatoire de Draguignan va permettre aux coll\u00e9giens et lyc\u00e9ens de l\u2019Acad\u00e9mie de Nice d\u2019aller \u00e0 la rencontre d\u2019artistes des sc\u00e8nes musicales internationales, tous r\u00e9pertoires\u00a0 confondus : baroque, classique, jazz actuel, spectacle musical ainsi que la cr\u00e9ation d\u2019op\u00e9ra pour enfant. Ces premi\u00e8res rencontres sont l\u2019occasion d\u2019offrir aux \u00e9l\u00e8ves\u2026","post_mailing_queue_ids":[],"_links":{"self":[{"href":"https:\/\/www.pedagogie.ac-nice.fr\/daac\/wp-json\/wp\/v2\/pages\/1011","targetHints":{"allow":["GET"]}}],"collection":[{"href":"https:\/\/www.pedagogie.ac-nice.fr\/daac\/wp-json\/wp\/v2\/pages"}],"about":[{"href":"https:\/\/www.pedagogie.ac-nice.fr\/daac\/wp-json\/wp\/v2\/types\/page"}],"author":[{"embeddable":true,"href":"https:\/\/www.pedagogie.ac-nice.fr\/daac\/wp-json\/wp\/v2\/users\/241"}],"replies":[{"embeddable":true,"href":"https:\/\/www.pedagogie.ac-nice.fr\/daac\/wp-json\/wp\/v2\/comments?post=1011"}],"version-history":[{"count":2,"href":"https:\/\/www.pedagogie.ac-nice.fr\/daac\/wp-json\/wp\/v2\/pages\/1011\/revisions"}],"predecessor-version":[{"id":1017,"href":"https:\/\/www.pedagogie.ac-nice.fr\/daac\/wp-json\/wp\/v2\/pages\/1011\/revisions\/1017"}],"up":[{"embeddable":true,"href":"https:\/\/www.pedagogie.ac-nice.fr\/daac\/wp-json\/wp\/v2\/pages\/365"}],"wp:attachment":[{"href":"https:\/\/www.pedagogie.ac-nice.fr\/daac\/wp-json\/wp\/v2\/media?parent=1011"}],"curies":[{"name":"wp","href":"https:\/\/api.w.org\/{rel}","templated":true}]}}