{"id":10582,"date":"2022-01-16T12:14:03","date_gmt":"2022-01-16T11:14:03","guid":{"rendered":"https:\/\/www.pedagogie.ac-nice.fr\/daac\/?page_id=10582"},"modified":"2023-02-21T11:59:46","modified_gmt":"2023-02-21T10:59:46","slug":"la-streetschool-du-theatre-de-grasse","status":"publish","type":"page","link":"https:\/\/www.pedagogie.ac-nice.fr\/daac\/la-streetschool-du-theatre-de-grasse\/","title":{"rendered":"La StreetSchool du Th\u00e9\u00e2tre de Grasse"},"content":{"rendered":"<p>[et_pb_section fb_built=\u00a0\u00bb1&Prime; _builder_version=\u00a0\u00bb4.10.7&Prime; _module_preset=\u00a0\u00bbdefault\u00a0\u00bb global_colors_info=\u00a0\u00bb{}\u00a0\u00bb][et_pb_row column_structure=\u00a0\u00bb1_4,3_4&Prime; _builder_version=\u00a0\u00bb4.10.7&Prime; _module_preset=\u00a0\u00bbdefault\u00a0\u00bb global_colors_info=\u00a0\u00bb{}\u00a0\u00bb][et_pb_column type=\u00a0\u00bb1_4&Prime; _builder_version=\u00a0\u00bb4.10.7&Prime; _module_preset=\u00a0\u00bbdefault\u00a0\u00bb global_colors_info=\u00a0\u00bb{}\u00a0\u00bb][et_pb_text admin_label=\u00a0\u00bbvisuel\u00a0\u00bb _builder_version=\u00a0\u00bb4.10.7&Prime; _module_preset=\u00a0\u00bbdefault\u00a0\u00bb custom_margin=\u00a0\u00bb||10px|||\u00a0\u00bb global_colors_info=\u00a0\u00bb{}\u00a0\u00bb]<\/p>\n<p><img loading=\"lazy\" decoding=\"async\" class=\"alignnone size-medium wp-image-10673 aligncenter\" src=\"https:\/\/www.pedagogie.ac-nice.fr\/daac\/wp-content\/uploads\/sites\/37\/2022\/01\/Des-Unis_c_Gabbanelli_DSC0870-300x200.jpg\" alt=\"\" width=\"300\" height=\"200\" srcset=\"https:\/\/www.pedagogie.ac-nice.fr\/daac\/wp-content\/uploads\/sites\/37\/2022\/01\/Des-Unis_c_Gabbanelli_DSC0870-300x200.jpg 300w, https:\/\/www.pedagogie.ac-nice.fr\/daac\/wp-content\/uploads\/sites\/37\/2022\/01\/Des-Unis_c_Gabbanelli_DSC0870-1024x683.jpg 1024w, https:\/\/www.pedagogie.ac-nice.fr\/daac\/wp-content\/uploads\/sites\/37\/2022\/01\/Des-Unis_c_Gabbanelli_DSC0870-768x512.jpg 768w, https:\/\/www.pedagogie.ac-nice.fr\/daac\/wp-content\/uploads\/sites\/37\/2022\/01\/Des-Unis_c_Gabbanelli_DSC0870-1536x1024.jpg 1536w, https:\/\/www.pedagogie.ac-nice.fr\/daac\/wp-content\/uploads\/sites\/37\/2022\/01\/Des-Unis_c_Gabbanelli_DSC0870-2048x1365.jpg 2048w, https:\/\/www.pedagogie.ac-nice.fr\/daac\/wp-content\/uploads\/sites\/37\/2022\/01\/Des-Unis_c_Gabbanelli_DSC0870-1080x720.jpg 1080w\" sizes=\"(max-width: 300px) 100vw, 300px\" \/><\/p>\n<p>[\/et_pb_text][et_pb_divider _builder_version=\u00a0\u00bb4.10.7&Prime; _module_preset=\u00a0\u00bbdefault\u00a0\u00bb custom_margin=\u00a0\u00bb||6px|||\u00a0\u00bb global_colors_info=\u00a0\u00bb{}\u00a0\u00bb][\/et_pb_divider][et_pb_text admin_label=\u00a0\u00bbdanse\u00a0\u00bb _builder_version=\u00a0\u00bb4.10.7&Prime; _module_preset=\u00a0\u00bbdefault\u00a0\u00bb custom_margin=\u00a0\u00bb||10px|||\u00a0\u00bb global_colors_info=\u00a0\u00bb{}\u00a0\u00bb]<\/p>\n<p><a href=\"https:\/\/www.pedagogie.ac-nice.fr\/daac\/domaine-danse-asv\/\" target=\"_blank\" rel=\"noopener\"><img loading=\"lazy\" decoding=\"async\" class=\"size-medium wp-image-5923 aligncenter\" src=\"https:\/\/www.pedagogie.ac-nice.fr\/daac\/wp-content\/uploads\/sites\/37\/2021\/09\/danse-300x192.png\" alt=\"\" width=\"300\" height=\"192\" srcset=\"https:\/\/www.pedagogie.ac-nice.fr\/daac\/wp-content\/uploads\/sites\/37\/2021\/09\/danse-300x192.png 300w, https:\/\/www.pedagogie.ac-nice.fr\/daac\/wp-content\/uploads\/sites\/37\/2021\/09\/danse.png 346w\" sizes=\"(max-width: 300px) 100vw, 300px\" \/><\/a><\/p>\n<p>[\/et_pb_text][et_pb_divider _builder_version=\u00a0\u00bb4.10.7&Prime; _module_preset=\u00a0\u00bbdefault\u00a0\u00bb custom_margin=\u00a0\u00bb||6px|||\u00a0\u00bb global_colors_info=\u00a0\u00bb{}\u00a0\u00bb][\/et_pb_divider][et_pb_text admin_label=\u00a0\u00bbPartenaire\u00a0\u00bb _builder_version=\u00a0\u00bb4.10.7&Prime; _module_preset=\u00a0\u00bbdefault\u00a0\u00bb custom_margin=\u00a0\u00bb||12px|||\u00a0\u00bb custom_padding=\u00a0\u00bb|0px||||\u00a0\u00bb global_colors_info=\u00a0\u00bb{}\u00a0\u00bb]<\/p>\n<p><img loading=\"lazy\" decoding=\"async\" class=\"alignnone size-medium wp-image-7600 aligncenter\" src=\"https:\/\/www.pedagogie.ac-nice.fr\/daac\/wp-content\/uploads\/sites\/37\/2021\/10\/structures_partenaires-300x201.png\" alt=\"\" width=\"300\" height=\"201\" srcset=\"https:\/\/www.pedagogie.ac-nice.fr\/daac\/wp-content\/uploads\/sites\/37\/2021\/10\/structures_partenaires-300x201.png 300w, https:\/\/www.pedagogie.ac-nice.fr\/daac\/wp-content\/uploads\/sites\/37\/2021\/10\/structures_partenaires.png 360w\" sizes=\"(max-width: 300px) 100vw, 300px\" \/><\/p>\n<p>[\/et_pb_text][et_pb_divider _builder_version=\u00a0\u00bb4.10.7&Prime; _module_preset=\u00a0\u00bbdefault\u00a0\u00bb global_colors_info=\u00a0\u00bb{}\u00a0\u00bb][\/et_pb_divider][et_pb_text admin_label=\u00a0\u00bbgrasse\u00a0\u00bb _builder_version=\u00a0\u00bb4.10.7&Prime; _module_preset=\u00a0\u00bbdefault\u00a0\u00bb custom_margin=\u00a0\u00bb-35px||11px|||\u00a0\u00bb global_colors_info=\u00a0\u00bb{}\u00a0\u00bb]<\/p>\n<p><img loading=\"lazy\" decoding=\"async\" class=\"alignnone size-full wp-image-3414 aligncenter\" src=\"https:\/\/www.pedagogie.ac-nice.fr\/daac\/wp-content\/uploads\/sites\/37\/2021\/05\/logo_th_grasse.jpg\" alt=\"\" width=\"225\" height=\"225\" srcset=\"https:\/\/www.pedagogie.ac-nice.fr\/daac\/wp-content\/uploads\/sites\/37\/2021\/05\/logo_th_grasse.jpg 225w, https:\/\/www.pedagogie.ac-nice.fr\/daac\/wp-content\/uploads\/sites\/37\/2021\/05\/logo_th_grasse-150x150.jpg 150w\" sizes=\"(max-width: 225px) 100vw, 225px\" \/><\/p>\n<p>[\/et_pb_text][et_pb_divider _builder_version=\u00a0\u00bb4.10.7&Prime; _module_preset=\u00a0\u00bbdefault\u00a0\u00bb global_colors_info=\u00a0\u00bb{}\u00a0\u00bb][\/et_pb_divider][et_pb_text admin_label=\u00a0\u00bbAdage\u00a0\u00bb _builder_version=\u00a0\u00bb4.10.7&Prime; _module_preset=\u00a0\u00bbdefault\u00a0\u00bb custom_margin=\u00a0\u00bb-28px|||||\u00a0\u00bb global_colors_info=\u00a0\u00bb{}\u00a0\u00bb]<\/p>\n<p><a href=\"https:\/\/www.pedagogie.ac-nice.fr\/daac\/adage\/\" target=\"_blank\" rel=\"noopener\"><img loading=\"lazy\" decoding=\"async\" class=\"aligncenter wp-image-314 size-medium\" src=\"https:\/\/www.pedagogie.ac-nice.fr\/daac\/wp-content\/uploads\/sites\/37\/2020\/08\/visuel-300x223.png\" alt=\"Adage est la plateforme qui permet de partage et de suivre l'actualit\u00e9 des projets EAC sur le territoire\" width=\"300\" height=\"223\" srcset=\"https:\/\/www.pedagogie.ac-nice.fr\/daac\/wp-content\/uploads\/sites\/37\/2020\/08\/visuel-300x223.png 300w, https:\/\/www.pedagogie.ac-nice.fr\/daac\/wp-content\/uploads\/sites\/37\/2020\/08\/visuel.png 368w\" sizes=\"(max-width: 300px) 100vw, 300px\" \/><\/a><\/p>\n<p>[\/et_pb_text][et_pb_divider _builder_version=\u00a0\u00bb4.10.7&Prime; _module_preset=\u00a0\u00bbdefault\u00a0\u00bb global_colors_info=\u00a0\u00bb{}\u00a0\u00bb][\/et_pb_divider][et_pb_text admin_label=\u00a0\u00bbPass culture\u00a0\u00bb _builder_version=\u00a0\u00bb4.10.7&Prime; _module_preset=\u00a0\u00bbdefault\u00a0\u00bb custom_margin=\u00a0\u00bb-16px|||||\u00a0\u00bb global_colors_info=\u00a0\u00bb{}\u00a0\u00bb]<\/p>\n<p><a href=\"https:\/\/www.pedagogie.ac-nice.fr\/daac\/monter-son-projet-avec-le-pass-culture\/\" target=\"_blank\" rel=\"noopener\"><img loading=\"lazy\" decoding=\"async\" class=\"aligncenter wp-image-9266 size-full\" src=\"https:\/\/www.pedagogie.ac-nice.fr\/daac\/wp-content\/uploads\/sites\/37\/2021\/11\/pass_culture_coll_logo.jpg\" alt=\"\" width=\"228\" height=\"111\"><\/a><\/p>\n<p>[\/et_pb_text][et_pb_divider _builder_version=\u00a0\u00bb4.10.7&Prime; _module_preset=\u00a0\u00bbdefault\u00a0\u00bb global_colors_info=\u00a0\u00bb{}\u00a0\u00bb][\/et_pb_divider][et_pb_text admin_label=\u00a0\u00bbversion imprimable\u00a0\u00bb _builder_version=\u00a0\u00bb4.10.7&Prime; _module_preset=\u00a0\u00bbdefault\u00a0\u00bb custom_margin=\u00a0\u00bb-30px|||||\u00a0\u00bb hover_enabled=\u00a0\u00bb0&Prime; global_colors_info=\u00a0\u00bb{}\u00a0\u00bb text_font=\u00a0\u00bbTrebuchet||||||||\u00a0\u00bb sticky_enabled=\u00a0\u00bb0&Prime;]<\/p>\n<p style=\"text-align: center;\"><span style=\"color: #0000ff;\"><span style=\"color: #993366;\"><a href=\"https:\/\/www.pedagogie.ac-nice.fr\/daac\/wp-content\/uploads\/sites\/37\/2022\/01\/Projet_EAC_StreetSchool_Grasse.pdf\" target=\"_blank\" rel=\"noopener\" style=\"color: #993366;\"><strong>Version imprimable du projet<\/strong><\/a><\/span><br \/><a href=\"_wp_link_placeholder\"><img loading=\"lazy\" decoding=\"async\" class=\"alignnone wp-image-8629\" src=\"https:\/\/www.pedagogie.ac-nice.fr\/daac\/wp-content\/uploads\/sites\/37\/2021\/10\/fichier_pdf.jpg\" alt=\"\" width=\"160\" height=\"167\" \/><\/a><br \/><\/span><\/p>\n<p>[\/et_pb_text][\/et_pb_column][et_pb_column type=\u00a0\u00bb3_4&Prime; _builder_version=\u00a0\u00bb4.10.7&Prime; _module_preset=\u00a0\u00bbdefault\u00a0\u00bb global_colors_info=\u00a0\u00bb{}\u00a0\u00bb][et_pb_text admin_label=\u00a0\u00bbPartenaire\u00a0\u00bb _builder_version=\u00a0\u00bb4.10.7&Prime; _module_preset=\u00a0\u00bbdefault\u00a0\u00bb hover_enabled=\u00a0\u00bb0&Prime; global_colors_info=\u00a0\u00bb{}\u00a0\u00bb text_font=\u00a0\u00bbTrebuchet||||||||\u00a0\u00bb text_font_size=\u00a0\u00bb16px\u00a0\u00bb text_orientation=\u00a0\u00bbjustified\u00a0\u00bb sticky_enabled=\u00a0\u00bb0&Prime;]<\/p>\n<p class=\"western\" align=\"center\"><span style=\"font-size: 24pt; color: #993366;\"><strong><span style=\"font-family: Calibri, sans-serif;\">La StreetSchool du Th\u00e9\u00e2tre de Grasse<\/span><\/strong><\/span><\/p>\n<p class=\"western\" align=\"center\"><span style=\"font-family: Calibri, sans-serif; color: #993366;\"><span style=\"font-size: x-large;\"><b>Th\u00e9\u00e2tre de Grasse<\/b><\/span><\/span><\/p>\n<p class=\"western\" align=\"center\"><span style=\"font-family: Calibri, sans-serif; color: #993366;\"><span style=\"font-size: x-large;\"><b>2021\/2022<\/b><\/span><\/span><\/p>\n<p class=\"western\" align=\"justify\"><span style=\"color: #000000;\"><span style=\"font-family: Calibri, sans-serif;\">Pour la premi\u00e8re fois, le <strong>Th\u00e9\u00e2tre de Grasse<\/strong> organise une action d\u2019\u00e9ducation artistique et culturelle, <\/span><span style=\"font-family: Calibri, sans-serif;\"><b>La StreetSchool<\/b><\/span><span style=\"font-family: Calibri, sans-serif;\"> \u00e0 destination des lyc\u00e9ens grassois.<br \/>Le temps d\u2019<strong>une journ\u00e9e dans chaque \u00e9tablissement<\/strong>, ce projet<strong> centr\u00e9 autour de 2 disciplines artistiques<\/strong> que sont la <strong>danse hip hop et le rap\/slam<\/strong>, m\u00ealera \u00e0 la fois :<br \/><\/span><\/span><\/p>\n<p><span style=\"color: #000000;\"><span style=\"font-family: Calibri, sans-serif;\">&#8211; R\u00e9sidence d\u2019artistes<br \/><\/span><span style=\"font-family: Calibri, sans-serif;\">&#8211; Spectacles intra-muros<br \/>&#8211; Temps de pratique<br \/>&#8211; Temps de rencontre et discussion avec les artistes + tremplin d\u2019expression<br \/><\/span><\/span><\/p>\n<p class=\"western\" align=\"justify\"><span style=\"font-family: Calibri, sans-serif; color: #000000;\">Ce projet s\u2019appuiera sur <strong>les trois piliers de l\u2019\u00e9ducation artistique et culturelle<\/strong>\u00a0: rencontre avec les artistes, fr\u00e9quentation des \u0153uvres, pratique artistique et acquisition de connaissances.<\/span><\/p>\n<p class=\"western\" align=\"justify\"><span style=\"font-family: Calibri, sans-serif; color: #000000;\">Ce projet concernera les \u00e9l\u00e8ves des 5 lyc\u00e9es grassois.<\/span><\/p>\n<p style=\"text-align: center;\" align=\"justify\"><span style=\"color: #000000;\"><strong>Objectifs du projet\u00a0<\/strong><\/span><\/p>\n<ul>\n<li class=\"western\" style=\"text-align: justify;\"><span style=\"font-family: Calibri, sans-serif; color: #000000;\">D\u00e9couvrir et pratiquer une activit\u00e9 artistique et culturelle : la danse hip hop, le rap ou le slam ;<\/span><\/li>\n<li class=\"western\" style=\"text-align: justify;\"><span style=\"font-family: Calibri, sans-serif; color: #000000;\">Travailler avec une structure culturelle de proximit\u00e9, le th\u00e9\u00e2tre de Grasse, pour d\u00e9couvrir des pratiques artistiques et des artistes ;<\/span><\/li>\n<li class=\"western\" style=\"text-align: justify;\"><span style=\"font-family: Calibri, sans-serif; color: #000000;\">Construire une \u00e9cole du spectateur et cr\u00e9er les conditions d\u2019une rencontre avec les \u0153uvres et les artistes ;<\/span><\/li>\n<li style=\"text-align: justify;\"><span style=\"font-family: Calibri, sans-serif; color: #000000;\">Passer de la pratique artistique \u00e0 l\u2019expression artistique : pratiquer pour conna\u00eetre et formuler un avis justifi\u00e9 mais aussi mettre en \u0153uvre un processus de cr\u00e9ation et mobiliser son imagination et sa cr\u00e9ativit\u00e9 au service d\u2019un projet personnel ;<\/span><\/li>\n<li style=\"text-align: justify;\"><span style=\"color: #000000;\">\u00a0<span style=\"font-family: Calibri, sans-serif;\">Vivre un projet, moment collectif et de partage, qui sera support aux apprentissages dans les diff\u00e9rents champs disciplinaires, notamment dans le domaine de la langue orale (et du grand oral), des arts, de l\u2019\u00e9ducation physique et sportive\u2026<\/span><\/span><\/li>\n<\/ul>\n<p style=\"text-align: center;\"><span style=\"color: #000000;\"><strong>Contenu du projet\u00a0<\/strong><\/span><\/p>\n<ul>\n<li>\n<p class=\"western\" align=\"justify\"><span style=\"color: #000000;\"><strong><span style=\"font-family: Calibri, sans-serif;\">Ecole du spectateur<\/span><\/strong><span style=\"font-family: Calibri, sans-serif;\"> : R\u00e9cr\u00e9s cr\u00e9atives &gt; plusieurs performances artistiques en danse hip hop ou en rap\/slam dans diff\u00e9rents endroits de l\u2019\u00e9tablissement lors de la r\u00e9cr\u00e9ation du matin, de la pause m\u00e9ridienne et de la r\u00e9cr\u00e9ation de l\u2019apr\u00e8s-midi.\u00a0<\/span><\/span><\/p>\n<\/li>\n<li>\n<p class=\"western\" align=\"justify\"><span style=\"color: #000000;\"><strong><span style=\"font-family: Calibri, sans-serif;\">Ateliers de pratique artistique<\/span><\/strong><span style=\"font-family: Calibri, sans-serif;\"> en danse hip hop et en rap\/slam avec des artistes professionnels<\/span><\/span><\/p>\n<\/li>\n<li>\n<p class=\"western\" align=\"justify\"><span style=\"font-family: Calibri, sans-serif; color: #000000;\">1h30 d\u2019intervention d\u2019artistes pour chaque classe inscrite : rencontre et pratique<\/span><\/p>\n<\/li>\n<\/ul>\n<ul>\n<li>\n<p class=\"western\" align=\"justify\"><span style=\"color: #000000;\"><strong><span style=\"font-family: Calibri, sans-serif;\">Expression artistique <\/span><\/strong><span style=\"font-family: Calibri, sans-serif;\">lors d\u2019un tremplin ouvert aux danseurs et aux rappeurs\/slameurs amateurs (durant la pause m\u00e9ridienne)<\/span><\/span><\/p>\n<\/li>\n<li>\n<p class=\"western\" align=\"justify\"><span style=\"font-family: Calibri, sans-serif; color: #000000;\">Pour les enseignants et les \u00e9l\u00e8ves du lyc\u00e9e, possibilit\u00e9 d\u2019assister \u00e0 tarif pr\u00e9f\u00e9rentiel \u00e0 des spectacles du <strong>temps fort danse hip hop (du 20 mars au 7 avril)<\/strong><\/span><\/p>\n<\/li>\n<li>\n<p class=\"western\" align=\"justify\"><span style=\"font-family: Calibri, sans-serif; color: #000000;\">Pour les \u00e9l\u00e8ves, possibilit\u00e9 de participer \u00e0 un open mic (sc\u00e8ne ouverte rap\/slam) organis\u00e9 le 7 avril au Th\u00e9\u00e2tre de Grasse, ainsi qu\u2019\u00e0 des ateliers gratuits d\u2019initiation en danse hip hop, rap\/slam, graff, Djing propos\u00e9s <strong>du 11 au 13 avril au Th\u00e9\u00e2tre de Grasse.<\/strong><\/span><\/p>\n<\/li>\n<\/ul>\n<p style=\"text-align: center;\"><span style=\"color: #000000;\"><strong>D\u00e9roul\u00e9 du projet\u00a0<\/strong><\/span><\/p>\n<ul>\n<li>\n<p align=\"justify\"><span style=\"color: #000000;\"><strong><span style=\"font-family: Calibri, sans-serif;\">Entre le 14 mars et le 1<\/span><sup><span style=\"font-family: Calibri, sans-serif;\">er<\/span><\/sup><span style=\"font-family: Calibri, sans-serif;\"> avril 2022 \u2013 sur 1 seule journ\u00e9e<\/span><\/strong><\/span><\/p>\n<\/li>\n<\/ul>\n<p align=\"justify\"><span style=\"color: #000000;\"><span style=\"font-family: Calibri, sans-serif;\"><b>De 9h \u00e0 17h\u00a0: <\/b><\/span><span style=\"font-family: Calibri, sans-serif;\">pr\u00e9sence artistique dans l\u2019\u00e9tablissement<\/span><\/span><\/p>\n<p class=\"western\"><span style=\"color: #000000;\"><span style=\"font-family: Calibri, sans-serif;\"><b>De 9h \u00e0 17h\u00a0: <\/b><\/span><span style=\"font-family: Calibri, sans-serif;\">ateliers de pratique en danse hip hop et en rap\/slam (par classe et sur inscription pr\u00e9alable)<\/span><\/span><\/p>\n<p class=\"western\"><span style=\"color: #000000;\"><span style=\"font-family: Calibri, sans-serif;\"><b>De 10h \u00e0 10h15 \/ de 12h \u00e0 14h \/ de 16h \u00e0 16h45\u00a0: <\/b><\/span><span style=\"font-family: Calibri, sans-serif;\">r\u00e9cr\u00e9s cr\u00e9atives \/ performances artistiques dans diff\u00e9rents espaces<\/span><\/span><\/p>\n<p class=\"western\"><span style=\"color: #000000;\"><span style=\"font-family: Calibri, sans-serif;\"><b>De 13h \u00e0 14h\u00a0:<\/b><\/span><span style=\"font-family: Calibri, sans-serif;\"> tremplin danse hip hop et rap\/slam (\u00e9l\u00e8ves pr\u00e9par\u00e9s par leurs enseignants + tout \u00e9l\u00e8ve volontaire)<\/span><\/span><\/p>\n<p style=\"text-align: center;\"><span style=\"color: #000000;\"><strong>Financement du projet<\/strong><\/span><\/p>\n<p class=\"western\" align=\"justify\"><span style=\"font-family: Calibri, sans-serif; color: #000000;\">Le TDG va proposer cette action via la plateforme<strong> \u00ab\u00a0offre collective\u00a0\u00bb du Pass Culture<\/strong>.<\/span><\/p>\n<p>[\/et_pb_text][\/et_pb_column][\/et_pb_row][\/et_pb_section]<\/p>\n","protected":false},"excerpt":{"rendered":"<p>Version imprimable du projetLa StreetSchool du Th\u00e9\u00e2tre de Grasse Th\u00e9\u00e2tre de Grasse 2021\/2022 Pour la premi\u00e8re fois, le Th\u00e9\u00e2tre de Grasse organise une action d\u2019\u00e9ducation artistique et culturelle, La StreetSchool \u00e0 destination des lyc\u00e9ens grassois.Le temps d\u2019une journ\u00e9e dans chaque \u00e9tablissement, ce projet centr\u00e9 autour de 2 disciplines artistiques que sont la danse hip hop [&hellip;]<\/p>\n","protected":false},"author":241,"featured_media":0,"parent":0,"menu_order":0,"comment_status":"closed","ping_status":"closed","template":"","meta":{"_et_pb_use_builder":"on","_et_pb_old_content":"","_et_gb_content_width":"","ngg_post_thumbnail":0,"footnotes":""},"class_list":["post-10582","page","type-page","status-publish","hentry"],"rttpg_featured_image_url":null,"rttpg_author":{"display_name":"daacadmin","author_link":"https:\/\/www.pedagogie.ac-nice.fr\/daac\/author\/daacadmin\/"},"rttpg_comment":0,"rttpg_category":null,"rttpg_excerpt":"Version imprimable du projetLa StreetSchool du Th\u00e9\u00e2tre de Grasse Th\u00e9\u00e2tre de Grasse 2021\/2022 Pour la premi\u00e8re fois, le Th\u00e9\u00e2tre de Grasse organise une action d\u2019\u00e9ducation artistique et culturelle, La StreetSchool \u00e0 destination des lyc\u00e9ens grassois.Le temps d\u2019une journ\u00e9e dans chaque \u00e9tablissement, ce projet centr\u00e9 autour de 2 disciplines artistiques que sont la danse hip hop\u2026","post_mailing_queue_ids":[],"_links":{"self":[{"href":"https:\/\/www.pedagogie.ac-nice.fr\/daac\/wp-json\/wp\/v2\/pages\/10582","targetHints":{"allow":["GET"]}}],"collection":[{"href":"https:\/\/www.pedagogie.ac-nice.fr\/daac\/wp-json\/wp\/v2\/pages"}],"about":[{"href":"https:\/\/www.pedagogie.ac-nice.fr\/daac\/wp-json\/wp\/v2\/types\/page"}],"author":[{"embeddable":true,"href":"https:\/\/www.pedagogie.ac-nice.fr\/daac\/wp-json\/wp\/v2\/users\/241"}],"replies":[{"embeddable":true,"href":"https:\/\/www.pedagogie.ac-nice.fr\/daac\/wp-json\/wp\/v2\/comments?post=10582"}],"version-history":[{"count":18,"href":"https:\/\/www.pedagogie.ac-nice.fr\/daac\/wp-json\/wp\/v2\/pages\/10582\/revisions"}],"predecessor-version":[{"id":14620,"href":"https:\/\/www.pedagogie.ac-nice.fr\/daac\/wp-json\/wp\/v2\/pages\/10582\/revisions\/14620"}],"wp:attachment":[{"href":"https:\/\/www.pedagogie.ac-nice.fr\/daac\/wp-json\/wp\/v2\/media?parent=10582"}],"curies":[{"name":"wp","href":"https:\/\/api.w.org\/{rel}","templated":true}]}}