{"id":10610,"date":"2022-01-16T20:37:14","date_gmt":"2022-01-16T19:37:14","guid":{"rendered":"https:\/\/www.pedagogie.ac-nice.fr\/daac\/?page_id=10610"},"modified":"2022-01-16T21:13:25","modified_gmt":"2022-01-16T20:13:25","slug":"vitruve-en-mouvement-au-theatre-de-grasse","status":"publish","type":"page","link":"https:\/\/www.pedagogie.ac-nice.fr\/daac\/vitruve-en-mouvement-au-theatre-de-grasse\/","title":{"rendered":"Vitruve en mouvement au Th\u00e9atre de Grasse"},"content":{"rendered":"<p>[et_pb_section fb_built=\u00a0\u00bb1&Prime; _builder_version=\u00a0\u00bb4.10.7&Prime; _module_preset=\u00a0\u00bbdefault\u00a0\u00bb global_colors_info=\u00a0\u00bb{}\u00a0\u00bb][et_pb_row column_structure=\u00a0\u00bb1_3,2_3&Prime; _builder_version=\u00a0\u00bb4.10.7&Prime; _module_preset=\u00a0\u00bbdefault\u00a0\u00bb global_colors_info=\u00a0\u00bb{}\u00a0\u00bb][et_pb_column type=\u00a0\u00bb1_3&Prime; _builder_version=\u00a0\u00bb4.10.7&Prime; _module_preset=\u00a0\u00bbdefault\u00a0\u00bb global_colors_info=\u00a0\u00bb{}\u00a0\u00bb][et_pb_text admin_label=\u00a0\u00bbdanse\u00a0\u00bb _builder_version=\u00a0\u00bb4.10.7&Prime; _module_preset=\u00a0\u00bbdefault\u00a0\u00bb global_colors_info=\u00a0\u00bb{}\u00a0\u00bb]<\/p>\n<p><a href=\"https:\/\/www.pedagogie.ac-nice.fr\/daac\/domaine-danse-asv\/\" target=\"_blank\" rel=\"noopener\"><img loading=\"lazy\" decoding=\"async\" class=\"aligncenter wp-image-5923 size-medium\" src=\"https:\/\/www.pedagogie.ac-nice.fr\/daac\/wp-content\/uploads\/sites\/37\/2021\/09\/danse-300x192.png\" alt=\"\" width=\"300\" height=\"192\" srcset=\"https:\/\/www.pedagogie.ac-nice.fr\/daac\/wp-content\/uploads\/sites\/37\/2021\/09\/danse-300x192.png 300w, https:\/\/www.pedagogie.ac-nice.fr\/daac\/wp-content\/uploads\/sites\/37\/2021\/09\/danse.png 346w\" sizes=\"(max-width: 300px) 100vw, 300px\" \/><\/a><\/p>\n<p>[\/et_pb_text][et_pb_divider _builder_version=\u00a0\u00bb4.10.7&Prime; _module_preset=\u00a0\u00bbdefault\u00a0\u00bb custom_margin=\u00a0\u00bb-22px|||||\u00a0\u00bb global_colors_info=\u00a0\u00bb{}\u00a0\u00bb][\/et_pb_divider][et_pb_text admin_label=\u00a0\u00bbth\u00e9\u00e2tre de grasse\u00a0\u00bb _builder_version=\u00a0\u00bb4.10.7&Prime; _module_preset=\u00a0\u00bbdefault\u00a0\u00bb custom_margin=\u00a0\u00bb-38px||4px|||\u00a0\u00bb global_colors_info=\u00a0\u00bb{}\u00a0\u00bb]<\/p>\n<p><a href=\"https:\/\/www.theatredegrasse.com\/la-saison\/danse\" target=\"_blank\" rel=\"noopener\"><img loading=\"lazy\" decoding=\"async\" class=\"aligncenter wp-image-3414 size-full\" src=\"https:\/\/www.pedagogie.ac-nice.fr\/daac\/wp-content\/uploads\/sites\/37\/2021\/05\/logo_th_grasse.jpg\" alt=\"\" width=\"225\" height=\"225\" srcset=\"https:\/\/www.pedagogie.ac-nice.fr\/daac\/wp-content\/uploads\/sites\/37\/2021\/05\/logo_th_grasse.jpg 225w, https:\/\/www.pedagogie.ac-nice.fr\/daac\/wp-content\/uploads\/sites\/37\/2021\/05\/logo_th_grasse-150x150.jpg 150w\" sizes=\"(max-width: 225px) 100vw, 225px\" \/><\/a><\/p>\n<p>[\/et_pb_text][et_pb_divider _builder_version=\u00a0\u00bb4.10.7&Prime; _module_preset=\u00a0\u00bbdefault\u00a0\u00bb global_colors_info=\u00a0\u00bb{}\u00a0\u00bb][\/et_pb_divider][et_pb_text admin_label=\u00a0\u00bbpartenaires\u00a0\u00bb _builder_version=\u00a0\u00bb4.10.7&Prime; _module_preset=\u00a0\u00bbdefault\u00a0\u00bb custom_margin=\u00a0\u00bb-31px|||||\u00a0\u00bb global_colors_info=\u00a0\u00bb{}\u00a0\u00bb]<\/p>\n<p><img loading=\"lazy\" decoding=\"async\" class=\"alignnone size-medium wp-image-7600 aligncenter\" src=\"https:\/\/www.pedagogie.ac-nice.fr\/daac\/wp-content\/uploads\/sites\/37\/2021\/10\/structures_partenaires-300x201.png\" alt=\"\" width=\"300\" height=\"201\" srcset=\"https:\/\/www.pedagogie.ac-nice.fr\/daac\/wp-content\/uploads\/sites\/37\/2021\/10\/structures_partenaires-300x201.png 300w, https:\/\/www.pedagogie.ac-nice.fr\/daac\/wp-content\/uploads\/sites\/37\/2021\/10\/structures_partenaires.png 360w\" sizes=\"(max-width: 300px) 100vw, 300px\" \/><\/p>\n<p>[\/et_pb_text][et_pb_divider _builder_version=\u00a0\u00bb4.10.7&Prime; _module_preset=\u00a0\u00bbdefault\u00a0\u00bb global_colors_info=\u00a0\u00bb{}\u00a0\u00bb][\/et_pb_divider][et_pb_text _builder_version=\u00a0\u00bb4.10.7&Prime; _module_preset=\u00a0\u00bbdefault\u00a0\u00bb custom_margin=\u00a0\u00bb-26px|||||\u00a0\u00bb hover_enabled=\u00a0\u00bb0&Prime; global_colors_info=\u00a0\u00bb{}\u00a0\u00bb sticky_enabled=\u00a0\u00bb0&Prime;]<\/p>\n<p style=\"text-align: center;\"><a href=\"https:\/\/www.pedagogie.ac-nice.fr\/daac\/wp-content\/uploads\/sites\/37\/2021\/12\/partenaires_offres_ADAGE.pdf\" target=\"_blank\" rel=\"noopener\"><strong><span style=\"color: #ff00ff;\">Les partenaires dans<\/span><\/strong><img loading=\"lazy\" decoding=\"async\" class=\"wp-image-314 size-medium aligncenter\" src=\"https:\/\/www.pedagogie.ac-nice.fr\/daac\/wp-content\/uploads\/sites\/37\/2020\/08\/visuel-300x223.png\" alt=\"Adage est la plateforme qui permet de partage et de suivre l'actualit\u00e9 des projets EAC sur le territoire\" width=\"300\" height=\"223\" srcset=\"https:\/\/www.pedagogie.ac-nice.fr\/daac\/wp-content\/uploads\/sites\/37\/2020\/08\/visuel-300x223.png 300w, https:\/\/www.pedagogie.ac-nice.fr\/daac\/wp-content\/uploads\/sites\/37\/2020\/08\/visuel.png 368w\" sizes=\"(max-width: 300px) 100vw, 300px\" \/><\/a><\/p>\n<p>[\/et_pb_text][\/et_pb_column][et_pb_column type=\u00a0\u00bb2_3&Prime; _builder_version=\u00a0\u00bb4.10.7&Prime; _module_preset=\u00a0\u00bbdefault\u00a0\u00bb global_colors_info=\u00a0\u00bb{}\u00a0\u00bb][et_pb_text admin_label=\u00a0\u00bbTitre\u00a0\u00bb _builder_version=\u00a0\u00bb4.10.7&Prime; _module_preset=\u00a0\u00bbdefault\u00a0\u00bb global_colors_info=\u00a0\u00bb{}\u00a0\u00bb]<\/p>\n<p style=\"text-align: center;\"><span style=\"color: #ff00ff; font-size: 14pt;\"><strong>La DAAC de Nice et le Th\u00e9\u00e2tre de Grasse pr\u00e9sentent<\/strong><\/span><\/p>\n<p>[\/et_pb_text][et_pb_text admin_label=\u00a0\u00bbphoto 2&Prime; _builder_version=\u00a0\u00bb4.10.7&Prime; _module_preset=\u00a0\u00bbdefault\u00a0\u00bb global_colors_info=\u00a0\u00bb{}\u00a0\u00bb]<\/p>\n<h6 style=\"text-align: center;\"><a href=\"https:\/\/www.theatredegrasse.com\/la-saison\/danse\/homme-de-vitruve-21-22\" target=\"_blank\" rel=\"noopener\"><img loading=\"lazy\" decoding=\"async\" class=\"aligncenter wp-image-10613\" src=\"https:\/\/www.pedagogie.ac-nice.fr\/daac\/wp-content\/uploads\/sites\/37\/2022\/01\/LHomme-de-Vitruve-\u00a9-Claude-Muzzin-300x197.jpg\" alt=\"\" width=\"329\" height=\"216\" srcset=\"https:\/\/www.pedagogie.ac-nice.fr\/daac\/wp-content\/uploads\/sites\/37\/2022\/01\/LHomme-de-Vitruve-\u00a9-Claude-Muzzin-300x197.jpg 300w, https:\/\/www.pedagogie.ac-nice.fr\/daac\/wp-content\/uploads\/sites\/37\/2022\/01\/LHomme-de-Vitruve-\u00a9-Claude-Muzzin-1024x673.jpg 1024w, https:\/\/www.pedagogie.ac-nice.fr\/daac\/wp-content\/uploads\/sites\/37\/2022\/01\/LHomme-de-Vitruve-\u00a9-Claude-Muzzin-768x505.jpg 768w, https:\/\/www.pedagogie.ac-nice.fr\/daac\/wp-content\/uploads\/sites\/37\/2022\/01\/LHomme-de-Vitruve-\u00a9-Claude-Muzzin-1536x1010.jpg 1536w, https:\/\/www.pedagogie.ac-nice.fr\/daac\/wp-content\/uploads\/sites\/37\/2022\/01\/LHomme-de-Vitruve-\u00a9-Claude-Muzzin-2048x1347.jpg 2048w, https:\/\/www.pedagogie.ac-nice.fr\/daac\/wp-content\/uploads\/sites\/37\/2022\/01\/LHomme-de-Vitruve-\u00a9-Claude-Muzzin-1080x710.jpg 1080w\" sizes=\"(max-width: 329px) 100vw, 329px\" \/><\/a>cr\u00e9dit&nbsp;: Claude Muzin<\/h6>\n<p>[\/et_pb_text][et_pb_text admin_label=\u00a0\u00bbTitre\u00a0\u00bb _builder_version=\u00a0\u00bb4.10.7&Prime; _module_preset=\u00a0\u00bbdefault\u00a0\u00bb global_colors_info=\u00a0\u00bb{}\u00a0\u00bb]<\/p>\n<p style=\"text-align: center;\"><strong><span style=\"color: #ff00ff; font-size: 14pt;\"><i>L&rsquo;homme de Vitruve<\/i> en mouvement au Th\u00e9\u00e2tre de Grasse<\/span><\/strong><\/p>\n<p>[\/et_pb_text][et_pb_text admin_label=\u00a0\u00bbphoto1&Prime; _builder_version=\u00a0\u00bb4.10.7&Prime; _module_preset=\u00a0\u00bbdefault\u00a0\u00bb global_colors_info=\u00a0\u00bb{}\u00a0\u00bb]<\/p>\n<p><img loading=\"lazy\" decoding=\"async\" class=\"alignnone  wp-image-10568 aligncenter\" src=\"https:\/\/www.pedagogie.ac-nice.fr\/daac\/wp-content\/uploads\/sites\/37\/2022\/01\/Grasse_janvier2022-300x169.jpg\" alt=\"photo de la repr\u00e9sentation de Vitruve au th\u00e9\u00e2tre de Grasse. On y voit 5 danseuses et un danseur sur sc\u00e8ne accompagn\u00e9s de la chor\u00e9graphe\" width=\"327\" height=\"184\" srcset=\"https:\/\/www.pedagogie.ac-nice.fr\/daac\/wp-content\/uploads\/sites\/37\/2022\/01\/Grasse_janvier2022-300x169.jpg 300w, https:\/\/www.pedagogie.ac-nice.fr\/daac\/wp-content\/uploads\/sites\/37\/2022\/01\/Grasse_janvier2022-1024x576.jpg 1024w, https:\/\/www.pedagogie.ac-nice.fr\/daac\/wp-content\/uploads\/sites\/37\/2022\/01\/Grasse_janvier2022-768x432.jpg 768w, https:\/\/www.pedagogie.ac-nice.fr\/daac\/wp-content\/uploads\/sites\/37\/2022\/01\/Grasse_janvier2022-1536x864.jpg 1536w, https:\/\/www.pedagogie.ac-nice.fr\/daac\/wp-content\/uploads\/sites\/37\/2022\/01\/Grasse_janvier2022-2048x1152.jpg 2048w, https:\/\/www.pedagogie.ac-nice.fr\/daac\/wp-content\/uploads\/sites\/37\/2022\/01\/Grasse_janvier2022-1080x608.jpg 1080w\" sizes=\"(max-width: 327px) 100vw, 327px\" \/><\/p>\n<p>[\/et_pb_text][et_pb_text admin_label=\u00a0\u00bbTexte\u00a0\u00bb _builder_version=\u00a0\u00bb4.10.7&Prime; _module_preset=\u00a0\u00bbdefault\u00a0\u00bb global_colors_info=\u00a0\u00bb{}\u00a0\u00bb]<\/p>\n<p style=\"text-align: justify;\"><span style=\"color: #0000ff;\"><span style=\"font-family: Times, serif;\"><span style=\"font-size: medium;\">Le th\u00e9\u00e2tre de Grasse a accueilli ce jeudi 06 janvier 206 \u00e9l\u00e8ves des 7 classes de 6e du coll\u00e8ge F\u00e9n\u00e9lon pour une repr\u00e9sentation du spectacle de danse \u00ab&nbsp;L&rsquo;homme de Vitruve&nbsp;\u00bb. Il s&rsquo;agit de la premi\u00e8re cr\u00e9ation &#8211; coproduite par le TDG &#8211; pour la danseuse et chor\u00e9graphe grassoise B\u00e9rang\u00e8re Andreo au sein de sa nouvelle structure, Andreo Dance Company. <\/span><\/span><\/span><\/p>\n<p style=\"text-align: justify;\"><span style=\"font-family: Times, serif; color: #0000ff;\"><span style=\"font-size: medium;\">Pr\u00e9c\u00e9d\u00e9 d&rsquo;une premi\u00e8re partie dynamique et color\u00e9e intitul\u00e9e \u00ab&nbsp;Ballar\u00e9&nbsp;\u00bb, sur le th\u00e8me du bonheur de l&rsquo;instant pr\u00e9sent, le spectacle, inspir\u00e9 de l\u2019\u0153uvre de L\u00e9onard de Vinci, a permis aux \u00e9l\u00e8ves de d\u00e9couvrir en mouvement dans\u00e9 l&rsquo;univers de ce g\u00e9nie de la Renaissance et ce dessin de l\u2019Homme, syst\u00e8me id\u00e9al de mesure du monde. Ici, la d\u00e9finition de l\u2019homme parfait, au centre de l\u2019Univers, na\u00eet de la fusion de l\u2019homme et de la femme. Les corps s\u2019entrem\u00ealent, se compl\u00e8tent et se confondent pour donner naissance \u00e0 un id\u00e9al de beaut\u00e9.<\/span><\/span><\/p>\n<p style=\"text-align: justify;\"><span style=\"color: #0000ff;\"><span style=\"font-family: Times, serif;\"><span style=\"font-size: medium;\">A l&rsquo;issue du spectacle, les coll\u00e9giens ont pu \u00e9changer avec la chor\u00e9graphe et l&rsquo;ensemble des 6 danseurs autour des th\u00e8mes du spectacle, des m\u00e9tiers de la danse et des \u00e9tapes de la cr\u00e9ation.<\/span><\/span><\/span><\/p>\n<p style=\"text-align: justify;\"><span style=\"font-family: Times, serif; color: #0000ff;\"><span style=\"font-size: medium;\">Le 24 Novembre 2021, une rencontre et discussion avec la chor\u00e9graphe B\u00e9rang\u00e8re Andreo avait \u00e9t\u00e9 organis\u00e9e par la DAAC et le Th\u00e9\u00e2tre de Grasse dans le cadre des mercredis enseignants. Il a permis \u00e0 des enseignants de primaire et secondaire, toutes disciplines confondues, de d\u00e9couvrir et comprendre les enjeux p\u00e9dagogiques de la danse et de l\u2019\u00e9criture chor\u00e9graphique dans le cadre scolaire et d&rsquo;\u00e9changer autour des th\u00e8mes du spectacle <i>L\u2019Homme de Vitruve <\/i>et du langage du corps en mouvement.<\/span><\/span><\/p>\n<p>[\/et_pb_text][et_pb_text admin_label=\u00a0\u00bbcontacts\u00a0\u00bb _builder_version=\u00a0\u00bb4.10.7&Prime; _module_preset=\u00a0\u00bbdefault\u00a0\u00bb global_colors_info=\u00a0\u00bb{}\u00a0\u00bb]<\/p>\n<p><strong><span style=\"color: #ff00ff;\">Charg\u00e9e de mission DAAC<\/span> <span style=\"color: #000000;\">:<\/span><\/strong><span style=\"color: #000000;\"> Florence Leyat &#8211; florence.leyat@ac-nice.fr<\/span><strong><br \/><span style=\"color: #ff00ff;\">Contact Th\u00e9\u00e2tre de Grasse<\/span><\/strong><span style=\"color: #000000;\">&nbsp;: s.bahloul@theatredegrasse.com<\/span><br \/><strong><br \/><span style=\"color: #ff00ff;\">Coordination DAAC :<\/span><br \/><\/strong><span style=\"color: #ff00ff;\"><strong>ASV th\u00e9\u00e2tre<\/strong><\/span> <span style=\"color: #000000;\">: Jo\u00eblle Bolot&nbsp; &#8211; joelle.bolot@ac-nice.fr<\/span><br \/><span style=\"color: #ff00ff;\"><strong>ASV danse<\/strong><\/span> <span style=\"color: #000000;\">: Muriel Colin Lacour &#8211;&nbsp; muriel.lacour@ac-nice.fr<\/span><\/p>\n<p>[\/et_pb_text][\/et_pb_column][\/et_pb_row][\/et_pb_section]<\/p>\n","protected":false},"excerpt":{"rendered":"<p>Les partenaires dansLa DAAC de Nice et le Th\u00e9\u00e2tre de Grasse pr\u00e9sententcr\u00e9dit&nbsp;: Claude MuzinL&rsquo;homme de Vitruve en mouvement au Th\u00e9\u00e2tre de GrasseLe th\u00e9\u00e2tre de Grasse a accueilli ce jeudi 06 janvier 206 \u00e9l\u00e8ves des 7 classes de 6e du coll\u00e8ge F\u00e9n\u00e9lon pour une repr\u00e9sentation du spectacle de danse \u00ab&nbsp;L&rsquo;homme de Vitruve&nbsp;\u00bb. Il s&rsquo;agit de la [&hellip;]<\/p>\n","protected":false},"author":241,"featured_media":0,"parent":0,"menu_order":0,"comment_status":"closed","ping_status":"closed","template":"","meta":{"_et_pb_use_builder":"on","_et_pb_old_content":"","_et_gb_content_width":"","ngg_post_thumbnail":0,"footnotes":""},"class_list":["post-10610","page","type-page","status-publish","hentry"],"rttpg_featured_image_url":null,"rttpg_author":{"display_name":"daacadmin","author_link":"https:\/\/www.pedagogie.ac-nice.fr\/daac\/author\/daacadmin\/"},"rttpg_comment":0,"rttpg_category":null,"rttpg_excerpt":"Les partenaires dansLa DAAC de Nice et le Th\u00e9\u00e2tre de Grasse pr\u00e9sententcr\u00e9dit&nbsp;: Claude MuzinL'homme de Vitruve en mouvement au Th\u00e9\u00e2tre de GrasseLe th\u00e9\u00e2tre de Grasse a accueilli ce jeudi 06 janvier 206 \u00e9l\u00e8ves des 7 classes de 6e du coll\u00e8ge F\u00e9n\u00e9lon pour une repr\u00e9sentation du spectacle de danse \u00ab&nbsp;L'homme de Vitruve&nbsp;\u00bb. Il s'agit de la\u2026","post_mailing_queue_ids":[],"_links":{"self":[{"href":"https:\/\/www.pedagogie.ac-nice.fr\/daac\/wp-json\/wp\/v2\/pages\/10610","targetHints":{"allow":["GET"]}}],"collection":[{"href":"https:\/\/www.pedagogie.ac-nice.fr\/daac\/wp-json\/wp\/v2\/pages"}],"about":[{"href":"https:\/\/www.pedagogie.ac-nice.fr\/daac\/wp-json\/wp\/v2\/types\/page"}],"author":[{"embeddable":true,"href":"https:\/\/www.pedagogie.ac-nice.fr\/daac\/wp-json\/wp\/v2\/users\/241"}],"replies":[{"embeddable":true,"href":"https:\/\/www.pedagogie.ac-nice.fr\/daac\/wp-json\/wp\/v2\/comments?post=10610"}],"version-history":[{"count":8,"href":"https:\/\/www.pedagogie.ac-nice.fr\/daac\/wp-json\/wp\/v2\/pages\/10610\/revisions"}],"predecessor-version":[{"id":10631,"href":"https:\/\/www.pedagogie.ac-nice.fr\/daac\/wp-json\/wp\/v2\/pages\/10610\/revisions\/10631"}],"wp:attachment":[{"href":"https:\/\/www.pedagogie.ac-nice.fr\/daac\/wp-json\/wp\/v2\/media?parent=10610"}],"curies":[{"name":"wp","href":"https:\/\/api.w.org\/{rel}","templated":true}]}}