{"id":10645,"date":"2022-01-16T21:31:09","date_gmt":"2022-01-16T20:31:09","guid":{"rendered":"https:\/\/www.pedagogie.ac-nice.fr\/daac\/?page_id=10645"},"modified":"2022-01-16T21:53:37","modified_gmt":"2022-01-16T20:53:37","slug":"musee-explorations-monde","status":"publish","type":"page","link":"https:\/\/www.pedagogie.ac-nice.fr\/daac\/musee-explorations-monde\/","title":{"rendered":"Mus\u00e9e explorations du monde &#8211; Cannes"},"content":{"rendered":"<p>[et_pb_section fb_built=\u00a0\u00bb1&Prime; _builder_version=\u00a0\u00bb4.10.7&Prime; _module_preset=\u00a0\u00bbdefault\u00a0\u00bb global_colors_info=\u00a0\u00bb{}\u00a0\u00bb][et_pb_row column_structure=\u00a0\u00bb1_3,2_3&Prime; _builder_version=\u00a0\u00bb4.10.7&Prime; _module_preset=\u00a0\u00bbdefault\u00a0\u00bb global_colors_info=\u00a0\u00bb{}\u00a0\u00bb][et_pb_column type=\u00a0\u00bb1_3&Prime; _builder_version=\u00a0\u00bb4.10.7&Prime; _module_preset=\u00a0\u00bbdefault\u00a0\u00bb global_colors_info=\u00a0\u00bb{}\u00a0\u00bb][et_pb_text admin_label=\u00a0\u00bbmercredi enseignants\u00a0\u00bb _builder_version=\u00a0\u00bb4.10.7&Prime; _module_preset=\u00a0\u00bbdefault\u00a0\u00bb global_colors_info=\u00a0\u00bb{}\u00a0\u00bb]<\/p>\n<p><img loading=\"lazy\" decoding=\"async\" class=\"alignnone size-full wp-image-6497 aligncenter\" src=\"https:\/\/www.pedagogie.ac-nice.fr\/daac\/wp-content\/uploads\/sites\/37\/2021\/09\/mercredis_enseignants_AM.png\" alt=\"\" width=\"281\" height=\"219\"><\/p>\n<p>[\/et_pb_text][et_pb_divider _builder_version=\u00a0\u00bb4.10.7&Prime; _module_preset=\u00a0\u00bbdefault\u00a0\u00bb global_colors_info=\u00a0\u00bb{}\u00a0\u00bb][\/et_pb_divider][et_pb_text admin_label=\u00a0\u00bbpatrimoine\u00a0\u00bb _builder_version=\u00a0\u00bb4.10.7&Prime; _module_preset=\u00a0\u00bbdefault\u00a0\u00bb global_colors_info=\u00a0\u00bb{}\u00a0\u00bb]<\/p>\n<p><a href=\"https:\/\/www.pedagogie.ac-nice.fr\/daac\/patrimoines-memoires-2021\/\" target=\"_blank\" rel=\"noopener\"><img loading=\"lazy\" decoding=\"async\" class=\"aligncenter wp-image-5925 size-medium\" src=\"https:\/\/www.pedagogie.ac-nice.fr\/daac\/wp-content\/uploads\/sites\/37\/2021\/09\/patrimoine_memoires-300x192.png\" alt=\"\" width=\"300\" height=\"192\" srcset=\"https:\/\/www.pedagogie.ac-nice.fr\/daac\/wp-content\/uploads\/sites\/37\/2021\/09\/patrimoine_memoires-300x192.png 300w, https:\/\/www.pedagogie.ac-nice.fr\/daac\/wp-content\/uploads\/sites\/37\/2021\/09\/patrimoine_memoires.png 347w\" sizes=\"(max-width: 300px) 100vw, 300px\" \/><\/a><\/p>\n<p>[\/et_pb_text][et_pb_divider _builder_version=\u00a0\u00bb4.10.7&Prime; _module_preset=\u00a0\u00bbdefault\u00a0\u00bb global_colors_info=\u00a0\u00bb{}\u00a0\u00bb][\/et_pb_divider][et_pb_text admin_label=\u00a0\u00bbpartenaires\u00a0\u00bb _builder_version=\u00a0\u00bb4.10.7&Prime; _module_preset=\u00a0\u00bbdefault\u00a0\u00bb global_colors_info=\u00a0\u00bb{}\u00a0\u00bb]<\/p>\n<p><img loading=\"lazy\" decoding=\"async\" class=\"alignnone size-medium wp-image-7600 aligncenter\" src=\"https:\/\/www.pedagogie.ac-nice.fr\/daac\/wp-content\/uploads\/sites\/37\/2021\/10\/structures_partenaires-300x201.png\" alt=\"\" width=\"300\" height=\"201\" srcset=\"https:\/\/www.pedagogie.ac-nice.fr\/daac\/wp-content\/uploads\/sites\/37\/2021\/10\/structures_partenaires-300x201.png 300w, https:\/\/www.pedagogie.ac-nice.fr\/daac\/wp-content\/uploads\/sites\/37\/2021\/10\/structures_partenaires.png 360w\" sizes=\"(max-width: 300px) 100vw, 300px\" \/><\/p>\n<p>[\/et_pb_text][et_pb_divider _builder_version=\u00a0\u00bb4.10.7&Prime; _module_preset=\u00a0\u00bbdefault\u00a0\u00bb global_colors_info=\u00a0\u00bb{}\u00a0\u00bb][\/et_pb_divider][et_pb_text admin_label=\u00a0\u00bbversion imprimable\u00a0\u00bb _builder_version=\u00a0\u00bb4.10.7&Prime; _module_preset=\u00a0\u00bbdefault\u00a0\u00bb global_colors_info=\u00a0\u00bb{}\u00a0\u00bb]<\/p>\n<p style=\"text-align: center;\"><span style=\"font-size: 10pt; color: #0000ff;\">Version imprimable<\/span><a href=\"https:\/\/www.pedagogie.ac-nice.fr\/daac\/wp-content\/uploads\/sites\/37\/2022\/01\/Mercr_ensgn_-Cannes.pdf\" target=\"_blank\" rel=\"noopener\"><img loading=\"lazy\" decoding=\"async\" class=\"aligncenter wp-image-8629\" src=\"https:\/\/www.pedagogie.ac-nice.fr\/daac\/wp-content\/uploads\/sites\/37\/2021\/10\/fichier_pdf.jpg\" alt=\"\" width=\"118\" height=\"123\"><\/a><\/p>\n<p>[\/et_pb_text][\/et_pb_column][et_pb_column type=\u00a0\u00bb2_3&Prime; _builder_version=\u00a0\u00bb4.10.7&Prime; _module_preset=\u00a0\u00bbdefault\u00a0\u00bb global_colors_info=\u00a0\u00bb{}\u00a0\u00bb][et_pb_text admin_label=\u00a0\u00bbtitre mercredis\u00a0\u00bb _builder_version=\u00a0\u00bb4.10.7&Prime; _module_preset=\u00a0\u00bbdefault\u00a0\u00bb global_colors_info=\u00a0\u00bb{}\u00a0\u00bb]<\/p>\n<p style=\"text-align: center;\"><strong><span style=\"font-size: 14pt; color: #ff00ff;\">Mercredi Enseignants au Mus\u00e9e des explorations du monde<br \/><\/span><\/strong><strong><span style=\"font-size: 14pt; color: #ff00ff;\">Cannes<br \/><\/span><\/strong><span style=\"font-size: 14pt; color: #0000ff;\">(ex mus\u00e9e de la Castre)<\/span><\/p>\n<p>[\/et_pb_text][et_pb_text admin_label=\u00a0\u00bbaffiche\u00a0\u00bb _builder_version=\u00a0\u00bb4.10.7&Prime; _module_preset=\u00a0\u00bbdefault\u00a0\u00bb global_colors_info=\u00a0\u00bb{}\u00a0\u00bb]<\/p>\n<p><a href=\"https:\/\/www.cannes.com\/fr\/agenda\/annee-2021\/octobre\/haralampi-g-oroschakoff-visages-des-frontieres.html\" target=\"_blank\" rel=\"noopener\"><img loading=\"lazy\" decoding=\"async\" class=\"aligncenter wp-image-10649 size-medium\" src=\"https:\/\/www.pedagogie.ac-nice.fr\/daac\/wp-content\/uploads\/sites\/37\/2022\/01\/Visages-des-frontieres-affiche_max729x486-200x300.jpg\" alt=\"\" width=\"200\" height=\"300\" srcset=\"https:\/\/www.pedagogie.ac-nice.fr\/daac\/wp-content\/uploads\/sites\/37\/2022\/01\/Visages-des-frontieres-affiche_max729x486-200x300.jpg 200w, https:\/\/www.pedagogie.ac-nice.fr\/daac\/wp-content\/uploads\/sites\/37\/2022\/01\/Visages-des-frontieres-affiche_max729x486.jpg 485w\" sizes=\"(max-width: 200px) 100vw, 200px\" \/><\/a><\/p>\n<p>[\/et_pb_text][et_pb_text admin_label=\u00a0\u00bbTexte\u00a0\u00bb _builder_version=\u00a0\u00bb4.10.7&Prime; _module_preset=\u00a0\u00bbdefault\u00a0\u00bb global_colors_info=\u00a0\u00bb{}\u00a0\u00bb]<\/p>\n<p align=\"center\"><span style=\"color: #0000ff;\"><strong><span style=\"font-family: Calibri Light, serif;\"><span style=\"font-size: large;\"><i>ALLER A LA RENCONTRE DE L\u2019AUTRE<\/i><\/span><\/span><\/strong><\/span><\/p>\n<p align=\"center\"><span style=\"font-family: 'Calibri Light', serif; color: #ff00ff;\"><span style=\"font-size: large;\"><b>mercredi 26 Janvier 2022<\/b><\/span><\/span><\/p>\n<p align=\"center\"><span style=\"font-family: 'Calibri Light', serif; color: #0000ff;\"><span style=\"font-size: large;\"><b>De 15h \u00e0 16h<br \/><\/b><\/span><span style=\"font-size: small;\"><i>Sous r\u00e9serve des consignes sanitaires<br \/><\/i><\/span><\/span><span style=\"font-family: 'Calibri Light', serif; color: #0000ff;\">(6 rue de la Castre 06400, Cannes, quartier du Suquet)<\/span><\/p>\n<p style=\"text-align: justify;\" align=\"center\"><span style=\"color: #0000ff;\"><span style=\"font-family: Calibri Light, serif;\"><span style=\"font-size: medium;\">Une visite de l\u2019exposition \u00ab&nbsp;Haralampi G. Oroschakoff, Visage des fronti\u00e8res, peuples et identit\u00e9s aux confins de l\u2019Eurasie&nbsp;\u00bb est organis\u00e9e pour les enseignants <\/span><\/span><strong><span style=\"font-family: Calibri Light, serif;\"><span style=\"font-size: medium;\">le mercredi 26 janvier<\/span><\/span><span style=\"font-family: Calibri Light, serif;\"><span style=\"font-size: medium;\">, <\/span><\/span><span style=\"font-family: Calibri Light, serif;\"><span style=\"font-size: medium;\">de 15h \u00e0 16h<\/span><\/span><\/strong><span style=\"font-family: Calibri Light, serif;\"><span style=\"font-size: medium;\"><strong>,<\/strong> au mus\u00e9e des explorations du monde, place de la Castre, \u00e0 Cannes.<\/span><\/span><\/span><\/p>\n<p><span style=\"color: #ff00ff;\"><strong><span style=\"font-family: Calibri Light, serif;\"><span style=\"font-size: medium;\">Pr\u00e9sentation de <\/span><\/span><a style=\"color: #ff00ff;\" href=\"https:\/\/www.cannes.com\/fr\/agenda\/annee-2021\/octobre\/haralampi-g-oroschakoff-visages-des-frontieres.html\"><span style=\"font-family: Calibri Light, serif;\"><span style=\"font-size: medium;\">l\u2019exposition<\/span><\/span><span style=\"font-family: Calibri Light, serif;\"><span style=\"font-size: medium;\">&nbsp;<\/span><\/span><\/a><\/strong><\/span><\/p>\n<p align=\"justify\"><span style=\"font-family: 'Calibri Light', serif; color: #0000ff;\"><span style=\"font-size: medium;\">\u00c0 travers une s\u00e9rie de portraits peints et une s\u00e9lection d\u2019objets et de documents anciens, l\u2019artiste autrichien Haralampi G. Oroschakoff (n\u00e9 en 1955) transporte le visiteur aux confins de l\u2019Europe, \u00e0 la rencontre des peuples oubli\u00e9s de la Mer Noire, du Caucase et de la steppe. Arborant fi\u00e8rement leurs costumes traditionnels, les personnages repr\u00e9sent\u00e9s par Oroschakoff t\u00e9moignent d\u2019un monde aujourd\u2019hui disparu, trait d\u2019union fragile entre l\u2019Orient et l\u2019Occident. Un si\u00e8cle apr\u00e8s la Grande Guerre, qui sonna le glas des empires russe et ottoman, l\u2019exposition porte un regard \u00e0 la fois contemporain et teint\u00e9 de nostalgie sur ces \u00ab minorit\u00e9s \u00bb au pass\u00e9 turbulent et \u00e0 l\u2019identit\u00e9 farouche&nbsp;: les Kurdes, les Tch\u00e9tch\u00e8nes, les Circassiens, les Tatars\u2026 <\/span><\/span><\/p>\n<p align=\"justify\"><span style=\"color: #ff00ff;\"><span style=\"font-family: Calibri Light, serif;\"><span style=\"font-size: medium;\"><b>Modalit\u00e9s d\u2019inscription et de visite<\/b><\/span><\/span><span style=\"font-family: Calibri Light, serif;\"><span style=\"font-size: medium;\">&nbsp;<\/span><\/span><\/span><\/p>\n<p align=\"justify\"><span style=\"color: #0000ff;\"><span style=\"font-family: Calibri Light, serif;\"><span style=\"font-size: medium;\">Visite gratuite mais dans la limite des places disponibles, merci de vous inscrire aupr\u00e8s Marieke Olivieri, charg\u00e9e de mission&nbsp;pour la DAAC : <\/span><\/span><u><a style=\"color: #0000ff;\" href=\"mailto:marieke.olivieri@ac-nice.fr\"><span style=\"font-family: Calibri Light, serif;\"><span style=\"font-size: medium;\">marieke.olivieri@ac-nice.fr<\/span><\/span><\/a><\/u> <span style=\"font-family: Calibri Light, serif;\"><span style=\"font-size: medium;\"><b>avant le lundi 24 janvier 18h<\/b><\/span><\/span><span style=\"font-family: Calibri Light, serif;\"><span style=\"font-size: medium;\"> et en <\/span><\/span><span style=\"font-family: Calibri Light, serif;\"><span style=\"font-size: medium;\"><b>pr\u00e9cisant vos nom, pr\u00e9nom, \u00e9tablissement et discipline. <\/b><\/span><\/span><\/span><\/p>\n<p align=\"justify\"><span style=\"font-family: 'Calibri Light', serif; color: #0000ff;\"><span style=\"font-size: medium;\">La visite guid\u00e9e ayant lieu pendant les heures d\u2019ouverture au grand public, la pr\u00e9sentation d\u2019un passe (sanitaire ou vaccinal, en fonction de la l\u00e9gislation en vigueur \u00e0 cette date) est obligatoire pour acc\u00e9der au mus\u00e9e.<\/span><\/span><\/p>\n<p>[\/et_pb_text][et_pb_text admin_label=\u00a0\u00bbTexte\u00a0\u00bb _builder_version=\u00a0\u00bb4.10.7&Prime; _module_preset=\u00a0\u00bbdefault\u00a0\u00bb global_colors_info=\u00a0\u00bb{}\u00a0\u00bb]<\/p>\n<p><span style=\"color: #ff00ff; font-family: georgia, palatino, serif; font-size: 12pt;\">Charg\u00e9e de mission DAAC :&nbsp;<\/span><br \/><span style=\"color: #0000ff;\"><span style=\"font-family: georgia, palatino, serif; font-size: 12pt;\">Marieke Olivieri, <\/span><u><span style=\"font-family: georgia, palatino, serif; font-size: 12pt;\"><a style=\"color: #0000ff;\" href=\"mailto:marieke.olivieri@ac-nice.fr\">marieke.olivieri@ac-nice.fr<\/a><\/span><\/u><\/span><\/p>\n<p>&nbsp;<\/p>\n<p><span style=\"color: #ff00ff;\">Coordination DAAC :&nbsp;<br \/><\/span> <span style=\"color: #0000ff;\">Ang\u00e8le Carpentier, pmdaac@ac-nice.fr<\/span><\/p>\n<p>[\/et_pb_text][\/et_pb_column][\/et_pb_row][\/et_pb_section]<\/p>\n","protected":false},"excerpt":{"rendered":"<p>Version imprimableMercredi Enseignants au Mus\u00e9e des explorations du mondeCannes(ex mus\u00e9e de la Castre)ALLER A LA RENCONTRE DE L\u2019AUTRE mercredi 26 Janvier 2022 De 15h \u00e0 16hSous r\u00e9serve des consignes sanitaires(6 rue de la Castre 06400, Cannes, quartier du Suquet) Une visite de l\u2019exposition \u00ab&nbsp;Haralampi G. Oroschakoff, Visage des fronti\u00e8res, peuples et identit\u00e9s aux confins de [&hellip;]<\/p>\n","protected":false},"author":241,"featured_media":0,"parent":0,"menu_order":0,"comment_status":"closed","ping_status":"closed","template":"","meta":{"_et_pb_use_builder":"on","_et_pb_old_content":"","_et_gb_content_width":"","ngg_post_thumbnail":0,"footnotes":""},"class_list":["post-10645","page","type-page","status-publish","hentry"],"rttpg_featured_image_url":null,"rttpg_author":{"display_name":"daacadmin","author_link":"https:\/\/www.pedagogie.ac-nice.fr\/daac\/author\/daacadmin\/"},"rttpg_comment":0,"rttpg_category":null,"rttpg_excerpt":"Version imprimableMercredi Enseignants au Mus\u00e9e des explorations du mondeCannes(ex mus\u00e9e de la Castre)ALLER A LA RENCONTRE DE L\u2019AUTRE mercredi 26 Janvier 2022 De 15h \u00e0 16hSous r\u00e9serve des consignes sanitaires(6 rue de la Castre 06400, Cannes, quartier du Suquet) Une visite de l\u2019exposition \u00ab&nbsp;Haralampi G. Oroschakoff, Visage des fronti\u00e8res, peuples et identit\u00e9s aux confins de\u2026","post_mailing_queue_ids":[],"_links":{"self":[{"href":"https:\/\/www.pedagogie.ac-nice.fr\/daac\/wp-json\/wp\/v2\/pages\/10645","targetHints":{"allow":["GET"]}}],"collection":[{"href":"https:\/\/www.pedagogie.ac-nice.fr\/daac\/wp-json\/wp\/v2\/pages"}],"about":[{"href":"https:\/\/www.pedagogie.ac-nice.fr\/daac\/wp-json\/wp\/v2\/types\/page"}],"author":[{"embeddable":true,"href":"https:\/\/www.pedagogie.ac-nice.fr\/daac\/wp-json\/wp\/v2\/users\/241"}],"replies":[{"embeddable":true,"href":"https:\/\/www.pedagogie.ac-nice.fr\/daac\/wp-json\/wp\/v2\/comments?post=10645"}],"version-history":[{"count":8,"href":"https:\/\/www.pedagogie.ac-nice.fr\/daac\/wp-json\/wp\/v2\/pages\/10645\/revisions"}],"predecessor-version":[{"id":10660,"href":"https:\/\/www.pedagogie.ac-nice.fr\/daac\/wp-json\/wp\/v2\/pages\/10645\/revisions\/10660"}],"wp:attachment":[{"href":"https:\/\/www.pedagogie.ac-nice.fr\/daac\/wp-json\/wp\/v2\/media?parent=10645"}],"curies":[{"name":"wp","href":"https:\/\/api.w.org\/{rel}","templated":true}]}}