{"id":10884,"date":"2022-01-22T19:51:20","date_gmt":"2022-01-22T18:51:20","guid":{"rendered":"https:\/\/www.pedagogie.ac-nice.fr\/daac\/?page_id=10884"},"modified":"2022-01-22T20:01:24","modified_gmt":"2022-01-22T19:01:24","slug":"dis-moi-dix-mots","status":"publish","type":"page","link":"https:\/\/www.pedagogie.ac-nice.fr\/daac\/dis-moi-dix-mots\/","title":{"rendered":"Dis moi Dix mots"},"content":{"rendered":"<p>[et_pb_section fb_built=\u00a0\u00bb1&Prime; _builder_version=\u00a0\u00bb4.10.7&Prime; _module_preset=\u00a0\u00bbdefault\u00a0\u00bb global_colors_info=\u00a0\u00bb{}\u00a0\u00bb][et_pb_row column_structure=\u00a0\u00bb1_3,2_3&Prime; _builder_version=\u00a0\u00bb4.10.7&Prime; _module_preset=\u00a0\u00bbdefault\u00a0\u00bb global_colors_info=\u00a0\u00bb{}\u00a0\u00bb][et_pb_column type=\u00a0\u00bb1_3&Prime; _builder_version=\u00a0\u00bb4.10.7&Prime; _module_preset=\u00a0\u00bbdefault\u00a0\u00bb global_colors_info=\u00a0\u00bb{}\u00a0\u00bb][et_pb_text _builder_version=\u00a0\u00bb4.10.7&Prime; _module_preset=\u00a0\u00bbdefault\u00a0\u00bb hover_enabled=\u00a0\u00bb0&Prime; global_colors_info=\u00a0\u00bb{}\u00a0\u00bb sticky_enabled=\u00a0\u00bb0&Prime;]<\/p>\n<p><a href=\"https:\/\/www.pedagogie.ac-nice.fr\/daac\/domaine-reseau-du-livre\/\" target=\"_blank\" rel=\"noopener\"><img loading=\"lazy\" decoding=\"async\" class=\"aligncenter wp-image-6399 size-full\" src=\"https:\/\/www.pedagogie.ac-nice.fr\/daac\/wp-content\/uploads\/sites\/37\/2021\/09\/actualites_livre.png\" alt=\"\" width=\"276\" height=\"183\"><\/a><\/p>\n<p>[\/et_pb_text][\/et_pb_column][et_pb_column type=\u00a0\u00bb2_3&Prime; _builder_version=\u00a0\u00bb4.10.7&Prime; _module_preset=\u00a0\u00bbdefault\u00a0\u00bb global_colors_info=\u00a0\u00bb{}\u00a0\u00bb][et_pb_text _builder_version=\u00a0\u00bb4.10.7&Prime; _module_preset=\u00a0\u00bbdefault\u00a0\u00bb global_colors_info=\u00a0\u00bb{}\u00a0\u00bb]<\/p>\n<p style=\"text-align: center;\"><strong><span style=\"font-family: georgia, palatino, serif; color: #000080; font-size: 14pt;\">Concours des Dix mots <\/span><\/strong><img loading=\"lazy\" decoding=\"async\" class=\"alignnone wp-image-10887 size-full\" src=\"https:\/\/www.pedagogie.ac-nice.fr\/daac\/wp-content\/uploads\/sites\/37\/2022\/01\/concours10mots_visuel2021_banniere-scaled.jpg\" alt=\"\" width=\"2560\" height=\"358\" srcset=\"https:\/\/www.pedagogie.ac-nice.fr\/daac\/wp-content\/uploads\/sites\/37\/2022\/01\/concours10mots_visuel2021_banniere-scaled.jpg 2560w, https:\/\/www.pedagogie.ac-nice.fr\/daac\/wp-content\/uploads\/sites\/37\/2022\/01\/concours10mots_visuel2021_banniere-300x42.jpg 300w, https:\/\/www.pedagogie.ac-nice.fr\/daac\/wp-content\/uploads\/sites\/37\/2022\/01\/concours10mots_visuel2021_banniere-1024x143.jpg 1024w, https:\/\/www.pedagogie.ac-nice.fr\/daac\/wp-content\/uploads\/sites\/37\/2022\/01\/concours10mots_visuel2021_banniere-768x107.jpg 768w, https:\/\/www.pedagogie.ac-nice.fr\/daac\/wp-content\/uploads\/sites\/37\/2022\/01\/concours10mots_visuel2021_banniere-1536x215.jpg 1536w, https:\/\/www.pedagogie.ac-nice.fr\/daac\/wp-content\/uploads\/sites\/37\/2022\/01\/concours10mots_visuel2021_banniere-2048x286.jpg 2048w, https:\/\/www.pedagogie.ac-nice.fr\/daac\/wp-content\/uploads\/sites\/37\/2022\/01\/concours10mots_visuel2021_banniere-1080x151.jpg 1080w\" sizes=\"(max-width: 2560px) 100vw, 2560px\" \/><\/p>\n<p style=\"text-align: center;\"><span style=\"font-family: georgia, palatino, serif; color: #ff6600; font-size: 14pt;\"><b>inscription jusqu\u2019au 28 janvier 2022<\/b><\/span><\/p>\n<p>[\/et_pb_text][et_pb_text admin_label=\u00a0\u00bbTexte thierry\u00a0\u00bb _builder_version=\u00a0\u00bb4.10.7&Prime; _module_preset=\u00a0\u00bbdefault\u00a0\u00bb custom_margin=\u00a0\u00bb-14px|||||\u00a0\u00bb global_colors_info=\u00a0\u00bb{}\u00a0\u00bb]<\/p>\n<p><img loading=\"lazy\" decoding=\"async\" class=\"alignnone  wp-image-10888 aligncenter\" src=\"https:\/\/www.pedagogie.ac-nice.fr\/daac\/wp-content\/uploads\/sites\/37\/2022\/01\/nuage_mot_10moi10mots-300x300.jpg\" alt=\"\" width=\"351\" height=\"351\" srcset=\"https:\/\/www.pedagogie.ac-nice.fr\/daac\/wp-content\/uploads\/sites\/37\/2022\/01\/nuage_mot_10moi10mots-300x300.jpg 300w, https:\/\/www.pedagogie.ac-nice.fr\/daac\/wp-content\/uploads\/sites\/37\/2022\/01\/nuage_mot_10moi10mots.jpg 1024w, https:\/\/www.pedagogie.ac-nice.fr\/daac\/wp-content\/uploads\/sites\/37\/2022\/01\/nuage_mot_10moi10mots-150x150.jpg 150w, https:\/\/www.pedagogie.ac-nice.fr\/daac\/wp-content\/uploads\/sites\/37\/2022\/01\/nuage_mot_10moi10mots-768x768.jpg 768w, https:\/\/www.pedagogie.ac-nice.fr\/daac\/wp-content\/uploads\/sites\/37\/2022\/01\/nuage_mot_10moi10mots-440x440.jpg 440w\" sizes=\"(max-width: 351px) 100vw, 351px\" \/><\/p>\n<p>[\/et_pb_text][et_pb_text admin_label=\u00a0\u00bbTexte thierry\u00a0\u00bb _builder_version=\u00a0\u00bb4.10.7&Prime; _module_preset=\u00a0\u00bbdefault\u00a0\u00bb custom_margin=\u00a0\u00bb-47px|||||\u00a0\u00bb custom_padding=\u00a0\u00bb||0px|||\u00a0\u00bb global_colors_info=\u00a0\u00bb{}\u00a0\u00bb]<\/p>\n<p><span style=\"font-family: 'Times New Roman', serif; color: #0000ff;\"><span style=\"font-size: medium;\">Pour cette \u00e9dition 2021-2022, ce sont \u00ab <b>Dis-moi dix mots qui (d) \u00e9tonnent !<\/b> \u00bb.<br \/>Choisis par les partenaires francophones, dix mots illustrent cette th\u00e9matique : <\/span><\/span><\/p>\n<p style=\"text-align: justify;\"><span style=\"font-family: 'Times New Roman', serif; color: #0000ff;\"><span style=\"font-size: medium;\">\u00ab\u00a0<b>d\u00e9cal\u00e9, divulg\u00e2cher, \u00e9baubi, \u00e9poustouflant, farcer, ka\u00ef, m\u00e9dus\u00e9, pince-moi, saperlipopette, tintamarre \u00bb.<\/b><\/span><\/span><\/p>\n<p style=\"text-align: center;\"><span style=\"color: #0000ff;\"><strong>A votre cr\u00e9ativit\u00e9\u00a0!<\/strong><b><br \/><\/b><u><\/u><\/span><\/p>\n<p><span style=\"color: #0000ff;\">Toutes les informations sur le site Eduscol\u00a0 :\u00a0<\/span><br \/><span style=\"font-family: Times New Roman, serif;\"><span style=\"font-size: medium;\"><a href=\"https:\/\/eduscol.education.fr\/1912\/dis-moi-dix-mots-concours-des-dix-mots\"><span style=\"color: #ed7d31;\"><u>https:\/\/eduscol.education.fr\/1912\/dis-moi-dix-mots-concours-des-dix-mots<\/u><\/span><\/a><\/span><\/span><\/p>\n<p>[\/et_pb_text][\/et_pb_column][\/et_pb_row][\/et_pb_section]<\/p>\n","protected":false},"excerpt":{"rendered":"<p>Concours des Dix mots inscription jusqu\u2019au 28 janvier 2022Pour cette \u00e9dition 2021-2022, ce sont \u00ab Dis-moi dix mots qui (d) \u00e9tonnent ! \u00bb.Choisis par les partenaires francophones, dix mots illustrent cette th\u00e9matique : \u00ab\u00a0d\u00e9cal\u00e9, divulg\u00e2cher, \u00e9baubi, \u00e9poustouflant, farcer, ka\u00ef, m\u00e9dus\u00e9, pince-moi, saperlipopette, tintamarre \u00bb. A votre cr\u00e9ativit\u00e9\u00a0! Toutes les informations sur le site Eduscol\u00a0 :\u00a0https:\/\/eduscol.education.fr\/1912\/dis-moi-dix-mots-concours-des-dix-mots<\/p>\n","protected":false},"author":241,"featured_media":0,"parent":0,"menu_order":0,"comment_status":"closed","ping_status":"closed","template":"","meta":{"_et_pb_use_builder":"on","_et_pb_old_content":"","_et_gb_content_width":"","ngg_post_thumbnail":0,"footnotes":""},"class_list":["post-10884","page","type-page","status-publish","hentry"],"rttpg_featured_image_url":null,"rttpg_author":{"display_name":"daacadmin","author_link":"https:\/\/www.pedagogie.ac-nice.fr\/daac\/author\/daacadmin\/"},"rttpg_comment":0,"rttpg_category":null,"rttpg_excerpt":"Concours des Dix mots inscription jusqu\u2019au 28 janvier 2022Pour cette \u00e9dition 2021-2022, ce sont \u00ab Dis-moi dix mots qui (d) \u00e9tonnent ! \u00bb.Choisis par les partenaires francophones, dix mots illustrent cette th\u00e9matique : \u00ab\u00a0d\u00e9cal\u00e9, divulg\u00e2cher, \u00e9baubi, \u00e9poustouflant, farcer, ka\u00ef, m\u00e9dus\u00e9, pince-moi, saperlipopette, tintamarre \u00bb. A votre cr\u00e9ativit\u00e9\u00a0! Toutes les informations sur le site Eduscol\u00a0 :\u00a0https:\/\/eduscol.education.fr\/1912\/dis-moi-dix-mots-concours-des-dix-mots","post_mailing_queue_ids":[],"_links":{"self":[{"href":"https:\/\/www.pedagogie.ac-nice.fr\/daac\/wp-json\/wp\/v2\/pages\/10884","targetHints":{"allow":["GET"]}}],"collection":[{"href":"https:\/\/www.pedagogie.ac-nice.fr\/daac\/wp-json\/wp\/v2\/pages"}],"about":[{"href":"https:\/\/www.pedagogie.ac-nice.fr\/daac\/wp-json\/wp\/v2\/types\/page"}],"author":[{"embeddable":true,"href":"https:\/\/www.pedagogie.ac-nice.fr\/daac\/wp-json\/wp\/v2\/users\/241"}],"replies":[{"embeddable":true,"href":"https:\/\/www.pedagogie.ac-nice.fr\/daac\/wp-json\/wp\/v2\/comments?post=10884"}],"version-history":[{"count":8,"href":"https:\/\/www.pedagogie.ac-nice.fr\/daac\/wp-json\/wp\/v2\/pages\/10884\/revisions"}],"predecessor-version":[{"id":10899,"href":"https:\/\/www.pedagogie.ac-nice.fr\/daac\/wp-json\/wp\/v2\/pages\/10884\/revisions\/10899"}],"wp:attachment":[{"href":"https:\/\/www.pedagogie.ac-nice.fr\/daac\/wp-json\/wp\/v2\/media?parent=10884"}],"curies":[{"name":"wp","href":"https:\/\/api.w.org\/{rel}","templated":true}]}}