{"id":11021,"date":"2022-01-23T20:46:58","date_gmt":"2022-01-23T19:46:58","guid":{"rendered":"https:\/\/www.pedagogie.ac-nice.fr\/daac\/?page_id=11021"},"modified":"2023-02-21T11:20:33","modified_gmt":"2023-02-21T10:20:33","slug":"structure-scene-55","status":"publish","type":"page","link":"https:\/\/www.pedagogie.ac-nice.fr\/daac\/structure-scene-55\/","title":{"rendered":"Structure Sc\u00e8ne 55"},"content":{"rendered":"<p>[et_pb_section fb_built=\u00a0\u00bb1&Prime; _builder_version=\u00a0\u00bb4.10.7&Prime; _module_preset=\u00a0\u00bbdefault\u00a0\u00bb global_colors_info=\u00a0\u00bb{}\u00a0\u00bb][et_pb_row column_structure=\u00a0\u00bb1_3,2_3&Prime; _builder_version=\u00a0\u00bb4.10.7&Prime; _module_preset=\u00a0\u00bbdefault\u00a0\u00bb global_colors_info=\u00a0\u00bb{}\u00a0\u00bb][et_pb_column type=\u00a0\u00bb1_3&Prime; _builder_version=\u00a0\u00bb4.10.7&Prime; _module_preset=\u00a0\u00bbdefault\u00a0\u00bb global_colors_info=\u00a0\u00bb{}\u00a0\u00bb][et_pb_text admin_label=\u00a0\u00bblogo domaine danse\u00a0\u00bb _builder_version=\u00a0\u00bb4.10.7&Prime; _module_preset=\u00a0\u00bbdefault\u00a0\u00bb global_colors_info=\u00a0\u00bb{}\u00a0\u00bb]<\/p>\n<p><a href=\"https:\/\/www.pedagogie.ac-nice.fr\/daac\/domaine-danse-asv\/\" target=\"_blank\" rel=\"noopener\"><img loading=\"lazy\" decoding=\"async\" class=\"alignnone size-full wp-image-5923 aligncenter\" src=\"https:\/\/www.pedagogie.ac-nice.fr\/daac\/wp-content\/uploads\/sites\/37\/2021\/09\/danse.png\" alt=\"\" width=\"346\" height=\"221\" srcset=\"https:\/\/www.pedagogie.ac-nice.fr\/daac\/wp-content\/uploads\/sites\/37\/2021\/09\/danse.png 346w, https:\/\/www.pedagogie.ac-nice.fr\/daac\/wp-content\/uploads\/sites\/37\/2021\/09\/danse-300x192.png 300w\" sizes=\"(max-width: 346px) 100vw, 346px\" \/><\/a><\/p>\n<p>[\/et_pb_text][et_pb_divider _builder_version=\u00a0\u00bb4.10.7&Prime; _module_preset=\u00a0\u00bbdefault\u00a0\u00bb global_colors_info=\u00a0\u00bb{}\u00a0\u00bb][\/et_pb_divider][et_pb_text admin_label=\u00a0\u00bbPartenariat\u00a0\u00bb _builder_version=\u00a0\u00bb4.10.7&Prime; _module_preset=\u00a0\u00bbdefault\u00a0\u00bb global_colors_info=\u00a0\u00bb{}\u00a0\u00bb]<\/p>\n<p><img loading=\"lazy\" decoding=\"async\" class=\"wp-image-6275 aligncenter\" src=\"https:\/\/www.pedagogie.ac-nice.fr\/daac\/wp-content\/uploads\/sites\/37\/2021\/09\/partenariat.png\" alt=\"\" width=\"278\" height=\"182\" srcset=\"https:\/\/www.pedagogie.ac-nice.fr\/daac\/wp-content\/uploads\/sites\/37\/2021\/09\/partenariat.png 344w, https:\/\/www.pedagogie.ac-nice.fr\/daac\/wp-content\/uploads\/sites\/37\/2021\/09\/partenariat-300x196.png 300w\" sizes=\"(max-width: 278px) 100vw, 278px\" \/><\/p>\n<p>[\/et_pb_text][et_pb_divider _builder_version=\u00a0\u00bb4.10.7&Prime; _module_preset=\u00a0\u00bbdefault\u00a0\u00bb global_colors_info=\u00a0\u00bb{}\u00a0\u00bb][\/et_pb_divider][et_pb_text admin_label=\u00a0\u00bbCompagnie humaine\u00a0\u00bb _builder_version=\u00a0\u00bb4.10.7&Prime; _module_preset=\u00a0\u00bbdefault\u00a0\u00bb global_colors_info=\u00a0\u00bb{}\u00a0\u00bb]<\/p>\n<p style=\"text-align: center;\"><img loading=\"lazy\" decoding=\"async\" class=\"alignnone size-full wp-image-11042 aligncenter\" src=\"https:\/\/www.pedagogie.ac-nice.fr\/daac\/wp-content\/uploads\/sites\/37\/2022\/01\/cpie_humaine.jpg\" alt=\"\" width=\"250\" height=\"90\"><span style=\"font-size: 8pt; color: #000000;\"><span class=\"\">\u00a9&nbsp;\u00c9ric Oberdorff<br \/><\/span>Compagnie associ\u00e9e \u00e0 Sc\u00e8ne 55-Mougins, sc\u00e8ne conventionn\u00e9e d&rsquo;int\u00e9r\u00eat national Art et Cr\u00e9ation<\/span><\/p>\n<p>[\/et_pb_text][et_pb_divider _builder_version=\u00a0\u00bb4.10.7&Prime; _module_preset=\u00a0\u00bbdefault\u00a0\u00bb global_colors_info=\u00a0\u00bb{}\u00a0\u00bb][\/et_pb_divider][et_pb_text admin_label=\u00a0\u00bbMouans-Sartoux\u00a0\u00bb _builder_version=\u00a0\u00bb4.10.7&Prime; _module_preset=\u00a0\u00bbdefault\u00a0\u00bb text_font=\u00a0\u00bbTrebuchet||||||||\u00a0\u00bb custom_margin=\u00a0\u00bb-21px|||||\u00a0\u00bb global_colors_info=\u00a0\u00bb{}\u00a0\u00bb]<\/p>\n<p><span style=\"color: #0000ff;\"><span style=\"color: #993366;\"><strong>Valorisation<\/strong> <\/span><span style=\"color: #000000;\">: le coll\u00e8ge La Ch\u00eanaie de Mouans-Sartoux, Sc\u00e8ne 55 et la Compagnie humaine<\/span><\/span><a href=\"https:\/\/www.pedagogie.ac-nice.fr\/daac\/la-chenaie-scene-55\/\" target=\"_blank\" rel=\"noopener\"><img loading=\"lazy\" decoding=\"async\" class=\"aligncenter wp-image-11615\" src=\"https:\/\/www.pedagogie.ac-nice.fr\/daac\/wp-content\/uploads\/sites\/37\/2022\/03\/cpie_humaine_mouans_sartoux_visuel.jpg\" alt=\"\" width=\"247\" height=\"185\" srcset=\"https:\/\/www.pedagogie.ac-nice.fr\/daac\/wp-content\/uploads\/sites\/37\/2022\/03\/cpie_humaine_mouans_sartoux_visuel.jpg 1600w, https:\/\/www.pedagogie.ac-nice.fr\/daac\/wp-content\/uploads\/sites\/37\/2022\/03\/cpie_humaine_mouans_sartoux_visuel-300x225.jpg 300w, https:\/\/www.pedagogie.ac-nice.fr\/daac\/wp-content\/uploads\/sites\/37\/2022\/03\/cpie_humaine_mouans_sartoux_visuel-1024x769.jpg 1024w, https:\/\/www.pedagogie.ac-nice.fr\/daac\/wp-content\/uploads\/sites\/37\/2022\/03\/cpie_humaine_mouans_sartoux_visuel-768x576.jpg 768w, https:\/\/www.pedagogie.ac-nice.fr\/daac\/wp-content\/uploads\/sites\/37\/2022\/03\/cpie_humaine_mouans_sartoux_visuel-1536x1153.jpg 1536w, https:\/\/www.pedagogie.ac-nice.fr\/daac\/wp-content\/uploads\/sites\/37\/2022\/03\/cpie_humaine_mouans_sartoux_visuel-1080x811.jpg 1080w\" sizes=\"(max-width: 247px) 100vw, 247px\" \/><\/a><\/p>\n<p>[\/et_pb_text][et_pb_divider _builder_version=\u00a0\u00bb4.10.7&Prime; _module_preset=\u00a0\u00bbdefault\u00a0\u00bb global_colors_info=\u00a0\u00bb{}\u00a0\u00bb][\/et_pb_divider][et_pb_text admin_label=\u00a0\u00bbTrace\u00a0\u00bb _builder_version=\u00a0\u00bb4.10.7&Prime; _module_preset=\u00a0\u00bbdefault\u00a0\u00bb global_colors_info=\u00a0\u00bb{}\u00a0\u00bb]<\/p>\n<p style=\"text-align: center;\"><img loading=\"lazy\" decoding=\"async\" class=\"wp-image-11046 aligncenter\" src=\"https:\/\/www.pedagogie.ac-nice.fr\/daac\/wp-content\/uploads\/sites\/37\/2022\/01\/traces.jpg\" alt=\"\" width=\"372\" height=\"160\" srcset=\"https:\/\/www.pedagogie.ac-nice.fr\/daac\/wp-content\/uploads\/sites\/37\/2022\/01\/traces.jpg 681w, https:\/\/www.pedagogie.ac-nice.fr\/daac\/wp-content\/uploads\/sites\/37\/2022\/01\/traces-300x129.jpg 300w\" sizes=\"(max-width: 372px) 100vw, 372px\" \/><\/p>\n<p style=\"text-align: center;\"><span style=\"color: #000000;\">Retrouvez les actions pass\u00e9es de sc\u00e8ne 55<\/span><\/p>\n<p>[\/et_pb_text][et_pb_divider _builder_version=\u00a0\u00bb4.10.7&Prime; _module_preset=\u00a0\u00bbdefault\u00a0\u00bb global_colors_info=\u00a0\u00bb{}\u00a0\u00bb][\/et_pb_divider][et_pb_text admin_label=\u00a0\u00bbHalmet Requiem\u00a0\u00bb _builder_version=\u00a0\u00bb4.10.7&Prime; _module_preset=\u00a0\u00bbdefault\u00a0\u00bb hover_enabled=\u00a0\u00bb0&Prime; global_colors_info=\u00a0\u00bb{}\u00a0\u00bb sticky_enabled=\u00a0\u00bb0&Prime;]<\/p>\n<p align=\"center\"><a href=\"https:\/\/www.pedagogie.ac-nice.fr\/daac\/scene-55-requiem-hamlet\/\" target=\"_blank\" rel=\"noopener\"><i><b>Hamlet Requiem<\/b><\/i><\/a><b><a href=\"https:\/\/www.pedagogie.ac-nice.fr\/daac\/scene-55-requiem-hamlet\/\" target=\"_blank\" rel=\"noopener\">, mise en sc\u00e8ne de Cyril Cotinaut<\/a><br \/><a href=\"https:\/\/www.pedagogie.ac-nice.fr\/daac\/scene-55-requiem-hamlet\/\" target=\"_blank\" rel=\"noopener\"><img loading=\"lazy\" decoding=\"async\" class=\"alignnone  wp-image-9660\" src=\"https:\/\/www.pedagogie.ac-nice.fr\/daac\/wp-content\/uploads\/sites\/37\/2021\/11\/Hamlet-Requiem-intervention-pedagogique-Cyril-Cotinaut-3.jpg\" alt=\"\" width=\"179\" height=\"238\" srcset=\"https:\/\/www.pedagogie.ac-nice.fr\/daac\/wp-content\/uploads\/sites\/37\/2021\/11\/Hamlet-Requiem-intervention-pedagogique-Cyril-Cotinaut-3.jpg 1201w, https:\/\/www.pedagogie.ac-nice.fr\/daac\/wp-content\/uploads\/sites\/37\/2021\/11\/Hamlet-Requiem-intervention-pedagogique-Cyril-Cotinaut-3-225x300.jpg 225w, https:\/\/www.pedagogie.ac-nice.fr\/daac\/wp-content\/uploads\/sites\/37\/2021\/11\/Hamlet-Requiem-intervention-pedagogique-Cyril-Cotinaut-3-769x1024.jpg 769w, https:\/\/www.pedagogie.ac-nice.fr\/daac\/wp-content\/uploads\/sites\/37\/2021\/11\/Hamlet-Requiem-intervention-pedagogique-Cyril-Cotinaut-3-768x1023.jpg 768w, https:\/\/www.pedagogie.ac-nice.fr\/daac\/wp-content\/uploads\/sites\/37\/2021\/11\/Hamlet-Requiem-intervention-pedagogique-Cyril-Cotinaut-3-1153x1536.jpg 1153w, https:\/\/www.pedagogie.ac-nice.fr\/daac\/wp-content\/uploads\/sites\/37\/2021\/11\/Hamlet-Requiem-intervention-pedagogique-Cyril-Cotinaut-3-1080x1439.jpg 1080w\" sizes=\"(max-width: 179px) 100vw, 179px\" \/><\/a><br \/><\/b><\/p>\n<p>[\/et_pb_text][et_pb_divider _builder_version=\u00a0\u00bb4.10.7&Prime; _module_preset=\u00a0\u00bbdefault\u00a0\u00bb global_colors_info=\u00a0\u00bb{}\u00a0\u00bb][\/et_pb_divider][et_pb_text admin_label=\u00a0\u00bbQuatuor\u00a0\u00bb _builder_version=\u00a0\u00bb4.10.7&Prime; _module_preset=\u00a0\u00bbdefault\u00a0\u00bb text_font=\u00a0\u00bbTrebuchet||||||||\u00a0\u00bb global_colors_info=\u00a0\u00bb{}\u00a0\u00bb]<\/p>\n<p style=\"text-align: center;\"><span style=\"color: #993366;\"><a href=\"https:\/\/www.pedagogie.ac-nice.fr\/daac\/ateliers-danse-scene-55\/\" target=\"_blank\" rel=\"noopener\" style=\"color: #993366;\"><strong>\u00ab\u00a0Quatuor \u00e0 corps pour Mozart\u00a0\u00bb<\/strong><\/a><\/span><br \/><span style=\"color: #993366;\"><a href=\"_wp_link_placeholder\" style=\"color: #993366;\">2020<\/a><\/span><\/p>\n<p>[\/et_pb_text][et_pb_divider _builder_version=\u00a0\u00bb4.10.7&Prime; _module_preset=\u00a0\u00bbdefault\u00a0\u00bb global_colors_info=\u00a0\u00bb{}\u00a0\u00bb][\/et_pb_divider][\/et_pb_column][et_pb_column type=\u00a0\u00bb2_3&Prime; _builder_version=\u00a0\u00bb4.10.7&Prime; _module_preset=\u00a0\u00bbdefault\u00a0\u00bb global_colors_info=\u00a0\u00bb{}\u00a0\u00bb][et_pb_text admin_label=\u00a0\u00bbLogo sc\u00e8ne 55&Prime; _builder_version=\u00a0\u00bb4.10.7&Prime; _module_preset=\u00a0\u00bbdefault\u00a0\u00bb global_colors_info=\u00a0\u00bb{}\u00a0\u00bb]<\/p>\n<p><img loading=\"lazy\" decoding=\"async\" class=\"wp-image-2319 aligncenter\" src=\"https:\/\/www.pedagogie.ac-nice.fr\/daac\/wp-content\/uploads\/sites\/37\/2021\/02\/logo-scene-55.jpg\" alt=\"\" width=\"187\" height=\"136\" srcset=\"https:\/\/www.pedagogie.ac-nice.fr\/daac\/wp-content\/uploads\/sites\/37\/2021\/02\/logo-scene-55.jpg 462w, https:\/\/www.pedagogie.ac-nice.fr\/daac\/wp-content\/uploads\/sites\/37\/2021\/02\/logo-scene-55-300x218.jpg 300w\" sizes=\"(max-width: 187px) 100vw, 187px\" \/><\/p>\n<p>[\/et_pb_text][et_pb_text admin_label=\u00a0\u00bbPr\u00e9sentation de la saison\u00a0\u00bb _builder_version=\u00a0\u00bb4.10.7&Prime; _module_preset=\u00a0\u00bbdefault\u00a0\u00bb text_font=\u00a0\u00bbTrebuchet||||||||\u00a0\u00bb text_font_size=\u00a0\u00bb16px\u00a0\u00bb global_colors_info=\u00a0\u00bb{}\u00a0\u00bb]<\/p>\n<p style=\"text-align: center;\"><span style=\"color: #ff0000;\"><strong><span style=\"color: #993366;\"><a href=\"https:\/\/www.pedagogie.ac-nice.fr\/daac\/wp-content\/uploads\/sites\/37\/2022\/06\/presentation_saison2022-23_scene55.pdf\" target=\"_blank\" rel=\"noopener\" style=\"color: #993366;\">Pr\u00e9sentation de la saison 2022-2023<\/a><\/span><a href=\"https:\/\/www.pedagogie.ac-nice.fr\/daac\/wp-content\/uploads\/sites\/37\/2022\/06\/presentation_saison2022-23_scene55.pdf\" target=\"_blank\" rel=\"noopener\"><img loading=\"lazy\" decoding=\"async\" class=\"aligncenter wp-image-12866\" src=\"https:\/\/www.pedagogie.ac-nice.fr\/daac\/wp-content\/uploads\/sites\/37\/2022\/06\/presentation_saison2022-visuel.jpg\" alt=\"\" width=\"218\" height=\"194\" srcset=\"https:\/\/www.pedagogie.ac-nice.fr\/daac\/wp-content\/uploads\/sites\/37\/2022\/06\/presentation_saison2022-visuel.jpg 346w, https:\/\/www.pedagogie.ac-nice.fr\/daac\/wp-content\/uploads\/sites\/37\/2022\/06\/presentation_saison2022-visuel-300x267.jpg 300w\" sizes=\"(max-width: 218px) 100vw, 218px\" \/><\/a><\/strong><\/span><\/p>\n<p>[\/et_pb_text][et_pb_divider _builder_version=\u00a0\u00bb4.10.7&Prime; _module_preset=\u00a0\u00bbdefault\u00a0\u00bb global_colors_info=\u00a0\u00bb{}\u00a0\u00bb][\/et_pb_divider][et_pb_text _builder_version=\u00a0\u00bb4.10.7&Prime; _module_preset=\u00a0\u00bbdefault\u00a0\u00bb text_font=\u00a0\u00bbTrebuchet||||||||\u00a0\u00bb text_orientation=\u00a0\u00bbjustified\u00a0\u00bb global_colors_info=\u00a0\u00bb{}\u00a0\u00bb]<\/p>\n<p align=\"center\"><b><span style=\"font-size: 14pt; color: #993366;\">Projet danse, et formation pour enseignants \u00e0 la Sc\u00e8ne 55<\/span><br \/><\/b><\/p>\n<p style=\"text-align: justify;\"><span style=\"color: #000000;\"><strong>Se rencontrer\u2026<\/strong><b><br \/><\/b>C\u2019est la rencontre d\u2019artistes de la <strong>Compagnie Humaine <\/strong>avec des enfants de primaire\u00a0: 9 classes soit 222 \u00e9l\u00e8ves des <i>\u00e9coles maternelles Devens, Cabri\u00e8res, les Trois Collines, Mougins le haut, Rebuffel <\/i>.<\/span><\/p>\n<p style=\"text-align: justify;\"><span style=\"color: #000000;\"><strong>Autour d\u2019un projet\u2026<\/strong><b><br \/><\/b>A partir la cr\u00e9ation de la Compagnie Humaine <i>\u00ab\u00a0<strong>Les Glaneurs de r\u00eaves<\/strong>\u00a0\u00bb<\/i> l\u2019objectif a \u00e9t\u00e9 d\u2019inviter les enfants \u00e0 d\u00e9velopper leur cr\u00e9ativit\u00e9 par l\u2019imaginaire \u00e0 partir de la th\u00e9matique du \u00ab\u00a0r\u00eave\u00a0\u00bb \u00e0 travers les composantes du mouvement dans\u00e9, du corps, de l\u2019espace, du temps et de l\u2019interrelation.<\/span><\/p>\n<p style=\"text-align: justify;\"><span style=\"color: #000000;\"><strong>Pratiquer\u2026<\/strong><b><br \/><\/b><img loading=\"lazy\" decoding=\"async\" class=\" wp-image-11028 alignleft\" src=\"https:\/\/www.pedagogie.ac-nice.fr\/daac\/wp-content\/uploads\/sites\/37\/2022\/01\/visuel_1erdegre-1.jpg\" alt=\"\" width=\"340\" height=\"336\" srcset=\"https:\/\/www.pedagogie.ac-nice.fr\/daac\/wp-content\/uploads\/sites\/37\/2022\/01\/visuel_1erdegre-1.jpg 492w, https:\/\/www.pedagogie.ac-nice.fr\/daac\/wp-content\/uploads\/sites\/37\/2022\/01\/visuel_1erdegre-1-300x296.jpg 300w\" sizes=\"(max-width: 340px) 100vw, 340px\" \/>Dans le cadre d\u2019ateliers <span id=\"page3R_mcid13\" class=\"markedContent\"><span dir=\"ltr\" role=\"presentation\">anim\u00e9s par<\/span> <strong><span dir=\"ltr\" role=\"presentation\">Jeanne <\/span><span dir=\"ltr\" role=\"presentation\">Chossat<\/span><\/strong> <span dir=\"ltr\" role=\"presentation\">(artis<\/span><span dir=\"ltr\" role=\"presentation\">te)<\/span> <span dir=\"ltr\" role=\"presentation\">et<\/span> <strong><span dir=\"ltr\" role=\"presentation\">Dominique Lari<\/span><span dir=\"ltr\" role=\"presentation\">n<\/span><\/strong> <span dir=\"ltr\" role=\"presentation\">(<\/span><span dir=\"ltr\" role=\"presentation\">charg\u00e9e des act<\/span><span dir=\"ltr\" role=\"presentation\">ions <\/span><span dir=\"ltr\" role=\"presentation\">c<\/span><span dir=\"ltr\" role=\"presentation\">ulturelles de la <strong>Compagnie Humaine<\/strong><\/span><span dir=\"ltr\" role=\"presentation\">, sp\u00e9cialiste de la <\/span><span dir=\"ltr\" role=\"presentation\">p\u00e9dagogie<\/span> <span dir=\"ltr\" role=\"presentation\">sp\u00e9<\/span><span dir=\"ltr\" role=\"presentation\">ci<\/span><span dir=\"ltr\" role=\"presentation\">fique<\/span> <span dir=\"ltr\" role=\"presentation\">\u00e0<\/span> <span dir=\"ltr\" role=\"presentation\">l<\/span><span dir=\"ltr\" role=\"presentation\">\u2019<\/span><span dir=\"ltr\" role=\"presentation\">enfant<\/span><span dir=\"ltr\" role=\"presentation\">)<\/span> <\/span>men\u00e9s au sein des \u00e9tablissement scolaires, les enfants ont \u00e9t\u00e9 invit\u00e9s \u00e0 mettre en jeu leur imaginaire en cr\u00e9ant du mouvement et en lui donnant sens afin de d\u00e9couvrir leurs potentialit\u00e9s corporelles et leurs capacit\u00e9s \u00e0 entrer en relation avec l\u2019autre. Choisir, nuancer, diversifier son mouvement en rendant le mouvement intentionnel, se laisser guider par la musique tout en se faisant confiance, coop\u00e9rer, adopter des attitudes d\u2019\u00e9coute et de partage, s\u2019\u00e9loigner du geste quotidien pour aller vers un geste symbolique, tels ont \u00e9t\u00e9 les enjeux de ces rencontres artistiques guid\u00e9es avant tout par les notions de plaisir et de partage.<\/span><\/p>\n<p style=\"text-align: justify;\"><span style=\"color: #000000;\"><strong><br \/>Echanger et se former :<b><img loading=\"lazy\" decoding=\"async\" class=\"wp-image-11032 alignright\" style=\"text-align: justify;\" src=\"https:\/\/www.pedagogie.ac-nice.fr\/daac\/wp-content\/uploads\/sites\/37\/2022\/01\/ateliers_scene66_profs.jpg\" alt=\"\" width=\"316\" height=\"313\" srcset=\"https:\/\/www.pedagogie.ac-nice.fr\/daac\/wp-content\/uploads\/sites\/37\/2022\/01\/ateliers_scene66_profs.jpg 416w, https:\/\/www.pedagogie.ac-nice.fr\/daac\/wp-content\/uploads\/sites\/37\/2022\/01\/ateliers_scene66_profs-300x298.jpg 300w, https:\/\/www.pedagogie.ac-nice.fr\/daac\/wp-content\/uploads\/sites\/37\/2022\/01\/ateliers_scene66_profs-150x150.jpg 150w\" sizes=\"(max-width: 316px) 100vw, 316px\" \/><\/b><\/strong><\/span><\/p>\n<p style=\"text-align: justify;\"><span style=\"color: #000000;\">Dans le cadre des \u00ab <strong>Mercredis enseignants<\/strong> \u00bb une formation, anim\u00e9e par Dominique Larin a \u00e9t\u00e9 propos\u00e9e aux enseignants : de la th\u00e9orie \u00e0 la pratique afin de permettre \u00e0 chacun, quelle que soit sa discipline, d\u2019\u00e9laborer un projet danse et de partager des \u00e9motions artistiques avec ses \u00e9l\u00e8ves.<\/span><\/p>\n<p style=\"text-align: justify;\"><span style=\"color: #000000;\">\u00a0<\/span><\/p>\n<p>&nbsp;<\/p>\n<p>[\/et_pb_text][et_pb_text admin_label=\u00a0\u00bbcontact\u00a0\u00bb _builder_version=\u00a0\u00bb4.10.7&Prime; _module_preset=\u00a0\u00bbdefault\u00a0\u00bb text_font=\u00a0\u00bbTrebuchet||||||||\u00a0\u00bb global_colors_info=\u00a0\u00bb{}\u00a0\u00bb]<\/p>\n<p><span style=\"color: #000000;\"><strong><span id=\"page3R_mcid18\" class=\"markedContent\"><span dir=\"ltr\" role=\"presentation\">Cha<\/span><span dir=\"ltr\" role=\"presentation\">rg\u00e9e de mission danse et cirque Alpes<\/span><span dir=\"ltr\" role=\"presentation\">&#8211;<\/span><span dir=\"ltr\" role=\"presentation\">Maritimes<\/span> <span dir=\"ltr\" role=\"presentation\">:<\/span><\/span><span id=\"page3R_mcid19\" class=\"markedContent\"><br role=\"presentation\" \/><\/span><\/strong><span id=\"page3R_mcid19\" class=\"markedContent\"><span dir=\"ltr\" role=\"presentation\">Aria.florent@ac<\/span><\/span><span id=\"page3R_mcid19\" class=\"markedContent\"><span dir=\"ltr\" role=\"presentation\">&#8211;<\/span><span dir=\"ltr\" role=\"presentation\">nice.fr<\/span><\/span><\/span><\/p>\n<p><span style=\"color: #000000;\"><strong>Coordination DAAC &#8211; ASV Danse : Muriel Colin-Lacour :<\/strong><\/span><br \/><span style=\"color: #000000;\">muriel.colin@ac-nice.fr<\/span><\/p>\n<p>[\/et_pb_text][\/et_pb_column][\/et_pb_row][\/et_pb_section]<\/p>\n","protected":false},"excerpt":{"rendered":"<p>\u00a9&nbsp;\u00c9ric OberdorffCompagnie associ\u00e9e \u00e0 Sc\u00e8ne 55-Mougins, sc\u00e8ne conventionn\u00e9e d&rsquo;int\u00e9r\u00eat national Art et Cr\u00e9ationValorisation : le coll\u00e8ge La Ch\u00eanaie de Mouans-Sartoux, Sc\u00e8ne 55 et la Compagnie humaine Retrouvez les actions pass\u00e9es de sc\u00e8ne 55Hamlet Requiem, mise en sc\u00e8ne de Cyril Cotinaut\u00ab\u00a0Quatuor \u00e0 corps pour Mozart\u00a0\u00bb2020Pr\u00e9sentation de la saison 2022-2023Projet danse, et formation pour enseignants \u00e0 la [&hellip;]<\/p>\n","protected":false},"author":241,"featured_media":0,"parent":0,"menu_order":0,"comment_status":"closed","ping_status":"closed","template":"","meta":{"_et_pb_use_builder":"on","_et_pb_old_content":"","_et_gb_content_width":"","ngg_post_thumbnail":0,"footnotes":""},"class_list":["post-11021","page","type-page","status-publish","hentry"],"rttpg_featured_image_url":null,"rttpg_author":{"display_name":"daacadmin","author_link":"https:\/\/www.pedagogie.ac-nice.fr\/daac\/author\/daacadmin\/"},"rttpg_comment":0,"rttpg_category":null,"rttpg_excerpt":"\u00a9&nbsp;\u00c9ric OberdorffCompagnie associ\u00e9e \u00e0 Sc\u00e8ne 55-Mougins, sc\u00e8ne conventionn\u00e9e d'int\u00e9r\u00eat national Art et Cr\u00e9ationValorisation : le coll\u00e8ge La Ch\u00eanaie de Mouans-Sartoux, Sc\u00e8ne 55 et la Compagnie humaine Retrouvez les actions pass\u00e9es de sc\u00e8ne 55Hamlet Requiem, mise en sc\u00e8ne de Cyril Cotinaut\u00ab\u00a0Quatuor \u00e0 corps pour Mozart\u00a0\u00bb2020Pr\u00e9sentation de la saison 2022-2023Projet danse, et formation pour enseignants \u00e0 la\u2026","post_mailing_queue_ids":[],"_links":{"self":[{"href":"https:\/\/www.pedagogie.ac-nice.fr\/daac\/wp-json\/wp\/v2\/pages\/11021","targetHints":{"allow":["GET"]}}],"collection":[{"href":"https:\/\/www.pedagogie.ac-nice.fr\/daac\/wp-json\/wp\/v2\/pages"}],"about":[{"href":"https:\/\/www.pedagogie.ac-nice.fr\/daac\/wp-json\/wp\/v2\/types\/page"}],"author":[{"embeddable":true,"href":"https:\/\/www.pedagogie.ac-nice.fr\/daac\/wp-json\/wp\/v2\/users\/241"}],"replies":[{"embeddable":true,"href":"https:\/\/www.pedagogie.ac-nice.fr\/daac\/wp-json\/wp\/v2\/comments?post=11021"}],"version-history":[{"count":26,"href":"https:\/\/www.pedagogie.ac-nice.fr\/daac\/wp-json\/wp\/v2\/pages\/11021\/revisions"}],"predecessor-version":[{"id":14610,"href":"https:\/\/www.pedagogie.ac-nice.fr\/daac\/wp-json\/wp\/v2\/pages\/11021\/revisions\/14610"}],"wp:attachment":[{"href":"https:\/\/www.pedagogie.ac-nice.fr\/daac\/wp-json\/wp\/v2\/media?parent=11021"}],"curies":[{"name":"wp","href":"https:\/\/api.w.org\/{rel}","templated":true}]}}