{"id":11353,"date":"2022-02-21T18:16:46","date_gmt":"2022-02-21T17:16:46","guid":{"rendered":"https:\/\/www.pedagogie.ac-nice.fr\/daac\/?page_id=11353"},"modified":"2023-02-21T17:03:37","modified_gmt":"2023-02-21T16:03:37","slug":"le-patrimoine-toute-une-histoire","status":"publish","type":"page","link":"https:\/\/www.pedagogie.ac-nice.fr\/daac\/le-patrimoine-toute-une-histoire\/","title":{"rendered":"\u00ab\u00a0Le patrimoine, toute une histoire !\u00a0\u00bb"},"content":{"rendered":"<p>[et_pb_section fb_built=\u00a0\u00bb1&Prime; _builder_version=\u00a0\u00bb4.10.7&Prime; _module_preset=\u00a0\u00bbdefault\u00a0\u00bb global_colors_info=\u00a0\u00bb{}\u00a0\u00bb][et_pb_row column_structure=\u00a0\u00bb1_3,2_3&Prime; _builder_version=\u00a0\u00bb4.10.7&Prime; _module_preset=\u00a0\u00bbdefault\u00a0\u00bb global_colors_info=\u00a0\u00bb{}\u00a0\u00bb][et_pb_column type=\u00a0\u00bb1_3&Prime; _builder_version=\u00a0\u00bb4.10.7&Prime; _module_preset=\u00a0\u00bbdefault\u00a0\u00bb global_colors_info=\u00a0\u00bb{}\u00a0\u00bb][et_pb_text admin_label=\u00a0\u00bblogo domaine\u00a0\u00bb _builder_version=\u00a0\u00bb4.10.7&Prime; _module_preset=\u00a0\u00bbdefault\u00a0\u00bb global_colors_info=\u00a0\u00bb{}\u00a0\u00bb]<\/p>\n<p><a href=\"https:\/\/www.pedagogie.ac-nice.fr\/daac\/patrimoines-memoires-2021\/\" target=\"_blank\" rel=\"noopener\"><img loading=\"lazy\" decoding=\"async\" class=\"aligncenter wp-image-5925 size-full\" src=\"https:\/\/www.pedagogie.ac-nice.fr\/daac\/wp-content\/uploads\/sites\/37\/2021\/09\/patrimoine_memoires.png\" alt=\"\" width=\"347\" height=\"222\" srcset=\"https:\/\/www.pedagogie.ac-nice.fr\/daac\/wp-content\/uploads\/sites\/37\/2021\/09\/patrimoine_memoires.png 347w, https:\/\/www.pedagogie.ac-nice.fr\/daac\/wp-content\/uploads\/sites\/37\/2021\/09\/patrimoine_memoires-300x192.png 300w\" sizes=\"(max-width: 347px) 100vw, 347px\" \/><\/a><\/p>\n<p>[\/et_pb_text][et_pb_text admin_label=\u00a0\u00bbaffiche concours\u00a0\u00bb _builder_version=\u00a0\u00bb4.10.7&Prime; _module_preset=\u00a0\u00bbdefault\u00a0\u00bb global_colors_info=\u00a0\u00bb{}\u00a0\u00bb]<\/p>\n<p><a href=\"https:\/\/enseignants.vmfpatrimoine.org\" target=\"_blank\" rel=\"noopener\"><img loading=\"lazy\" decoding=\"async\" class=\"aligncenter wp-image-11356 size-full\" src=\"https:\/\/www.pedagogie.ac-nice.fr\/daac\/wp-content\/uploads\/sites\/37\/2022\/02\/affiche.jpg\" alt=\"\" width=\"453\" height=\"644\" srcset=\"https:\/\/www.pedagogie.ac-nice.fr\/daac\/wp-content\/uploads\/sites\/37\/2022\/02\/affiche.jpg 453w, https:\/\/www.pedagogie.ac-nice.fr\/daac\/wp-content\/uploads\/sites\/37\/2022\/02\/affiche-211x300.jpg 211w\" sizes=\"(max-width: 453px) 100vw, 453px\" \/><\/a><\/p>\n<p>[\/et_pb_text][et_pb_text admin_label=\u00a0\u00bbAssociation VMF\u00a0\u00bb _builder_version=\u00a0\u00bb4.10.7&Prime; _module_preset=\u00a0\u00bbdefault\u00a0\u00bb global_colors_info=\u00a0\u00bb{}\u00a0\u00bb]<\/p>\n<p style=\"text-align: center;\"><strong><span style=\"color: #000000;\">Association des vieilles maisons fran\u00e7aises<\/span><\/strong><img loading=\"lazy\" decoding=\"async\" class=\"wp-image-11357 aligncenter\" src=\"https:\/\/www.pedagogie.ac-nice.fr\/daac\/wp-content\/uploads\/sites\/37\/2022\/02\/vieilles_maisons_france.jpg\" alt=\"\" width=\"332\" height=\"174\" srcset=\"https:\/\/www.pedagogie.ac-nice.fr\/daac\/wp-content\/uploads\/sites\/37\/2022\/02\/vieilles_maisons_france.jpg 1200w, https:\/\/www.pedagogie.ac-nice.fr\/daac\/wp-content\/uploads\/sites\/37\/2022\/02\/vieilles_maisons_france-300x158.jpg 300w, https:\/\/www.pedagogie.ac-nice.fr\/daac\/wp-content\/uploads\/sites\/37\/2022\/02\/vieilles_maisons_france-1024x538.jpg 1024w, https:\/\/www.pedagogie.ac-nice.fr\/daac\/wp-content\/uploads\/sites\/37\/2022\/02\/vieilles_maisons_france-768x403.jpg 768w, https:\/\/www.pedagogie.ac-nice.fr\/daac\/wp-content\/uploads\/sites\/37\/2022\/02\/vieilles_maisons_france-1080x567.jpg 1080w\" sizes=\"(max-width: 332px) 100vw, 332px\" \/><\/p>\n<p>[\/et_pb_text][\/et_pb_column][et_pb_column type=\u00a0\u00bb2_3&Prime; _builder_version=\u00a0\u00bb4.10.7&Prime; _module_preset=\u00a0\u00bbdefault\u00a0\u00bb global_colors_info=\u00a0\u00bb{}\u00a0\u00bb][et_pb_text admin_label=\u00a0\u00bbTexte Ang\u00e8le\u00a0\u00bb _builder_version=\u00a0\u00bb4.10.7&Prime; _module_preset=\u00a0\u00bbdefault\u00a0\u00bb hover_enabled=\u00a0\u00bb0&Prime; global_colors_info=\u00a0\u00bb{}\u00a0\u00bb text_font=\u00a0\u00bbTrebuchet||||||||\u00a0\u00bb sticky_enabled=\u00a0\u00bb0&Prime;]<\/p>\n<div>\n<div style=\"text-align: center;\"><span style=\"color: #993366;\"><strong><span style=\"font-size: 18pt;\">LE PATRIMOINE, TOUTE UNE HISTOIRE !<\/span><\/strong><\/span><\/div>\n<div>\u00a0<\/div>\n<div style=\"text-align: justify;\">\n<p><span style=\"color: #000000;\">Dans le cadre de ses partenariats, la D\u00e9l\u00e9gation Acad\u00e9mique \u00e0 l&rsquo;\u00e9ducation Artistique et Culturelle (DAAC) s&rsquo;associe \u00e0 l&rsquo;association Vieilles Maisons Fran\u00e7aises (<span class=\"v1markwg4lqe2ja\">VMF<\/span>) pour proposer aux \u00e9l\u00e8ves, du CM1 \u00e0 la 6\u00e8me, de participer \u00e0 un concours de valorisation de leur patrimoine de proximit\u00e9 : les classes sont invit\u00e9es \u00e0 cr\u00e9er une couverture de magazine et un \u00e9ditorial mettant \u00e0 l&rsquo;honneur un monument ou un site de leur patrimoine.\u00a0<\/span><\/p>\n<p>&nbsp;<\/p>\n<\/div>\n<\/div>\n<div><img loading=\"lazy\" decoding=\"async\" class=\"wp-image-8629 alignleft\" src=\"https:\/\/www.pedagogie.ac-nice.fr\/daac\/wp-content\/uploads\/sites\/37\/2021\/10\/fichier_pdf.jpg\" alt=\"\" width=\"109\" height=\"114\" \/><\/div>\n<div>\n<div>\n<p>&nbsp;<\/p>\n<p><span style=\"color: #993366;\"><a href=\"https:\/\/www.pedagogie.ac-nice.fr\/daac\/wp-content\/uploads\/sites\/37\/2022\/02\/VMF-Educ-presentation.pdf\" target=\"_blank\" rel=\"noopener\" style=\"color: #993366;\">Pr\u00e9sentation du concours ici<\/a><\/span><\/p>\n<p>&nbsp;<\/p>\n<p>&nbsp;<\/p>\n<p style=\"text-align: justify;\"><span style=\"color: #000000;\">Le programme \u00ab Le patrimoine, toute une histoire ! \u00bb offre aux enseignants et aux enfants <strong>des outils p\u00e9dagogiques gratuits<\/strong> renouvel\u00e9s chaque ann\u00e9e. <\/span><\/p>\n<\/div>\n<div style=\"text-align: justify;\">\n<p><span style=\"color: #000000;\">Les enseignants int\u00e9ress\u00e9s pourront s&rsquo;appuyer sur un certains nombre de ressources mises \u00e0 disposition sur le site de la DAAC :<\/span><\/p>\n<p>&nbsp;<\/p>\n<\/div>\n<div><span style=\"color: #000000;\"><a href=\"https:\/\/www.pedagogie.ac-nice.fr\/daac\/wp-content\/uploads\/sites\/37\/2022\/02\/VMF-Education-1.pdf\" target=\"_blank\" rel=\"noopener\" style=\"color: #000000;\"><img loading=\"lazy\" decoding=\"async\" class=\"alignleft wp-image-8629\" src=\"https:\/\/www.pedagogie.ac-nice.fr\/daac\/wp-content\/uploads\/sites\/37\/2021\/10\/fichier_pdf.jpg\" alt=\"\" width=\"116\" height=\"121\" \/><\/a><\/span><\/div>\n<div>\n<p><span style=\"color: #000000;\">Retrouvez toute la pr\u00e9sentation de l&rsquo;offre p\u00e9dagogique <\/span><\/p>\n<p><span style=\"color: #000000;\">D&rsquo;autres informations sont \u00e9galement disponibles sur le site d\u00e9di\u00e9 :<br \/><a href=\"https:\/\/enseignants.vmfpatrimoine.org\/\" style=\"color: #000000;\">https:\/\/enseignants.vmfpatrimoine.org\/<\/a><br \/><\/span><\/p>\n<\/div>\n<\/div>\n<div><span style=\"color: #000000;\">\u00a0<\/span><\/div>\n<div>\n<div style=\"text-align: justify;\"><span style=\"color: #000000;\">\u00a0<\/span><\/div>\n<div style=\"text-align: justify;\"><span style=\"color: #000000;\">Les enseignants peuvent \u00e9galement contacter mme Tardivat, correspondante r\u00e9gionale de l&rsquo;association \u00e0 l&rsquo;adresse suivante : <strong>jtardivat@gmail.com<\/strong><\/span><\/div>\n<\/div>\n<p>[\/et_pb_text][\/et_pb_column][\/et_pb_row][\/et_pb_section]<\/p>\n","protected":false},"excerpt":{"rendered":"<p>Association des vieilles maisons fran\u00e7aises LE PATRIMOINE, TOUTE UNE HISTOIRE ! \u00a0 Dans le cadre de ses partenariats, la D\u00e9l\u00e9gation Acad\u00e9mique \u00e0 l&rsquo;\u00e9ducation Artistique et Culturelle (DAAC) s&rsquo;associe \u00e0 l&rsquo;association Vieilles Maisons Fran\u00e7aises (VMF) pour proposer aux \u00e9l\u00e8ves, du CM1 \u00e0 la 6\u00e8me, de participer \u00e0 un concours de valorisation de leur patrimoine de proximit\u00e9 [&hellip;]<\/p>\n","protected":false},"author":241,"featured_media":0,"parent":0,"menu_order":0,"comment_status":"closed","ping_status":"closed","template":"","meta":{"_et_pb_use_builder":"on","_et_pb_old_content":"","_et_gb_content_width":"","ngg_post_thumbnail":0,"footnotes":""},"class_list":["post-11353","page","type-page","status-publish","hentry"],"rttpg_featured_image_url":null,"rttpg_author":{"display_name":"daacadmin","author_link":"https:\/\/www.pedagogie.ac-nice.fr\/daac\/author\/daacadmin\/"},"rttpg_comment":0,"rttpg_category":null,"rttpg_excerpt":"Association des vieilles maisons fran\u00e7aises LE PATRIMOINE, TOUTE UNE HISTOIRE ! \u00a0 Dans le cadre de ses partenariats, la D\u00e9l\u00e9gation Acad\u00e9mique \u00e0 l'\u00e9ducation Artistique et Culturelle (DAAC) s'associe \u00e0 l'association Vieilles Maisons Fran\u00e7aises (VMF) pour proposer aux \u00e9l\u00e8ves, du CM1 \u00e0 la 6\u00e8me, de participer \u00e0 un concours de valorisation de leur patrimoine de proximit\u00e9\u2026","post_mailing_queue_ids":[],"_links":{"self":[{"href":"https:\/\/www.pedagogie.ac-nice.fr\/daac\/wp-json\/wp\/v2\/pages\/11353","targetHints":{"allow":["GET"]}}],"collection":[{"href":"https:\/\/www.pedagogie.ac-nice.fr\/daac\/wp-json\/wp\/v2\/pages"}],"about":[{"href":"https:\/\/www.pedagogie.ac-nice.fr\/daac\/wp-json\/wp\/v2\/types\/page"}],"author":[{"embeddable":true,"href":"https:\/\/www.pedagogie.ac-nice.fr\/daac\/wp-json\/wp\/v2\/users\/241"}],"replies":[{"embeddable":true,"href":"https:\/\/www.pedagogie.ac-nice.fr\/daac\/wp-json\/wp\/v2\/comments?post=11353"}],"version-history":[{"count":8,"href":"https:\/\/www.pedagogie.ac-nice.fr\/daac\/wp-json\/wp\/v2\/pages\/11353\/revisions"}],"predecessor-version":[{"id":14726,"href":"https:\/\/www.pedagogie.ac-nice.fr\/daac\/wp-json\/wp\/v2\/pages\/11353\/revisions\/14726"}],"wp:attachment":[{"href":"https:\/\/www.pedagogie.ac-nice.fr\/daac\/wp-json\/wp\/v2\/media?parent=11353"}],"curies":[{"name":"wp","href":"https:\/\/api.w.org\/{rel}","templated":true}]}}