{"id":11383,"date":"2022-02-21T20:11:43","date_gmt":"2022-02-21T19:11:43","guid":{"rendered":"https:\/\/www.pedagogie.ac-nice.fr\/daac\/?page_id=11383"},"modified":"2023-02-21T11:48:43","modified_gmt":"2023-02-21T10:48:43","slug":"breathe-anthea","status":"publish","type":"page","link":"https:\/\/www.pedagogie.ac-nice.fr\/daac\/breathe-anthea\/","title":{"rendered":"Breathe Anthea"},"content":{"rendered":"<p>[et_pb_section fb_built=\u00a0\u00bb1&Prime; _builder_version=\u00a0\u00bb4.10.7&Prime; _module_preset=\u00a0\u00bbdefault\u00a0\u00bb global_colors_info=\u00a0\u00bb{}\u00a0\u00bb][et_pb_row column_structure=\u00a0\u00bb1_4,3_4&Prime; _builder_version=\u00a0\u00bb4.10.7&Prime; _module_preset=\u00a0\u00bbdefault\u00a0\u00bb global_colors_info=\u00a0\u00bb{}\u00a0\u00bb][et_pb_column type=\u00a0\u00bb1_4&Prime; _builder_version=\u00a0\u00bb4.10.7&Prime; _module_preset=\u00a0\u00bbdefault\u00a0\u00bb global_colors_info=\u00a0\u00bb{}\u00a0\u00bb][et_pb_text admin_label=\u00a0\u00bbdanse\u00a0\u00bb _builder_version=\u00a0\u00bb4.10.7&Prime; _module_preset=\u00a0\u00bbdefault\u00a0\u00bb global_colors_info=\u00a0\u00bb{}\u00a0\u00bb]<\/p>\n<p><a href=\"https:\/\/www.pedagogie.ac-nice.fr\/daac\/domaine-danse-asv\/\" target=\"_blank\" rel=\"noopener\"><img loading=\"lazy\" decoding=\"async\" class=\"aligncenter wp-image-5923 size-full\" src=\"https:\/\/www.pedagogie.ac-nice.fr\/daac\/wp-content\/uploads\/sites\/37\/2021\/09\/danse.png\" alt=\"\" width=\"346\" height=\"221\" srcset=\"https:\/\/www.pedagogie.ac-nice.fr\/daac\/wp-content\/uploads\/sites\/37\/2021\/09\/danse.png 346w, https:\/\/www.pedagogie.ac-nice.fr\/daac\/wp-content\/uploads\/sites\/37\/2021\/09\/danse-300x192.png 300w\" sizes=\"(max-width: 346px) 100vw, 346px\" \/><\/a><\/p>\n<p>[\/et_pb_text][et_pb_text admin_label=\u00a0\u00bbAnthea\u00a0\u00bb _builder_version=\u00a0\u00bb4.10.7&Prime; _module_preset=\u00a0\u00bbdefault\u00a0\u00bb global_colors_info=\u00a0\u00bb{}\u00a0\u00bb]<\/p>\n<p><img loading=\"lazy\" decoding=\"async\" class=\"size-full wp-image-3427 aligncenter\" src=\"https:\/\/www.pedagogie.ac-nice.fr\/daac\/wp-content\/uploads\/sites\/37\/2021\/05\/logo_anthea.png\" alt=\"\" width=\"205\" height=\"185\"><\/p>\n<p>[\/et_pb_text][et_pb_text admin_label=\u00a0\u00bbphoto2&Prime; _builder_version=\u00a0\u00bb4.10.7&Prime; _module_preset=\u00a0\u00bbdefault\u00a0\u00bb global_colors_info=\u00a0\u00bb{}\u00a0\u00bb]<\/p>\n<p><img loading=\"lazy\" decoding=\"async\" class=\"wp-image-11394 aligncenter\" src=\"https:\/\/www.pedagogie.ac-nice.fr\/daac\/wp-content\/uploads\/sites\/37\/2022\/02\/photo_breathe_danseurs.jpg\" alt=\"\" width=\"272\" height=\"204\" srcset=\"https:\/\/www.pedagogie.ac-nice.fr\/daac\/wp-content\/uploads\/sites\/37\/2022\/02\/photo_breathe_danseurs.jpg 1024w, https:\/\/www.pedagogie.ac-nice.fr\/daac\/wp-content\/uploads\/sites\/37\/2022\/02\/photo_breathe_danseurs-300x225.jpg 300w, https:\/\/www.pedagogie.ac-nice.fr\/daac\/wp-content\/uploads\/sites\/37\/2022\/02\/photo_breathe_danseurs-768x576.jpg 768w\" sizes=\"(max-width: 272px) 100vw, 272px\" \/><\/p>\n<p>[\/et_pb_text][et_pb_text admin_label=\u00a0\u00bbt\u00e9moignages\u00a0\u00bb _builder_version=\u00a0\u00bb4.10.7&Prime; _module_preset=\u00a0\u00bbdefault\u00a0\u00bb global_colors_info=\u00a0\u00bb{}\u00a0\u00bb]<\/p>\n<p style=\"text-align: center;\"><span style=\"font-size: 10pt; color: #000080;\">Retrouvez les t\u00e9moignages des acteurs de cette aventure<\/span><a href=\"https:\/\/www.pedagogie.ac-nice.fr\/daac\/wp-content\/uploads\/sites\/37\/2022\/02\/CR-Breathe.pdf\" target=\"_blank\" rel=\"noopener\"><img loading=\"lazy\" decoding=\"async\" class=\"aligncenter wp-image-8629\" src=\"https:\/\/www.pedagogie.ac-nice.fr\/daac\/wp-content\/uploads\/sites\/37\/2021\/10\/fichier_pdf.jpg\" alt=\"\" width=\"136\" height=\"142\"><\/a><\/p>\n<p>[\/et_pb_text][\/et_pb_column][et_pb_column type=\u00a0\u00bb3_4&Prime; _builder_version=\u00a0\u00bb4.10.7&Prime; _module_preset=\u00a0\u00bbdefault\u00a0\u00bb global_colors_info=\u00a0\u00bb{}\u00a0\u00bb][et_pb_text _builder_version=\u00a0\u00bb4.10.7&Prime; _module_preset=\u00a0\u00bbdefault\u00a0\u00bb hover_enabled=\u00a0\u00bb0&Prime; global_colors_info=\u00a0\u00bb{}\u00a0\u00bb text_font=\u00a0\u00bbTrebuchet||||||||\u00a0\u00bb sticky_enabled=\u00a0\u00bb0&Prime;]<\/p>\n<p class=\"western\" align=\"center\"><span style=\"color: #993366;\"><span style=\"font-family: Chalkboard;\"><span style=\"font-size: large;\"><b>Lyc\u00e9ens et danseurs professionnels r\u00e9unis dans un m\u00eame spectacle,<br \/>sur\u00a0 <\/b><\/span><\/span><\/span><span style=\"color: #c9211e;\"><span style=\"font-family: Chalkboard;\"><span style=\"font-size: large;\"><b><span style=\"color: #993366;\">la sc\u00e8ne d\u2019anth\u00e9a \u00e0 Antibes<\/span><br \/><\/b><\/span><\/span><\/span><\/p>\n<p class=\"western\" align=\"justify\"><span style=\"font-family: Chalkboard; color: #000000;\"><span style=\"font-size: medium;\">Le 14 juillet 1518, \u00e0 Strasbourg, une femme se met \u00e0 danser dans la rue pendant plusieurs jours, sans raison. Bient\u00f4t, des dizaines d\u2019hommes et de femmes en font autant, incapables de s\u2019arr\u00eater de danser dans les rues \u00e9troites de la ville. S\u2019inspirant de ce fait historique, Eug\u00e9nie Andrin et Vanessa d\u2019Ayral de S\u00e9rignac imaginent que la pand\u00e9mie actuelle et son climat anxiog\u00e8ne d\u00e9clenchent \u00e0 nouveau une \u00ab \u00e9pid\u00e9mie \u00bb de danse parmi la population. Une pluie de masques chirurgicaux multicolores s\u2019abat sur la sc\u00e8ne et entravent les pas des danseuses et danseurs, devenus comme fous&#8230; <\/span><\/span><\/p>\n<p class=\"western\" align=\"justify\"><span style=\"color: #000000;\"><span style=\"font-family: Chalkboard;\"><span style=\"font-size: medium;\"> Ainsi est n\u00e9 le spectacle <\/span><\/span><span style=\"font-family: Chalkboard;\"><span style=\"font-size: medium;\"><i>Breathe, breathe ! <\/i><\/span><\/span><span style=\"font-family: Chalkboard;\"><span style=\"font-size: medium;\">repr\u00e9sent\u00e9 en d\u00e9cembre dernier \u00e0 anth\u00e9a, th\u00e9\u00e2tre d\u2019Antibes. Il est le fruit d\u2019un projet EAC men\u00e9 en \u00e9troite collaboration avec la danseuse-chor\u00e9graphe Eug\u00e9nie Andrin et sa Compagnie ainsi que les enseignantes Th\u00e9r\u00e8se Dutard et G\u00e9raldine M\u00e9ret du lyc\u00e9e <\/span><\/span><span style=\"font-family: Chalkboard;\"><span style=\"font-size: medium;\">Jacques Audiberti d\u2019Antibes et Sophie Martinez du lyc\u00e9e Guillaume Apollinaire de Nice. Ensemble, elles ont accompagn\u00e9 44 lyc\u00e9ens de l\u2019Association Sportive Danse, des options Th\u00e9\u00e2tre ou Danse, ou encore de l\u2019enseignement de sp\u00e9cialit\u00e9 Arts-danse. <\/span><\/span><\/span><\/p>\n<p>[\/et_pb_text][et_pb_text admin_label=\u00a0\u00bbvideo\u00a0\u00bb _builder_version=\u00a0\u00bb4.10.7&Prime; _module_preset=\u00a0\u00bbdefault\u00a0\u00bb global_colors_info=\u00a0\u00bb{}\u00a0\u00bb]<\/p>\n<div style=\"padding: 56.25% 0 0 0; position: relative;\"><iframe loading=\"lazy\" style=\"position: absolute; top: 0; left: 0; width: 100%; height: 100%;\" src=\"\/\/player.vimeo.com\/video\/652470338?title=0&amp;amp;byline=0\" allowfullscreen=\"allowfullscreen\" data-mce-fragment=\"1\" width=\"425\" height=\"350\" frameborder=\"0\"><\/iframe><\/div>\n<p><script src=\"https:\/\/player.vimeo.com\/api\/player.js\"><\/script><a href=\"https:\/\/vimeo.com\/652470338\">Breathe, breathe ! rencontre avec Eug\u00e9nie Andrin<\/a> from <a href=\"https:\/\/vimeo.com\/theatreanthea\">th\u00e9\u00e2tre anth\u00e9a<\/a> on <a href=\"https:\/\/vimeo.com\">Vimeo<\/a>.<\/p>\n<p>[\/et_pb_text][et_pb_text _builder_version=\u00a0\u00bb4.10.7&Prime; _module_preset=\u00a0\u00bbdefault\u00a0\u00bb global_colors_info=\u00a0\u00bb{}\u00a0\u00bb]<\/p>\n<p class=\"western\" align=\"justify\"><span style=\"color: #000000;\"><span style=\"font-family: Chalkboard;\"><span style=\"font-size: medium;\"> De ce projet \u00e0 la fois p\u00e9dagogique et chor\u00e9graphique est donc n\u00e9 un spectacle unique repr\u00e9sent\u00e9<\/span><\/span><span style=\"font-family: Chalkboard;\"><span style=\"font-size: medium;\"> trois soirs cons\u00e9cutifs sur la sc\u00e8ne d\u2019anth\u00e9a. De quoi laisser un souvenir inoubliable pour ces jeunes danseurs&nbsp;!<\/span><\/span><\/span><b><\/b><\/p>\n<p>[\/et_pb_text][et_pb_text admin_label=\u00a0\u00bbphoto 1 sc\u00e8ne\u00a0\u00bb _builder_version=\u00a0\u00bb4.10.7&Prime; _module_preset=\u00a0\u00bbdefault\u00a0\u00bb global_colors_info=\u00a0\u00bb{}\u00a0\u00bb]<\/p>\n<p><img loading=\"lazy\" decoding=\"async\" class=\"wp-image-11393 aligncenter\" src=\"https:\/\/www.pedagogie.ac-nice.fr\/daac\/wp-content\/uploads\/sites\/37\/2022\/02\/photo_breathe_salle.jpg\" alt=\"\" width=\"431\" height=\"213\" srcset=\"https:\/\/www.pedagogie.ac-nice.fr\/daac\/wp-content\/uploads\/sites\/37\/2022\/02\/photo_breathe_salle.jpg 843w, https:\/\/www.pedagogie.ac-nice.fr\/daac\/wp-content\/uploads\/sites\/37\/2022\/02\/photo_breathe_salle-300x148.jpg 300w, https:\/\/www.pedagogie.ac-nice.fr\/daac\/wp-content\/uploads\/sites\/37\/2022\/02\/photo_breathe_salle-768x379.jpg 768w\" sizes=\"(max-width: 431px) 100vw, 431px\" \/><\/p>\n<p>[\/et_pb_text][et_pb_text admin_label=\u00a0\u00bbcontact\u00a0\u00bb _builder_version=\u00a0\u00bb4.10.7&Prime; _module_preset=\u00a0\u00bbdefault\u00a0\u00bb global_colors_info=\u00a0\u00bb{}\u00a0\u00bb]<\/p>\n<p><span style=\"color: #0000ff;\"><strong>Coordination DAAC&nbsp; :<\/strong> <\/span><br \/><span style=\"color: #0000ff;\">Delphine Delaruelle, Charg\u00e9e de mission DAAC, delphine.delaruelle@ac-nice.fr<\/span><br \/><span style=\"color: #0000ff;\">Muriel Colin, Coordonnatrice acad\u00e9mique danse, Arts du Spectacle Vivant,<br \/>muriel.colin@ac-nice.fr<br \/><\/span><\/p>\n<p>[\/et_pb_text][\/et_pb_column][\/et_pb_row][\/et_pb_section]<\/p>\n","protected":false},"excerpt":{"rendered":"<p>Retrouvez les t\u00e9moignages des acteurs de cette aventureLyc\u00e9ens et danseurs professionnels r\u00e9unis dans un m\u00eame spectacle,sur\u00a0 la sc\u00e8ne d\u2019anth\u00e9a \u00e0 Antibes Le 14 juillet 1518, \u00e0 Strasbourg, une femme se met \u00e0 danser dans la rue pendant plusieurs jours, sans raison. Bient\u00f4t, des dizaines d\u2019hommes et de femmes en font autant, incapables de s\u2019arr\u00eater de [&hellip;]<\/p>\n","protected":false},"author":241,"featured_media":0,"parent":0,"menu_order":0,"comment_status":"closed","ping_status":"closed","template":"","meta":{"_et_pb_use_builder":"on","_et_pb_old_content":"","_et_gb_content_width":"","ngg_post_thumbnail":0,"footnotes":""},"class_list":["post-11383","page","type-page","status-publish","hentry"],"rttpg_featured_image_url":null,"rttpg_author":{"display_name":"daacadmin","author_link":"https:\/\/www.pedagogie.ac-nice.fr\/daac\/author\/daacadmin\/"},"rttpg_comment":0,"rttpg_category":null,"rttpg_excerpt":"Retrouvez les t\u00e9moignages des acteurs de cette aventureLyc\u00e9ens et danseurs professionnels r\u00e9unis dans un m\u00eame spectacle,sur\u00a0 la sc\u00e8ne d\u2019anth\u00e9a \u00e0 Antibes Le 14 juillet 1518, \u00e0 Strasbourg, une femme se met \u00e0 danser dans la rue pendant plusieurs jours, sans raison. Bient\u00f4t, des dizaines d\u2019hommes et de femmes en font autant, incapables de s\u2019arr\u00eater de\u2026","post_mailing_queue_ids":[],"_links":{"self":[{"href":"https:\/\/www.pedagogie.ac-nice.fr\/daac\/wp-json\/wp\/v2\/pages\/11383","targetHints":{"allow":["GET"]}}],"collection":[{"href":"https:\/\/www.pedagogie.ac-nice.fr\/daac\/wp-json\/wp\/v2\/pages"}],"about":[{"href":"https:\/\/www.pedagogie.ac-nice.fr\/daac\/wp-json\/wp\/v2\/types\/page"}],"author":[{"embeddable":true,"href":"https:\/\/www.pedagogie.ac-nice.fr\/daac\/wp-json\/wp\/v2\/users\/241"}],"replies":[{"embeddable":true,"href":"https:\/\/www.pedagogie.ac-nice.fr\/daac\/wp-json\/wp\/v2\/comments?post=11383"}],"version-history":[{"count":15,"href":"https:\/\/www.pedagogie.ac-nice.fr\/daac\/wp-json\/wp\/v2\/pages\/11383\/revisions"}],"predecessor-version":[{"id":14617,"href":"https:\/\/www.pedagogie.ac-nice.fr\/daac\/wp-json\/wp\/v2\/pages\/11383\/revisions\/14617"}],"wp:attachment":[{"href":"https:\/\/www.pedagogie.ac-nice.fr\/daac\/wp-json\/wp\/v2\/media?parent=11383"}],"curies":[{"name":"wp","href":"https:\/\/api.w.org\/{rel}","templated":true}]}}