{"id":11588,"date":"2022-03-02T21:52:12","date_gmt":"2022-03-02T20:52:12","guid":{"rendered":"https:\/\/www.pedagogie.ac-nice.fr\/daac\/?page_id=11588"},"modified":"2023-02-21T11:12:44","modified_gmt":"2023-02-21T10:12:44","slug":"la-chenaie-scene-55","status":"publish","type":"page","link":"https:\/\/www.pedagogie.ac-nice.fr\/daac\/la-chenaie-scene-55\/","title":{"rendered":"La chenaie sc\u00e8ne 55"},"content":{"rendered":"<p>[et_pb_section fb_built=\u00a0\u00bb1&Prime; _builder_version=\u00a0\u00bb4.10.7&Prime; _module_preset=\u00a0\u00bbdefault\u00a0\u00bb global_colors_info=\u00a0\u00bb{}\u00a0\u00bb][et_pb_row column_structure=\u00a0\u00bb1_3,2_3&Prime; _builder_version=\u00a0\u00bb4.10.7&Prime; _module_preset=\u00a0\u00bbdefault\u00a0\u00bb global_colors_info=\u00a0\u00bb{}\u00a0\u00bb][et_pb_column type=\u00a0\u00bb1_3&Prime; _builder_version=\u00a0\u00bb4.10.7&Prime; _module_preset=\u00a0\u00bbdefault\u00a0\u00bb global_colors_info=\u00a0\u00bb{}\u00a0\u00bb][et_pb_text admin_label=\u00a0\u00bbdanse\u00a0\u00bb _builder_version=\u00a0\u00bb4.10.7&Prime; _module_preset=\u00a0\u00bbdefault\u00a0\u00bb global_colors_info=\u00a0\u00bb{}\u00a0\u00bb]<\/p>\n<p><a href=\"https:\/\/www.pedagogie.ac-nice.fr\/daac\/domaine-danse-asv\/\" target=\"_blank\" rel=\"noopener\"><img loading=\"lazy\" decoding=\"async\" class=\"aligncenter wp-image-5923\" src=\"https:\/\/www.pedagogie.ac-nice.fr\/daac\/wp-content\/uploads\/sites\/37\/2021\/09\/danse.png\" alt=\"\" width=\"304\" height=\"194\" srcset=\"https:\/\/www.pedagogie.ac-nice.fr\/daac\/wp-content\/uploads\/sites\/37\/2021\/09\/danse.png 346w, https:\/\/www.pedagogie.ac-nice.fr\/daac\/wp-content\/uploads\/sites\/37\/2021\/09\/danse-300x192.png 300w\" sizes=\"(max-width: 304px) 100vw, 304px\" \/><\/a><\/p>\n<p>[\/et_pb_text][et_pb_divider admin_label=\u00a0\u00bbS\u00e9parateur\u00a0\u00bb _builder_version=\u00a0\u00bb4.10.7&Prime; _module_preset=\u00a0\u00bbdefault\u00a0\u00bb global_colors_info=\u00a0\u00bb{}\u00a0\u00bb][\/et_pb_divider][et_pb_text admin_label=\u00a0\u00bbsc\u00e8ne 55&Prime; _builder_version=\u00a0\u00bb4.10.7&Prime; _module_preset=\u00a0\u00bbdefault\u00a0\u00bb global_colors_info=\u00a0\u00bb{}\u00a0\u00bb]<\/p>\n<p><a href=\"https:\/\/www.pedagogie.ac-nice.fr\/daac\/structure-scene-55\/\" target=\"_blank\" rel=\"noopener\"><img loading=\"lazy\" decoding=\"async\" class=\"aligncenter wp-image-2319\" src=\"https:\/\/www.pedagogie.ac-nice.fr\/daac\/wp-content\/uploads\/sites\/37\/2021\/02\/logo-scene-55.jpg\" alt=\"\" width=\"191\" height=\"139\" srcset=\"https:\/\/www.pedagogie.ac-nice.fr\/daac\/wp-content\/uploads\/sites\/37\/2021\/02\/logo-scene-55.jpg 462w, https:\/\/www.pedagogie.ac-nice.fr\/daac\/wp-content\/uploads\/sites\/37\/2021\/02\/logo-scene-55-300x218.jpg 300w\" sizes=\"(max-width: 191px) 100vw, 191px\" \/><\/a><\/p>\n<p>[\/et_pb_text][et_pb_divider admin_label=\u00a0\u00bbS\u00e9parateur\u00a0\u00bb _builder_version=\u00a0\u00bb4.10.7&Prime; _module_preset=\u00a0\u00bbdefault\u00a0\u00bb global_colors_info=\u00a0\u00bb{}\u00a0\u00bb][\/et_pb_divider][et_pb_text admin_label=\u00a0\u00bbcpie\u00a0\u00bb _builder_version=\u00a0\u00bb4.10.7&Prime; _module_preset=\u00a0\u00bbdefault\u00a0\u00bb global_colors_info=\u00a0\u00bb{}\u00a0\u00bb]<\/p>\n<p style=\"text-align: center;\"><img loading=\"lazy\" decoding=\"async\" class=\"size-full wp-image-11042 aligncenter\" src=\"https:\/\/www.pedagogie.ac-nice.fr\/daac\/wp-content\/uploads\/sites\/37\/2022\/01\/cpie_humaine.jpg\" alt=\"\" width=\"250\" height=\"90\"><span style=\"font-size: 8pt;\"><span class=\"\">\u00a9&nbsp;\u00c9ric Oberdorff<br \/><\/span>Compagnie associ\u00e9e \u00e0 Sc\u00e8ne 55-Mougins, sc\u00e8ne conventionn\u00e9e d&rsquo;int\u00e9r\u00eat national Art et Cr\u00e9ation<\/span><\/p>\n<p>[\/et_pb_text][et_pb_divider _builder_version=\u00a0\u00bb4.10.7&Prime; _module_preset=\u00a0\u00bbdefault\u00a0\u00bb global_colors_info=\u00a0\u00bb{}\u00a0\u00bb][\/et_pb_divider][\/et_pb_column][et_pb_column type=\u00a0\u00bb2_3&Prime; _builder_version=\u00a0\u00bb4.10.7&Prime; _module_preset=\u00a0\u00bbdefault\u00a0\u00bb global_colors_info=\u00a0\u00bb{}\u00a0\u00bb][et_pb_text _builder_version=\u00a0\u00bb4.10.7&Prime; _module_preset=\u00a0\u00bbdefault\u00a0\u00bb text_font=\u00a0\u00bbTrebuchet||||||||\u00a0\u00bb text_text_color=\u00a0\u00bb#000000&Prime; text_font_size=\u00a0\u00bb17px\u00a0\u00bb text_orientation=\u00a0\u00bbjustified\u00a0\u00bb global_colors_info=\u00a0\u00bb{}\u00a0\u00bb]<\/p>\n<p style=\"text-align: center;\"><span style=\"color: #993366;\"><strong><span style=\"font-size: 12pt; font-family: georgia, palatino, serif;\">Sc\u00e8ne 55 et l<\/span>a Compagnie Humaine d&rsquo;Eric Oberdorff au coll\u00e8ge La Ch\u00eanaie<\/strong><\/span><br \/><span style=\"color: #993366;\">Mouans-Sartoux<\/span><\/p>\n<p><iframe loading=\"lazy\" src=\"\/\/player.vimeo.com\/video\/491888814?title=0&amp;amp;byline=0\" allowfullscreen=\"allowfullscreen\" data-mce-fragment=\"1\" width=\"640\" height=\"360\" frameborder=\"0\"><\/iframe><\/p>\n<p style=\"text-align: center;\"><span style=\"color: #000000;\"><a href=\"https:\/\/vimeo.com\/491888814\" style=\"color: #000000;\">Compagnie Humaine 2021<\/a> from <a href=\"https:\/\/vimeo.com\/ericoberdorff\" style=\"color: #000000;\">\u00e9ric oberdorff<\/a> on <a href=\"https:\/\/vimeo.com\" style=\"color: #000000;\">Vimeo<\/a>.<\/span><\/p>\n<p style=\"text-align: justify;\"><span style=\"color: #000000;\">Eric Oberdorff, chor\u00e9graphe de la Compagnie Humaine, compagnie de danse associ\u00e9e \u00e0 la Sc\u00e8ne 55 jusqu\u2019en 2023, invite une classe de 3e du<strong> coll\u00e8ge La Ch\u00eanaie<\/strong>\u00a0 de <strong>Mouans-Sartoux<\/strong> \u00e0 partir \u00e0 la d\u00e9couverte de sa pi\u00e8ce <i>Check Point<\/i> gr\u00e2ce \u00e0 une r\u00e9sidence d\u2019artistes au coll\u00e8ge.<\/span><\/p>\n<p><span style=\"color: #000000;\"><img loading=\"lazy\" decoding=\"async\" class=\"wp-image-11615 aligncenter\" src=\"https:\/\/www.pedagogie.ac-nice.fr\/daac\/wp-content\/uploads\/sites\/37\/2022\/03\/cpie_humaine_mouans_sartoux_visuel.jpg\" alt=\"\" width=\"310\" height=\"233\" srcset=\"https:\/\/www.pedagogie.ac-nice.fr\/daac\/wp-content\/uploads\/sites\/37\/2022\/03\/cpie_humaine_mouans_sartoux_visuel.jpg 1600w, https:\/\/www.pedagogie.ac-nice.fr\/daac\/wp-content\/uploads\/sites\/37\/2022\/03\/cpie_humaine_mouans_sartoux_visuel-300x225.jpg 300w, https:\/\/www.pedagogie.ac-nice.fr\/daac\/wp-content\/uploads\/sites\/37\/2022\/03\/cpie_humaine_mouans_sartoux_visuel-1024x769.jpg 1024w, https:\/\/www.pedagogie.ac-nice.fr\/daac\/wp-content\/uploads\/sites\/37\/2022\/03\/cpie_humaine_mouans_sartoux_visuel-768x576.jpg 768w, https:\/\/www.pedagogie.ac-nice.fr\/daac\/wp-content\/uploads\/sites\/37\/2022\/03\/cpie_humaine_mouans_sartoux_visuel-1536x1153.jpg 1536w, https:\/\/www.pedagogie.ac-nice.fr\/daac\/wp-content\/uploads\/sites\/37\/2022\/03\/cpie_humaine_mouans_sartoux_visuel-1080x811.jpg 1080w\" sizes=\"(max-width: 310px) 100vw, 310px\" \/><\/span><\/p>\n<p style=\"text-align: justify;\"><span style=\"color: #000000;\">Le spectacle, qui rassemble des artistes de toutes origines et de tous horizons, s\u2019articule autour des questions migratoires, en particulier autour de la M\u00e9diterran\u00e9e.<\/span><\/p>\n<p style=\"text-align: justify;\"><span style=\"color: #000000;\">Les \u00e9l\u00e8ves vont entrer en r\u00e9sonance avec cette \u0153uvre en participant eux-m\u00eames \u00e0 une autre pi\u00e8ce, <i>Les magnifiques<\/i>.<\/span><\/p>\n<p style=\"text-align: justify;\"><span style=\"color: #000000;\">Seront abord\u00e9es les th\u00e9matiques du lien et du contact entre individus d\u2019origines diff\u00e9rentes, les fronti\u00e8res qui nous limitent tant g\u00e9ographiquement que mentalement et la qu\u00eate d\u2019identit\u00e9.<\/span><\/p>\n<p style=\"text-align: justify;\"><span style=\"color: #000000;\">Apr\u00e8s la rencontre avec le chor\u00e9graphe, les \u00e9l\u00e8ves b\u00e9n\u00e9ficient de 8 interventions de 2h anim\u00e9es par C\u00e9cile Robin Pr\u00e9vall\u00e9e. Une r\u00e9p\u00e9tition g\u00e9n\u00e9rale et une repr\u00e9sentation de la pi\u00e8ce jou\u00e9e par les \u00e9l\u00e8ves cl\u00f4tureront un parcours s\u2019\u00e9talant de janvier \u00e0 mai 2022.<\/span><\/p>\n<p style=\"text-align: justify;\"><span style=\"color: #000000;\">Un projet inter et transdisciplinaire histoire-g\u00e9ographie-EMC, \u00e9ducation musicale, arts plastiques et \u00e9ducation physique et sportive permettant aux \u00e9l\u00e8ves, au travers de la pratique de la danse et l&rsquo;exploration du langage du corps mis en musique, de s&rsquo;interroger sur leur vision du monde et de la vie en soci\u00e9t\u00e9, sur leurs souvenirs, leur identit\u00e9 et leurs propres aspirations d&rsquo;avenir.<\/span><\/p>\n<p style=\"text-align: justify;\"><span style=\"color: #000000;\">En janvier 2022, certains \u00e9l\u00e8ves ont \u00e9galement pu assister au spectacle <a href=\"https:\/\/www.pedagogie.ac-nice.fr\/daac\/structure-scene-55\/\" target=\"_blank\" rel=\"noopener\" style=\"color: #000000;\"><strong><i>Les glaneurs de r\u00eaves<\/i><\/strong> <\/a>\u00e0 La Sc\u00e8ne 55 , l&rsquo;occasion d&rsquo;entrer dans l&rsquo;univers po\u00e9tique et chor\u00e9graphique de la compagnie.<\/span><\/p>\n<p style=\"text-align: justify;\"><span style=\"font-size: 10pt; color: #000000;\"><strong><span id=\"page3R_mcid18\" class=\"markedContent\"><span dir=\"ltr\" role=\"presentation\">Cha<\/span><span dir=\"ltr\" role=\"presentation\">rg\u00e9e de mission danse et cirque Alpes<\/span><span dir=\"ltr\" role=\"presentation\">&#8211;<\/span><span dir=\"ltr\" role=\"presentation\">Maritimes<\/span> <span dir=\"ltr\" role=\"presentation\">:<\/span><\/span><span id=\"page3R_mcid19\" class=\"markedContent\"><br role=\"presentation\" \/><\/span><\/strong><span id=\"page3R_mcid19\" class=\"markedContent\"><span dir=\"ltr\" role=\"presentation\">Aria.florent@ac<\/span><\/span><span id=\"page3R_mcid19\" class=\"markedContent\"><span dir=\"ltr\" role=\"presentation\">&#8211;<\/span><span dir=\"ltr\" role=\"presentation\">nice.fr<br \/><\/span><\/span>Florence.leyat@ac-nice.fr<\/span><\/p>\n<p style=\"text-align: justify;\"><span style=\"font-size: 10pt; color: #000000;\"><strong>Coordination DAAC &#8211; ASV Danse : Muriel Colin\u00a0 :<\/strong><\/span><br \/><span style=\"font-size: 10pt; color: #000000;\">muriel.colin@ac-nice.fr<\/span><\/p>\n<p>[\/et_pb_text][\/et_pb_column][\/et_pb_row][\/et_pb_section]<\/p>\n","protected":false},"excerpt":{"rendered":"<p>\u00a9&nbsp;\u00c9ric OberdorffCompagnie associ\u00e9e \u00e0 Sc\u00e8ne 55-Mougins, sc\u00e8ne conventionn\u00e9e d&rsquo;int\u00e9r\u00eat national Art et Cr\u00e9ationSc\u00e8ne 55 et la Compagnie Humaine d&rsquo;Eric Oberdorff au coll\u00e8ge La Ch\u00eanaieMouans-Sartoux Compagnie Humaine 2021 from \u00e9ric oberdorff on Vimeo. Eric Oberdorff, chor\u00e9graphe de la Compagnie Humaine, compagnie de danse associ\u00e9e \u00e0 la Sc\u00e8ne 55 jusqu\u2019en 2023, invite une classe de 3e du [&hellip;]<\/p>\n","protected":false},"author":241,"featured_media":0,"parent":0,"menu_order":0,"comment_status":"closed","ping_status":"closed","template":"","meta":{"_et_pb_use_builder":"on","_et_pb_old_content":"","_et_gb_content_width":"","ngg_post_thumbnail":0,"footnotes":""},"class_list":["post-11588","page","type-page","status-publish","hentry"],"rttpg_featured_image_url":null,"rttpg_author":{"display_name":"daacadmin","author_link":"https:\/\/www.pedagogie.ac-nice.fr\/daac\/author\/daacadmin\/"},"rttpg_comment":0,"rttpg_category":null,"rttpg_excerpt":"\u00a9&nbsp;\u00c9ric OberdorffCompagnie associ\u00e9e \u00e0 Sc\u00e8ne 55-Mougins, sc\u00e8ne conventionn\u00e9e d'int\u00e9r\u00eat national Art et Cr\u00e9ationSc\u00e8ne 55 et la Compagnie Humaine d'Eric Oberdorff au coll\u00e8ge La Ch\u00eanaieMouans-Sartoux Compagnie Humaine 2021 from \u00e9ric oberdorff on Vimeo. Eric Oberdorff, chor\u00e9graphe de la Compagnie Humaine, compagnie de danse associ\u00e9e \u00e0 la Sc\u00e8ne 55 jusqu\u2019en 2023, invite une classe de 3e du\u2026","post_mailing_queue_ids":[],"_links":{"self":[{"href":"https:\/\/www.pedagogie.ac-nice.fr\/daac\/wp-json\/wp\/v2\/pages\/11588","targetHints":{"allow":["GET"]}}],"collection":[{"href":"https:\/\/www.pedagogie.ac-nice.fr\/daac\/wp-json\/wp\/v2\/pages"}],"about":[{"href":"https:\/\/www.pedagogie.ac-nice.fr\/daac\/wp-json\/wp\/v2\/types\/page"}],"author":[{"embeddable":true,"href":"https:\/\/www.pedagogie.ac-nice.fr\/daac\/wp-json\/wp\/v2\/users\/241"}],"replies":[{"embeddable":true,"href":"https:\/\/www.pedagogie.ac-nice.fr\/daac\/wp-json\/wp\/v2\/comments?post=11588"}],"version-history":[{"count":10,"href":"https:\/\/www.pedagogie.ac-nice.fr\/daac\/wp-json\/wp\/v2\/pages\/11588\/revisions"}],"predecessor-version":[{"id":14604,"href":"https:\/\/www.pedagogie.ac-nice.fr\/daac\/wp-json\/wp\/v2\/pages\/11588\/revisions\/14604"}],"wp:attachment":[{"href":"https:\/\/www.pedagogie.ac-nice.fr\/daac\/wp-json\/wp\/v2\/media?parent=11588"}],"curies":[{"name":"wp","href":"https:\/\/api.w.org\/{rel}","templated":true}]}}