{"id":1165,"date":"2020-11-04T17:39:34","date_gmt":"2020-11-04T16:39:34","guid":{"rendered":"https:\/\/www.pedagogie.ac-nice.fr\/daac\/?page_id=1165"},"modified":"2021-06-21T20:37:52","modified_gmt":"2021-06-21T18:37:52","slug":"patrimoine-et-memoire","status":"publish","type":"page","link":"https:\/\/www.pedagogie.ac-nice.fr\/daac\/les-domaines-de-leac\/patrimoine-et-memoire\/","title":{"rendered":"PatrimoineS et m\u00e9moires"},"content":{"rendered":"<p style=\"text-align: center;\"><span style=\"color: #782f2f;\"><strong>Patrimoines et m\u00e9moires<\/strong><\/span><\/p>\n<p style=\"text-align: justify;\"><a href=\"https:\/\/www.pedagogie.ac-nice.fr\/daac\/les-domaines-de-leac\/patrimoine-et-memoire\/visite_enseignante\/\" rel=\"attachment wp-att-1192\"><img loading=\"lazy\" decoding=\"async\" class=\"alignnone size-full wp-image-1192\" src=\"https:\/\/www.pedagogie.ac-nice.fr\/daac\/wp-content\/uploads\/sites\/37\/2020\/11\/visite_enseignante-scaled.jpg\" alt=\"\" width=\"2560\" height=\"1920\" srcset=\"https:\/\/www.pedagogie.ac-nice.fr\/daac\/wp-content\/uploads\/sites\/37\/2020\/11\/visite_enseignante-scaled.jpg 2560w, https:\/\/www.pedagogie.ac-nice.fr\/daac\/wp-content\/uploads\/sites\/37\/2020\/11\/visite_enseignante-300x225.jpg 300w, https:\/\/www.pedagogie.ac-nice.fr\/daac\/wp-content\/uploads\/sites\/37\/2020\/11\/visite_enseignante-1024x768.jpg 1024w, https:\/\/www.pedagogie.ac-nice.fr\/daac\/wp-content\/uploads\/sites\/37\/2020\/11\/visite_enseignante-768x576.jpg 768w, https:\/\/www.pedagogie.ac-nice.fr\/daac\/wp-content\/uploads\/sites\/37\/2020\/11\/visite_enseignante-1536x1152.jpg 1536w, https:\/\/www.pedagogie.ac-nice.fr\/daac\/wp-content\/uploads\/sites\/37\/2020\/11\/visite_enseignante-2048x1536.jpg 2048w, https:\/\/www.pedagogie.ac-nice.fr\/daac\/wp-content\/uploads\/sites\/37\/2020\/11\/visite_enseignante-scaled-810x608.jpg 810w\" sizes=\"(max-width: 2560px) 100vw, 2560px\" \/><\/a><\/p>\n<p style=\"text-align: center;\"><span style=\"font-size: 8pt;\">Stage de formation Patrimoine et M\u00e9moire&nbsp; \u00e0 Saint-Tropez<\/span><\/p>\n<p style=\"text-align: justify;\">Le patrimoine \u00e9tant d\u00e9fini comme \u00ab l\u2019h\u00e9ritage commun d\u2019un groupe\u00bb, tout devient potentiellement patrimoine ! Et c&rsquo;est bien l\u00e0 le d\u00e9fi de l&rsquo;\u00e9ducation au patrimoine :&nbsp; faire comprendre aux \u00e9l\u00e8ves le processus de patrimonialisation, l&rsquo;\u00e9tendue des possibles, l&rsquo;int\u00e9r\u00eat de le sauvegarder en tant que socle constitutif de notre culture commune.<\/p>\n<p style=\"text-align: justify;\">Et c&rsquo;est parce qu&rsquo;il est pluriel qu&rsquo;on le trouve \u00e0 la crois\u00e9e des domaines de l&rsquo;EAC, qu&rsquo;il interagit avec la culture scientifique (il n&rsquo;est qu&rsquo;\u00e0 consulter les dispositifs comme \u00a0\u00bb les routes du sel \u00a0\u00bb ou le \u00a0\u00bb patrimoine industriel \u00ab\u00a0), avec l&rsquo;architecture, les arts du spectacle vivant, etc.<\/p>\n<p style=\"text-align: justify;\">Quant \u00e0 la m\u00e9moire, c&rsquo;est surtout celle collect\u00e9e et transmise par les services d\u2019archives (d\u00e9partementaux et municipaux), les associations, les mus\u00e9es et sites d\u00e9di\u00e9s, notamment les mus\u00e9es du minist\u00e8re de la D\u00e9fense.<\/p>\n<p style=\"text-align: center;\"><strong><span style=\"font-size: 10pt; color: #ff6600;\">Quelques exemples de r\u00e9alisations et de ressources ? <\/span><\/strong><\/p>\n<p style=\"text-align: center;\"><strong><span style=\"font-size: 10pt; color: #ff6600;\">Cliquez sur les vignettes<\/span><\/strong><\/p>\n<table style=\"border-collapse: collapse; width: 100%; height: 409px;\">\n<tbody>\n<tr>\n<td style=\"width: 25.211%; text-align: center;\" colspan=\"3\"><a href=\"https:\/\/www.pedagogie.ac-nice.fr\/daac\/2020\/09\/12\/patrimoine-et-lien-social\/\" target=\"_blank\" rel=\"noopener noreferrer\"><img loading=\"lazy\" decoding=\"async\" class=\"size-full wp-image-1202 aligncenter\" src=\"https:\/\/www.pedagogie.ac-nice.fr\/daac\/wp-content\/uploads\/sites\/37\/2020\/11\/preac.png\" alt=\"\" width=\"318\" height=\"170\" srcset=\"https:\/\/www.pedagogie.ac-nice.fr\/daac\/wp-content\/uploads\/sites\/37\/2020\/11\/preac.png 318w, https:\/\/www.pedagogie.ac-nice.fr\/daac\/wp-content\/uploads\/sites\/37\/2020\/11\/preac-300x160.png 300w\" sizes=\"(max-width: 318px) 100vw, 318px\" \/><\/a><\/td>\n<\/tr>\n<tr style=\"height: 129px;\">\n<td style=\"width: 25.211%; text-align: center; height: 129px;\"><a href=\"http:\/\/www.pearltrees.com\/daac_pm_nice\/masque-dispositif-academie\/id32091111\" target=\"_blank\" rel=\"noopener noreferrer\">Le masque de fer<img loading=\"lazy\" decoding=\"async\" class=\"alignnone wp-image-1171\" src=\"https:\/\/www.pedagogie.ac-nice.fr\/daac\/wp-content\/uploads\/sites\/37\/2020\/11\/3G0A4249.jpg\" alt=\"\" width=\"130\" height=\"86\" srcset=\"https:\/\/www.pedagogie.ac-nice.fr\/daac\/wp-content\/uploads\/sites\/37\/2020\/11\/3G0A4249.jpg 2000w, https:\/\/www.pedagogie.ac-nice.fr\/daac\/wp-content\/uploads\/sites\/37\/2020\/11\/3G0A4249-300x200.jpg 300w, https:\/\/www.pedagogie.ac-nice.fr\/daac\/wp-content\/uploads\/sites\/37\/2020\/11\/3G0A4249-1024x682.jpg 1024w, https:\/\/www.pedagogie.ac-nice.fr\/daac\/wp-content\/uploads\/sites\/37\/2020\/11\/3G0A4249-768x512.jpg 768w, https:\/\/www.pedagogie.ac-nice.fr\/daac\/wp-content\/uploads\/sites\/37\/2020\/11\/3G0A4249-1536x1024.jpg 1536w\" sizes=\"(max-width: 130px) 100vw, 130px\" \/><\/a><\/td>\n<td style=\"width: 24.789%; text-align: center; height: 129px;\"><a href=\"http:\/\/www.pearltrees.com\/daac_pm_nice\/conservation-restauration\/id32707551\" target=\"_blank\" rel=\"noopener noreferrer\">Conserver, restaurer<\/a><a href=\"http:\/\/www.pearltrees.com\/daac_pm_nice\/conservation-restauration\/id32707551\" target=\"_blank\" rel=\"noopener noreferrer\"><img loading=\"lazy\" decoding=\"async\" class=\"alignnone wp-image-1181\" src=\"https:\/\/www.pedagogie.ac-nice.fr\/daac\/wp-content\/uploads\/sites\/37\/2020\/11\/CICRP.png\" alt=\"\" width=\"123\" height=\"93\" srcset=\"https:\/\/www.pedagogie.ac-nice.fr\/daac\/wp-content\/uploads\/sites\/37\/2020\/11\/CICRP.png 1130w, https:\/\/www.pedagogie.ac-nice.fr\/daac\/wp-content\/uploads\/sites\/37\/2020\/11\/CICRP-300x226.png 300w, https:\/\/www.pedagogie.ac-nice.fr\/daac\/wp-content\/uploads\/sites\/37\/2020\/11\/CICRP-1024x771.png 1024w, https:\/\/www.pedagogie.ac-nice.fr\/daac\/wp-content\/uploads\/sites\/37\/2020\/11\/CICRP-768x578.png 768w\" sizes=\"(max-width: 123px) 100vw, 123px\" \/><\/a><\/td>\n<td style=\"width: 25%; text-align: center; height: 129px;\"><a href=\"https:\/\/www.pearltrees.com\/daac_pm_nice\/enseignants-former-patrimoine\/id32078588\" target=\"_blank\" rel=\"noopener noreferrer\">Se former au patrimoine<\/a><br \/>\n<a href=\"https:\/\/www.pearltrees.com\/daac_pm_nice\/enseignants-former-patrimoine\/id32078588\" target=\"_blank\" rel=\"attachment noopener wp-att-1214 noreferrer\"><img loading=\"lazy\" decoding=\"async\" class=\"alignnone wp-image-1214\" src=\"https:\/\/www.pedagogie.ac-nice.fr\/daac\/wp-content\/uploads\/sites\/37\/2020\/11\/RicardaMolck-.png\" alt=\"\" width=\"93\" height=\"93\" srcset=\"https:\/\/www.pedagogie.ac-nice.fr\/daac\/wp-content\/uploads\/sites\/37\/2020\/11\/RicardaMolck-.png 1274w, https:\/\/www.pedagogie.ac-nice.fr\/daac\/wp-content\/uploads\/sites\/37\/2020\/11\/RicardaMolck--300x300.png 300w, https:\/\/www.pedagogie.ac-nice.fr\/daac\/wp-content\/uploads\/sites\/37\/2020\/11\/RicardaMolck--1019x1024.png 1019w, https:\/\/www.pedagogie.ac-nice.fr\/daac\/wp-content\/uploads\/sites\/37\/2020\/11\/RicardaMolck--150x150.png 150w, https:\/\/www.pedagogie.ac-nice.fr\/daac\/wp-content\/uploads\/sites\/37\/2020\/11\/RicardaMolck--768x772.png 768w\" sizes=\"(max-width: 93px) 100vw, 93px\" \/><\/a><\/td>\n<\/tr>\n<tr style=\"height: 140px;\">\n<td style=\"width: 25.211%; text-align: center; height: 140px;\">Le jardin de l&rsquo;abbaye<a href=\"http:\/\/www.pearltrees.com\/daac_pm_nice\/les-jardins-du-thoronet\/id35753647\" target=\"_blank\" rel=\"noopener noreferrer\"><img loading=\"lazy\" decoding=\"async\" class=\"alignnone size-full wp-image-1180 aligncenter\" src=\"https:\/\/www.pedagogie.ac-nice.fr\/daac\/wp-content\/uploads\/sites\/37\/2020\/11\/Thoronet.png\" alt=\"\" width=\"1155\" height=\"712\" srcset=\"https:\/\/www.pedagogie.ac-nice.fr\/daac\/wp-content\/uploads\/sites\/37\/2020\/11\/Thoronet.png 1155w, https:\/\/www.pedagogie.ac-nice.fr\/daac\/wp-content\/uploads\/sites\/37\/2020\/11\/Thoronet-300x185.png 300w, https:\/\/www.pedagogie.ac-nice.fr\/daac\/wp-content\/uploads\/sites\/37\/2020\/11\/Thoronet-1024x631.png 1024w, https:\/\/www.pedagogie.ac-nice.fr\/daac\/wp-content\/uploads\/sites\/37\/2020\/11\/Thoronet-768x473.png 768w\" sizes=\"(max-width: 1155px) 100vw, 1155px\" \/><\/a><\/td>\n<td style=\"width: 24.789%; text-align: center; height: 140px;\">Le patrimoine industriel <a href=\"http:\/\/www.pearltrees.com\/daac_pm_nice\/patrimoine-industriel\/id32099834\" target=\"_blank\" rel=\"noopener noreferrer\"><img loading=\"lazy\" decoding=\"async\" class=\"alignnone size-full wp-image-1193\" src=\"https:\/\/www.pedagogie.ac-nice.fr\/daac\/wp-content\/uploads\/sites\/37\/2020\/11\/patrimoine_industriel.jpg\" alt=\"\" width=\"1600\" height=\"1021\" srcset=\"https:\/\/www.pedagogie.ac-nice.fr\/daac\/wp-content\/uploads\/sites\/37\/2020\/11\/patrimoine_industriel.jpg 1600w, https:\/\/www.pedagogie.ac-nice.fr\/daac\/wp-content\/uploads\/sites\/37\/2020\/11\/patrimoine_industriel-300x191.jpg 300w, https:\/\/www.pedagogie.ac-nice.fr\/daac\/wp-content\/uploads\/sites\/37\/2020\/11\/patrimoine_industriel-1024x653.jpg 1024w, https:\/\/www.pedagogie.ac-nice.fr\/daac\/wp-content\/uploads\/sites\/37\/2020\/11\/patrimoine_industriel-768x490.jpg 768w, https:\/\/www.pedagogie.ac-nice.fr\/daac\/wp-content\/uploads\/sites\/37\/2020\/11\/patrimoine_industriel-1536x980.jpg 1536w\" sizes=\"(max-width: 1600px) 100vw, 1600px\" \/><\/a><\/td>\n<td style=\"width: 25%; text-align: center; height: 140px;\">Patrimoine et sciences<\/p>\n<p><a href=\"https:\/\/cvivian59.wixsite.com\/sciences-patrimoine\" rel=\"attachment wp-att-1217\"><img loading=\"lazy\" decoding=\"async\" class=\"alignnone wp-image-1217 size-full\" src=\"https:\/\/www.pedagogie.ac-nice.fr\/daac\/wp-content\/uploads\/sites\/37\/2020\/11\/image_patrimoine_sciences.png\" alt=\"\" width=\"895\" height=\"476\" srcset=\"https:\/\/www.pedagogie.ac-nice.fr\/daac\/wp-content\/uploads\/sites\/37\/2020\/11\/image_patrimoine_sciences.png 895w, https:\/\/www.pedagogie.ac-nice.fr\/daac\/wp-content\/uploads\/sites\/37\/2020\/11\/image_patrimoine_sciences-300x160.png 300w, https:\/\/www.pedagogie.ac-nice.fr\/daac\/wp-content\/uploads\/sites\/37\/2020\/11\/image_patrimoine_sciences-768x408.png 768w\" sizes=\"(max-width: 895px) 100vw, 895px\" \/><\/a><\/td>\n<\/tr>\n<tr style=\"height: 140px;\">\n<td style=\"width: 25.211%; height: 140px; text-align: center;\"><a href=\"https:\/\/www.pearltrees.com\/daac_pm_nice\/les-routes-du-sel\/id32092426\" target=\"_blank\" rel=\"noopener noreferrer\">Les routes du sel<\/a><a href=\"https:\/\/www.pearltrees.com\/daac_pm_nice\/les-routes-du-sel\/id32092426\" target=\"_blank\" rel=\"attachment noopener wp-att-1221 noreferrer\"><img loading=\"lazy\" decoding=\"async\" class=\"wp-image-1221 size-full alignleft\" src=\"https:\/\/www.pedagogie.ac-nice.fr\/daac\/wp-content\/uploads\/sites\/37\/2020\/11\/route_sel_roya.jpg\" alt=\"\" width=\"220\" height=\"176\"><\/a><\/td>\n<td style=\"text-align: center; width: 24.789%; height: 140px;\"><a href=\"https:\/\/www.pedagogie.ac-nice.fr\/daac\/2021-2021\/le-bois\/\" target=\"_blank\" rel=\"noopener\"><strong>Projet Bois<\/strong><\/a><a href=\"https:\/\/www.pedagogie.ac-nice.fr\/daac\/2021-2021\/le-bois\/\" target=\"_blank\" rel=\"noopener noreferrer\"><img loading=\"lazy\" decoding=\"async\" class=\"alignleft wp-image-1199 size-full\" src=\"https:\/\/www.pedagogie.ac-nice.fr\/daac\/wp-content\/uploads\/sites\/37\/2020\/11\/bois.jpg\" alt=\"\" width=\"493\" height=\"223\" srcset=\"https:\/\/www.pedagogie.ac-nice.fr\/daac\/wp-content\/uploads\/sites\/37\/2020\/11\/bois.jpg 493w, https:\/\/www.pedagogie.ac-nice.fr\/daac\/wp-content\/uploads\/sites\/37\/2020\/11\/bois-300x136.jpg 300w\" sizes=\"(max-width: 493px) 100vw, 493px\" \/><\/a><\/td>\n<td style=\"width: 25%; text-align: left; height: 140px;\">\n<p style=\"text-align: center;\"><a href=\"https:\/\/www.pedagogie.ac-nice.fr\/daac\/projet-art-roman-pnr-prealpes-dazur\/\" target=\"_blank\" rel=\"noopener\">Patrimoine Roman<\/a><\/p>\n<p><a href=\"https:\/\/www.pedagogie.ac-nice.fr\/daac\/projet-art-roman-pnr-prealpes-dazur\/\" target=\"_blank\" rel=\"noopener\"><img loading=\"lazy\" decoding=\"async\" class=\"alignnone wp-image-2784 size-full\" src=\"https:\/\/www.pedagogie.ac-nice.fr\/daac\/wp-content\/uploads\/sites\/37\/2021\/04\/eglise_romane_visuel.png\" alt=\"\" width=\"212\" height=\"118\"><\/a><\/td>\n<\/tr>\n<tr>\n<td style=\"width: 25.211%; text-align: center;\" colspan=\"2\"><strong><a href=\"https:\/\/www.pedagogie.ac-nice.fr\/daac\/patrimoine-nicois\/\" target=\"_blank\" rel=\"noopener\">Patrimoine Ni\u00e7ois<\/a><br \/>\n<a href=\"https:\/\/www.pedagogie.ac-nice.fr\/daac\/patrimoine-nicois\/\" target=\"_blank\" rel=\"noopener\"><img loading=\"lazy\" decoding=\"async\" class=\"alignnone wp-image-3925\" src=\"https:\/\/www.pedagogie.ac-nice.fr\/daac\/wp-content\/uploads\/sites\/37\/2021\/06\/patrimoine_histo.jpg\" alt=\"\" width=\"126\" height=\"127\"><\/a><br \/>\n<\/strong><\/td>\n<td style=\"width: 25%; text-align: left;\">\n<p style=\"text-align: center;\">&nbsp;<\/p>\n<\/td>\n<\/tr>\n<\/tbody>\n<\/table>\n<p style=\"text-align: center;\">Retrouvez toutes les informations du domaine sur le Pearltrees \u00ab\u00a0Patrimoine et m\u00e9moire \u00ab\u00a0<\/p>\n<p style=\"text-align: center;\"><iframe loading=\"lazy\" style=\"border: 0px;\" src=\"\/\/www.pearltrees.com\/daac_pm_nice?embed=2&amp;d=202102022123\" width=\"400\" height=\"310\"><\/iframe><span style=\"display: block; padding-top: 2px; color: #818181; font-size: 13px;\"><a style=\"color: #818181; font-size: 13px;\" href=\"http:\/\/www.pearltrees.com\/daac_pm_nice\" target=\"_blank\" rel=\"noopener\">Daac_pm_nice<\/a><\/span><\/p>\n<p style=\"text-align: center;\">Et une collection de ressources utiles pour la classe<\/p>\n<p style=\"text-align: center;\"><span style=\"display: block; padding-top: 2px; color: #818181; font-size: 13px;\"><iframe loading=\"lazy\" style=\"border: 0px;\" src=\"\/\/www.pearltrees.com\/daac_pm_nice\/sites-utiles-ressources-classe\/id31838621?embed=2&amp;d=202102022121\" width=\"400\" height=\"310\"><\/iframe><span style=\"display: block; padding-top: 2px; color: #818181; font-size: 13px;\"><a style=\"color: #818181; font-size: 13px;\" href=\"http:\/\/www.pearltrees.com\/daac_pm_nice\/sites-utiles-ressources-classe\/id31838621\" target=\"_blank\" rel=\"noopener\">Sites utiles et ressources pour la classe<\/a>, par <a style=\"color: #818181; font-size: 13px;\" href=\"http:\/\/www.pearltrees.com\/daac_pm_nice\" target=\"_blank\" rel=\"noopener\">daac_pm_nice<\/a><\/span><\/span>Coordination acad\u00e9mique : Ang\u00e8le Carpentier<\/p>\n<p style=\"text-align: center;\">Contact : pmdaac@ac-nice.fr<\/p>\n<p>Vers les ressources p\u00e9dagogiques des structures partenaires&nbsp; <a href=\"https:\/\/www.pedagogie.ac-nice.fr\/daac\/ressources-pedagogiques\/ressources-des-structures\/\" target=\"_blank\" rel=\"noopener\"><img loading=\"lazy\" decoding=\"async\" class=\"aligncenter wp-image-1939\" src=\"https:\/\/www.pedagogie.ac-nice.fr\/daac\/wp-content\/uploads\/sites\/37\/2021\/01\/puce-rose-2.png\" alt=\"\" width=\"44\" height=\"42\"><\/a><\/p>\n","protected":false},"excerpt":{"rendered":"<p>Patrimoines et m\u00e9moires Stage de formation Patrimoine et M\u00e9moire&nbsp; \u00e0 Saint-Tropez Le patrimoine \u00e9tant d\u00e9fini comme \u00ab l\u2019h\u00e9ritage commun d\u2019un groupe\u00bb, tout devient potentiellement patrimoine ! Et c&rsquo;est bien l\u00e0 le d\u00e9fi de l&rsquo;\u00e9ducation au patrimoine :&nbsp; faire comprendre aux \u00e9l\u00e8ves le processus de patrimonialisation, l&rsquo;\u00e9tendue des possibles, l&rsquo;int\u00e9r\u00eat de le sauvegarder en tant que [&hellip;]<\/p>\n","protected":false},"author":241,"featured_media":0,"parent":306,"menu_order":0,"comment_status":"closed","ping_status":"closed","template":"","meta":{"_et_pb_use_builder":"","_et_pb_old_content":"","_et_gb_content_width":"","ngg_post_thumbnail":0,"footnotes":""},"class_list":["post-1165","page","type-page","status-publish","hentry"],"rttpg_featured_image_url":null,"rttpg_author":{"display_name":"daacadmin","author_link":"https:\/\/www.pedagogie.ac-nice.fr\/daac\/author\/daacadmin\/"},"rttpg_comment":0,"rttpg_category":null,"rttpg_excerpt":"Patrimoines et m\u00e9moires Stage de formation Patrimoine et M\u00e9moire&nbsp; \u00e0 Saint-Tropez Le patrimoine \u00e9tant d\u00e9fini comme \u00ab l\u2019h\u00e9ritage commun d\u2019un groupe\u00bb, tout devient potentiellement patrimoine ! Et c&rsquo;est bien l\u00e0 le d\u00e9fi de l&rsquo;\u00e9ducation au patrimoine :&nbsp; faire comprendre aux \u00e9l\u00e8ves le processus de patrimonialisation, l&rsquo;\u00e9tendue des possibles, l&rsquo;int\u00e9r\u00eat de le sauvegarder en tant que\u2026","post_mailing_queue_ids":[],"_links":{"self":[{"href":"https:\/\/www.pedagogie.ac-nice.fr\/daac\/wp-json\/wp\/v2\/pages\/1165","targetHints":{"allow":["GET"]}}],"collection":[{"href":"https:\/\/www.pedagogie.ac-nice.fr\/daac\/wp-json\/wp\/v2\/pages"}],"about":[{"href":"https:\/\/www.pedagogie.ac-nice.fr\/daac\/wp-json\/wp\/v2\/types\/page"}],"author":[{"embeddable":true,"href":"https:\/\/www.pedagogie.ac-nice.fr\/daac\/wp-json\/wp\/v2\/users\/241"}],"replies":[{"embeddable":true,"href":"https:\/\/www.pedagogie.ac-nice.fr\/daac\/wp-json\/wp\/v2\/comments?post=1165"}],"version-history":[{"count":45,"href":"https:\/\/www.pedagogie.ac-nice.fr\/daac\/wp-json\/wp\/v2\/pages\/1165\/revisions"}],"predecessor-version":[{"id":3927,"href":"https:\/\/www.pedagogie.ac-nice.fr\/daac\/wp-json\/wp\/v2\/pages\/1165\/revisions\/3927"}],"up":[{"embeddable":true,"href":"https:\/\/www.pedagogie.ac-nice.fr\/daac\/wp-json\/wp\/v2\/pages\/306"}],"wp:attachment":[{"href":"https:\/\/www.pedagogie.ac-nice.fr\/daac\/wp-json\/wp\/v2\/media?parent=1165"}],"curies":[{"name":"wp","href":"https:\/\/api.w.org\/{rel}","templated":true}]}}