{"id":11792,"date":"2022-03-10T10:27:53","date_gmt":"2022-03-10T09:27:53","guid":{"rendered":"https:\/\/www.pedagogie.ac-nice.fr\/daac\/?page_id=11792"},"modified":"2023-02-21T12:11:02","modified_gmt":"2023-02-21T11:11:02","slug":"printemps-danse-2022","status":"publish","type":"page","link":"https:\/\/www.pedagogie.ac-nice.fr\/daac\/printemps-danse-2022\/","title":{"rendered":"printemps danse 2022"},"content":{"rendered":"<p>[et_pb_section fb_built=\u00a0\u00bb1&Prime; _builder_version=\u00a0\u00bb4.10.7&Prime; _module_preset=\u00a0\u00bbdefault\u00a0\u00bb global_colors_info=\u00a0\u00bb{}\u00a0\u00bb][et_pb_row column_structure=\u00a0\u00bb1_3,2_3&Prime; _builder_version=\u00a0\u00bb4.10.7&Prime; _module_preset=\u00a0\u00bbdefault\u00a0\u00bb global_colors_info=\u00a0\u00bb{}\u00a0\u00bb][et_pb_column type=\u00a0\u00bb1_3&Prime; _builder_version=\u00a0\u00bb4.10.7&Prime; _module_preset=\u00a0\u00bbdefault\u00a0\u00bb global_colors_info=\u00a0\u00bb{}\u00a0\u00bb][et_pb_text admin_label=\u00a0\u00bblogo danse\u00a0\u00bb _builder_version=\u00a0\u00bb4.10.7&Prime; _module_preset=\u00a0\u00bbdefault\u00a0\u00bb global_colors_info=\u00a0\u00bb{}\u00a0\u00bb]<\/p>\n<p><a href=\"https:\/\/www.pedagogie.ac-nice.fr\/daac\/domaine-danse-asv\/\" target=\"_blank\" rel=\"noopener\"><img loading=\"lazy\" decoding=\"async\" class=\"aligncenter wp-image-5923 size-full\" src=\"https:\/\/www.pedagogie.ac-nice.fr\/daac\/wp-content\/uploads\/sites\/37\/2021\/09\/danse.png\" alt=\"\" width=\"346\" height=\"221\" srcset=\"https:\/\/www.pedagogie.ac-nice.fr\/daac\/wp-content\/uploads\/sites\/37\/2021\/09\/danse.png 346w, https:\/\/www.pedagogie.ac-nice.fr\/daac\/wp-content\/uploads\/sites\/37\/2021\/09\/danse-300x192.png 300w\" sizes=\"(max-width: 346px) 100vw, 346px\" \/><\/a><\/p>\n<p>[\/et_pb_text][et_pb_divider _builder_version=\u00a0\u00bb4.10.7&Prime; _module_preset=\u00a0\u00bbdefault\u00a0\u00bb custom_margin=\u00a0\u00bb-23px|||||\u00a0\u00bb global_colors_info=\u00a0\u00bb{}\u00a0\u00bb][\/et_pb_divider][et_pb_text admin_label=\u00a0\u00bbdanse l&rsquo;Europe\u00a0\u00bb _builder_version=\u00a0\u00bb4.10.7&Prime; _module_preset=\u00a0\u00bbdefault\u00a0\u00bb custom_margin=\u00a0\u00bb-33px||12px|||\u00a0\u00bb global_colors_info=\u00a0\u00bb{}\u00a0\u00bb]<\/p>\n<p><a href=\"https:\/\/www.palaisdesfestivals.com\/cannes\/danse_leurope\/fmapaca06v50nove\" target=\"_blank\" rel=\"noopener\"><img loading=\"lazy\" decoding=\"async\" class=\"aligncenter wp-image-11806\" src=\"https:\/\/www.pedagogie.ac-nice.fr\/daac\/wp-content\/uploads\/sites\/37\/2022\/03\/danse-leurope.jpg\" alt=\"\" width=\"138\" height=\"163\"><\/a><\/p>\n<p>[\/et_pb_text][et_pb_divider _builder_version=\u00a0\u00bb4.10.7&Prime; _module_preset=\u00a0\u00bbdefault\u00a0\u00bb global_colors_info=\u00a0\u00bb{}\u00a0\u00bb][\/et_pb_divider][et_pb_text admin_label=\u00a0\u00bbBreathe\u00a0\u00bb _builder_version=\u00a0\u00bb4.10.7&Prime; _module_preset=\u00a0\u00bbdefault\u00a0\u00bb custom_margin=\u00a0\u00bb-28px|||||\u00a0\u00bb global_colors_info=\u00a0\u00bb{}\u00a0\u00bb]<\/p>\n<p><a href=\"https:\/\/www.pedagogie.ac-nice.fr\/daac\/breathe-anthea\/\" target=\"_blank\" rel=\"noopener\"><img loading=\"lazy\" decoding=\"async\" class=\"aligncenter wp-image-11887 size-full\" src=\"https:\/\/www.pedagogie.ac-nice.fr\/daac\/wp-content\/uploads\/sites\/37\/2022\/03\/visuel_breathe.jpg\" alt=\"\" width=\"333\" height=\"146\" srcset=\"https:\/\/www.pedagogie.ac-nice.fr\/daac\/wp-content\/uploads\/sites\/37\/2022\/03\/visuel_breathe.jpg 333w, https:\/\/www.pedagogie.ac-nice.fr\/daac\/wp-content\/uploads\/sites\/37\/2022\/03\/visuel_breathe-300x132.jpg 300w\" sizes=\"(max-width: 333px) 100vw, 333px\" \/><\/a><\/p>\n<p>[\/et_pb_text][et_pb_divider _builder_version=\u00a0\u00bb4.10.7&Prime; _module_preset=\u00a0\u00bbdefault\u00a0\u00bb custom_margin=\u00a0\u00bb-10px|||||\u00a0\u00bb global_colors_info=\u00a0\u00bb{}\u00a0\u00bb][\/et_pb_divider][et_pb_text admin_label=\u00a0\u00bbImprudanse\u00a0\u00bb _builder_version=\u00a0\u00bb4.10.7&Prime; _module_preset=\u00a0\u00bbdefault\u00a0\u00bb custom_margin=\u00a0\u00bb-36px||7px|||\u00a0\u00bb global_colors_info=\u00a0\u00bb{}\u00a0\u00bb]<\/p>\n<p><a href=\"https:\/\/www.theatresendracenie.com\/festival-l-imprudanse.html\" target=\"_blank\" rel=\"noopener\"><img loading=\"lazy\" decoding=\"async\" class=\"aligncenter wp-image-11807\" src=\"https:\/\/www.pedagogie.ac-nice.fr\/daac\/wp-content\/uploads\/sites\/37\/2022\/03\/festival_imprudance_dracenie.jpg\" alt=\"\" width=\"339\" height=\"164\" srcset=\"https:\/\/www.pedagogie.ac-nice.fr\/daac\/wp-content\/uploads\/sites\/37\/2022\/03\/festival_imprudance_dracenie.jpg 1048w, https:\/\/www.pedagogie.ac-nice.fr\/daac\/wp-content\/uploads\/sites\/37\/2022\/03\/festival_imprudance_dracenie-300x145.jpg 300w, https:\/\/www.pedagogie.ac-nice.fr\/daac\/wp-content\/uploads\/sites\/37\/2022\/03\/festival_imprudance_dracenie-1024x495.jpg 1024w, https:\/\/www.pedagogie.ac-nice.fr\/daac\/wp-content\/uploads\/sites\/37\/2022\/03\/festival_imprudance_dracenie-768x372.jpg 768w\" sizes=\"(max-width: 339px) 100vw, 339px\" \/><\/a><\/p>\n<p>[\/et_pb_text][et_pb_divider _builder_version=\u00a0\u00bb4.10.7&Prime; _module_preset=\u00a0\u00bbdefault\u00a0\u00bb global_colors_info=\u00a0\u00bb{}\u00a0\u00bb][\/et_pb_divider][et_pb_text admin_label=\u00a0\u00bbhio_hop festival\u00a0\u00bb _builder_version=\u00a0\u00bb4.10.7&Prime; _module_preset=\u00a0\u00bbdefault\u00a0\u00bb custom_margin=\u00a0\u00bb-32px|||||\u00a0\u00bb global_colors_info=\u00a0\u00bb{}\u00a0\u00bb]<\/p>\n<p><a href=\"https:\/\/www.theatredegrasse.com\/la-saison\/temps-forts\/ouverture-grasse-hip-hop-dance-festival-21-22\" target=\"_blank\" rel=\"noopener\"><img loading=\"lazy\" decoding=\"async\" class=\"aligncenter wp-image-11891 size-full\" src=\"https:\/\/www.pedagogie.ac-nice.fr\/daac\/wp-content\/uploads\/sites\/37\/2022\/03\/grasse_hip_hop_festival.jpg\" alt=\"\" width=\"302\" height=\"146\" srcset=\"https:\/\/www.pedagogie.ac-nice.fr\/daac\/wp-content\/uploads\/sites\/37\/2022\/03\/grasse_hip_hop_festival.jpg 302w, https:\/\/www.pedagogie.ac-nice.fr\/daac\/wp-content\/uploads\/sites\/37\/2022\/03\/grasse_hip_hop_festival-300x145.jpg 300w\" sizes=\"(max-width: 302px) 100vw, 302px\" \/><\/a><\/p>\n<p>[\/et_pb_text][et_pb_divider _builder_version=\u00a0\u00bb4.10.7&Prime; _module_preset=\u00a0\u00bbdefault\u00a0\u00bb custom_margin=\u00a0\u00bb-9px|||||\u00a0\u00bb global_colors_info=\u00a0\u00bb{}\u00a0\u00bb][\/et_pb_divider][et_pb_text admin_label=\u00a0\u00bbdanses et musiques actuelles\u00a0\u00bb _builder_version=\u00a0\u00bb4.10.7&Prime; _module_preset=\u00a0\u00bbdefault\u00a0\u00bb custom_margin=\u00a0\u00bb-37px|||||\u00a0\u00bb global_colors_info=\u00a0\u00bb{}\u00a0\u00bb]<\/p>\n<p style=\"text-align: center;\"><a href=\"https:\/\/www.pedagogie.ac-nice.fr\/daac\/musiques-actuelles\/\" target=\"_blank\" rel=\"noopener\" data-wp-editing=\"1\"><strong><span style=\"color: #ff6600;\">Concours Danses et musiques actuelles<\/span><\/strong><\/a><a href=\"https:\/\/www.pedagogie.ac-nice.fr\/daac\/musiques-actuelles\/\" target=\"_blank\" rel=\"noopener\"><img loading=\"lazy\" decoding=\"async\" class=\"aligncenter wp-image-1632 size-full\" src=\"https:\/\/www.pedagogie.ac-nice.fr\/daac\/wp-content\/uploads\/sites\/37\/2020\/12\/image_musique_actuelles.png\" alt=\"\" width=\"286\" height=\"182\"><\/a><\/p>\n<p>[\/et_pb_text][et_pb_divider _builder_version=\u00a0\u00bb4.10.7&Prime; _module_preset=\u00a0\u00bbdefault\u00a0\u00bb custom_margin=\u00a0\u00bb-20px|||||\u00a0\u00bb global_colors_info=\u00a0\u00bb{}\u00a0\u00bb][\/et_pb_divider][et_pb_text admin_label=\u00a0\u00bbdanse en exterieur\u00a0\u00bb _builder_version=\u00a0\u00bb4.10.7&Prime; _module_preset=\u00a0\u00bbdefault\u00a0\u00bb custom_margin=\u00a0\u00bb-37px|||||\u00a0\u00bb global_colors_info=\u00a0\u00bb{}\u00a0\u00bb]<\/p>\n<p><a href=\"https:\/\/www.pedagogie.ac-nice.fr\/daac\/festival_danse_exterieur\/&nbsp;&nbsp;&nbsp;&nbsp;&nbsp;\" target=\"_blank\" rel=\"noopener\"><img loading=\"lazy\" decoding=\"async\" class=\"aligncenter wp-image-11726 size-full\" src=\"https:\/\/www.pedagogie.ac-nice.fr\/daac\/wp-content\/uploads\/sites\/37\/2022\/03\/visuel_festival_danse_exterieur.jpg\" alt=\"\" width=\"146\" height=\"190\"><\/a><\/p>\n<p>[\/et_pb_text][\/et_pb_column][et_pb_column type=\u00a0\u00bb2_3&Prime; _builder_version=\u00a0\u00bb4.10.7&Prime; _module_preset=\u00a0\u00bbdefault\u00a0\u00bb global_colors_info=\u00a0\u00bb{}\u00a0\u00bb][et_pb_text admin_label=\u00a0\u00bbtitre\u00a0\u00bb _builder_version=\u00a0\u00bb4.10.7&Prime; _module_preset=\u00a0\u00bbdefault\u00a0\u00bb hover_enabled=\u00a0\u00bb0&Prime; global_colors_info=\u00a0\u00bb{}\u00a0\u00bb text_font=\u00a0\u00bbTrebuchet||||||||\u00a0\u00bb sticky_enabled=\u00a0\u00bb0&Prime;]<\/p>\n<p style=\"text-align: center;\"><span style=\"color: #993366;\"><strong><span style=\"font-size: 18pt;\">Danse : un printemps dense et ouvert aux amateurs<\/span><\/strong><\/span><\/p>\n<p>[\/et_pb_text][et_pb_text _builder_version=\u00a0\u00bb4.10.7&Prime; _module_preset=\u00a0\u00bbdefault\u00a0\u00bb hover_enabled=\u00a0\u00bb0&Prime; global_colors_info=\u00a0\u00bb{}\u00a0\u00bb text_font=\u00a0\u00bbTrebuchet||||||||\u00a0\u00bb sticky_enabled=\u00a0\u00bb0&Prime;]<\/p>\n<p style=\"text-align: justify;\"><span style=\"color: #000000;\"><strong>Mardi 8 mars, avec<em> Coup de gr\u00e2ce<\/em>,\u00a0 Michel Kelemenis, soulignant que \u00ab\u00a0quand certains tuent, d&rsquo;autres dansent\u00a0\u00bb<\/strong>,\u00a0 demandait si la gr\u00e2ce peut surgir de la disgr\u00e2ce.<\/span><\/p>\n<p><span style=\"color: #000000;\"><strong>\u00ab\u00a0Dansez, sinon nous sommes perdus\u00a0\u00bb<\/strong> d\u00e9clarait autrefois Pina Bausch.<\/span><\/p>\n<p style=\"text-align: justify;\"><span style=\"color: #000000;\">Aujourd&rsquo;hui, compagnies, structures culturelles et \u00e9quipes p\u00e9dagogiques nous invitent \u00e0 nous retrouver, \u00e0 danser, sur tout le territoire de notre acad\u00e9mie. De nombreuses actions invitent les \u00e9l\u00e8ves \u00e0 cr\u00e9er et \u00e0 danser aux c\u00f4t\u00e9s d&rsquo;artistes professionnels :<\/span><\/p>\n<ul style=\"list-style-type: disc;\">\n<li><span style=\"color: #000000;\"><strong>20 mars<\/strong> :<strong> Danse l&rsquo;Europe au Palais des Festivals<\/strong>,<strong> Cannes, 16 heures <\/strong><a style=\"color: #000000;\" href=\"https:\/\/www.palaisdesfestivals.com\/cannes\/danse_leurope\/fmapaca06v50nove\" target=\"_blank\" rel=\"noopener\">https:\/\/www.palaisdesfestivals.com\/cannes\/danse_leurope\/fmapaca06v50nove\u00a0<\/a>\u00a0<\/span><\/li>\n<li style=\"text-align: justify;\"><span style=\"color: #000000;\"><strong>23 et 24 mars<\/strong> : <strong><em>Breathe ! Breathe !<\/em><\/strong> R\u00e9ouverture du terminal 1 de l&rsquo;a\u00e9roport en dansant, avec la compagnie Eug\u00e9nie Andrin et des \u00e9l\u00e8ves des lyc\u00e9es Audiberti et Apollinaire <a style=\"color: #000000;\" href=\"https:\/\/www.cieeugenieandrin.com\/\" target=\"_blank\" rel=\"noopener noreferrer\">https:\/\/www.cieeugenieandrin.com\/<\/a><br \/>Pour en savoir plus sur <strong><em>Breathe ! Breathe !<\/em><\/strong>, <a href=\"https:\/\/www.pedagogie.ac-nice.fr\/daac\/breathe-anthea\/\" target=\"_blank\" rel=\"noopener\" style=\"color: #000000;\">https:\/\/www.pedagogie.ac-nice.fr\/daac\/breathe-anthea\/<\/a>\u00a0\u00a0\u00a0\u00a0<\/span><\/li>\n<li><span style=\"color: #000000;\"><strong>24 mars au 2 avril :<\/strong> <strong>festival <em>L&rsquo;impruDanse<\/em>, th\u00e9\u00e2tre en Drac\u00e9nie<\/strong> <a style=\"color: #000000;\" href=\"https:\/\/www.theatresendracenie.com\/festival-l-imprudanse.html\" target=\"_blank\" rel=\"noopener noreferrer\">https:\/\/www.theatresendracenie.com\/festival-l-imprudanse.html<\/a>\u00a0<\/span><\/li>\n<li><span style=\"color: #000000;\"><strong>Du 20 mars au 30 avril<\/strong>, <strong>le <em>Grasse Hip Hop dance Festival<\/em><\/strong> invite \u00e0 d\u00e9couvrir de nouvelles cr\u00e9ations, et \u00e0 partager un temps fort <strong>le 2 avril<\/strong> : <em>le bal m\u00e9tiss\u00e9 d&rsquo;Herv\u00e9 Koubi<\/em>, place aux Aires \u00e0 <strong>17 heures<\/strong>, ouvert \u00e0 toutes et \u00e0 tous.<br \/>Tous les d\u00e9tails sur ce lien : <a style=\"color: #000000;\" href=\"https:\/\/www.theatredegrasse.com\/la-saison\/temps-forts\/ouverture-grasse-hip-hop-dance-festival-21-22\" target=\"_blank\" rel=\"noopener noreferrer\">https:\/\/www.theatredegrasse.com\/la-saison\/temps-forts\/ouverture-grasse-hip-hop-dance-festival-21-22<\/a>\u00a0\u00a0<\/span><\/li>\n<li><span style=\"color: #000000;\"><strong>A partir du 28 mars, <em>Danse l&rsquo;Europe<\/em> <\/strong>: le lyc\u00e9e Mass\u00e9na, le lyc\u00e9e Bonaparte, le coll\u00e8ge Matisse danseront \u00e0 l&rsquo;unisson de l&rsquo;Europe.<\/span><br \/><span style=\"color: #000000;\">Soyez nombreux \u00e0 les rejoindre.<br \/>La proposition d&rsquo;Anjelin Preljocaj est accessible \u00e0 tous.<br \/>Pour en savoir plus : <a style=\"color: #000000;\" href=\"https:\/\/padlet.com\/matissemusique\/7nwm7ujw3qx7fmuc\" target=\"_blank\" rel=\"noopener noreferrer\">https:\/\/padlet.com\/matissemusique\/7nwm7ujw3qx7fmuc<\/a>\u00a0\u00a0\u00a0\u00a0\u00a0<\/span><\/li>\n<li style=\"text-align: justify;\"><span style=\"color: #000000;\"><strong>31 mars<\/strong> : demi-finale\u00a0 du <strong>concours Danses et musiques actuelles<\/strong>, organis\u00e9 par la DAAC de Nice. La finale aura lieu le 28 avril .<br \/>Pour en savoir plus, pour assister aux demi-finales et finales, pour pr\u00e9parer votre participation \u00e0 l&rsquo;\u00e9dition 2022-2023 suivez ce lien : <a style=\"color: #000000;\" href=\"https:\/\/www.pedagogie.ac-nice.fr\/daac\/musiques-actuelles\/\" target=\"_blank\" rel=\"noopener noreferrer\">https:\/\/www.pedagogie.ac-nice.fr\/daac\/musiques-actuelles\/<\/a>\u00a0\u00a0\u00a0\u00a0\u00a0<\/span><\/li>\n<li style=\"text-align: justify;\"><span style=\"color: #000000;\"><strong>30 avril<\/strong> : <strong><em>Let&rsquo;s move<\/em> au th\u00e9\u00e2tre de Grasse<\/strong>, professionnels et amateurs partagent le plateau et une belle aventure : <a style=\"color: #000000;\" href=\"https:\/\/www.theatredegrasse.com\/la-saison\/danse\/lets-move-21-22\" target=\"_blank\" rel=\"noopener noreferrer\">https:\/\/www.theatredegrasse.com\/la-saison\/danse\/lets-move-21-22<\/a>\u00a0<\/span><\/li>\n<li style=\"text-align: justify;\"><span style=\"color: #000000;\"><strong>29 avril au 1 mai<\/strong> : <strong>Festival <em>Temps danse ext\u00e9rieur<\/em><\/strong> au 109, spectacles professionnels, restitution au plateau de projets men\u00e9s dans les classes par les artistes du territoire.<br \/>Toutes les informations pour vous assister \u00e0 des spectacles ou inscrire vos classes par ici : <a style=\"color: #000000;\" href=\"https:\/\/www.pedagogie.ac-nice.fr\/daac\/festival_danse_exterieur\/\" target=\"_blank\" rel=\"noopener noreferrer\">https:\/\/www.pedagogie.ac-nice.fr\/daac\/festival_danse_exterieur\/<\/a>\u00a0\u00a0\u00a0\u00a0\u00a0<\/span><\/li>\n<li style=\"text-align: justify;\"><span style=\"color: #000000;\"><strong>14 mai, de 19 heures \u00e0 23 heures<\/strong> : <strong><em>La nuit au Mus\u00e9e<\/em> <\/strong>au\u00a0 MIP (Mus\u00e9e International de la Parfumerie, Grasse) avec la Cie Humaine.<br \/>D\u00e9couvrez des \u0153uvres phare de la collection guid\u00e9s par la chor\u00e9graphie des coll\u00e9giens.<\/span><\/li>\n<\/ul>\n<p style=\"text-align: justify;\"><span style=\"color: #000000;\">N&rsquo;h\u00e9sitez pas \u00e0 nous\u00a0 faire part de vos projets, des actions men\u00e9es au sein de vos \u00e9tablissements afin que nous les valorisions.<\/span><\/p>\n<hr \/>\n<p><span style=\"color: #000000;\">Coordinatrice acad\u00e9mique : Muriel Colin<\/span><br \/><span style=\"color: #000000;\">muriel.colin@ac-nice.fr<\/span><\/p>\n<p>[\/et_pb_text][\/et_pb_column][\/et_pb_row][\/et_pb_section]<\/p>\n","protected":false},"excerpt":{"rendered":"<p>Concours Danses et musiques actuellesDanse : un printemps dense et ouvert aux amateursMardi 8 mars, avec Coup de gr\u00e2ce,\u00a0 Michel Kelemenis, soulignant que \u00ab\u00a0quand certains tuent, d&rsquo;autres dansent\u00a0\u00bb,\u00a0 demandait si la gr\u00e2ce peut surgir de la disgr\u00e2ce. \u00ab\u00a0Dansez, sinon nous sommes perdus\u00a0\u00bb d\u00e9clarait autrefois Pina Bausch. Aujourd&rsquo;hui, compagnies, structures culturelles et \u00e9quipes p\u00e9dagogiques nous invitent [&hellip;]<\/p>\n","protected":false},"author":241,"featured_media":0,"parent":0,"menu_order":0,"comment_status":"closed","ping_status":"closed","template":"","meta":{"_et_pb_use_builder":"on","_et_pb_old_content":"","_et_gb_content_width":"","ngg_post_thumbnail":0,"footnotes":""},"class_list":["post-11792","page","type-page","status-publish","hentry"],"rttpg_featured_image_url":null,"rttpg_author":{"display_name":"daacadmin","author_link":"https:\/\/www.pedagogie.ac-nice.fr\/daac\/author\/daacadmin\/"},"rttpg_comment":0,"rttpg_category":null,"rttpg_excerpt":"Concours Danses et musiques actuellesDanse : un printemps dense et ouvert aux amateursMardi 8 mars, avec Coup de gr\u00e2ce,\u00a0 Michel Kelemenis, soulignant que \"quand certains tuent, d'autres dansent\",\u00a0 demandait si la gr\u00e2ce peut surgir de la disgr\u00e2ce. \"Dansez, sinon nous sommes perdus\" d\u00e9clarait autrefois Pina Bausch. Aujourd'hui, compagnies, structures culturelles et \u00e9quipes p\u00e9dagogiques nous invitent\u2026","post_mailing_queue_ids":[],"_links":{"self":[{"href":"https:\/\/www.pedagogie.ac-nice.fr\/daac\/wp-json\/wp\/v2\/pages\/11792","targetHints":{"allow":["GET"]}}],"collection":[{"href":"https:\/\/www.pedagogie.ac-nice.fr\/daac\/wp-json\/wp\/v2\/pages"}],"about":[{"href":"https:\/\/www.pedagogie.ac-nice.fr\/daac\/wp-json\/wp\/v2\/types\/page"}],"author":[{"embeddable":true,"href":"https:\/\/www.pedagogie.ac-nice.fr\/daac\/wp-json\/wp\/v2\/users\/241"}],"replies":[{"embeddable":true,"href":"https:\/\/www.pedagogie.ac-nice.fr\/daac\/wp-json\/wp\/v2\/comments?post=11792"}],"version-history":[{"count":18,"href":"https:\/\/www.pedagogie.ac-nice.fr\/daac\/wp-json\/wp\/v2\/pages\/11792\/revisions"}],"predecessor-version":[{"id":14628,"href":"https:\/\/www.pedagogie.ac-nice.fr\/daac\/wp-json\/wp\/v2\/pages\/11792\/revisions\/14628"}],"wp:attachment":[{"href":"https:\/\/www.pedagogie.ac-nice.fr\/daac\/wp-json\/wp\/v2\/media?parent=11792"}],"curies":[{"name":"wp","href":"https:\/\/api.w.org\/{rel}","templated":true}]}}