{"id":11905,"date":"2022-03-17T10:57:17","date_gmt":"2022-03-17T09:57:17","guid":{"rendered":"https:\/\/www.pedagogie.ac-nice.fr\/daac\/?page_id=11905"},"modified":"2023-02-21T17:22:49","modified_gmt":"2023-02-21T16:22:49","slug":"6e-flotte-villefranche-sur-mer","status":"publish","type":"page","link":"https:\/\/www.pedagogie.ac-nice.fr\/daac\/6e-flotte-villefranche-sur-mer\/","title":{"rendered":"6e Flotte Villefranche-sur-mer"},"content":{"rendered":"<p>[et_pb_section fb_built=\u00a0\u00bb1&Prime; _builder_version=\u00a0\u00bb4.10.7&Prime; _module_preset=\u00a0\u00bbdefault\u00a0\u00bb global_colors_info=\u00a0\u00bb{}\u00a0\u00bb][et_pb_row column_structure=\u00a0\u00bb1_3,2_3&Prime; _builder_version=\u00a0\u00bb4.10.7&Prime; _module_preset=\u00a0\u00bbdefault\u00a0\u00bb global_colors_info=\u00a0\u00bb{}\u00a0\u00bb][et_pb_column type=\u00a0\u00bb1_3&Prime; _builder_version=\u00a0\u00bb4.10.7&Prime; _module_preset=\u00a0\u00bbdefault\u00a0\u00bb global_colors_info=\u00a0\u00bb{}\u00a0\u00bb][et_pb_text admin_label=\u00a0\u00bblogo patrimoine\u00a0\u00bb _builder_version=\u00a0\u00bb4.10.7&Prime; _module_preset=\u00a0\u00bbdefault\u00a0\u00bb global_colors_info=\u00a0\u00bb{}\u00a0\u00bb]<\/p>\n<p><a href=\"https:\/\/www.pedagogie.ac-nice.fr\/daac\/patrimoines-memoires-2021\/\" target=\"_blank\" rel=\"noopener\"><img loading=\"lazy\" decoding=\"async\" class=\"aligncenter wp-image-5925 size-full\" src=\"https:\/\/www.pedagogie.ac-nice.fr\/daac\/wp-content\/uploads\/sites\/37\/2021\/09\/patrimoine_memoires.png\" alt=\"\" width=\"347\" height=\"222\" srcset=\"https:\/\/www.pedagogie.ac-nice.fr\/daac\/wp-content\/uploads\/sites\/37\/2021\/09\/patrimoine_memoires.png 347w, https:\/\/www.pedagogie.ac-nice.fr\/daac\/wp-content\/uploads\/sites\/37\/2021\/09\/patrimoine_memoires-300x192.png 300w\" sizes=\"(max-width: 347px) 100vw, 347px\" \/><\/a><\/p>\n<p>[\/et_pb_text][et_pb_text _builder_version=\u00a0\u00bb4.10.7&Prime; _module_preset=\u00a0\u00bbdefault\u00a0\u00bb global_colors_info=\u00a0\u00bb{}\u00a0\u00bb]<\/p>\n<p><a href=\"http:\/\/www.ussixthfleet-villefranche.com\/\" target=\"_blank\" rel=\"noopener\"><img loading=\"lazy\" decoding=\"async\" class=\"wp-image-11965 aligncenter\" src=\"https:\/\/www.pedagogie.ac-nice.fr\/daac\/wp-content\/uploads\/sites\/37\/2022\/03\/expo_6eme_flotte_villefranche-scaled.jpg\" alt=\"\" width=\"416\" height=\"588\" srcset=\"https:\/\/www.pedagogie.ac-nice.fr\/daac\/wp-content\/uploads\/sites\/37\/2022\/03\/expo_6eme_flotte_villefranche-scaled.jpg 1810w, https:\/\/www.pedagogie.ac-nice.fr\/daac\/wp-content\/uploads\/sites\/37\/2022\/03\/expo_6eme_flotte_villefranche-212x300.jpg 212w, https:\/\/www.pedagogie.ac-nice.fr\/daac\/wp-content\/uploads\/sites\/37\/2022\/03\/expo_6eme_flotte_villefranche-724x1024.jpg 724w, https:\/\/www.pedagogie.ac-nice.fr\/daac\/wp-content\/uploads\/sites\/37\/2022\/03\/expo_6eme_flotte_villefranche-768x1086.jpg 768w, https:\/\/www.pedagogie.ac-nice.fr\/daac\/wp-content\/uploads\/sites\/37\/2022\/03\/expo_6eme_flotte_villefranche-1086x1536.jpg 1086w, https:\/\/www.pedagogie.ac-nice.fr\/daac\/wp-content\/uploads\/sites\/37\/2022\/03\/expo_6eme_flotte_villefranche-1448x2048.jpg 1448w, https:\/\/www.pedagogie.ac-nice.fr\/daac\/wp-content\/uploads\/sites\/37\/2022\/03\/expo_6eme_flotte_villefranche-1080x1527.jpg 1080w\" sizes=\"(max-width: 416px) 100vw, 416px\" \/><\/a><\/p>\n<p>[\/et_pb_text][\/et_pb_column][et_pb_column type=\u00a0\u00bb2_3&Prime; _builder_version=\u00a0\u00bb4.10.7&Prime; _module_preset=\u00a0\u00bbdefault\u00a0\u00bb global_colors_info=\u00a0\u00bb{}\u00a0\u00bb][et_pb_text _builder_version=\u00a0\u00bb4.10.7&Prime; _module_preset=\u00a0\u00bbdefault\u00a0\u00bb hover_enabled=\u00a0\u00bb0&Prime; global_colors_info=\u00a0\u00bb{}\u00a0\u00bb text_font=\u00a0\u00bbTrebuchet||||||||\u00a0\u00bb sticky_enabled=\u00a0\u00bb0&Prime;]<\/p>\n<p style=\"text-align: center;\"><span id=\"text_toZQlwdTO1C\" class=\"\" style=\"font-size: 14pt; color: #993366;\"><strong><span style=\"font-size: 18pt;\">Projet \u00ab\u00a0Mus\u00e9e \u00e0 l&rsquo;\u00e9cole\u00a0\u00bb<\/span><\/strong><br \/>sur les pas des marins de la 6e Flotte \u00e0 Villefranche-sur-Mer<\/span><\/p>\n<p>[\/et_pb_text][et_pb_text _builder_version=\u00a0\u00bb4.10.7&Prime; _module_preset=\u00a0\u00bbdefault\u00a0\u00bb hover_enabled=\u00a0\u00bb0&Prime; global_colors_info=\u00a0\u00bb{}\u00a0\u00bb text_font=\u00a0\u00bbTrebuchet||||||||\u00a0\u00bb sticky_enabled=\u00a0\u00bb0&Prime;]<\/p>\n<p style=\"text-align: justify;\"><span style=\"color: #000000;\">L&rsquo;Association \u00ab\u00a0<a style=\"color: #000000;\" href=\"http:\/\/www.ussixthfleet-villefranche.com\/\" target=\"_blank\" rel=\"noopener\">Les Am\u00e9ricains et la 6\u00e8me Flotte \u00e0 Villefranche-sur-Mer<\/a>\u00a0\u00bb a pour objectif de faire conna\u00eetre l\u2019histoire de la pr\u00e9sence de la 6e flotte am\u00e9ricaine, de 1950 \u00e0 1967, l&rsquo;impact qu&rsquo;elle a eue sur la cit\u00e9 au-del\u00e0. <\/span><\/p>\n<p><span style=\"color: #000000;\">Les activit\u00e9s de l&rsquo;association s&rsquo;adressent au plus grand nombre et en particulier aux jeunes g\u00e9n\u00e9rations. Ainsi, avant de pouvoir ouvrir un mus\u00e9e dans la ville et pour valoriser les collections d\u00e9j\u00e0 r\u00e9unies, en partenariat avec la DAAC, l&rsquo;id\u00e9e est n\u00e9e de mettre en place un \u00ab\u00a0<strong>mus\u00e9e \u00e0 l&rsquo;\u00e9cole<\/strong>\u00ab\u00a0. <\/span><\/p>\n<p><span style=\"color: #000000;\">Accompagn\u00e9e par Michelle Icard et Val\u00e9rie Blouin, secr\u00e9taire et pr\u00e9sidente de l&rsquo;association, c&rsquo;est <strong>la classe de CM1 de l\u2019\u00e9cole primaire Joseph Calderoni de Villefranche<\/strong>, avec leur enseignante et directrice de l&rsquo;\u00e9cole, Madame Lina Gastaud qui s&rsquo;est lanc\u00e9e dans l&rsquo;aventure. La concr\u00e9tisation de leur projet de presque deux ans sera valoris\u00e9e <strong>du 24 au 31 mars 2022 au foyer de la citadelle de Villefranche-sur-Mer<\/strong>.\u00a0<\/span><\/p>\n<p style=\"text-align: center;\"><span style=\"color: #000000;\"><a style=\"color: #000000;\" href=\"http:\/\/www.ussixthfleet-villefranche.com\/projets-2022\/\" target=\"_blank\" rel=\"noopener\">http:\/\/www.ussixthfleet-villefranche.com\/projets-2022\/<\/a><\/span><\/p>\n<p><span style=\"color: #000000;\">\u00a0<\/span><\/p>\n<p>[\/et_pb_text][\/et_pb_column][\/et_pb_row][\/et_pb_section]<\/p>\n","protected":false},"excerpt":{"rendered":"<p>Projet \u00ab\u00a0Mus\u00e9e \u00e0 l&rsquo;\u00e9cole\u00a0\u00bbsur les pas des marins de la 6e Flotte \u00e0 Villefranche-sur-MerL&rsquo;Association \u00ab\u00a0Les Am\u00e9ricains et la 6\u00e8me Flotte \u00e0 Villefranche-sur-Mer\u00a0\u00bb a pour objectif de faire conna\u00eetre l\u2019histoire de la pr\u00e9sence de la 6e flotte am\u00e9ricaine, de 1950 \u00e0 1967, l&rsquo;impact qu&rsquo;elle a eue sur la cit\u00e9 au-del\u00e0. Les activit\u00e9s de l&rsquo;association s&rsquo;adressent au [&hellip;]<\/p>\n","protected":false},"author":241,"featured_media":0,"parent":0,"menu_order":0,"comment_status":"closed","ping_status":"closed","template":"","meta":{"_et_pb_use_builder":"on","_et_pb_old_content":"","_et_gb_content_width":"","ngg_post_thumbnail":0,"footnotes":""},"class_list":["post-11905","page","type-page","status-publish","hentry"],"rttpg_featured_image_url":null,"rttpg_author":{"display_name":"daacadmin","author_link":"https:\/\/www.pedagogie.ac-nice.fr\/daac\/author\/daacadmin\/"},"rttpg_comment":0,"rttpg_category":null,"rttpg_excerpt":"Projet \"Mus\u00e9e \u00e0 l'\u00e9cole\"sur les pas des marins de la 6e Flotte \u00e0 Villefranche-sur-MerL'Association \"Les Am\u00e9ricains et la 6\u00e8me Flotte \u00e0 Villefranche-sur-Mer\" a pour objectif de faire conna\u00eetre l\u2019histoire de la pr\u00e9sence de la 6e flotte am\u00e9ricaine, de 1950 \u00e0 1967, l'impact qu'elle a eue sur la cit\u00e9 au-del\u00e0. Les activit\u00e9s de l'association s'adressent au\u2026","post_mailing_queue_ids":[],"_links":{"self":[{"href":"https:\/\/www.pedagogie.ac-nice.fr\/daac\/wp-json\/wp\/v2\/pages\/11905","targetHints":{"allow":["GET"]}}],"collection":[{"href":"https:\/\/www.pedagogie.ac-nice.fr\/daac\/wp-json\/wp\/v2\/pages"}],"about":[{"href":"https:\/\/www.pedagogie.ac-nice.fr\/daac\/wp-json\/wp\/v2\/types\/page"}],"author":[{"embeddable":true,"href":"https:\/\/www.pedagogie.ac-nice.fr\/daac\/wp-json\/wp\/v2\/users\/241"}],"replies":[{"embeddable":true,"href":"https:\/\/www.pedagogie.ac-nice.fr\/daac\/wp-json\/wp\/v2\/comments?post=11905"}],"version-history":[{"count":11,"href":"https:\/\/www.pedagogie.ac-nice.fr\/daac\/wp-json\/wp\/v2\/pages\/11905\/revisions"}],"predecessor-version":[{"id":14741,"href":"https:\/\/www.pedagogie.ac-nice.fr\/daac\/wp-json\/wp\/v2\/pages\/11905\/revisions\/14741"}],"wp:attachment":[{"href":"https:\/\/www.pedagogie.ac-nice.fr\/daac\/wp-json\/wp\/v2\/media?parent=11905"}],"curies":[{"name":"wp","href":"https:\/\/api.w.org\/{rel}","templated":true}]}}