{"id":11919,"date":"2022-03-17T11:08:06","date_gmt":"2022-03-17T10:08:06","guid":{"rendered":"https:\/\/www.pedagogie.ac-nice.fr\/daac\/?page_id=11919"},"modified":"2022-09-24T17:36:45","modified_gmt":"2022-09-24T15:36:45","slug":"archives-departementales-du-var","status":"publish","type":"page","link":"https:\/\/www.pedagogie.ac-nice.fr\/daac\/archives-departementales-du-var\/","title":{"rendered":"Archives d\u00e9partementales du Var"},"content":{"rendered":"<p>[et_pb_section fb_built=\u00a0\u00bb1&Prime; _builder_version=\u00a0\u00bb4.10.7&Prime; _module_preset=\u00a0\u00bbdefault\u00a0\u00bb global_colors_info=\u00a0\u00bb{}\u00a0\u00bb][et_pb_row column_structure=\u00a0\u00bb1_4,3_4&Prime; _builder_version=\u00a0\u00bb4.10.7&Prime; _module_preset=\u00a0\u00bbdefault\u00a0\u00bb global_colors_info=\u00a0\u00bb{}\u00a0\u00bb][et_pb_column type=\u00a0\u00bb1_4&Prime; _builder_version=\u00a0\u00bb4.10.7&Prime; _module_preset=\u00a0\u00bbdefault\u00a0\u00bb global_colors_info=\u00a0\u00bb{}\u00a0\u00bb][et_pb_text admin_label=\u00a0\u00bbvisuel domaine patrimoine\u00a0\u00bb _builder_version=\u00a0\u00bb4.10.7&Prime; _module_preset=\u00a0\u00bbdefault\u00a0\u00bb global_colors_info=\u00a0\u00bb{}\u00a0\u00bb]<\/p>\n<p><a href=\"https:\/\/www.pedagogie.ac-nice.fr\/daac\/patrimoines-memoires-2021\/\" target=\"_blank\" rel=\"noopener\"><img loading=\"lazy\" decoding=\"async\" class=\"aligncenter wp-image-5925 size-full\" src=\"https:\/\/www.pedagogie.ac-nice.fr\/daac\/wp-content\/uploads\/sites\/37\/2021\/09\/patrimoine_memoires.png\" alt=\"\" width=\"347\" height=\"222\" srcset=\"https:\/\/www.pedagogie.ac-nice.fr\/daac\/wp-content\/uploads\/sites\/37\/2021\/09\/patrimoine_memoires.png 347w, https:\/\/www.pedagogie.ac-nice.fr\/daac\/wp-content\/uploads\/sites\/37\/2021\/09\/patrimoine_memoires-300x192.png 300w\" sizes=\"(max-width: 347px) 100vw, 347px\" \/><\/a><\/p>\n<p>[\/et_pb_text][et_pb_divider _builder_version=\u00a0\u00bb4.10.7&Prime; _module_preset=\u00a0\u00bbdefault\u00a0\u00bb global_colors_info=\u00a0\u00bb{}\u00a0\u00bb][\/et_pb_divider][et_pb_text admin_label=\u00a0\u00bbvisuel partenariat\u00a0\u00bb _builder_version=\u00a0\u00bb4.10.7&Prime; _module_preset=\u00a0\u00bbdefault\u00a0\u00bb custom_margin=\u00a0\u00bb-20px|||||\u00a0\u00bb global_colors_info=\u00a0\u00bb{}\u00a0\u00bb]<\/p>\n<p><img loading=\"lazy\" decoding=\"async\" class=\"alignnone size-full wp-image-6275 aligncenter\" src=\"https:\/\/www.pedagogie.ac-nice.fr\/daac\/wp-content\/uploads\/sites\/37\/2021\/09\/partenariat.png\" alt=\"\" width=\"344\" height=\"225\" srcset=\"https:\/\/www.pedagogie.ac-nice.fr\/daac\/wp-content\/uploads\/sites\/37\/2021\/09\/partenariat.png 344w, https:\/\/www.pedagogie.ac-nice.fr\/daac\/wp-content\/uploads\/sites\/37\/2021\/09\/partenariat-300x196.png 300w\" sizes=\"(max-width: 344px) 100vw, 344px\" \/><\/p>\n<p>[\/et_pb_text][et_pb_divider _builder_version=\u00a0\u00bb4.10.7&Prime; _module_preset=\u00a0\u00bbdefault\u00a0\u00bb global_colors_info=\u00a0\u00bb{}\u00a0\u00bb][\/et_pb_divider][et_pb_text admin_label=\u00a0\u00bbvisuel AD 83&Prime; _builder_version=\u00a0\u00bb4.10.7&Prime; _module_preset=\u00a0\u00bbdefault\u00a0\u00bb custom_margin=\u00a0\u00bb-23px|||||\u00a0\u00bb global_colors_info=\u00a0\u00bb{}\u00a0\u00bb]<\/p>\n<p><a href=\"https:\/\/archives.var.fr\/article.php?larub=5&amp;titre=enseigner\" target=\"_blank\" rel=\"noopener\"><strong><span style=\"color: #800000;\">Tout sur &#8230;<\/span><\/strong><img loading=\"lazy\" decoding=\"async\" class=\"aligncenter wp-image-1383 size-full\" src=\"https:\/\/www.pedagogie.ac-nice.fr\/daac\/wp-content\/uploads\/sites\/37\/2020\/11\/ADVAR.png\" alt=\"logo des archives d\u00e9partementales du Var. En un clic, retrouvez les ressources propos\u00e9es aux enseignants\" width=\"472\" height=\"148\" srcset=\"https:\/\/www.pedagogie.ac-nice.fr\/daac\/wp-content\/uploads\/sites\/37\/2020\/11\/ADVAR.png 472w, https:\/\/www.pedagogie.ac-nice.fr\/daac\/wp-content\/uploads\/sites\/37\/2020\/11\/ADVAR-300x94.png 300w\" sizes=\"(max-width: 472px) 100vw, 472px\" \/><\/a><\/p>\n<p>[\/et_pb_text][et_pb_divider _builder_version=\u00a0\u00bb4.10.7&Prime; _module_preset=\u00a0\u00bbdefault\u00a0\u00bb global_colors_info=\u00a0\u00bb{}\u00a0\u00bb][\/et_pb_divider][et_pb_text _builder_version=\u00a0\u00bb4.10.7&Prime; _module_preset=\u00a0\u00bbdefault\u00a0\u00bb custom_margin=\u00a0\u00bb-18px|||||\u00a0\u00bb global_colors_info=\u00a0\u00bb{}\u00a0\u00bb]<\/p>\n<p><a href=\"https:\/\/archives.var.fr\/article.php?larub=21&amp;titre=espace-de-ressources-pedagogiques\" target=\"_blank\" rel=\"noopener\"><img loading=\"lazy\" decoding=\"async\" class=\"aligncenter wp-image-10843 size-full\" src=\"https:\/\/www.pedagogie.ac-nice.fr\/daac\/wp-content\/uploads\/sites\/37\/2022\/01\/ressources-300x195-1.png\" alt=\"\" width=\"300\" height=\"195\"><\/a><\/p>\n<p>[\/et_pb_text][et_pb_divider _builder_version=\u00a0\u00bb4.10.7&Prime; _module_preset=\u00a0\u00bbdefault\u00a0\u00bb global_colors_info=\u00a0\u00bb{}\u00a0\u00bb][\/et_pb_divider][et_pb_text _builder_version=\u00a0\u00bb4.10.7&Prime; _module_preset=\u00a0\u00bbdefault\u00a0\u00bb custom_margin=\u00a0\u00bb-18px|||||\u00a0\u00bb global_colors_info=\u00a0\u00bb{}\u00a0\u00bb]<\/p>\n<p><a href=\"https:\/\/archives.var.fr\/article.php?larub=64&amp;titre=stage-de-formation-des-enseignants\" target=\"_blank\" rel=\"noopener\"><img loading=\"lazy\" decoding=\"async\" class=\"aligncenter wp-image-6495 size-full\" src=\"https:\/\/www.pedagogie.ac-nice.fr\/daac\/wp-content\/uploads\/sites\/37\/2021\/09\/formations-1.png\" alt=\"\" width=\"337\" height=\"225\" srcset=\"https:\/\/www.pedagogie.ac-nice.fr\/daac\/wp-content\/uploads\/sites\/37\/2021\/09\/formations-1.png 337w, https:\/\/www.pedagogie.ac-nice.fr\/daac\/wp-content\/uploads\/sites\/37\/2021\/09\/formations-1-300x200.png 300w\" sizes=\"(max-width: 337px) 100vw, 337px\" \/><\/a><\/p>\n<p>[\/et_pb_text][\/et_pb_column][et_pb_column type=\u00a0\u00bb3_4&Prime; _builder_version=\u00a0\u00bb4.10.7&Prime; _module_preset=\u00a0\u00bbdefault\u00a0\u00bb global_colors_info=\u00a0\u00bb{}\u00a0\u00bb][et_pb_text admin_label=\u00a0\u00bbTexte service \u00e9ducatif\u00a0\u00bb _builder_version=\u00a0\u00bb4.10.7&Prime; _module_preset=\u00a0\u00bbdefault\u00a0\u00bb hover_enabled=\u00a0\u00bb0&Prime; global_colors_info=\u00a0\u00bb{}\u00a0\u00bb text_font=\u00a0\u00bbTrebuchet||||||||\u00a0\u00bb text_font_size=\u00a0\u00bb17px\u00a0\u00bb text_orientation=\u00a0\u00bbjustified\u00a0\u00bb sticky_enabled=\u00a0\u00bb0&Prime;]<\/p>\n<p style=\"text-align: center;\"><span style=\"color: #993366; font-size: 14pt;\"><strong>Archives D\u00e9partementales du Var<\/strong><\/span><\/p>\n<p style=\"text-align: justify;\"><span style=\"color: #000000; font-family: georgia, palatino, serif; font-size: 12pt;\">Le service \u00e9ducatif des Archives D\u00e9partementales du Var accompagne les \u00e9l\u00e8ves et leurs enseignants du primaire et du secondaire pour mieux comprendre l&rsquo;<strong>histoire du D\u00e9partement du Var<\/strong>. Il propose de <strong>nombreuses ressources p\u00e9dagogiques<\/strong> \u00e0 partir de <strong>documents originaux<\/strong> qui mettent les \u00e9l\u00e8ves en relation avec <strong>un patrimoine archivistique tr\u00e8s riche.<\/strong><\/span><\/p>\n<p style=\"text-align: justify;\"><span style=\"font-size: 12pt; font-family: georgia, palatino, serif; color: #000000;\">\u00a0Des<strong> expositions<\/strong> sont \u00e9galement r\u00e9guli\u00e8rement propos\u00e9es au jeune public et \u00e0 leurs enseignants.<\/span><\/p>\n<p>[\/et_pb_text][et_pb_divider _builder_version=\u00a0\u00bb4.10.7&Prime; _module_preset=\u00a0\u00bbdefault\u00a0\u00bb global_colors_info=\u00a0\u00bb{}\u00a0\u00bb][\/et_pb_divider][et_pb_text admin_label=\u00a0\u00bbr\u00e9sidence artiste _ appel \u00e0 projet\u00a0\u00bb _builder_version=\u00a0\u00bb4.10.7&Prime; _module_preset=\u00a0\u00bbdefault\u00a0\u00bb hover_enabled=\u00a0\u00bb0&Prime; global_colors_info=\u00a0\u00bb{}\u00a0\u00bb text_font=\u00a0\u00bbTrebuchet||||||||\u00a0\u00bb text_font_size=\u00a0\u00bb17px\u00a0\u00bb text_orientation=\u00a0\u00bbjustified\u00a0\u00bb sticky_enabled=\u00a0\u00bb0&Prime;]<\/p>\n<p style=\"text-align: center;\"><span style=\"color: #993366;\"><strong>R\u00e9sidence d&rsquo;artiste \u00e0 l&rsquo;automne !\u00a0<\/strong><\/span><\/p>\n<p style=\"text-align: justify;\"><span style=\"color: #000000;\">Les <strong>Archives d\u00e9partementales du Var<\/strong> accueilleront en r\u00e9sidence un auteur de bande dessin\u00e9e \u00e0 l&rsquo;automne. Il mettra en \u00ab\u00a0bulles\u00a0\u00bb les grandes dates de l&rsquo;histoire varoises. A cette occasion, un appel \u00e0 projet est lanc\u00e9 pour que des classes de coll\u00e8ges et de lyc\u00e9es puissent contribuer \u00e0 l&rsquo;exposition qui en sera issue. <strong>Toutes les informations ici :<\/strong><\/span><\/p>\n<p><a href=\"https:\/\/www.pedagogie.ac-nice.fr\/daac\/wp-content\/uploads\/sites\/37\/2022\/06\/Appel_projet_BD_AD83.pdf\" target=\"_blank\" rel=\"noopener\"><img loading=\"lazy\" decoding=\"async\" class=\"aligncenter wp-image-8629\" src=\"https:\/\/www.pedagogie.ac-nice.fr\/daac\/wp-content\/uploads\/sites\/37\/2021\/10\/fichier_pdf.jpg\" alt=\"\" width=\"98\" height=\"102\" \/><\/a><\/p>\n<p>[\/et_pb_text][et_pb_divider _builder_version=\u00a0\u00bb4.10.7&Prime; _module_preset=\u00a0\u00bbdefault\u00a0\u00bb global_colors_info=\u00a0\u00bb{}\u00a0\u00bb][\/et_pb_divider][et_pb_text admin_label=\u00a0\u00bbexpo monast\u00e8re\u00a0\u00bb _builder_version=\u00a0\u00bb4.10.7&Prime; _module_preset=\u00a0\u00bbdefault\u00a0\u00bb hover_enabled=\u00a0\u00bb0&Prime; global_colors_info=\u00a0\u00bb{}\u00a0\u00bb text_font=\u00a0\u00bbTrebuchet||||||||\u00a0\u00bb text_font_size=\u00a0\u00bb17px\u00a0\u00bb text_orientation=\u00a0\u00bbjustified\u00a0\u00bb sticky_enabled=\u00a0\u00bb0&Prime;]<\/p>\n<p><span style=\"font-family: georgia, palatino, serif; font-size: 12pt; color: #993366;\">A la Une\u00a0 ! : <em>\u00ab<\/em><strong> Sur la trace des monast\u00e8res varois \u00bb du 7 mars au 5 ao\u00fbt 2022<\/strong><\/span><\/p>\n<p style=\"text-align: justify;\"><span style=\"font-size: 12pt; font-family: georgia, palatino, serif; color: #000000;\"><span dir=\"ltr\" role=\"presentation\">Apr\u00e8s la lente christianisation de l&rsquo;Occident \u00e0 la fin de l&rsquo;Antiquit\u00e9, le<\/span><span dir=\"ltr\" role=\"presentation\"> Moyen-\u00c2ge voit monter en puissance l&rsquo;\u00c9glise <\/span><span dir=\"ltr\" role=\"presentation\">catholique. L&rsquo;\u00c9glise encadre la vie spirituelle des fid\u00e8les par les sacrements, du bapt\u00eame \u00e0 <\/span><span dir=\"ltr\" role=\"presentation\">l&rsquo;extr\u00eame-onction et se charge de l&rsquo;\u00e9ducation, des \u0153uvres de charit\u00e9 ou de la transmission des <\/span><span dir=\"ltr\" role=\"presentation\">valeurs. Elle est omnipr\u00e9sente. La r\u00e9gion est marqu\u00e9e par la pr\u00e9sence de nombreux monast\u00e8res dans lesquels le clerg\u00e9 r\u00e9gulier se voue \u00e0 la pri\u00e8re et au travail manuel ou intellectuel.<br \/><\/span><\/span><\/p>\n<p style=\"text-align: justify;\"><span style=\"color: #000000; font-family: georgia, palatino, serif; font-size: 12pt;\">Cette exposition qui revient sur la place singuli\u00e8re du d\u00e9partement dans le d\u00e9veloppement de 14 de ces <strong>monast\u00e8res <\/strong>\u00e9difi\u00e9s entre le XIe et le XVe si\u00e8cles. L&rsquo;occasion de red\u00e9couvrir des monast\u00e8res connus et d&rsquo;en d\u00e9couvrir d&rsquo;autres, moins connus !<\/span><\/p>\n<p style=\"text-align: justify;\"><span style=\"font-size: 12pt; font-family: georgia, palatino, serif;\"><span style=\"color: #0000ff;\"><a href=\"https:\/\/archives.var.fr\/article.php?laref=13840&amp;titre=exposition-sur-la-trace-des-monasteres-varois-\" target=\"_blank\" rel=\"noopener\"><img loading=\"lazy\" decoding=\"async\" class=\"wp-image-11931 aligncenter\" src=\"https:\/\/www.pedagogie.ac-nice.fr\/daac\/wp-content\/uploads\/sites\/37\/2022\/03\/expo_monasteres_var.jpg\" alt=\"\" width=\"244\" height=\"358\" srcset=\"https:\/\/www.pedagogie.ac-nice.fr\/daac\/wp-content\/uploads\/sites\/37\/2022\/03\/expo_monasteres_var.jpg 542w, https:\/\/www.pedagogie.ac-nice.fr\/daac\/wp-content\/uploads\/sites\/37\/2022\/03\/expo_monasteres_var-205x300.jpg 205w\" sizes=\"(max-width: 244px) 100vw, 244px\" \/><\/a><br \/><\/span><span style=\"color: #993366;\">Pour obtenir des renseignements compl\u00e9mentaires sur les pistes p\u00e9dagogiques li\u00e9es \u00e0 l&rsquo;exposition :<br \/>Florent Marache, charg\u00e9 de mission DAAC aupr\u00e8s des AD83<br \/><a style=\"color: #993366;\" title=\"Composer un message \u00e0 florent.marache@ac-nice.fr\">florent.marache@ac-nice.fr<\/a><\/span><\/span><\/p>\n<p><span style=\"color: #993366; font-size: 12pt; font-family: georgia, palatino, serif;\">Coordination et contact : Ang\u00e8le Carpentier<\/span><br \/><span style=\"color: #993366; font-size: 12pt; font-family: georgia, palatino, serif;\">mail : pmdaac@ac-nice.fr<\/span><\/p>\n<p>[\/et_pb_text][\/et_pb_column][\/et_pb_row][\/et_pb_section]<\/p>\n","protected":false},"excerpt":{"rendered":"<p>Tout sur &#8230;Archives D\u00e9partementales du Var Le service \u00e9ducatif des Archives D\u00e9partementales du Var accompagne les \u00e9l\u00e8ves et leurs enseignants du primaire et du secondaire pour mieux comprendre l&rsquo;histoire du D\u00e9partement du Var. Il propose de nombreuses ressources p\u00e9dagogiques \u00e0 partir de documents originaux qui mettent les \u00e9l\u00e8ves en relation avec un patrimoine archivistique tr\u00e8s [&hellip;]<\/p>\n","protected":false},"author":241,"featured_media":0,"parent":0,"menu_order":0,"comment_status":"closed","ping_status":"closed","template":"","meta":{"_et_pb_use_builder":"on","_et_pb_old_content":"","_et_gb_content_width":"","ngg_post_thumbnail":0,"footnotes":""},"class_list":["post-11919","page","type-page","status-publish","hentry"],"rttpg_featured_image_url":null,"rttpg_author":{"display_name":"daacadmin","author_link":"https:\/\/www.pedagogie.ac-nice.fr\/daac\/author\/daacadmin\/"},"rttpg_comment":0,"rttpg_category":null,"rttpg_excerpt":"Tout sur ...Archives D\u00e9partementales du Var Le service \u00e9ducatif des Archives D\u00e9partementales du Var accompagne les \u00e9l\u00e8ves et leurs enseignants du primaire et du secondaire pour mieux comprendre l'histoire du D\u00e9partement du Var. Il propose de nombreuses ressources p\u00e9dagogiques \u00e0 partir de documents originaux qui mettent les \u00e9l\u00e8ves en relation avec un patrimoine archivistique tr\u00e8s\u2026","post_mailing_queue_ids":[],"_links":{"self":[{"href":"https:\/\/www.pedagogie.ac-nice.fr\/daac\/wp-json\/wp\/v2\/pages\/11919","targetHints":{"allow":["GET"]}}],"collection":[{"href":"https:\/\/www.pedagogie.ac-nice.fr\/daac\/wp-json\/wp\/v2\/pages"}],"about":[{"href":"https:\/\/www.pedagogie.ac-nice.fr\/daac\/wp-json\/wp\/v2\/types\/page"}],"author":[{"embeddable":true,"href":"https:\/\/www.pedagogie.ac-nice.fr\/daac\/wp-json\/wp\/v2\/users\/241"}],"replies":[{"embeddable":true,"href":"https:\/\/www.pedagogie.ac-nice.fr\/daac\/wp-json\/wp\/v2\/comments?post=11919"}],"version-history":[{"count":22,"href":"https:\/\/www.pedagogie.ac-nice.fr\/daac\/wp-json\/wp\/v2\/pages\/11919\/revisions"}],"predecessor-version":[{"id":13805,"href":"https:\/\/www.pedagogie.ac-nice.fr\/daac\/wp-json\/wp\/v2\/pages\/11919\/revisions\/13805"}],"wp:attachment":[{"href":"https:\/\/www.pedagogie.ac-nice.fr\/daac\/wp-json\/wp\/v2\/media?parent=11919"}],"curies":[{"name":"wp","href":"https:\/\/api.w.org\/{rel}","templated":true}]}}