{"id":12381,"date":"2022-04-27T21:23:18","date_gmt":"2022-04-27T19:23:18","guid":{"rendered":"https:\/\/www.pedagogie.ac-nice.fr\/daac\/?page_id=12381"},"modified":"2023-02-21T11:39:04","modified_gmt":"2023-02-21T10:39:04","slug":"danse-a-lopera","status":"publish","type":"page","link":"https:\/\/www.pedagogie.ac-nice.fr\/daac\/danse-a-lopera\/","title":{"rendered":"Danse \u00e0 L&rsquo;opera"},"content":{"rendered":"<p>[et_pb_section fb_built=\u00a0\u00bb1&Prime; _builder_version=\u00a0\u00bb4.10.7&Prime; _module_preset=\u00a0\u00bbdefault\u00a0\u00bb global_colors_info=\u00a0\u00bb{}\u00a0\u00bb][et_pb_row column_structure=\u00a0\u00bb1_3,2_3&Prime; _builder_version=\u00a0\u00bb4.10.7&Prime; _module_preset=\u00a0\u00bbdefault\u00a0\u00bb global_colors_info=\u00a0\u00bb{}\u00a0\u00bb][et_pb_column type=\u00a0\u00bb1_3&Prime; _builder_version=\u00a0\u00bb4.10.7&Prime; _module_preset=\u00a0\u00bbdefault\u00a0\u00bb global_colors_info=\u00a0\u00bb{}\u00a0\u00bb][et_pb_text _builder_version=\u00a0\u00bb4.10.7&Prime; _module_preset=\u00a0\u00bbdefault\u00a0\u00bb global_colors_info=\u00a0\u00bb{}\u00a0\u00bb]<\/p>\n<p><a href=\"https:\/\/www.pedagogie.ac-nice.fr\/daac\/domaine-danse-asv\/\" target=\"_blank\" rel=\"noopener\"><img loading=\"lazy\" decoding=\"async\" class=\"aligncenter wp-image-5923 size-full\" src=\"https:\/\/www.pedagogie.ac-nice.fr\/daac\/wp-content\/uploads\/sites\/37\/2021\/09\/danse.png\" alt=\"\" width=\"346\" height=\"221\" srcset=\"https:\/\/www.pedagogie.ac-nice.fr\/daac\/wp-content\/uploads\/sites\/37\/2021\/09\/danse.png 346w, https:\/\/www.pedagogie.ac-nice.fr\/daac\/wp-content\/uploads\/sites\/37\/2021\/09\/danse-300x192.png 300w\" sizes=\"(max-width: 346px) 100vw, 346px\" \/><\/a><\/p>\n<p>[\/et_pb_text][et_pb_text admin_label=\u00a0\u00bbaffiche\u00a0\u00bb _builder_version=\u00a0\u00bb4.10.7&Prime; _module_preset=\u00a0\u00bbdefault\u00a0\u00bb global_colors_info=\u00a0\u00bb{}\u00a0\u00bb]<\/p>\n<p><img loading=\"lazy\" decoding=\"async\" class=\"alignnone size-full wp-image-12384\" src=\"https:\/\/www.pedagogie.ac-nice.fr\/daac\/wp-content\/uploads\/sites\/37\/2022\/04\/opera_Toulon_25mai-scaled.jpg\" alt=\"\" width=\"1810\" height=\"2560\" srcset=\"https:\/\/www.pedagogie.ac-nice.fr\/daac\/wp-content\/uploads\/sites\/37\/2022\/04\/opera_Toulon_25mai-scaled.jpg 1810w, https:\/\/www.pedagogie.ac-nice.fr\/daac\/wp-content\/uploads\/sites\/37\/2022\/04\/opera_Toulon_25mai-212x300.jpg 212w, https:\/\/www.pedagogie.ac-nice.fr\/daac\/wp-content\/uploads\/sites\/37\/2022\/04\/opera_Toulon_25mai-724x1024.jpg 724w, https:\/\/www.pedagogie.ac-nice.fr\/daac\/wp-content\/uploads\/sites\/37\/2022\/04\/opera_Toulon_25mai-768x1086.jpg 768w, https:\/\/www.pedagogie.ac-nice.fr\/daac\/wp-content\/uploads\/sites\/37\/2022\/04\/opera_Toulon_25mai-1086x1536.jpg 1086w, https:\/\/www.pedagogie.ac-nice.fr\/daac\/wp-content\/uploads\/sites\/37\/2022\/04\/opera_Toulon_25mai-1448x2048.jpg 1448w, https:\/\/www.pedagogie.ac-nice.fr\/daac\/wp-content\/uploads\/sites\/37\/2022\/04\/opera_Toulon_25mai-1080x1528.jpg 1080w\" sizes=\"(max-width: 1810px) 100vw, 1810px\" \/><\/p>\n<p>[\/et_pb_text][et_pb_text admin_label=\u00a0\u00bbTexte v imprimable\u00a0\u00bb _builder_version=\u00a0\u00bb4.10.7&Prime; _module_preset=\u00a0\u00bbdefault\u00a0\u00bb hover_enabled=\u00a0\u00bb0&Prime; global_colors_info=\u00a0\u00bb{}\u00a0\u00bb text_font=\u00a0\u00bbTrebuchet||||||||\u00a0\u00bb sticky_enabled=\u00a0\u00bb0&Prime;]<\/p>\n<p style=\"text-align: center;\"><span style=\"color: #993366;\"><strong>Texte version imprimable<\/strong><\/span><br \/><a href=\"https:\/\/www.pedagogie.ac-nice.fr\/daac\/wp-content\/uploads\/sites\/37\/2022\/04\/Article-DAAC-danse-a-lopera-.pdf\" target=\"_blank\" rel=\"noopener\"><img loading=\"lazy\" decoding=\"async\" class=\"alignnone wp-image-8629\" src=\"https:\/\/www.pedagogie.ac-nice.fr\/daac\/wp-content\/uploads\/sites\/37\/2021\/10\/fichier_pdf.jpg\" alt=\"\" width=\"109\" height=\"113\" \/><\/a><\/p>\n<p>[\/et_pb_text][et_pb_text admin_label=\u00a0\u00bbphoto_Manon et Nina\u00a0\u00bb _builder_version=\u00a0\u00bb4.10.7&Prime; _module_preset=\u00a0\u00bbdefault\u00a0\u00bb global_colors_info=\u00a0\u00bb{}\u00a0\u00bb]<\/p>\n<p><img loading=\"lazy\" decoding=\"async\" class=\"alignnone size-full wp-image-12377\" src=\"https:\/\/www.pedagogie.ac-nice.fr\/daac\/wp-content\/uploads\/sites\/37\/2022\/04\/ManonetNinadanse_a_lopera-scaled.jpg\" alt=\"\" width=\"2560\" height=\"1707\" srcset=\"https:\/\/www.pedagogie.ac-nice.fr\/daac\/wp-content\/uploads\/sites\/37\/2022\/04\/ManonetNinadanse_a_lopera-scaled.jpg 2560w, https:\/\/www.pedagogie.ac-nice.fr\/daac\/wp-content\/uploads\/sites\/37\/2022\/04\/ManonetNinadanse_a_lopera-300x200.jpg 300w, https:\/\/www.pedagogie.ac-nice.fr\/daac\/wp-content\/uploads\/sites\/37\/2022\/04\/ManonetNinadanse_a_lopera-1024x683.jpg 1024w, https:\/\/www.pedagogie.ac-nice.fr\/daac\/wp-content\/uploads\/sites\/37\/2022\/04\/ManonetNinadanse_a_lopera-768x512.jpg 768w, https:\/\/www.pedagogie.ac-nice.fr\/daac\/wp-content\/uploads\/sites\/37\/2022\/04\/ManonetNinadanse_a_lopera-1536x1024.jpg 1536w, https:\/\/www.pedagogie.ac-nice.fr\/daac\/wp-content\/uploads\/sites\/37\/2022\/04\/ManonetNinadanse_a_lopera-2048x1366.jpg 2048w, https:\/\/www.pedagogie.ac-nice.fr\/daac\/wp-content\/uploads\/sites\/37\/2022\/04\/ManonetNinadanse_a_lopera-1080x720.jpg 1080w\" sizes=\"(max-width: 2560px) 100vw, 2560px\" \/><\/p>\n<p>[\/et_pb_text][\/et_pb_column][et_pb_column type=\u00a0\u00bb2_3&Prime; _builder_version=\u00a0\u00bb4.10.7&Prime; _module_preset=\u00a0\u00bbdefault\u00a0\u00bb global_colors_info=\u00a0\u00bb{}\u00a0\u00bb][et_pb_text _builder_version=\u00a0\u00bb4.10.7&Prime; _module_preset=\u00a0\u00bbdefault\u00a0\u00bb hover_enabled=\u00a0\u00bb0&Prime; global_colors_info=\u00a0\u00bb{}\u00a0\u00bb text_font=\u00a0\u00bbTrebuchet||||||||\u00a0\u00bb text_orientation=\u00a0\u00bbjustified\u00a0\u00bb sticky_enabled=\u00a0\u00bb0&Prime;]<\/p>\n<p align=\"center\"><span style=\"color: #993366;\"><span style=\"font-size: 12pt;\"><strong>Spectacle \u00ab\u00a0Danse \u00e0 l\u2019Op\u00e9ra\u00a0\u00bb<br \/><\/strong><\/span><span style=\"font-size: 12pt;\"><strong>le 25 mai 2022 \u00e0 20H<br \/><\/strong><\/span><span style=\"font-size: 12pt;\"><strong>\u00c0 l\u2019Op\u00e9ra de Toulon<\/strong><\/span><\/span><\/p>\n<p align=\"justify\"><span style=\"color: #000000;\">Ce mercredi 25 mai 2022 \u00e0 29H \u00e0 l\u2019Op\u00e9ra de Toulon se d\u00e9roulera un spectacle vivant de deux heures organis\u00e9es par les \u00e9l\u00e8ves de sp\u00e9cialit\u00e9 du lyc\u00e9e Dumont d\u2019Urville, \u00e9ducation physique pratiques culturelles et sportives (EPPCS), en tout 180 \u00e9l\u00e8ves sur sc\u00e8ne, 160 du lyc\u00e9es Dumont d\u2019Urville et 20 \u00e9l\u00e8ves du coll\u00e8ge Maurice Genevois. Ils seront accompagn\u00e9s par les \u00e9l\u00e8ves des lyc\u00e9es professionnels G Cisson pour l\u2019exposition photos dans le hall de l\u2019op\u00e9ra, les \u00e9l\u00e8ves du Golf H\u00f4tel de Hy\u00e8res pour les d\u00e9cors num\u00e9riques, l\u2019affiche et les cartons d\u2019invitations, les \u00e9l\u00e8ves d\u2019Anne-Sophie Pic pour la confection des bouquets de fleurs et la gestion du cocktail et les \u00e9tudiants de l\u2019universit\u00e9 de Toulon M\u00e9tiers du multi m\u00e9dia et de l\u2019internet MMI pour les reportages et le film de d\u00e9but de spectacle relatant l\u2019ensemble des actions organis\u00e9s dans l\u2019ann\u00e9e aupr\u00e8s des \u00e9l\u00e8ves.<\/span><\/p>\n<p align=\"justify\"><span style=\"color: #000000;\">Ce spectacle s\u2019appuie sur une nouvelle th\u00e9matique.<\/span><\/p>\n<p align=\"center\"><span style=\"color: #000000;\"><strong>\u201c<span style=\"font-size: x-large;\">Dis \u2026 c\u2019est quoi la Libert\u00e9\u00a0?\u201d<\/span><\/strong><\/span><\/p>\n<p align=\"justify\"><span style=\"color: #000000;\">Vaste sujet\u00a0! Toujours d\u2019actualit\u00e9 mais surtout indubitablement li\u00e9 \u00e0 la formation de nos \u00e9l\u00e8ves futurs citoyens.<\/span><\/p>\n<p align=\"justify\"><span style=\"color: #000000;\">Une \u00e9quipe interdisciplinaire d\u2019enseignants engag\u00e9s et sensibles participe \u00e0 l\u2019encadrement avec une approche p\u00e9dagogique conjuguant les savoirs fondamentaux, la formation corporelle et la rencontre avec des \u0153uvres artistiques.<\/span><\/p>\n<ul>\n<li>\n<p align=\"justify\"><span style=\"color: #000000;\">Les savoirs fondamentaux en effet car les auteurs aux programmes traitant de la libert\u00e9 sont convoqu\u00e9s. En litt\u00e9rature, en histoire, en philosophie, \u00e0 chaque niveau de classe correspond une \u00e9tude particuli\u00e8re, un \u00e9l\u00e9ment de r\u00e9ponse, l\u2019ensemble nous permettant d\u2019approcher une r\u00e9ponse sous forme de synth\u00e8se.<\/span><\/p>\n<\/li>\n<li>\n<p align=\"justify\"><span style=\"color: #000000;\">La formation corporelle \u00e9galement, formation multiple et vari\u00e9e par le biais de la danse, notamment de la danse contemporaine, mais aussi de l\u2019acrobatie avec l\u2019organisation durant l\u2019ann\u00e9e de deux stages de trampoline et une initiation au rock acrobatique pour les \u00e9l\u00e8ves de premi\u00e8re et de terminal.<\/span><\/p>\n<\/li>\n<li>\n<p align=\"justify\"><span style=\"color: #000000;\">La rencontre avec les \u0153uvres artistiques enfin parce que nous avons accompagn\u00e9 les 180 \u00e9l\u00e8ves pr\u00e9sents ce soir \u00e0 diff\u00e9rents spectacles et expositions tout au long de l\u2019ann\u00e9e (visite du site arch\u00e9ologique grecque d\u2019Olbia pr\u00e8s de Hy\u00e8res en octobre, ballets de danse au festival de Cannes en novembre, spectacles vivants \u00e0 Ch\u00e2teauvallon et au th\u00e9\u00e2tre libert\u00e9 en janvier-f\u00e9vrier, visite du Louvre \u00e0 Paris en avril, op\u00e9ras et festival de cin\u00e9ma de Cannes en mai). Tout un programme !<\/span><\/p>\n<\/li>\n<\/ul>\n<p align=\"justify\"><span style=\"color: #000000;\">Une ann\u00e9e scolaire est n\u00e9cessaire pour aboutir \u00e0 ce r\u00e9sultat concret, les \u00e9l\u00e8ves aujourd\u2019hui prennent conscience de l\u2019int\u00e9r\u00eat de ce projet par les liens qu\u2019ils ont pu construire entre eux, par le regard qu\u2019ils portent sur notre m\u00e9tier, et surtout par leurs engagements comme une action positive pour la communaut\u00e9. Ils ont compris que la libert\u00e9, ce n\u2019est pas une rente, c\u2019est une construction que cela ne va pas de soi qu\u2019il faut se battre pour l\u2019acqu\u00e9rir et r\u00e9sister pour la conserver enfin la sc\u00e8ne est un espace de libert\u00e9, elle nous permet de nous exprimer. Danser oui mais avec du sens \u2026 tout un programme.<\/span><\/p>\n<p style=\"text-align: right;\" align=\"justify\"><span style=\"color: #000000;\"><em>Les \u00e9l\u00e8ves de Premi\u00e8re EPPCS Lyc\u00e9e Dumont D\u2019Urville<\/em><\/span><\/p>\n<p>[\/et_pb_text][\/et_pb_column][\/et_pb_row][\/et_pb_section]<\/p>\n","protected":false},"excerpt":{"rendered":"<p>Texte version imprimableSpectacle \u00ab\u00a0Danse \u00e0 l\u2019Op\u00e9ra\u00a0\u00bble 25 mai 2022 \u00e0 20H\u00c0 l\u2019Op\u00e9ra de Toulon Ce mercredi 25 mai 2022 \u00e0 29H \u00e0 l\u2019Op\u00e9ra de Toulon se d\u00e9roulera un spectacle vivant de deux heures organis\u00e9es par les \u00e9l\u00e8ves de sp\u00e9cialit\u00e9 du lyc\u00e9e Dumont d\u2019Urville, \u00e9ducation physique pratiques culturelles et sportives (EPPCS), en tout 180 \u00e9l\u00e8ves sur [&hellip;]<\/p>\n","protected":false},"author":241,"featured_media":0,"parent":0,"menu_order":0,"comment_status":"closed","ping_status":"closed","template":"","meta":{"_et_pb_use_builder":"on","_et_pb_old_content":"","_et_gb_content_width":"","ngg_post_thumbnail":0,"footnotes":""},"class_list":["post-12381","page","type-page","status-publish","hentry"],"rttpg_featured_image_url":null,"rttpg_author":{"display_name":"daacadmin","author_link":"https:\/\/www.pedagogie.ac-nice.fr\/daac\/author\/daacadmin\/"},"rttpg_comment":0,"rttpg_category":null,"rttpg_excerpt":"Texte version imprimableSpectacle \u00ab\u00a0Danse \u00e0 l\u2019Op\u00e9ra\u00a0\u00bble 25 mai 2022 \u00e0 20H\u00c0 l\u2019Op\u00e9ra de Toulon Ce mercredi 25 mai 2022 \u00e0 29H \u00e0 l\u2019Op\u00e9ra de Toulon se d\u00e9roulera un spectacle vivant de deux heures organis\u00e9es par les \u00e9l\u00e8ves de sp\u00e9cialit\u00e9 du lyc\u00e9e Dumont d\u2019Urville, \u00e9ducation physique pratiques culturelles et sportives (EPPCS), en tout 180 \u00e9l\u00e8ves sur\u2026","post_mailing_queue_ids":[],"_links":{"self":[{"href":"https:\/\/www.pedagogie.ac-nice.fr\/daac\/wp-json\/wp\/v2\/pages\/12381","targetHints":{"allow":["GET"]}}],"collection":[{"href":"https:\/\/www.pedagogie.ac-nice.fr\/daac\/wp-json\/wp\/v2\/pages"}],"about":[{"href":"https:\/\/www.pedagogie.ac-nice.fr\/daac\/wp-json\/wp\/v2\/types\/page"}],"author":[{"embeddable":true,"href":"https:\/\/www.pedagogie.ac-nice.fr\/daac\/wp-json\/wp\/v2\/users\/241"}],"replies":[{"embeddable":true,"href":"https:\/\/www.pedagogie.ac-nice.fr\/daac\/wp-json\/wp\/v2\/comments?post=12381"}],"version-history":[{"count":4,"href":"https:\/\/www.pedagogie.ac-nice.fr\/daac\/wp-json\/wp\/v2\/pages\/12381\/revisions"}],"predecessor-version":[{"id":14616,"href":"https:\/\/www.pedagogie.ac-nice.fr\/daac\/wp-json\/wp\/v2\/pages\/12381\/revisions\/14616"}],"wp:attachment":[{"href":"https:\/\/www.pedagogie.ac-nice.fr\/daac\/wp-json\/wp\/v2\/media?parent=12381"}],"curies":[{"name":"wp","href":"https:\/\/api.w.org\/{rel}","templated":true}]}}