{"id":124,"date":"2020-08-27T11:09:58","date_gmt":"2020-08-27T09:09:58","guid":{"rendered":"https:\/\/www.pedagogie.ac-nice.fr\/daac\/?page_id=124"},"modified":"2023-10-06T09:31:02","modified_gmt":"2023-10-06T07:31:02","slug":"adage","status":"publish","type":"page","link":"https:\/\/www.pedagogie.ac-nice.fr\/daac\/adage\/","title":{"rendered":"ADAGE"},"content":{"rendered":"<p>[et_pb_section fb_built=\u00a0\u00bb1&Prime; admin_label=\u00a0\u00bbsection\u00a0\u00bb _builder_version=\u00a0\u00bb3.22&Prime; global_colors_info=\u00a0\u00bb{}\u00a0\u00bb][et_pb_row admin_label=\u00a0\u00bbrow\u00a0\u00bb _builder_version=\u00a0\u00bb3.25&Prime; background_size=\u00a0\u00bbinitial\u00a0\u00bb background_position=\u00a0\u00bbtop_left\u00a0\u00bb background_repeat=\u00a0\u00bbrepeat\u00a0\u00bb global_colors_info=\u00a0\u00bb{}\u00a0\u00bb][et_pb_column type=\u00a0\u00bb4_4&Prime; _builder_version=\u00a0\u00bb3.25&Prime; custom_padding=\u00a0\u00bb|||\u00a0\u00bb global_colors_info=\u00a0\u00bb{}\u00a0\u00bb custom_padding__hover=\u00a0\u00bb|||\u00a0\u00bb][et_pb_text admin_label=\u00a0\u00bbText\u00a0\u00bb _builder_version=\u00a0\u00bb4.10.7&Prime; background_size=\u00a0\u00bbinitial\u00a0\u00bb background_position=\u00a0\u00bbtop_left\u00a0\u00bb background_repeat=\u00a0\u00bbrepeat\u00a0\u00bb hover_enabled=\u00a0\u00bb0&Prime; global_colors_info=\u00a0\u00bb{}\u00a0\u00bb sticky_enabled=\u00a0\u00bb0&Prime;]<\/p>\n<p style=\"text-align: center;\"><span style=\"font-size: 24pt;\"><strong>ADAGE<\/strong><\/span><\/p>\n<p style=\"text-align: justify;\">L&rsquo;application ADAGE (<strong>A<\/strong>pplication <strong>D<\/strong>\u00e9di\u00e9e <strong>\u00c0<\/strong> la <strong>G<\/strong>\u00e9n\u00e9ralisation de l\u2019<strong>\u00c9<\/strong>ducation artistique et culturelle) est propos\u00e9e \u00e0 l\u2019ensemble de la communaut\u00e9 \u00e9ducative et constitue un outil de diagnostic et de pilotage de l&rsquo;\u00e9ducation artistique et culturelle \u00e0 toutes les \u00e9chelles territoriales. <img loading=\"lazy\" decoding=\"async\" class=\"size-medium wp-image-314 aligncenter\" src=\"https:\/\/www.pedagogie.ac-nice.fr\/daac\/wp-content\/uploads\/sites\/37\/2020\/08\/visuel-300x223.png\" alt=\"\" width=\"300\" height=\"223\" srcset=\"https:\/\/www.pedagogie.ac-nice.fr\/daac\/wp-content\/uploads\/sites\/37\/2020\/08\/visuel-300x223.png 300w, https:\/\/www.pedagogie.ac-nice.fr\/daac\/wp-content\/uploads\/sites\/37\/2020\/08\/visuel.png 368w\" sizes=\"(max-width: 300px) 100vw, 300px\" \/><\/p>\n<p style=\"text-align: center;\"><span style=\"font-size: 18pt; color: #0000ff;\"><strong>\u00a0Objectifs<\/strong><\/span><a href=\"https:\/\/www.pedagogie.ac-nice.fr\/daac\/wp-content\/uploads\/sites\/37\/2020\/12\/objectifs.png\"><img loading=\"lazy\" decoding=\"async\" class=\"alignnone size-full wp-image-1581\" src=\"https:\/\/www.pedagogie.ac-nice.fr\/daac\/wp-content\/uploads\/sites\/37\/2020\/12\/objectifs.png\" alt=\"\" width=\"467\" height=\"166\" srcset=\"https:\/\/www.pedagogie.ac-nice.fr\/daac\/wp-content\/uploads\/sites\/37\/2020\/12\/objectifs.png 467w, https:\/\/www.pedagogie.ac-nice.fr\/daac\/wp-content\/uploads\/sites\/37\/2020\/12\/objectifs-300x107.png 300w\" sizes=\"(max-width: 467px) 100vw, 467px\" \/><\/a><\/p>\n<p style=\"text-align: center;\"><span style=\"color: #0000ff; font-size: 14pt;\"><strong>Accompagner la g\u00e9n\u00e9ralisation du \u00ab 100%<\/strong><strong> EAC \u00bb<\/strong>\u00a0 <\/span><\/p>\n<ol>\n<li style=\"text-align: justify;\"><b>Mettre \u00e0 disposition <\/b>des \u00e9coles et des \u00e9tablissements <b>un r\u00e9pertoire de ressources culturelles<\/b>,<\/li>\n<li style=\"text-align: justify;\"><b>Aider \u00e0 construire le volet culturel des projets<\/b> d\u2019\u00e9cole et les projets d\u2019\u00e9tablissement,<\/li>\n<li style=\"text-align: justify;\"><b>Recenser, accompagner et suivre<\/b> les actions d\u2019\u00e9ducation artistique et culturelle,<\/li>\n<li style=\"text-align: justify;\"><b>G\u00e9rer les appels \u00e0 projets <\/b>d\u2019<strong>E<\/strong>ducation <strong>A<\/strong>rtistique et <strong>C<\/strong>ulturelle.<\/li>\n<\/ol>\n<p><a href=\"https:\/\/www.pedagogie.ac-nice.fr\/daac\/pae-3\/en-savoir-plus-sur-adage\/\" target=\"_blank\" rel=\"noopener noreferrer\"><img loading=\"lazy\" decoding=\"async\" class=\"alignnone wp-image-1498\" src=\"https:\/\/www.pedagogie.ac-nice.fr\/daac\/wp-content\/uploads\/sites\/37\/2020\/12\/puce_bleue.jpg\" alt=\"puce bleue adage\" width=\"49\" height=\"47\" \/><\/a>En savoir plus sur Adage<\/p>\n<p><a href=\"https:\/\/www.pedagogie.ac-nice.fr\/daac\/adage\/recensement-des-actions-eac-sur-la-plateforme-adage\/\" target=\"_blank\" rel=\"noopener\"><img loading=\"lazy\" decoding=\"async\" class=\"alignnone wp-image-1939\" src=\"https:\/\/www.pedagogie.ac-nice.fr\/daac\/wp-content\/uploads\/sites\/37\/2021\/01\/puce-rose-2.png\" alt=\"puce rose adage\" width=\"49\" height=\"47\" \/><\/a>Recensement des projets<\/p>\n<p><a href=\"https:\/\/www.pedagogie.ac-nice.fr\/daac\/appel-a-projets\/\"><img loading=\"lazy\" decoding=\"async\" class=\"alignnone wp-image-1380 size-full\" src=\"https:\/\/www.pedagogie.ac-nice.fr\/daac\/wp-content\/uploads\/sites\/37\/2020\/11\/clic_bleu.jpg\" alt=\"\" width=\"54\" height=\"47\" \/><\/a>Appel \u00e0 projets\u00a0 \u00a0 \u00a0 \u00a0 \u00a0 \u00a0 \u00a0 \u00a0 \u00a0 \u00a0 \u00a0 \u00a0 \u00a0 \u00a0 \u00a0 \u00a0 \u00a0 \u00a0 \u00a0 \u00a0 \u00a0 \u00a0 \u00a0 \u00a0 \u00a0 \u00a0 \u00a0 \u00a0 \u00a0 \u00a0 \u00a0 \u00a0 \u00a0 \u00a0 \u00a0<a href=\"https:\/\/www.pedagogie.ac-nice.fr\/daac\/pae-3\/en-savoir-plus-sur-adage\/\" target=\"_blank\" rel=\"noopener noreferrer\">\u00a0<\/a><\/p>\n<p><a href=\"https:\/\/www.pedagogie.ac-nice.fr\/daac\/faq-et-aide-sur-adage\/\" target=\"_blank\" rel=\"noopener noreferrer\"><img loading=\"lazy\" decoding=\"async\" class=\"alignnone wp-image-1500\" src=\"https:\/\/www.pedagogie.ac-nice.fr\/daac\/wp-content\/uploads\/sites\/37\/2020\/12\/puce_verte.jpg\" alt=\"puce verte adage\" width=\"48\" height=\"44\" \/><\/a>Foire aux questions (FAQ) et aide<\/p>\n<p><a href=\"https:\/\/www.pedagogie.ac-nice.fr\/daac\/wp-content\/uploads\/sites\/37\/2023\/10\/Tuto-avis-IEN.pdf\" target=\"_blank\" rel=\"noopener\"><img loading=\"lazy\" decoding=\"async\" src=\"https:\/\/www.pedagogie.ac-nice.fr\/daac\/wp-content\/uploads\/sites\/37\/2021\/04\/bouton_clic_vert_amande.png\" width=\"60\" height=\"57\" alt=\"\" class=\"wp-image-2865 alignnone size-full\" \/><\/a>Tuto avis IEN<\/p>\n<p><a href=\"https:\/\/www.pedagogie.ac-nice.fr\/daac\/wp-content\/uploads\/sites\/37\/2023\/10\/Tuto-ADAGE-2023-chef-definir-role-redacteur-de-projet.pdf\" target=\"_blank\" rel=\"noopener\"><img loading=\"lazy\" decoding=\"async\" src=\"https:\/\/www.pedagogie.ac-nice.fr\/daac\/wp-content\/uploads\/sites\/37\/2021\/04\/bouton_clic_vert_amande.png\" width=\"60\" height=\"57\" alt=\"\" class=\"wp-image-2865 alignnone size-full\" \/><\/a>Tuto r\u00e9dacteur de projet<\/p>\n<p>[\/et_pb_text][et_pb_text _builder_version=\u00a0\u00bb4.10.7&Prime; _module_preset=\u00a0\u00bbdefault\u00a0\u00bb hover_enabled=\u00a0\u00bb0&Prime; sticky_enabled=\u00a0\u00bb0&Prime;][\/et_pb_text][\/et_pb_column][\/et_pb_row][\/et_pb_section]<\/p>\n","protected":false},"excerpt":{"rendered":"<p>ADAGE L&rsquo;application ADAGE (Application D\u00e9di\u00e9e \u00c0 la G\u00e9n\u00e9ralisation de l\u2019\u00c9ducation artistique et culturelle) est propos\u00e9e \u00e0 l\u2019ensemble de la communaut\u00e9 \u00e9ducative et constitue un outil de diagnostic et de pilotage de l&rsquo;\u00e9ducation artistique et culturelle \u00e0 toutes les \u00e9chelles territoriales. \u00a0Objectifs Accompagner la g\u00e9n\u00e9ralisation du \u00ab 100% EAC \u00bb\u00a0 Mettre \u00e0 disposition des \u00e9coles et [&hellip;]<\/p>\n","protected":false},"author":241,"featured_media":0,"parent":0,"menu_order":3,"comment_status":"closed","ping_status":"closed","template":"","meta":{"_et_pb_use_builder":"on","_et_pb_old_content":"<p style=\"text-align: center;\"><span style=\"font-size: 24pt;\"><strong>ADAGE<\/strong><\/span><\/p>\r\n<p style=\"text-align: justify;\">L'application ADAGE (<strong>A<\/strong>pplication <strong>D<\/strong>\u00e9di\u00e9e <strong>\u00c0<\/strong> la <strong>G<\/strong>\u00e9n\u00e9ralisation de l\u2019<strong>\u00c9<\/strong>ducation artistique et culturelle) est propos\u00e9e \u00e0 l\u2019ensemble de la communaut\u00e9 \u00e9ducative et constitue un outil de diagnostic et de pilotage de l'\u00e9ducation artistique et culturelle \u00e0 toutes les \u00e9chelles territoriales. <img class=\"size-medium wp-image-314 aligncenter\" src=\"https:\/\/www.pedagogie.ac-nice.fr\/daac\/wp-content\/uploads\/sites\/37\/2020\/08\/visuel-300x223.png\" alt=\"\" width=\"300\" height=\"223\"><\/p>\r\n<p style=\"text-align: center;\"><span style=\"font-size: 18pt; color: #0000ff;\"><strong>&nbsp;Objectifs<\/strong><\/span><a href=\"https:\/\/www.pedagogie.ac-nice.fr\/daac\/wp-content\/uploads\/sites\/37\/2020\/12\/objectifs.png\"><img class=\"alignnone size-full wp-image-1581\" src=\"https:\/\/www.pedagogie.ac-nice.fr\/daac\/wp-content\/uploads\/sites\/37\/2020\/12\/objectifs.png\" alt=\"\" width=\"467\" height=\"166\"><\/a><\/p>\r\n<p style=\"text-align: center;\"><span style=\"color: #0000ff; font-size: 14pt;\"><strong>Accompagner la g\u00e9n\u00e9ralisation du \u00ab 100%<\/strong><strong> EAC \u00bb<\/strong>&nbsp; <\/span><\/p>\r\n\r\n<ol>\r\n \t<li style=\"text-align: justify;\"><b>Mettre \u00e0 disposition <\/b>des \u00e9coles et des \u00e9tablissements <b>un r\u00e9pertoire de ressources culturelles<\/b>,<\/li>\r\n \t<li style=\"text-align: justify;\"><b>Aider \u00e0 construire le volet culturel des projets<\/b> d\u2019\u00e9cole et les projets d\u2019\u00e9tablissement,<\/li>\r\n \t<li style=\"text-align: justify;\"><b>Recenser, accompagner et suivre<\/b> les actions d\u2019\u00e9ducation artistique et culturelle,<\/li>\r\n \t<li style=\"text-align: justify;\"><b>G\u00e9rer les appels \u00e0 projets <\/b>d\u2019<strong>E<\/strong>ducation <strong>A<\/strong>rtistique et <strong>C<\/strong>ulturelle.<\/li>\r\n<\/ol>\r\n<a href=\"https:\/\/www.pedagogie.ac-nice.fr\/daac\/pae-3\/en-savoir-plus-sur-adage\/\" target=\"_blank\" rel=\"noopener noreferrer\"><img class=\"alignnone wp-image-1498\" src=\"https:\/\/www.pedagogie.ac-nice.fr\/daac\/wp-content\/uploads\/sites\/37\/2020\/12\/puce_bleue.jpg\" alt=\"puce bleue adage\" width=\"49\" height=\"47\"><\/a>En savoir plus sur Adage\r\n\r\n<a href=\"https:\/\/www.pedagogie.ac-nice.fr\/daac\/adage\/recensement-des-actions-eac-sur-la-plateforme-adage\/\" target=\"_blank\" rel=\"noopener\"><img class=\"alignnone wp-image-1939\" src=\"https:\/\/www.pedagogie.ac-nice.fr\/daac\/wp-content\/uploads\/sites\/37\/2021\/01\/puce-rose-2.png\" alt=\"puce rose adage\" width=\"49\" height=\"47\"><\/a>Recensement des projets\r\n\r\n<a href=\"https:\/\/www.pedagogie.ac-nice.fr\/daac\/appel-a-projets\/\"><img class=\"alignnone wp-image-1380 size-full\" src=\"https:\/\/www.pedagogie.ac-nice.fr\/daac\/wp-content\/uploads\/sites\/37\/2020\/11\/clic_bleu.jpg\" alt=\"\" width=\"54\" height=\"47\"><\/a>Appel \u00e0 projets&nbsp; &nbsp; &nbsp; &nbsp; &nbsp; &nbsp; &nbsp; &nbsp; &nbsp; &nbsp; &nbsp; &nbsp; &nbsp; &nbsp; &nbsp; &nbsp; &nbsp; &nbsp; &nbsp; &nbsp; &nbsp; &nbsp; &nbsp; &nbsp; &nbsp; &nbsp; &nbsp; &nbsp; &nbsp; &nbsp; &nbsp; &nbsp; &nbsp; &nbsp; &nbsp;<a href=\"https:\/\/www.pedagogie.ac-nice.fr\/daac\/pae-3\/en-savoir-plus-sur-adage\/\" target=\"_blank\" rel=\"noopener noreferrer\">&nbsp;<\/a>\r\n\r\n<a href=\"https:\/\/www.pedagogie.ac-nice.fr\/daac\/faq-et-aide-sur-adage\/\" target=\"_blank\" rel=\"noopener noreferrer\"><img class=\"alignnone wp-image-1500\" src=\"https:\/\/www.pedagogie.ac-nice.fr\/daac\/wp-content\/uploads\/sites\/37\/2020\/12\/puce_verte.jpg\" alt=\"puce verte adage\" width=\"48\" height=\"44\"><\/a>Foire aux questions (FAQ) et aide","_et_gb_content_width":"","ngg_post_thumbnail":0,"footnotes":""},"class_list":["post-124","page","type-page","status-publish","hentry"],"rttpg_featured_image_url":null,"rttpg_author":{"display_name":"daacadmin","author_link":"https:\/\/www.pedagogie.ac-nice.fr\/daac\/author\/daacadmin\/"},"rttpg_comment":0,"rttpg_category":null,"rttpg_excerpt":"ADAGE L'application ADAGE (Application D\u00e9di\u00e9e \u00c0 la G\u00e9n\u00e9ralisation de l\u2019\u00c9ducation artistique et culturelle) est propos\u00e9e \u00e0 l\u2019ensemble de la communaut\u00e9 \u00e9ducative et constitue un outil de diagnostic et de pilotage de l'\u00e9ducation artistique et culturelle \u00e0 toutes les \u00e9chelles territoriales. \u00a0Objectifs Accompagner la g\u00e9n\u00e9ralisation du \u00ab 100% EAC \u00bb\u00a0 Mettre \u00e0 disposition des \u00e9coles et\u2026","post_mailing_queue_ids":[],"_links":{"self":[{"href":"https:\/\/www.pedagogie.ac-nice.fr\/daac\/wp-json\/wp\/v2\/pages\/124","targetHints":{"allow":["GET"]}}],"collection":[{"href":"https:\/\/www.pedagogie.ac-nice.fr\/daac\/wp-json\/wp\/v2\/pages"}],"about":[{"href":"https:\/\/www.pedagogie.ac-nice.fr\/daac\/wp-json\/wp\/v2\/types\/page"}],"author":[{"embeddable":true,"href":"https:\/\/www.pedagogie.ac-nice.fr\/daac\/wp-json\/wp\/v2\/users\/241"}],"replies":[{"embeddable":true,"href":"https:\/\/www.pedagogie.ac-nice.fr\/daac\/wp-json\/wp\/v2\/comments?post=124"}],"version-history":[{"count":92,"href":"https:\/\/www.pedagogie.ac-nice.fr\/daac\/wp-json\/wp\/v2\/pages\/124\/revisions"}],"predecessor-version":[{"id":15268,"href":"https:\/\/www.pedagogie.ac-nice.fr\/daac\/wp-json\/wp\/v2\/pages\/124\/revisions\/15268"}],"wp:attachment":[{"href":"https:\/\/www.pedagogie.ac-nice.fr\/daac\/wp-json\/wp\/v2\/media?parent=124"}],"curies":[{"name":"wp","href":"https:\/\/api.w.org\/{rel}","templated":true}]}}