{"id":12674,"date":"2022-05-15T22:42:53","date_gmt":"2022-05-15T20:42:53","guid":{"rendered":"https:\/\/www.pedagogie.ac-nice.fr\/daac\/?page_id=12674"},"modified":"2022-12-09T13:18:59","modified_gmt":"2022-12-09T12:18:59","slug":"le-dispositif-kamishibai","status":"publish","type":"page","link":"https:\/\/www.pedagogie.ac-nice.fr\/daac\/le-dispositif-kamishibai\/","title":{"rendered":"le dispositif Kamishibai"},"content":{"rendered":"<p>[et_pb_section fb_built=\u00a0\u00bb1&Prime; _builder_version=\u00a0\u00bb4.10.7&Prime; _module_preset=\u00a0\u00bbdefault\u00a0\u00bb global_colors_info=\u00a0\u00bb{}\u00a0\u00bb][et_pb_row column_structure=\u00a0\u00bb1_3,2_3&Prime; _builder_version=\u00a0\u00bb4.10.7&Prime; _module_preset=\u00a0\u00bbdefault\u00a0\u00bb global_colors_info=\u00a0\u00bb{}\u00a0\u00bb][et_pb_column type=\u00a0\u00bb1_3&Prime; _builder_version=\u00a0\u00bb4.10.7&Prime; _module_preset=\u00a0\u00bbdefault\u00a0\u00bb global_colors_info=\u00a0\u00bb{}\u00a0\u00bb][et_pb_text admin_label=\u00a0\u00bblogo domaine\u00a0\u00bb _builder_version=\u00a0\u00bb4.10.7&Prime; _module_preset=\u00a0\u00bbdefault\u00a0\u00bb global_colors_info=\u00a0\u00bb{}\u00a0\u00bb]<\/p>\n<p><a href=\"https:\/\/www.pedagogie.ac-nice.fr\/daac\/patrimoines-memoires-2021\/\" target=\"_blank\" rel=\"noopener\"><img loading=\"lazy\" decoding=\"async\" class=\"aligncenter wp-image-5925 size-full\" src=\"https:\/\/www.pedagogie.ac-nice.fr\/daac\/wp-content\/uploads\/sites\/37\/2021\/09\/patrimoine_memoires.png\" alt=\"\" width=\"347\" height=\"222\" srcset=\"https:\/\/www.pedagogie.ac-nice.fr\/daac\/wp-content\/uploads\/sites\/37\/2021\/09\/patrimoine_memoires.png 347w, https:\/\/www.pedagogie.ac-nice.fr\/daac\/wp-content\/uploads\/sites\/37\/2021\/09\/patrimoine_memoires-300x192.png 300w\" sizes=\"(max-width: 347px) 100vw, 347px\" \/><\/a><\/p>\n<p>[\/et_pb_text][et_pb_divider _builder_version=\u00a0\u00bb4.10.7&Prime; _module_preset=\u00a0\u00bbdefault\u00a0\u00bb global_colors_info=\u00a0\u00bb{}\u00a0\u00bb][\/et_pb_divider][et_pb_text admin_label=\u00a0\u00bbVille de Nice\u00a0\u00bb _builder_version=\u00a0\u00bb4.10.7&Prime; _module_preset=\u00a0\u00bbdefault\u00a0\u00bb global_colors_info=\u00a0\u00bb{}\u00a0\u00bb]<\/p>\n<p><img loading=\"lazy\" decoding=\"async\" class=\"wp-image-12685 aligncenter\" src=\"https:\/\/www.pedagogie.ac-nice.fr\/daac\/wp-content\/uploads\/sites\/37\/2022\/05\/Ville_Nice.jpg\" alt=\"\" width=\"478\" height=\"106\" srcset=\"https:\/\/www.pedagogie.ac-nice.fr\/daac\/wp-content\/uploads\/sites\/37\/2022\/05\/Ville_Nice.jpg 595w, https:\/\/www.pedagogie.ac-nice.fr\/daac\/wp-content\/uploads\/sites\/37\/2022\/05\/Ville_Nice-300x67.jpg 300w\" sizes=\"(max-width: 478px) 100vw, 478px\" \/><\/p>\n<p>[\/et_pb_text][et_pb_divider _builder_version=\u00a0\u00bb4.10.7&Prime; _module_preset=\u00a0\u00bbdefault\u00a0\u00bb global_colors_info=\u00a0\u00bb{}\u00a0\u00bb][\/et_pb_divider][et_pb_text admin_label=\u00a0\u00bbcentre du patrimoine de la ville de Nice\u00a0\u00bb _builder_version=\u00a0\u00bb4.10.7&Prime; _module_preset=\u00a0\u00bbdefault\u00a0\u00bb global_colors_info=\u00a0\u00bb{}\u00a0\u00bb]<\/p>\n<p><a href=\"https:\/\/tresors.nice.fr\/lieu\/service-du-patrimoine-historique-de-la-ville-de-nice\" target=\"_blank\" rel=\"noopener\"><img loading=\"lazy\" decoding=\"async\" class=\"aligncenter wp-image-13092 size-full\" src=\"https:\/\/www.pedagogie.ac-nice.fr\/daac\/wp-content\/uploads\/sites\/37\/2022\/06\/centre_patrimoine_ville-Nice.jpg\" alt=\"\" width=\"343\" height=\"272\" srcset=\"https:\/\/www.pedagogie.ac-nice.fr\/daac\/wp-content\/uploads\/sites\/37\/2022\/06\/centre_patrimoine_ville-Nice.jpg 343w, https:\/\/www.pedagogie.ac-nice.fr\/daac\/wp-content\/uploads\/sites\/37\/2022\/06\/centre_patrimoine_ville-Nice-300x238.jpg 300w\" sizes=\"(max-width: 343px) 100vw, 343px\" \/><\/a><\/p>\n<p>[\/et_pb_text][et_pb_divider _builder_version=\u00a0\u00bb4.10.7&Prime; _module_preset=\u00a0\u00bbdefault\u00a0\u00bb global_colors_info=\u00a0\u00bb{}\u00a0\u00bb][\/et_pb_divider][et_pb_text admin_label=\u00a0\u00bbappel \u00e0 projet\u00a0\u00bb _builder_version=\u00a0\u00bb4.10.7&Prime; _module_preset=\u00a0\u00bbdefault\u00a0\u00bb hover_enabled=\u00a0\u00bb0&Prime; global_colors_info=\u00a0\u00bb{}\u00a0\u00bb text_font=\u00a0\u00bbTrebuchet||||||||\u00a0\u00bb sticky_enabled=\u00a0\u00bb0&Prime;]<\/p>\n<p style=\"text-align: center;\"><span style=\"color: #993366;\"><strong>Appel \u00e0 projet<\/strong><\/span><a href=\"https:\/\/www.pedagogie.ac-nice.fr\/daac\/wp-content\/uploads\/sites\/37\/2022\/05\/Appel_Projet_patrimoine_Nice.pdf\" target=\"_blank\" rel=\"noopener\"><img loading=\"lazy\" decoding=\"async\" class=\"aligncenter wp-image-8629\" src=\"https:\/\/www.pedagogie.ac-nice.fr\/daac\/wp-content\/uploads\/sites\/37\/2021\/10\/fichier_pdf.jpg\" alt=\"\" width=\"155\" height=\"162\" \/><\/a><\/p>\n<p>[\/et_pb_text][et_pb_divider _builder_version=\u00a0\u00bb4.10.7&Prime; _module_preset=\u00a0\u00bbdefault\u00a0\u00bb global_colors_info=\u00a0\u00bb{}\u00a0\u00bb][\/et_pb_divider][et_pb_text admin_label=\u00a0\u00bbMus\u00e9e Cheret\u00a0\u00bb _builder_version=\u00a0\u00bb4.10.7&Prime; _module_preset=\u00a0\u00bbdefault\u00a0\u00bb hover_enabled=\u00a0\u00bb0&Prime; global_colors_info=\u00a0\u00bb{}\u00a0\u00bb text_font=\u00a0\u00bbTrebuchet||||||||\u00a0\u00bb sticky_enabled=\u00a0\u00bb0&Prime;]<\/p>\n<p style=\"text-align: center;\"><span style=\"color: #993366;\"><a href=\"https:\/\/tresors.nice.fr\/lieu\/musee-des-beaux-arts\" target=\"_blank\" rel=\"noopener\" style=\"color: #993366;\"><strong>Mus\u00e9e Cheret, mus\u00e9e des Beaux Arts \u00e0 Nice<\/strong><img loading=\"lazy\" decoding=\"async\" class=\"aligncenter wp-image-12684\" src=\"https:\/\/www.pedagogie.ac-nice.fr\/daac\/wp-content\/uploads\/sites\/37\/2022\/05\/Musee_cheret_Nice.jpg\" alt=\"\" width=\"419\" height=\"314\" srcset=\"https:\/\/www.pedagogie.ac-nice.fr\/daac\/wp-content\/uploads\/sites\/37\/2022\/05\/Musee_cheret_Nice.jpg 999w, https:\/\/www.pedagogie.ac-nice.fr\/daac\/wp-content\/uploads\/sites\/37\/2022\/05\/Musee_cheret_Nice-300x225.jpg 300w, https:\/\/www.pedagogie.ac-nice.fr\/daac\/wp-content\/uploads\/sites\/37\/2022\/05\/Musee_cheret_Nice-768x576.jpg 768w\" sizes=\"(max-width: 419px) 100vw, 419px\" \/><\/a><\/span><\/p>\n<p>[\/et_pb_text][\/et_pb_column][et_pb_column type=\u00a0\u00bb2_3&Prime; _builder_version=\u00a0\u00bb4.10.7&Prime; _module_preset=\u00a0\u00bbdefault\u00a0\u00bb global_colors_info=\u00a0\u00bb{}\u00a0\u00bb][et_pb_text _builder_version=\u00a0\u00bb4.10.7&Prime; _module_preset=\u00a0\u00bbdefault\u00a0\u00bb hover_enabled=\u00a0\u00bb0&Prime; global_colors_info=\u00a0\u00bb{}\u00a0\u00bb text_font=\u00a0\u00bbTrebuchet||||||||\u00a0\u00bb text_text_color=\u00a0\u00bb#000000&Prime; text_font_size=\u00a0\u00bb16px\u00a0\u00bb text_orientation=\u00a0\u00bbjustified\u00a0\u00bb sticky_enabled=\u00a0\u00bb0&Prime; custom_padding=\u00a0\u00bb11px|||||\u00a0\u00bb]<\/p>\n<p style=\"text-align: center;\"><span style=\"color: #993366; font-size: xx-large;\"><strong>Dispositif Kamishibai<\/strong><\/span><\/p>\n<p><span style=\"font-size: xx-large;\"><img loading=\"lazy\" decoding=\"async\" class=\"wp-image-12682 aligncenter\" src=\"https:\/\/www.pedagogie.ac-nice.fr\/daac\/wp-content\/uploads\/sites\/37\/2022\/05\/Adolphe_Mossa_eleves_Trinite.jpg\" alt=\"\" width=\"516\" height=\"387\" srcset=\"https:\/\/www.pedagogie.ac-nice.fr\/daac\/wp-content\/uploads\/sites\/37\/2022\/05\/Adolphe_Mossa_eleves_Trinite.jpg 999w, https:\/\/www.pedagogie.ac-nice.fr\/daac\/wp-content\/uploads\/sites\/37\/2022\/05\/Adolphe_Mossa_eleves_Trinite-300x225.jpg 300w, https:\/\/www.pedagogie.ac-nice.fr\/daac\/wp-content\/uploads\/sites\/37\/2022\/05\/Adolphe_Mossa_eleves_Trinite-768x576.jpg 768w\" sizes=\"(max-width: 516px) 100vw, 516px\" \/><\/span><\/p>\n<p>[\/et_pb_text][et_pb_text admin_label=\u00a0\u00bbrestitution16 mai\u00a0\u00bb _builder_version=\u00a0\u00bb4.10.7&Prime; _module_preset=\u00a0\u00bbdefault\u00a0\u00bb hover_enabled=\u00a0\u00bb0&Prime; global_colors_info=\u00a0\u00bb{}\u00a0\u00bb text_font=\u00a0\u00bbTrebuchet||||||||\u00a0\u00bb text_text_color=\u00a0\u00bb#000000&Prime; text_font_size=\u00a0\u00bb17px\u00a0\u00bb text_orientation=\u00a0\u00bbjustified\u00a0\u00bb sticky_enabled=\u00a0\u00bb0&Prime;]<\/p>\n<p style=\"text-align: justify;\"><span style=\"color: #000000;\">Apr\u00e8s le <strong>Mus\u00e9e des Beaux-Arts Jules Ch\u00e9ret<\/strong> au mois de mai dernier, place au <strong>centre du Patrimoine de la Ville de Nice <\/strong>! <\/span><\/p>\n<p style=\"text-align: justify;\"><span style=\"color: #000000;\">Dans le cadre de l&rsquo;appel \u00e0 projet lanc\u00e9 par la DAAC par le biais de ses charg\u00e9s de mission M\u00e9moire et Patrimoine sur le territoire de Nice en partenariat avec le Service Ville d&rsquo;Art et d&rsquo;Histoire de la Ville de Nice, c&rsquo;est bien dans ce haut lieu de l&rsquo;histoire de Nice, <strong>l&rsquo;Ancien S\u00e9nat<\/strong>, que s&rsquo;est d\u00e9roul\u00e9e la deuxi\u00e8me \u00e9tape de restitution des <strong>\u00e9l\u00e8ves du Coll\u00e8ge La Bourgade<\/strong> de la Trinit\u00e9 le jeudi 16 juin. Ces \u00e9l\u00e8ves et leur enseignant David-Assas Silveri ont \u00e9merveill\u00e9 le public par la pr\u00e9sentation d&rsquo;un<strong> Kamishibai<\/strong> consacr\u00e9 \u00e0 quatre personnages ou motifs ni\u00e7ois : <strong>Catarina Segurana, le Duc de Savoie Emmanuel-Philibert, J\u00f2us\u00e9 Garibaldi et le Paillon<\/strong>. Les planches, r\u00e9alis\u00e9es par<strong> l&rsquo;artiste Edith Faraut<\/strong>, mettent en sc\u00e8ne au moyen de petits r\u00e9cits construits par les \u00e9l\u00e8ves certaines r\u00e9f\u00e9rences \u00e0 l&rsquo;histoire de Nice. Apr\u00e8s trois visites sur site r\u00e9alis\u00e9es par les m\u00e9diateurs du Centre du Patrimoine, de multiples \u00e9changes avec l&rsquo;artiste, les \u00e9l\u00e8ves de sixi\u00e8me de la Bourgade nous ont plong\u00e9s le temps d&rsquo;un apr\u00e8s-midi dans une narration passionnante et envo\u00fbtante. M\u00ealant travail sur la <strong>narration, sur l&rsquo;histoire, sur la langue et les arts plastiques<\/strong>, ces jeunes nous ont montr\u00e9 au moyen de cette technique traditionnelle du th\u00e9\u00e2tre japonais que la distance entre Nice et l&rsquo;archipel du Pacifique est infiniment petite. <strong>Bravo aux \u00e9l\u00e8ves et \u00e0 leur enseignant<\/strong>.<\/span><\/p>\n<p>[\/et_pb_text][et_pb_divider _builder_version=\u00a0\u00bb4.10.7&Prime; _module_preset=\u00a0\u00bbdefault\u00a0\u00bb global_colors_info=\u00a0\u00bb{}\u00a0\u00bb][\/et_pb_divider][et_pb_text admin_label=\u00a0\u00bbRestitution Jules Cheret\u00a0\u00bb _builder_version=\u00a0\u00bb4.10.7&Prime; _module_preset=\u00a0\u00bbdefault\u00a0\u00bb hover_enabled=\u00a0\u00bb0&Prime; global_colors_info=\u00a0\u00bb{}\u00a0\u00bb text_font=\u00a0\u00bbTrebuchet||||||||\u00a0\u00bb text_text_color=\u00a0\u00bb#000000&Prime; text_font_size=\u00a0\u00bb16px\u00a0\u00bb text_orientation=\u00a0\u00bbjustified\u00a0\u00bb sticky_enabled=\u00a0\u00bb0&Prime;]<\/p>\n<p style=\"text-align: justify;\"><span style=\"color: #000000;\"> Trois visites au <strong>mus\u00e9e des Beaux-Arts Jules Cheret<\/strong>, des s\u00e9ances au <strong>Centre du patrimoine<\/strong> mais \u00e9galement la venue au coll\u00e8ge de m\u00e9diateurs culturels de ce service ont permis aux \u00e9l\u00e8ves du coll\u00e8ge de la Bourgade de la Trinit\u00e9, emmen\u00e9s par leurs enseignants Monsieur Assas-Silveri et Madame Loualalen de se mettre le temps d&rsquo;une matin\u00e9e dans la peau de guides conf\u00e9renciers. <\/span><\/p>\n<p style=\"text-align: justify;\"><span style=\"color: #000000;\"><strong>L&rsquo;\u0153uvre de Gustave-Adolphe Mossa<\/strong>, peintre symboliste (1883-1971) grand imagier du Carnaval de Nice, et dont l&rsquo;exposition temporaire organis\u00e9e par le mus\u00e9e des Beaux-Arts constituait un retour de l&rsquo;artiste \u00e0 la maison ( il fut conservateur du mus\u00e9e jusqu&rsquo;\u00e0 sa mort) n&rsquo;a plus aucun secret pour ces coll\u00e9giens ! <\/span><\/p>\n<p style=\"text-align: justify;\"><span style=\"color: #000000;\">Avec s\u00e9rieux et d\u00e9termination, ils ont pu pr\u00e9senter in situ toute la finesse, la grandeur et la profondeur de l&rsquo;\u0153uvre face \u00e0 un public divers et vari\u00e9.\u00a0<\/span><\/p>\n<p>[\/et_pb_text][\/et_pb_column][\/et_pb_row][\/et_pb_section]<\/p>\n","protected":false},"excerpt":{"rendered":"<p>Appel \u00e0 projetMus\u00e9e Cheret, mus\u00e9e des Beaux Arts \u00e0 NiceDispositif Kamishibai Apr\u00e8s le Mus\u00e9e des Beaux-Arts Jules Ch\u00e9ret au mois de mai dernier, place au centre du Patrimoine de la Ville de Nice ! Dans le cadre de l&rsquo;appel \u00e0 projet lanc\u00e9 par la DAAC par le biais de ses charg\u00e9s de mission M\u00e9moire et [&hellip;]<\/p>\n","protected":false},"author":241,"featured_media":0,"parent":0,"menu_order":0,"comment_status":"closed","ping_status":"closed","template":"","meta":{"_et_pb_use_builder":"on","_et_pb_old_content":"","_et_gb_content_width":"","ngg_post_thumbnail":0,"footnotes":""},"class_list":["post-12674","page","type-page","status-publish","hentry"],"rttpg_featured_image_url":null,"rttpg_author":{"display_name":"daacadmin","author_link":"https:\/\/www.pedagogie.ac-nice.fr\/daac\/author\/daacadmin\/"},"rttpg_comment":0,"rttpg_category":null,"rttpg_excerpt":"Appel \u00e0 projetMus\u00e9e Cheret, mus\u00e9e des Beaux Arts \u00e0 NiceDispositif Kamishibai Apr\u00e8s le Mus\u00e9e des Beaux-Arts Jules Ch\u00e9ret au mois de mai dernier, place au centre du Patrimoine de la Ville de Nice ! Dans le cadre de l'appel \u00e0 projet lanc\u00e9 par la DAAC par le biais de ses charg\u00e9s de mission M\u00e9moire et\u2026","post_mailing_queue_ids":[],"_links":{"self":[{"href":"https:\/\/www.pedagogie.ac-nice.fr\/daac\/wp-json\/wp\/v2\/pages\/12674","targetHints":{"allow":["GET"]}}],"collection":[{"href":"https:\/\/www.pedagogie.ac-nice.fr\/daac\/wp-json\/wp\/v2\/pages"}],"about":[{"href":"https:\/\/www.pedagogie.ac-nice.fr\/daac\/wp-json\/wp\/v2\/types\/page"}],"author":[{"embeddable":true,"href":"https:\/\/www.pedagogie.ac-nice.fr\/daac\/wp-json\/wp\/v2\/users\/241"}],"replies":[{"embeddable":true,"href":"https:\/\/www.pedagogie.ac-nice.fr\/daac\/wp-json\/wp\/v2\/comments?post=12674"}],"version-history":[{"count":11,"href":"https:\/\/www.pedagogie.ac-nice.fr\/daac\/wp-json\/wp\/v2\/pages\/12674\/revisions"}],"predecessor-version":[{"id":14138,"href":"https:\/\/www.pedagogie.ac-nice.fr\/daac\/wp-json\/wp\/v2\/pages\/12674\/revisions\/14138"}],"wp:attachment":[{"href":"https:\/\/www.pedagogie.ac-nice.fr\/daac\/wp-json\/wp\/v2\/media?parent=12674"}],"curies":[{"name":"wp","href":"https:\/\/api.w.org\/{rel}","templated":true}]}}