{"id":12700,"date":"2022-05-15T23:08:06","date_gmt":"2022-05-15T21:08:06","guid":{"rendered":"https:\/\/www.pedagogie.ac-nice.fr\/daac\/?page_id=12700"},"modified":"2022-05-15T23:09:22","modified_gmt":"2022-05-15T21:09:22","slug":"chateau-vallon-liberte","status":"publish","type":"page","link":"https:\/\/www.pedagogie.ac-nice.fr\/daac\/chateau-vallon-liberte\/","title":{"rendered":"Chateau Vallon Libert\u00e9"},"content":{"rendered":"<p>[et_pb_section fb_built=\u00a0\u00bb1&Prime; _builder_version=\u00a0\u00bb4.10.7&Prime; _module_preset=\u00a0\u00bbdefault\u00a0\u00bb global_colors_info=\u00a0\u00bb{}\u00a0\u00bb][et_pb_row column_structure=\u00a0\u00bb1_3,2_3&Prime; _builder_version=\u00a0\u00bb4.10.7&Prime; _module_preset=\u00a0\u00bbdefault\u00a0\u00bb global_colors_info=\u00a0\u00bb{}\u00a0\u00bb][et_pb_column type=\u00a0\u00bb1_3&Prime; _builder_version=\u00a0\u00bb4.10.7&Prime; _module_preset=\u00a0\u00bbdefault\u00a0\u00bb global_colors_info=\u00a0\u00bb{}\u00a0\u00bb][et_pb_text admin_label=\u00a0\u00bblogo daac theatre\u00a0\u00bb _builder_version=\u00a0\u00bb4.10.7&Prime; _module_preset=\u00a0\u00bbdefault\u00a0\u00bb global_colors_info=\u00a0\u00bb{}\u00a0\u00bb]<\/p>\n<p><a href=\"https:\/\/www.pedagogie.ac-nice.fr\/daac\/theatre-asv\/\" target=\"_blank\" rel=\"noopener\"><img loading=\"lazy\" decoding=\"async\" class=\"aligncenter wp-image-5928\" src=\"https:\/\/www.pedagogie.ac-nice.fr\/daac\/wp-content\/uploads\/sites\/37\/2021\/09\/theatre.png\" alt=\"\" width=\"314\" height=\"196\" srcset=\"https:\/\/www.pedagogie.ac-nice.fr\/daac\/wp-content\/uploads\/sites\/37\/2021\/09\/theatre.png 348w, https:\/\/www.pedagogie.ac-nice.fr\/daac\/wp-content\/uploads\/sites\/37\/2021\/09\/theatre-300x187.png 300w\" sizes=\"(max-width: 314px) 100vw, 314px\" \/><\/a><\/p>\n<p>[\/et_pb_text][et_pb_divider _builder_version=\u00a0\u00bb4.10.7&Prime; _module_preset=\u00a0\u00bbdefault\u00a0\u00bb hover_enabled=\u00a0\u00bb0&Prime; sticky_enabled=\u00a0\u00bb0&Prime;][\/et_pb_divider][et_pb_text admin_label=\u00a0\u00bbchateauvallon\u00a0\u00bb _builder_version=\u00a0\u00bb4.10.7&Prime; _module_preset=\u00a0\u00bbdefault\u00a0\u00bb global_colors_info=\u00a0\u00bb{}\u00a0\u00bb]<\/p>\n<p><img loading=\"lazy\" decoding=\"async\" class=\"wp-image-3431 aligncenter\" src=\"https:\/\/www.pedagogie.ac-nice.fr\/daac\/wp-content\/uploads\/sites\/37\/2021\/05\/logo_nbcvliberteth.jpg\" alt=\"logo th\u00e9\u00e2tre libert\u00e9 de Ch\u00e2teau vallon\" width=\"304\" height=\"207\" srcset=\"https:\/\/www.pedagogie.ac-nice.fr\/daac\/wp-content\/uploads\/sites\/37\/2021\/05\/logo_nbcvliberteth.jpg 474w, https:\/\/www.pedagogie.ac-nice.fr\/daac\/wp-content\/uploads\/sites\/37\/2021\/05\/logo_nbcvliberteth-300x204.jpg 300w\" sizes=\"(max-width: 304px) 100vw, 304px\" \/><\/p>\n<p>[\/et_pb_text][et_pb_text _builder_version=\u00a0\u00bb4.10.7&Prime; _module_preset=\u00a0\u00bbdefault\u00a0\u00bb hover_enabled=\u00a0\u00bb0&Prime; sticky_enabled=\u00a0\u00bb0&Prime;][\/et_pb_text][\/et_pb_column][et_pb_column type=\u00a0\u00bb2_3&Prime; _builder_version=\u00a0\u00bb4.10.7&Prime; _module_preset=\u00a0\u00bbdefault\u00a0\u00bb global_colors_info=\u00a0\u00bb{}\u00a0\u00bb][et_pb_text _builder_version=\u00a0\u00bb4.10.7&Prime; _module_preset=\u00a0\u00bbdefault\u00a0\u00bb hover_enabled=\u00a0\u00bb0&Prime; global_colors_info=\u00a0\u00bb{}\u00a0\u00bb sticky_enabled=\u00a0\u00bb0&Prime;]<\/p>\n<p style=\"text-align: center;\"><span style=\"font-size: 12pt;\"><strong><span style=\"color: #ff00ff;\"> Pr\u00e9sentation de saison Chateauvallon Libert\u00e9<br \/>2022-2023<\/span><\/strong><\/span><\/p>\n<p style=\"text-align: justify;\"><span style=\"color: #0000ff;\"><span style=\"font-size: small;\"><br \/><\/span><span style=\"font-size: 10pt;\">La structure Ch\u00e2teauvallon-Libert\u00e9 a le plaisir d\u2019inviter les enseignants de toutes les disciplines \u00e0 venir d\u00e9couvrir en avant-premi\u00e8re la nouvelle saison 2022-2023 de la&nbsp;sc\u00e8ne nationale <strong><br \/><\/strong><\/span><\/span><\/p>\n<p style=\"text-align: center;\"><span style=\"font-size: 10pt;\"><strong><span style=\"color: #0000ff;\">Mercredi 8 juin 2022 \u00e0 18h au Th\u00e9\u00e2tre Libert\u00e9 \u00e0 Toulon.<\/span><\/strong><\/span><\/p>\n<p><span style=\"color: #0000ff; font-size: 10pt;\">L\u2019occasion est ainsi donn\u00e9e de reprendre nos bonnes habitudes culturelles.<\/span><\/p>\n<p><span style=\"color: #0000ff; font-size: 10pt;\">Les demandes de r\u00e9servations seront ouvertes du 9 juin au 8 juillet. Les professeurs pr\u00e9sents se verront remettre le bulletin de r\u00e9servation \u00e0 l\u2019issue de cette pr\u00e9sentation afin de faire leurs v\u0153ux pour les classes.<\/span><\/p>\n<p><span style=\"color: #0000ff; font-size: 10pt;\">Confirmation de pr\u00e9sence requise par mail adress\u00e9 \u00e0 Tiphaine CHOPIN <a style=\"color: #0000ff;\" href=\"mailto:tiphaine.chopin@chateauvallon.com\" target=\"_blank\" rel=\"noopener\">tiphaine.chopin@chateauvallon.com<\/a>&nbsp;\u2013 09&nbsp;800&nbsp;840 40<\/span><\/p>\n<p><span style=\"color: #0000ff; font-size: 10pt;\">ou par t\u00e9l\u00e9phone&nbsp;: 09&nbsp;800&nbsp;840 40 ou <b>C\u00e9cile Grillon<\/b>&nbsp;: 04 98 07 01 1<\/span><\/p>\n<p><span style=\"color: #0000ff; font-size: 10pt;\">Rappel&nbsp;: Sandrine BELLIARDO et Muriel FAURE sont charg\u00e9es de mission&nbsp;de la DAAC et sont \u00e0 votre disposition pour accompagner vos projets d\u2019EAC en partenariat avec Chateauvallon Libert\u00e9.<\/span><\/p>\n<p><strong><span style=\"color: #ff00ff; font-size: 10pt;\">Coordination DAAC :<\/span><\/strong><br \/><span style=\"color: #0000ff; font-size: 10pt;\">Joelle Bolot &#8211; joelle.bolot@ac-nice.fr<\/span><\/p>\n<p><span style=\"color: #0000ff; font-size: 10pt;\">Muriel Colin &#8211; muriel.colin@ac-nice.fr<\/span><\/p>\n<p>[\/et_pb_text][\/et_pb_column][\/et_pb_row][\/et_pb_section]<\/p>\n","protected":false},"excerpt":{"rendered":"<p>Pr\u00e9sentation de saison Chateauvallon Libert\u00e92022-2023 La structure Ch\u00e2teauvallon-Libert\u00e9 a le plaisir d\u2019inviter les enseignants de toutes les disciplines \u00e0 venir d\u00e9couvrir en avant-premi\u00e8re la nouvelle saison 2022-2023 de la&nbsp;sc\u00e8ne nationale Mercredi 8 juin 2022 \u00e0 18h au Th\u00e9\u00e2tre Libert\u00e9 \u00e0 Toulon. L\u2019occasion est ainsi donn\u00e9e de reprendre nos bonnes habitudes culturelles. Les demandes de r\u00e9servations [&hellip;]<\/p>\n","protected":false},"author":241,"featured_media":0,"parent":0,"menu_order":0,"comment_status":"closed","ping_status":"closed","template":"","meta":{"_et_pb_use_builder":"on","_et_pb_old_content":"","_et_gb_content_width":"","ngg_post_thumbnail":0,"footnotes":""},"class_list":["post-12700","page","type-page","status-publish","hentry"],"rttpg_featured_image_url":null,"rttpg_author":{"display_name":"daacadmin","author_link":"https:\/\/www.pedagogie.ac-nice.fr\/daac\/author\/daacadmin\/"},"rttpg_comment":0,"rttpg_category":null,"rttpg_excerpt":"Pr\u00e9sentation de saison Chateauvallon Libert\u00e92022-2023 La structure Ch\u00e2teauvallon-Libert\u00e9 a le plaisir d\u2019inviter les enseignants de toutes les disciplines \u00e0 venir d\u00e9couvrir en avant-premi\u00e8re la nouvelle saison 2022-2023 de la&nbsp;sc\u00e8ne nationale Mercredi 8 juin 2022 \u00e0 18h au Th\u00e9\u00e2tre Libert\u00e9 \u00e0 Toulon. L\u2019occasion est ainsi donn\u00e9e de reprendre nos bonnes habitudes culturelles. Les demandes de r\u00e9servations\u2026","post_mailing_queue_ids":[],"_links":{"self":[{"href":"https:\/\/www.pedagogie.ac-nice.fr\/daac\/wp-json\/wp\/v2\/pages\/12700","targetHints":{"allow":["GET"]}}],"collection":[{"href":"https:\/\/www.pedagogie.ac-nice.fr\/daac\/wp-json\/wp\/v2\/pages"}],"about":[{"href":"https:\/\/www.pedagogie.ac-nice.fr\/daac\/wp-json\/wp\/v2\/types\/page"}],"author":[{"embeddable":true,"href":"https:\/\/www.pedagogie.ac-nice.fr\/daac\/wp-json\/wp\/v2\/users\/241"}],"replies":[{"embeddable":true,"href":"https:\/\/www.pedagogie.ac-nice.fr\/daac\/wp-json\/wp\/v2\/comments?post=12700"}],"version-history":[{"count":3,"href":"https:\/\/www.pedagogie.ac-nice.fr\/daac\/wp-json\/wp\/v2\/pages\/12700\/revisions"}],"predecessor-version":[{"id":12704,"href":"https:\/\/www.pedagogie.ac-nice.fr\/daac\/wp-json\/wp\/v2\/pages\/12700\/revisions\/12704"}],"wp:attachment":[{"href":"https:\/\/www.pedagogie.ac-nice.fr\/daac\/wp-json\/wp\/v2\/media?parent=12700"}],"curies":[{"name":"wp","href":"https:\/\/api.w.org\/{rel}","templated":true}]}}