{"id":12765,"date":"2022-05-16T17:29:33","date_gmt":"2022-05-16T15:29:33","guid":{"rendered":"https:\/\/www.pedagogie.ac-nice.fr\/daac\/?page_id=12765"},"modified":"2022-05-18T15:07:05","modified_gmt":"2022-05-18T13:07:05","slug":"le-pole","status":"publish","type":"page","link":"https:\/\/www.pedagogie.ac-nice.fr\/daac\/le-pole\/","title":{"rendered":"Le P\u00f4le"},"content":{"rendered":"<p>[et_pb_section fb_built=\u00a0\u00bb1&Prime; _builder_version=\u00a0\u00bb4.10.7&Prime; _module_preset=\u00a0\u00bbdefault\u00a0\u00bb global_colors_info=\u00a0\u00bb{}\u00a0\u00bb][et_pb_row column_structure=\u00a0\u00bb1_3,2_3&Prime; _builder_version=\u00a0\u00bb4.10.7&Prime; _module_preset=\u00a0\u00bbdefault\u00a0\u00bb global_colors_info=\u00a0\u00bb{}\u00a0\u00bb][et_pb_column type=\u00a0\u00bb1_3&Prime; _builder_version=\u00a0\u00bb4.10.7&Prime; _module_preset=\u00a0\u00bbdefault\u00a0\u00bb global_colors_info=\u00a0\u00bb{}\u00a0\u00bb][et_pb_text admin_label=\u00a0\u00bbThe\u00e2tre\u00a0\u00bb _builder_version=\u00a0\u00bb4.10.7&Prime; _module_preset=\u00a0\u00bbdefault\u00a0\u00bb global_colors_info=\u00a0\u00bb{}\u00a0\u00bb]<\/p>\n<p><a href=\"https:\/\/www.pedagogie.ac-nice.fr\/daac\/theatre-asv\/\" target=\"_blank\" rel=\"noopener\"><img loading=\"lazy\" decoding=\"async\" class=\"aligncenter wp-image-5928\" src=\"https:\/\/www.pedagogie.ac-nice.fr\/daac\/wp-content\/uploads\/sites\/37\/2021\/09\/theatre.png\" alt=\"\" width=\"289\" height=\"180\" srcset=\"https:\/\/www.pedagogie.ac-nice.fr\/daac\/wp-content\/uploads\/sites\/37\/2021\/09\/theatre.png 348w, https:\/\/www.pedagogie.ac-nice.fr\/daac\/wp-content\/uploads\/sites\/37\/2021\/09\/theatre-300x187.png 300w\" sizes=\"(max-width: 289px) 100vw, 289px\" \/><\/a><\/p>\n<p>[\/et_pb_text][et_pb_divider _builder_version=\u00a0\u00bb4.10.7&Prime; _module_preset=\u00a0\u00bbdefault\u00a0\u00bb global_colors_info=\u00a0\u00bb{}\u00a0\u00bb][\/et_pb_divider][et_pb_text admin_label=\u00a0\u00bbPartenariat\u00a0\u00bb _builder_version=\u00a0\u00bb4.10.7&Prime; _module_preset=\u00a0\u00bbdefault\u00a0\u00bb global_colors_info=\u00a0\u00bb{}\u00a0\u00bb]<\/p>\n<p><img loading=\"lazy\" decoding=\"async\" class=\"wp-image-6275 aligncenter\" src=\"https:\/\/www.pedagogie.ac-nice.fr\/daac\/wp-content\/uploads\/sites\/37\/2021\/09\/partenariat.png\" alt=\"\" width=\"242\" height=\"158\" srcset=\"https:\/\/www.pedagogie.ac-nice.fr\/daac\/wp-content\/uploads\/sites\/37\/2021\/09\/partenariat.png 344w, https:\/\/www.pedagogie.ac-nice.fr\/daac\/wp-content\/uploads\/sites\/37\/2021\/09\/partenariat-300x196.png 300w\" sizes=\"(max-width: 242px) 100vw, 242px\" \/><\/p>\n<p>[\/et_pb_text][et_pb_divider _builder_version=\u00a0\u00bb4.10.7&Prime; _module_preset=\u00a0\u00bbdefault\u00a0\u00bb global_colors_info=\u00a0\u00bb{}\u00a0\u00bb][\/et_pb_divider][et_pb_text admin_label=\u00a0\u00bbLe P\u00f4le\u00a0\u00bb _builder_version=\u00a0\u00bb4.10.7&Prime; _module_preset=\u00a0\u00bbdefault\u00a0\u00bb global_colors_info=\u00a0\u00bb{}\u00a0\u00bb]<\/p>\n<p><img loading=\"lazy\" decoding=\"async\" class=\"alignnone  wp-image-3425 aligncenter\" src=\"https:\/\/www.pedagogie.ac-nice.fr\/daac\/wp-content\/uploads\/sites\/37\/2021\/05\/logo_lepole.jpg\" alt=\"Logo du Pole Armand Gatti. hexagone avec 4 couleurs sur fond noir en trame de fonds. le P\u00f4le est \u00e9crit en blanc\" width=\"170\" height=\"102\"><\/p>\n<p>[\/et_pb_text][et_pb_divider _builder_version=\u00a0\u00bb4.10.7&Prime; _module_preset=\u00a0\u00bbdefault\u00a0\u00bb global_colors_info=\u00a0\u00bb{}\u00a0\u00bb][\/et_pb_divider][et_pb_text admin_label=\u00a0\u00bbAppel \u00e0 projet Gatti\u00a0\u00bb _builder_version=\u00a0\u00bb4.10.7&Prime; _module_preset=\u00a0\u00bbdefault\u00a0\u00bb global_colors_info=\u00a0\u00bb{}\u00a0\u00bb]<\/p>\n<p style=\"text-align: center;\"><a href=\"https:\/\/www.pedagogie.ac-nice.fr\/daac\/wp-content\/uploads\/sites\/37\/2022\/05\/LE-PRIX-DE-LA-PIECE-DE-THEATRE-CONTEMPORAIN-POUR-LE-JEUNE-PUBLIC.png\" target=\"_blank\" rel=\"noopener\"><span style=\"color: #00ccff;\"><span style=\"color: #39b5d4;\"><strong>Appel \u00e0 projet<br \/>Prix de la pi\u00e8ce de th\u00e9\u00e2tre contemporain<br \/>Jeune Public<\/strong><\/span><br \/><img loading=\"lazy\" decoding=\"async\" class=\"alignnone  wp-image-519\" src=\"https:\/\/www.pedagogie.ac-nice.fr\/daac\/wp-content\/uploads\/sites\/37\/2020\/09\/gatti.png\" alt=\"\" width=\"166\" height=\"156\"><\/span><\/a><\/p>\n<p>[\/et_pb_text][\/et_pb_column][et_pb_column type=\u00a0\u00bb2_3&Prime; _builder_version=\u00a0\u00bb4.10.7&Prime; _module_preset=\u00a0\u00bbdefault\u00a0\u00bb global_colors_info=\u00a0\u00bb{}\u00a0\u00bb][et_pb_text _builder_version=\u00a0\u00bb4.10.7&Prime; _module_preset=\u00a0\u00bbdefault\u00a0\u00bb hover_enabled=\u00a0\u00bb0&Prime; global_colors_info=\u00a0\u00bb{}\u00a0\u00bb sticky_enabled=\u00a0\u00bb0&Prime;]<\/p>\n<p style=\"text-align: center;\"><strong><span style=\"color: #000000;\">Toute l&rsquo;\u00e9quipe du P\u00d4LE est heureuse de vous inviter&nbsp;<\/span><\/strong><br \/><strong> <span style=\"color: #000000;\">\u00e0 la pr\u00e9sentation de la prochaine saison&nbsp;<\/span><\/strong><br \/><span style=\"color: #000000;\">qui aura lieu le :&nbsp;<\/span><\/p>\n<p style=\"text-align: center;\"><span style=\"color: #ff0000;\"><strong>Mercredi 1 juin 2022 \u00e0 18h30&nbsp;<\/strong><strong><br \/>Au P\u00d4LE<br \/>60 bd de l&rsquo;Egalit\u00e9 \u2013 83200 Le Revest les Eaux<\/strong><\/span><\/p>\n<p style=\"text-align: justify;\"><span style=\"color: #000000;\">Cette r\u00e9union, propos\u00e9e aux enseignants et aux professionnels de l&rsquo;enfance et la jeunesse, est l&rsquo;occasion de vous pr\u00e9senter les spectacles de la saison prochaine,&nbsp;ses parcours artistiques et les actions du service \u00e9ducatif du&nbsp;P\u00d4LE.<\/span><\/p>\n<p style=\"text-align: justify;\"><span style=\"color: #000000;\">Nous vous proposons une pr\u00e9sentation adapt\u00e9e \u00e0 chaque cycle.<br \/>R\u00e9partis en trois groupes, nous vous pr\u00e9senterons les spectacles accessibles \u00e0 vos diff\u00e9rents niveaux de classes.<\/span><\/p>\n<p><span style=\"color: #000000;\">Comme chaque ann\u00e9e, vous aurez \u00e9galement, la possibilit\u00e9 de&nbsp;pr\u00e9-r\u00e9server des spectacles pour votre classe.<\/span><\/p>\n<p style=\"text-align: justify;\"><span style=\"color: #000000;\">Pour les enseignants qui ne seraient pas en mesure de se rendre \u00e0 cette pr\u00e9sentation de saison, le dossier de pr\u00e9sentation ainsi que le formulaire de pr\u00e9-r\u00e9servation seront t\u00e9l\u00e9chargeables, d\u00e8s le lendemain, dans la rubrique&nbsp;\u00ab&nbsp;Enseignants&nbsp;\u00bb sur notre site&nbsp;<a style=\"color: #000000;\" href=\"https:\/\/le-pole.us4.list-manage.com\/track\/click?u=e9ff446ee2c6eeb494e3d1435&amp;id=322aca9e8b&amp;e=894a221af6\" target=\"_blank\" rel=\"noopener noreferrer\">www.le-pole.fr<\/a><\/span><\/p>\n<p style=\"text-align: justify;\"><span style=\"color: #000000;\">Le <span style=\"color: #ff0000;\">nombre de places \u00e9tant limit\u00e9<\/span>, votre inscription est indispensable au<\/span> <span style=\"color: #ff0000;\">0800 083 224 (appel gratuit)&nbsp;&nbsp;<\/span><\/p>\n<p>[\/et_pb_text][\/et_pb_column][\/et_pb_row][\/et_pb_section]<\/p>\n","protected":false},"excerpt":{"rendered":"<p>Appel \u00e0 projetPrix de la pi\u00e8ce de th\u00e9\u00e2tre contemporainJeune PublicToute l&rsquo;\u00e9quipe du P\u00d4LE est heureuse de vous inviter&nbsp; \u00e0 la pr\u00e9sentation de la prochaine saison&nbsp;qui aura lieu le :&nbsp; Mercredi 1 juin 2022 \u00e0 18h30&nbsp;Au P\u00d4LE60 bd de l&rsquo;Egalit\u00e9 \u2013 83200 Le Revest les Eaux Cette r\u00e9union, propos\u00e9e aux enseignants et aux professionnels de l&rsquo;enfance [&hellip;]<\/p>\n","protected":false},"author":241,"featured_media":0,"parent":0,"menu_order":0,"comment_status":"closed","ping_status":"closed","template":"","meta":{"_et_pb_use_builder":"on","_et_pb_old_content":"","_et_gb_content_width":"","ngg_post_thumbnail":0,"footnotes":""},"class_list":["post-12765","page","type-page","status-publish","hentry"],"rttpg_featured_image_url":null,"rttpg_author":{"display_name":"daacadmin","author_link":"https:\/\/www.pedagogie.ac-nice.fr\/daac\/author\/daacadmin\/"},"rttpg_comment":0,"rttpg_category":null,"rttpg_excerpt":"Appel \u00e0 projetPrix de la pi\u00e8ce de th\u00e9\u00e2tre contemporainJeune PublicToute l'\u00e9quipe du P\u00d4LE est heureuse de vous inviter&nbsp; \u00e0 la pr\u00e9sentation de la prochaine saison&nbsp;qui aura lieu le :&nbsp; Mercredi 1 juin 2022 \u00e0 18h30&nbsp;Au P\u00d4LE60 bd de l'Egalit\u00e9 \u2013 83200 Le Revest les Eaux Cette r\u00e9union, propos\u00e9e aux enseignants et aux professionnels de l'enfance\u2026","post_mailing_queue_ids":[],"_links":{"self":[{"href":"https:\/\/www.pedagogie.ac-nice.fr\/daac\/wp-json\/wp\/v2\/pages\/12765","targetHints":{"allow":["GET"]}}],"collection":[{"href":"https:\/\/www.pedagogie.ac-nice.fr\/daac\/wp-json\/wp\/v2\/pages"}],"about":[{"href":"https:\/\/www.pedagogie.ac-nice.fr\/daac\/wp-json\/wp\/v2\/types\/page"}],"author":[{"embeddable":true,"href":"https:\/\/www.pedagogie.ac-nice.fr\/daac\/wp-json\/wp\/v2\/users\/241"}],"replies":[{"embeddable":true,"href":"https:\/\/www.pedagogie.ac-nice.fr\/daac\/wp-json\/wp\/v2\/comments?post=12765"}],"version-history":[{"count":6,"href":"https:\/\/www.pedagogie.ac-nice.fr\/daac\/wp-json\/wp\/v2\/pages\/12765\/revisions"}],"predecessor-version":[{"id":12831,"href":"https:\/\/www.pedagogie.ac-nice.fr\/daac\/wp-json\/wp\/v2\/pages\/12765\/revisions\/12831"}],"wp:attachment":[{"href":"https:\/\/www.pedagogie.ac-nice.fr\/daac\/wp-json\/wp\/v2\/media?parent=12765"}],"curies":[{"name":"wp","href":"https:\/\/api.w.org\/{rel}","templated":true}]}}