{"id":13126,"date":"2022-06-20T22:38:54","date_gmt":"2022-06-20T20:38:54","guid":{"rendered":"https:\/\/www.pedagogie.ac-nice.fr\/daac\/?page_id=13126"},"modified":"2022-06-20T22:48:21","modified_gmt":"2022-06-20T20:48:21","slug":"valorisation-cinema-college-fabre","status":"publish","type":"page","link":"https:\/\/www.pedagogie.ac-nice.fr\/daac\/valorisation-cinema-college-fabre\/","title":{"rendered":"Valorisation Cinema Coll\u00e8ge Fabre"},"content":{"rendered":"<p>[et_pb_section fb_built=\u00a0\u00bb1&Prime; _builder_version=\u00a0\u00bb4.10.7&Prime; _module_preset=\u00a0\u00bbdefault\u00a0\u00bb global_colors_info=\u00a0\u00bb{}\u00a0\u00bb][et_pb_row column_structure=\u00a0\u00bb1_4,3_4&Prime; _builder_version=\u00a0\u00bb4.10.7&Prime; _module_preset=\u00a0\u00bbdefault\u00a0\u00bb global_colors_info=\u00a0\u00bb{}\u00a0\u00bb][et_pb_column type=\u00a0\u00bb1_4&Prime; _builder_version=\u00a0\u00bb4.10.7&Prime; _module_preset=\u00a0\u00bbdefault\u00a0\u00bb global_colors_info=\u00a0\u00bb{}\u00a0\u00bb][et_pb_text admin_label=\u00a0\u00bblogo cinema\u00a0\u00bb _builder_version=\u00a0\u00bb4.10.7&Prime; _module_preset=\u00a0\u00bbdefault\u00a0\u00bb global_colors_info=\u00a0\u00bb{}\u00a0\u00bb]<\/p>\n<p><a href=\"https:\/\/www.pedagogie.ac-nice.fr\/daac\/pole_cinema_2021\/\" target=\"_blank\" rel=\"noopener\"><img loading=\"lazy\" decoding=\"async\" class=\"aligncenter wp-image-5920 size-full\" src=\"https:\/\/www.pedagogie.ac-nice.fr\/daac\/wp-content\/uploads\/sites\/37\/2021\/09\/cinema.png\" alt=\"\" width=\"349\" height=\"213\" srcset=\"https:\/\/www.pedagogie.ac-nice.fr\/daac\/wp-content\/uploads\/sites\/37\/2021\/09\/cinema.png 349w, https:\/\/www.pedagogie.ac-nice.fr\/daac\/wp-content\/uploads\/sites\/37\/2021\/09\/cinema-300x183.png 300w\" sizes=\"(max-width: 349px) 100vw, 349px\" \/><\/a><\/p>\n<p>[\/et_pb_text][et_pb_text _builder_version=\u00a0\u00bb4.10.7&Prime; _module_preset=\u00a0\u00bbdefault\u00a0\u00bb global_colors_info=\u00a0\u00bb{}\u00a0\u00bb][\/et_pb_text][\/et_pb_column][et_pb_column type=\u00a0\u00bb3_4&Prime; _builder_version=\u00a0\u00bb4.10.7&Prime; _module_preset=\u00a0\u00bbdefault\u00a0\u00bb global_colors_info=\u00a0\u00bb{}\u00a0\u00bb][et_pb_text admin_label=\u00a0\u00bbTitre\u00a0\u00bb _builder_version=\u00a0\u00bb4.10.7&Prime; _module_preset=\u00a0\u00bbdefault\u00a0\u00bb global_colors_info=\u00a0\u00bb{}\u00a0\u00bb]<\/p>\n<p style=\"text-align: center;\"><span style=\"font-size: 14pt;\"><strong><span style=\"color: #ff00ff;\">Valorisation du projet EAC <i>\u221aArson \/ 22 JH+F <\/i>du Coll\u00e8ge FABRE de Nice<\/span><\/strong><\/span><\/p>\n<p style=\"text-align: justify;\"><span style=\"color: #0000ff;\"><i><strong>1 artiste + 1 lieu embl\u00e9matique de Nice + 16 \u00e9l\u00e8ves du Coll\u00e8ge Fabre = \u221aArson \/ 22 JH+F<\/strong><\/i><\/span><\/p>\n<p>[\/et_pb_text][et_pb_text _builder_version=\u00a0\u00bb4.10.7&Prime; _module_preset=\u00a0\u00bbdefault\u00a0\u00bb global_colors_info=\u00a0\u00bb{}\u00a0\u00bb]<\/p>\n<p style=\"text-align: center;\"><iframe loading=\"lazy\" src=\"https:\/\/acamedia.ac-nice.fr\/player\/embed_player.php?vid=RNA7S88UMO58&amp;width=440&amp;height=272&amp;autoplay=yes\" width=\"440\" height=\"272\" frameborder=\"0\" allowfullscreen=\"allowfullscreen\"><\/iframe><\/p>\n<p>[\/et_pb_text][et_pb_text admin_label=\u00a0\u00bbTexte Sidney\u00a0\u00bb _builder_version=\u00a0\u00bb4.10.7&Prime; _module_preset=\u00a0\u00bbdefault\u00a0\u00bb hover_enabled=\u00a0\u00bb0&Prime; global_colors_info=\u00a0\u00bb{}\u00a0\u00bb sticky_enabled=\u00a0\u00bb0&Prime;]<\/p>\n<p style=\"text-align: justify;\"><strong><span style=\"color: #0000ff;\">\u221aArson \/ 22 JH+F<\/span> <\/strong><span style=\"color: #0000ff;\">est le nouveau court-m\u00e9trage r\u00e9alis\u00e9 par les <strong>\u00e9l\u00e8ves de l&rsquo;Atelier Cin\u00e9ma<\/strong> en partenariat avec la <strong>Villa Arson<\/strong> et l&rsquo;<strong>artiste plasticienne Emmanuelle N\u00e8gre<\/strong>.<\/span><br \/><span style=\"color: #0000ff;\">L\u2019artiste a rencontr\u00e9 les \u00e9l\u00e8ves \u00e0 plusieurs reprises pour \u00e9voquer avec eux sa pratique artistique cin\u00e9matographique et leur pr\u00e9senter un projet vid\u00e9o alliant, comme dans ses oeuvres personnelles, captations argentiques et num\u00e9riques. <\/span><br \/><span style=\"color: #0000ff;\">Lors d\u2019une premi\u00e8re s\u00e9ance au coll\u00e8ge, elle&nbsp; a initi\u00e9 les \u00e9l\u00e8ves \u00e0 une technique graphique singuli\u00e8re sur pellicules. Ils sont alors directement intervenus sur des pellicules argentiques par grattage de l&rsquo;\u00e9mulsion et colorisation avec des feutres \u00e0 alcool. Chaque m\u00e8tre de pellicule travaill\u00e9 \u00e9quivaut \u00e0 moins de 5 secondes de film. A l&rsquo;aide d&rsquo;un r\u00e9troprojecteur, les pellicules travaill\u00e9es par les \u00e9l\u00e8ves ont pu \u00eatre visionn\u00e9es directement. Les \u00e9l\u00e8ves ont r\u00e9alis\u00e9 un film sans filmer et ont pu d\u00e9couvrir le potentiel pictural du cin\u00e9ma \u00e0 travers des gestes simples et r\u00e9p\u00e9titifs.<\/span><br \/><span style=\"color: #0000ff;\">Ces petites vid\u00e9os ont ensuite servi de point de d\u00e9part pour l\u2019\u00e9criture du synopsis et \u00e0 la mise en commun des id\u00e9es de leur film qui sera quelques semaines plus tard, tourn\u00e9 \u00e0 la Villa Arson.<\/span><br \/><span style=\"color: #0000ff;\">Lors des deux journ\u00e9es de tournage, les \u00e9l\u00e8ves ont pu porter les costumes qu&rsquo;ils avaient fabriqu\u00e9s. Emmanuelle N\u00e8gre leur a montr\u00e9 comment se servir du tr\u00e9pied, de la cam\u00e9ra num\u00e9rique et de la cam\u00e9ra Super 8.<\/span><br \/><span style=\"color: #0000ff;\">Et enfin, dans un dernier temps, les \u00e9l\u00e8ves ont pens\u00e9 et r\u00e9alis\u00e9 le g\u00e9n\u00e9rique du film et les bruitages.<\/span><\/p>\n<div style=\"text-align: justify;\"><span style=\"color: #0000ff;\"><span style=\"color: #0000ff;\">Entre captations num\u00e9riques et images de grattage et de colorisation sur pellicules Super 8, les \u00e9l\u00e8ves ont voulu donner \u00e0 voir une \u00e9quipe de scientifiques fous fouillant et analysant tous les recoins d&rsquo;un lieu labyrinthique \u00e0 la recherche de traces du pass\u00e9. Les recherches absurdes de ces scientifiques vont permettre de d\u00e9couvrir images apr\u00e8s images, les diff\u00e9rents recoins de la Villa Arson, de son architecture et de ses jardins, ainsi que des \u0153uvres qu&rsquo;elle accueille.<\/p>\n<p><\/span><\/span><\/p>\n<div><span style=\"font-size: 10pt; color: #0000ff;\">Sidney Hennion, <\/span><span style=\"font-size: 10pt; color: #0000ff;\">Enseignante d\u2019arts plastiques au coll\u00e8ge Jean-Henri Fabre, <\/span><span style=\"font-size: 10pt; color: #0000ff;\">et co-enseignante de l\u2019Atelier Cin\u00e9ma avec <\/span><span style=\"font-size: 10pt; color: #0000ff;\">M. Anis Mustapha.<\/span><\/div>\n<\/div>\n<p>[\/et_pb_text][\/et_pb_column][\/et_pb_row][\/et_pb_section]<\/p>\n","protected":false},"excerpt":{"rendered":"<p>Valorisation du projet EAC \u221aArson \/ 22 JH+F du Coll\u00e8ge FABRE de Nice 1 artiste + 1 lieu embl\u00e9matique de Nice + 16 \u00e9l\u00e8ves du Coll\u00e8ge Fabre = \u221aArson \/ 22 JH+F\u221aArson \/ 22 JH+F est le nouveau court-m\u00e9trage r\u00e9alis\u00e9 par les \u00e9l\u00e8ves de l&rsquo;Atelier Cin\u00e9ma en partenariat avec la Villa Arson et l&rsquo;artiste plasticienne [&hellip;]<\/p>\n","protected":false},"author":241,"featured_media":0,"parent":0,"menu_order":0,"comment_status":"closed","ping_status":"closed","template":"","meta":{"_et_pb_use_builder":"on","_et_pb_old_content":"","_et_gb_content_width":"","ngg_post_thumbnail":0,"footnotes":""},"class_list":["post-13126","page","type-page","status-publish","hentry"],"rttpg_featured_image_url":null,"rttpg_author":{"display_name":"daacadmin","author_link":"https:\/\/www.pedagogie.ac-nice.fr\/daac\/author\/daacadmin\/"},"rttpg_comment":0,"rttpg_category":null,"rttpg_excerpt":"Valorisation du projet EAC \u221aArson \/ 22 JH+F du Coll\u00e8ge FABRE de Nice 1 artiste + 1 lieu embl\u00e9matique de Nice + 16 \u00e9l\u00e8ves du Coll\u00e8ge Fabre = \u221aArson \/ 22 JH+F\u221aArson \/ 22 JH+F est le nouveau court-m\u00e9trage r\u00e9alis\u00e9 par les \u00e9l\u00e8ves de l'Atelier Cin\u00e9ma en partenariat avec la Villa Arson et l'artiste plasticienne\u2026","post_mailing_queue_ids":[],"_links":{"self":[{"href":"https:\/\/www.pedagogie.ac-nice.fr\/daac\/wp-json\/wp\/v2\/pages\/13126","targetHints":{"allow":["GET"]}}],"collection":[{"href":"https:\/\/www.pedagogie.ac-nice.fr\/daac\/wp-json\/wp\/v2\/pages"}],"about":[{"href":"https:\/\/www.pedagogie.ac-nice.fr\/daac\/wp-json\/wp\/v2\/types\/page"}],"author":[{"embeddable":true,"href":"https:\/\/www.pedagogie.ac-nice.fr\/daac\/wp-json\/wp\/v2\/users\/241"}],"replies":[{"embeddable":true,"href":"https:\/\/www.pedagogie.ac-nice.fr\/daac\/wp-json\/wp\/v2\/comments?post=13126"}],"version-history":[{"count":4,"href":"https:\/\/www.pedagogie.ac-nice.fr\/daac\/wp-json\/wp\/v2\/pages\/13126\/revisions"}],"predecessor-version":[{"id":13139,"href":"https:\/\/www.pedagogie.ac-nice.fr\/daac\/wp-json\/wp\/v2\/pages\/13126\/revisions\/13139"}],"wp:attachment":[{"href":"https:\/\/www.pedagogie.ac-nice.fr\/daac\/wp-json\/wp\/v2\/media?parent=13126"}],"curies":[{"name":"wp","href":"https:\/\/api.w.org\/{rel}","templated":true}]}}